{"id":19,"date":"2023-02-13T13:51:56","date_gmt":"2023-02-13T13:51:56","guid":{"rendered":"https:\/\/new.vwdtest.com\/gr\/?page_id=19"},"modified":"2025-06-03T11:27:41","modified_gmt":"2025-06-03T11:27:41","slug":"von-willebrand-disease","status":"publish","type":"page","link":"https:\/\/vwdtest.com\/de\/von-willebrand-disease\/","title":{"rendered":"Erfahren Sie mehr \u00fcber die Von-Willebrand-Erkrankung"},"content":{"rendered":"<div class=\"default-block container\">\n<h2><strong>Die Von-Willebrand-Erkrankung (VWE) ist die h\u00e4ufigste Blutgerinnungsst\u00f6rung<\/strong><\/h2>\n<\/div>\n\n<div class=\"default-block container\">\n<h5 class=\"bleeding-symptoms-title live\">Wenn ein Blutgef\u00e4\u00df verletzt ist, verkleben einige der roten Blutk\u00f6rperchen miteinander, um die Wunde zu verschlie\u00dfen und die Blutung zu stoppen. Dieser Vorgang wird als Gerinnung bezeichnet. Bei Menschen mit einer Blutgerinnungsst\u00f6rung wie z. B. der VWE oder H\u00e4mophilie funktioniert die Blutgerinnung nicht richtig. Aus diesem Grund neigen <strong>Menschen mit einer VWE zu h\u00e4ufigeren und l\u00e4ngeren Blutungen wie beispielsweise<\/strong> <a href=\"https:\/\/vwdtest.com\/de\/bleeding-symptoms\/#nosebleed\">Nasenbluten<\/a>, <a href=\"https:\/\/vwdtest.com\/de\/bleeding-symptoms\/#oral-bleed\">Zahnfleischbluten<\/a> oder nach <a href=\"https:\/\/vwdtest.com\/de\/bleeding-symptoms\/#minor-wounds\"> leichten Verletzungen <\/a>. Bei Frauen mit einer VWE kommt es zudem oft zu <a href=\"https:\/\/vwdtest.com\/de\/bleeding-symptoms\/#hmb\">starken Menstruationsblutungen<\/a>. Ursache der Blutungsneigung bei Menschen mit einer VWE ist eine zu geringe bzw. fehlende Bildung oder die Bildung eines defekten Von-Willebrand-Faktors (VWF), einem Protein, das f\u00fcr die Gerinnung wichtig ist.<sup>1<\/sup><\/h5>\n<\/div>\n\n<img decoding=\"async\" src=\"https:\/\/vwdtest.com\/de\/wp-content\/uploads\/sites\/67\/2023\/02\/hero2.webp\" alt=\"Erfahren Sie mehr \u00fcber die Von-Willebrand-Erkrankung\" class=\"page_thumbnail d-xl-none\">\r\n\n\n<div class=\"default-block container\">\n<figure class=\"is-layout-flex wp-block-gallery-1 wp-block-gallery has-nested-images columns-default is-cropped\"><div class=\"default-block container\">\n<figure class=\"wp-block-image size-full\"><img decoding=\"async\" loading=\"lazy\" width=\"868\" height=\"484\" data-id=\"1569\"  src=\"https:\/\/vwdtest.com\/de\/wp-content\/uploads\/sites\/67\/2023\/09\/Illustration-01-1.png\" alt=\"\" class=\"wp-image-1569\" srcset=\"https:\/\/vwdtest.com\/de\/wp-content\/uploads\/sites\/67\/2023\/09\/Illustration-01-1.png 868w, https:\/\/vwdtest.com\/de\/wp-content\/uploads\/sites\/67\/2023\/09\/Illustration-01-1-300x167.png 300w, https:\/\/vwdtest.com\/de\/wp-content\/uploads\/sites\/67\/2023\/09\/Illustration-01-1-768x428.png 768w\" sizes=\"(max-width: 868px) 100vw, 868px\" \/><\/figure>\n<\/div><\/figure>\n<\/div>\n\n<div class=\"default-block container\">\n<h2><strong>Der Von-Willebrand-Faktor (VWF) ist wichtig f\u00fcr die Blutgerinnung<\/strong><\/h2>\n<\/div>\n\n<div class=\"default-block container\">\n<p class=\"full\">Der VWF ist ein Protein, das im Blut zirkuliert. Er wird in den Zellen der Gef\u00e4\u00dfwand (Endothelzellen) und der Blutpl\u00e4ttchen (Thrombozyten) gebildet und von dort in den Blutstrom abgegeben. Bei einer Verletzung bildet der VWF zusammen mit anderen Proteinen ein Blutgerinnsel, das die Wunde verschlie\u00dft und so die Blutung stoppt. Bei Menschen mit einer VWE produziert der K\u00f6rper nicht gen\u00fcgend oder defekt VWF. Infolgedessen funktioniert die Blutgerinnung nicht richtig und die Blutungsdauer ist verl\u00e4ngert.<sup>2<\/sup><\/p>\n<\/div>\n\n\r\n\r\n<div class=\"styledBox\">\r\n    <h2 class=\"styledBox__title\">Es gibt drei Haupttypen der VWE<\/h2>\r\n\r\n    <ul class=\"styledBox__list\">\r\n            <li class=\"styledBox__item\">\r\n            <p><strong>VWE Typ 1: <\/strong>Etwa 3 von 4 Menschen mit VWE habe Typ 1, die h\u00e4ufigste Form der Erkrankung. Diese Menschen haben eine verminderte Menge an VWF.<sup>2<\/sup><\/p>\n        <\/li>\r\n            <li class=\"styledBox__item\">\r\n            <p><strong>VWE Typ 2:<\/strong> Menschen mit VWE Typ 2 haben einen VWF, der in seiner Funktion eingeschr\u00e4nkt ist.<sup>2<\/sup><\/p>\n        <\/li>\r\n            <li class=\"styledBox__item\">\r\n            <p><strong>VWE Typ 3:<\/strong> Dies ist die seltenste Form der Erkrankung und die Symptome sind h\u00e4ufig schwerwiegender als bei Typ 1 oder 2. Menschen mit VWE Typ 3 haben sehr niedrige Mengen oder gar keinen VWF.<sup>2<\/sup><\/p>\n        <\/li>\r\n        <\/ul>\r\n<\/div>\n\n<div class=\"default-block container\">\n<h2>Was ist der Unterschied zwischen der VWE und H\u00e4mophilie?<\/h2>\n<\/div>\n\n<div class=\"default-block container\">\n<p class=\"full\">Sowohl die VWE als auch die H\u00e4mophilie sind Blutgerinnungsst\u00f6rungen. Beiden gemeinsam ist ein h\u00f6heres Blutungsrisiko, aber die K\u00f6rperstellen, an denen es normalerweise zu Blutungen kommt, sind bei Menschen mit einer VWE oder H\u00e4mophilie unterschiedlich. Die Erkrankungen werden durch Defekte in verschiedenen Proteinen verursacht: Die VWE wird durch einen Defekt oder Mangel des VWF-Proteins verursacht, w\u00e4hrend eine H\u00e4mophilie durch einen teilweisen oder vollst\u00e4ndigen Mangel an den Proteinen mit den Namen Faktor VIII oder Faktor IX entsteht. Diese unterschiedlichen Ursachen haben zur Folge, dass die Erkrankungen unterschiedlich behandelt werden.<sup>3,4<\/sup><\/p>\n<\/div>\n\n<div class=\"default-block container\">\n<h2>Die <strong>VWE kann therapiert werden<\/strong><\/h2>\n<\/div>\n\n<div class=\"default-block container\">\n<p class=\"full\">Es gibt keine Heilung der VWE, aber es gibt <a href=\"https:\/\/vwdtest.com\/de\/i-live-with-vwd\/\">wirksame Therapien<\/a>. Die meisten Menschen mit VWE haben sehr leichte Symptome, die sie im Alltag selbst bew\u00e4ltigen k\u00f6nnen. Menschen mit schweren Formen der VWE k\u00f6nnen jedoch schwerwiegendere und h\u00e4ufigere Blutungen haben, die sich st\u00e4rker auf ihr Leben auswirken.<sup>1<\/sup><\/p>\n<\/div>\n\n<div class=\"default-block container\">\n<p class=\"full\"><strong>Wenn Sie an der VWE erkrankt sind, ist es wichtig, dass Sie sich bei einem nahegelegenen Behandlungszentrum anmelden, das auf Gerinnungsst\u00f6rungen spezialisiert ist. <\/strong>Die Mitarbeiter des <a href=\"https:\/\/vwdtest.com\/de\/helpful-resources\/#region\">Behandlungszentrums<\/a> werden alle Ihre Fragen beantworten und Sie beim Umgang mit der Erkrankung unterst\u00fctzen, damit Sie ein normales Leben f\u00fchren k\u00f6nnen.<\/p>\n<\/div>\n\n<div class=\"default-block container\">\n<p class=\"full\">Wir empfehlen Ihnen auch, sich mit lokalen<a href=\"https:\/\/vwdtest.com\/de\/helpful-resources\/#region\"> Selbsthilfegruppen und Patientenverb\u00e4nden<\/a> in Verbindung zu setzen. Es gibt mehr Menschen mit Gerinnungsst\u00f6rungen als Sie vielleicht denken, und sie werden Ihnen gerne von ihren Erfahrungen berichten. <\/p>\n<\/div>\n\n<div class=\"default-block container\">\n<div class=\"is-layout-flex wp-container-5 wp-block-columns are-vertically-aligned-center\">\n<div class=\"is-layout-flow wp-block-column is-vertically-aligned-center\"><div class=\"default-block container\">\n<figure class=\"wp-block-image aligncenter size-full\"><img decoding=\"async\" loading=\"lazy\" width=\"259\" height=\"325\" src=\"https:\/\/vwdtest.com\/de\/wp-content\/uploads\/sites\/67\/2023\/02\/Illustration-03.png\" alt=\"\" class=\"wp-image-26\" srcset=\"https:\/\/vwdtest.com\/de\/wp-content\/uploads\/sites\/67\/2023\/02\/Illustration-03.png 259w, https:\/\/vwdtest.com\/de\/wp-content\/uploads\/sites\/67\/2023\/02\/Illustration-03-239x300.png 239w\" sizes=\"(max-width: 259px) 100vw, 259px\" \/><\/figure>\n<\/div><\/div>\n\n\n\n<div class=\"is-layout-flow wp-block-column is-vertically-aligned-center\"><div class=\"default-block container\">\n<h2>Bis zu 1 % der Weltbev\u00f6lkerung ist von der VWE betroffen<\/h2>\n<\/div>\n\n<div class=\"default-block container\">\n<p>Die VWE wird in der Regel vererbt und betrifft Frauen und M\u00e4nner jeden Alters, auch Kinder. Die Sypmptome einer VWE treten bei Frauen aufgrund von Menstruationsblutungen, Schwangerschaft und Geburt h\u00e4ufiger auf als bei M\u00e4nnern.<br><br><strong>Viele Menschen haben leichte Symptome und bemerken m\u00f6glicherweise nicht, dass sie von der VWE betroffen sind.<\/strong><\/p>\n<\/div><\/div>\n<\/div>\n<\/div>\n\n<div class=\"default-block container\">\n<div class=\"is-layout-flex wp-container-10 wp-block-columns are-vertically-aligned-center\">\n<div class=\"is-layout-flow wp-block-column is-vertically-aligned-center\"><div class=\"default-block container\">\n<div class=\"is-layout-flex wp-container-8 wp-block-columns\">\n<div class=\"is-layout-flow wp-block-column\"><div class=\"default-block container\">\n<h2><strong>Menschen mit einer VWE warten oft viele Jahre auf ihre Diagnose<\/strong><\/h2>\n<\/div>\n\n<div class=\"default-block container\">\n<p class=\"orange\">Es ist oft schwierig zu sagen, ob eine Blutung normal ist oder nicht. Zudem wissen viele Menschen nicht, dass es Blutgerinnungsst\u00f6rungen wie die VWE gibt. Vom Auftreten der ersten Blutungssymptome bis zur endg\u00fcltigen Diagnose k\u00f6nnen f\u00fcr Betroffenen mit VWE mehrere Jahre vergehen. Diese Verz\u00f6gerung ist bei Frauen in der Regel gr\u00f6\u00dfer als bei M\u00e4nnern. <b>Ohne Diagnose und Behandlung k\u00f6nnen Patienten unter h\u00e4ufigen Blutungen, Eisenmangel, Schmerzen und einer verminderten Lebensqualit\u00e4t leiden. <\/b>Selbst wenn die Blutungssymptome im t\u00e4glichen Leben mild sind, besteht die Gefahr schwerer Blutungen w\u00e4hrend einer Operation oder nach einem Unfall.<sup>1<\/sup><\/p>\n<\/div>\n\n<div class=\"default-block container\">\n<p>Deshalb <strong>ist es wichtig, Blutungssymptome und Blutgerinnungsst\u00f6rungen wie die VWE zu kennen<\/strong>. Bitte machen Sie unseren Blutungstest, wenn Sie aufgrund von Blutungen verunsichert sind.<\/p>\n<\/div><\/div>\n\n\n\n<div class=\"is-layout-flow wp-block-column is-vertically-aligned-center\"><div class=\"default-block container\">\n<figure class=\"wp-block-image aligncenter size-full is-style-default\"><img decoding=\"async\" loading=\"lazy\" width=\"480\" height=\"331\" src=\"https:\/\/vwdtest.com\/de\/wp-content\/uploads\/sites\/67\/2023\/02\/Fill-47-1.png\" alt=\"\" class=\"wp-image-50\" srcset=\"https:\/\/vwdtest.com\/de\/wp-content\/uploads\/sites\/67\/2023\/02\/Fill-47-1.png 480w, https:\/\/vwdtest.com\/de\/wp-content\/uploads\/sites\/67\/2023\/02\/Fill-47-1-300x207.png 300w\" sizes=\"(max-width: 480px) 100vw, 480px\" \/><\/figure>\n<\/div><\/div>\n<\/div>\n<\/div><\/div>\n<\/div>\n<\/div>\n\n<div class=\"default-block container\">\n<h2><strong>Zur Diagnose der VWE sind eine Blutungsanamnese und Labortests erforderlich<\/strong><\/h2>\n<\/div>\n\n<div class=\"default-block container\">\n<p class=\"full\">Die VWE ist selten und nicht jeder Arzt ist mit der Krankheit vertraut. Daher sollte <strong>eine entg\u00fcltige Diagnose in einem Zentrum f\u00fcr Gerinnungsst\u00f6rungen gestellt werden<\/strong>. Die Diagnose einer VWD ist immer ein Prozess. Zun\u00e4chst macht sich Ihr Arzt ein Bild von den Blutungen, die bei Ihnen und eventuell auch bei anderen Mitgliedern Ihrer Familie aufgetreten sind. Diese Informationen werden als \u201eBlutungsanamnese\u201c bezeichnet. Um die vollst\u00e4ndige Blutungsgeschichte zu beurteilen, wird Ihnen Ihre \u00c4rztin oder Ihr Arzt eine Reihe von Fragen stellen. Wenn die Blutungsanamnese darauf hindeutet, dass bei Ihnen m\u00f6glicherweise eine Blutgerinnungsst\u00f6rung vorliegt, muss Ihr Blut in einem Speziallabor untersucht werden.<sup>1<\/sup> Anhand der Ergebnisse der Blutuntersuchungen wird Ihr Arzt eine endg\u00fcltige Diagnose stellen.<\/p>\n<\/div>\n\n<div class=\"default-block container\">\n<p class=\"full\"><strong>Je fr\u00fcher Sie Ihre Diagnose erhalten, desto eher k\u00f6nnen Sie fundierte Entscheidungen \u00fcber Ihre Behandlung und Ihren Lebensstil treffen.<\/strong><\/p>\n<\/div>\n\n<div class=\"default-block container\">\n<h6>Referenzen<\/h6>\n<\/div>\n\n<div class=\"default-block container\">\n<ol><div class=\"default-block container\">\n<li>Corrales-Medina FF et al. <em>Blood Rev<\/em>2022; 101018.<a id=\"_msocom_1\"><\/a><\/li>\n<\/div>\n\n<div class=\"default-block container\">\n<li><a id=\"_msocom_1\"><\/a>Leebeek FWG und Eikenboom JCJ. <em>N Engl J Med<\/em> 2016; 21:2067-80.<\/li>\n<\/div>\n\n<div class=\"default-block container\">\n<li>Srivastava A et al. <em>H\u00e4mophilie<\/em>2020; 26(Suppl 6):1-158.<\/li>\n<\/div>\n\n<div class=\"default-block container\">\n<li>Connell NT et al. <em>Blood Adv <\/em>2021; 5:301-25.<\/li>\n<\/div><\/ol>\n<\/div>","protected":false},"excerpt":{"rendered":"<p>Die Von-Willebrand-Erkrankung (VWE) ist die h\u00e4ufigste Blutgerinnungsst\u00f6rung Wenn ein Blutgef\u00e4\u00df verletzt ist, verkleben einige der roten Blutk\u00f6rperchen miteinander, um die Wunde zu verschlie\u00dfen und die Blutung zu stoppen. Dieser Vorgang wird als Gerinnung bezeichnet. Bei Menschen mit einer Blutgerinnungsst\u00f6rung wie z. B. der VWE oder H\u00e4mophilie funktioniert die Blutgerinnung nicht richtig. Aus diesem Grund neigen [&hellip;]<\/p>\n","protected":false},"author":1,"featured_media":231,"parent":0,"menu_order":0,"comment_status":"closed","ping_status":"closed","template":"","meta":{"inline_featured_image":false},"acf":[],"yoast_head":"<!-- This site is optimized with the Yoast SEO plugin v20.4 - https:\/\/yoast.com\/wordpress\/plugins\/seo\/ -->\n<title>Erfahren Sie mehr \u00fcber die Von-Willebrand-Erkrankung - Germany<\/title>\n<meta name=\"robots\" content=\"index, follow, max-snippet:-1, max-image-preview:large, max-video-preview:-1\" \/>\n<link rel=\"canonical\" href=\"https:\/\/vwdtest.com\/de\/von-willebrand-disease\/\" \/>\n<meta property=\"og:locale\" content=\"en_US\" \/>\n<meta property=\"og:type\" content=\"article\" \/>\n<meta property=\"og:title\" content=\"Erfahren Sie mehr \u00fcber die Von-Willebrand-Erkrankung - Germany\" \/>\n<meta property=\"og:description\" content=\"Die Von-Willebrand-Erkrankung (VWE) ist die h\u00e4ufigste Blutgerinnungsst\u00f6rung Wenn ein Blutgef\u00e4\u00df verletzt ist, verkleben einige der roten Blutk\u00f6rperchen miteinander, um die Wunde zu verschlie\u00dfen und die Blutung zu stoppen. Dieser Vorgang wird als Gerinnung bezeichnet. Bei Menschen mit einer Blutgerinnungsst\u00f6rung wie z. B. der VWE oder H\u00e4mophilie funktioniert die Blutgerinnung nicht richtig. Aus diesem Grund neigen [&hellip;]\" \/>\n<meta property=\"og:url\" content=\"https:\/\/vwdtest.com\/de\/von-willebrand-disease\/\" \/>\n<meta property=\"og:site_name\" content=\"Germany\" \/>\n<meta property=\"article:modified_time\" content=\"2025-06-03T11:27:41+00:00\" \/>\n<meta property=\"og:image\" content=\"https:\/\/vwdtest.com\/de\/wp-content\/uploads\/sites\/67\/2023\/02\/hero2.webp\" \/>\n\t<meta property=\"og:image:width\" content=\"774\" \/>\n\t<meta property=\"og:image:height\" content=\"927\" \/>\n\t<meta property=\"og:image:type\" content=\"image\/webp\" \/>\n<meta name=\"twitter:card\" content=\"summary_large_image\" \/>\n<meta name=\"twitter:label1\" content=\"Est. reading time\" \/>\n\t<meta name=\"twitter:data1\" content=\"5 minutes\" \/>\n<script type=\"application\/ld+json\" class=\"yoast-schema-graph\">{\"@context\":\"https:\/\/schema.org\",\"@graph\":[{\"@type\":\"WebPage\",\"@id\":\"https:\/\/vwdtest.com\/de\/von-willebrand-disease\/\",\"url\":\"https:\/\/vwdtest.com\/de\/von-willebrand-disease\/\",\"name\":\"Erfahren Sie mehr \u00fcber die Von-Willebrand-Erkrankung - Germany\",\"isPartOf\":{\"@id\":\"https:\/\/vwdtest.com\/de\/#website\"},\"datePublished\":\"2023-02-13T13:51:56+00:00\",\"dateModified\":\"2025-06-03T11:27:41+00:00\",\"breadcrumb\":{\"@id\":\"https:\/\/vwdtest.com\/de\/von-willebrand-disease\/#breadcrumb\"},\"inLanguage\":\"en-US\",\"potentialAction\":[{\"@type\":\"ReadAction\",\"target\":[\"https:\/\/vwdtest.com\/de\/von-willebrand-disease\/\"]}]},{\"@type\":\"BreadcrumbList\",\"@id\":\"https:\/\/vwdtest.com\/de\/von-willebrand-disease\/#breadcrumb\",\"itemListElement\":[{\"@type\":\"ListItem\",\"position\":1,\"name\":\"Home\",\"item\":\"https:\/\/vwdtest.com\/de\/\"},{\"@type\":\"ListItem\",\"position\":2,\"name\":\"Erfahren Sie mehr \u00fcber die Von-Willebrand-Erkrankung\"}]},{\"@type\":\"WebSite\",\"@id\":\"https:\/\/vwdtest.com\/de\/#website\",\"url\":\"https:\/\/vwdtest.com\/de\/\",\"name\":\"Germany\",\"description\":\"\",\"potentialAction\":[{\"@type\":\"SearchAction\",\"target\":{\"@type\":\"EntryPoint\",\"urlTemplate\":\"https:\/\/vwdtest.com\/de\/?s={search_term_string}\"},\"query-input\":\"required name=search_term_string\"}],\"inLanguage\":\"en-US\"}]}<\/script>\n<!-- \/ Yoast SEO plugin. -->","yoast_head_json":{"title":"Erfahren Sie mehr \u00fcber die Von-Willebrand-Erkrankung - Germany","robots":{"index":"index","follow":"follow","max-snippet":"max-snippet:-1","max-image-preview":"max-image-preview:large","max-video-preview":"max-video-preview:-1"},"canonical":"https:\/\/vwdtest.com\/de\/von-willebrand-disease\/","og_locale":"en_US","og_type":"article","og_title":"Erfahren Sie mehr \u00fcber die Von-Willebrand-Erkrankung - Germany","og_description":"Die Von-Willebrand-Erkrankung (VWE) ist die h\u00e4ufigste Blutgerinnungsst\u00f6rung Wenn ein Blutgef\u00e4\u00df verletzt ist, verkleben einige der roten Blutk\u00f6rperchen miteinander, um die Wunde zu verschlie\u00dfen und die Blutung zu stoppen. Dieser Vorgang wird als Gerinnung bezeichnet. Bei Menschen mit einer Blutgerinnungsst\u00f6rung wie z. B. der VWE oder H\u00e4mophilie funktioniert die Blutgerinnung nicht richtig. Aus diesem Grund neigen [&hellip;]","og_url":"https:\/\/vwdtest.com\/de\/von-willebrand-disease\/","og_site_name":"Germany","article_modified_time":"2025-06-03T11:27:41+00:00","og_image":[{"width":774,"height":927,"url":"https:\/\/vwdtest.com\/de\/wp-content\/uploads\/sites\/67\/2023\/02\/hero2.webp","type":"image\/webp"}],"twitter_card":"summary_large_image","twitter_misc":{"Est. reading time":"5 minutes"},"schema":{"@context":"https:\/\/schema.org","@graph":[{"@type":"WebPage","@id":"https:\/\/vwdtest.com\/de\/von-willebrand-disease\/","url":"https:\/\/vwdtest.com\/de\/von-willebrand-disease\/","name":"Erfahren Sie mehr \u00fcber die Von-Willebrand-Erkrankung - Germany","isPartOf":{"@id":"https:\/\/vwdtest.com\/de\/#website"},"datePublished":"2023-02-13T13:51:56+00:00","dateModified":"2025-06-03T11:27:41+00:00","breadcrumb":{"@id":"https:\/\/vwdtest.com\/de\/von-willebrand-disease\/#breadcrumb"},"inLanguage":"en-US","potentialAction":[{"@type":"ReadAction","target":["https:\/\/vwdtest.com\/de\/von-willebrand-disease\/"]}]},{"@type":"BreadcrumbList","@id":"https:\/\/vwdtest.com\/de\/von-willebrand-disease\/#breadcrumb","itemListElement":[{"@type":"ListItem","position":1,"name":"Home","item":"https:\/\/vwdtest.com\/de\/"},{"@type":"ListItem","position":2,"name":"Erfahren Sie mehr \u00fcber die Von-Willebrand-Erkrankung"}]},{"@type":"WebSite","@id":"https:\/\/vwdtest.com\/de\/#website","url":"https:\/\/vwdtest.com\/de\/","name":"Germany","description":"","potentialAction":[{"@type":"SearchAction","target":{"@type":"EntryPoint","urlTemplate":"https:\/\/vwdtest.com\/de\/?s={search_term_string}"},"query-input":"required name=search_term_string"}],"inLanguage":"en-US"}]}},"_links":{"self":[{"href":"https:\/\/vwdtest.com\/de\/wp-json\/wp\/v2\/pages\/19"}],"collection":[{"href":"https:\/\/vwdtest.com\/de\/wp-json\/wp\/v2\/pages"}],"about":[{"href":"https:\/\/vwdtest.com\/de\/wp-json\/wp\/v2\/types\/page"}],"author":[{"embeddable":true,"href":"https:\/\/vwdtest.com\/de\/wp-json\/wp\/v2\/users\/1"}],"replies":[{"embeddable":true,"href":"https:\/\/vwdtest.com\/de\/wp-json\/wp\/v2\/comments?post=19"}],"version-history":[{"count":183,"href":"https:\/\/vwdtest.com\/de\/wp-json\/wp\/v2\/pages\/19\/revisions"}],"predecessor-version":[{"id":3967,"href":"https:\/\/vwdtest.com\/de\/wp-json\/wp\/v2\/pages\/19\/revisions\/3967"}],"wp:featuredmedia":[{"embeddable":true,"href":"https:\/\/vwdtest.com\/de\/wp-json\/wp\/v2\/media\/231"}],"wp:attachment":[{"href":"https:\/\/vwdtest.com\/de\/wp-json\/wp\/v2\/media?parent=19"}],"curies":[{"name":"wp","href":"https:\/\/api.w.org\/{rel}","templated":true}]}}