{"id":17,"date":"2023-02-13T13:47:59","date_gmt":"2023-02-13T13:47:59","guid":{"rendered":"https:\/\/new.vwdtest.com\/gr\/?page_id=17"},"modified":"2025-07-29T06:28:04","modified_gmt":"2025-07-29T06:28:04","slug":"homepage","status":"publish","type":"page","link":"https:\/\/vwdtest.com\/de\/","title":{"rendered":"Bluten Sie zu stark?"},"content":{"rendered":"\r\n\r\n\r\n<div class=\"container hb\">\r\n\t<div class=\"row\"> \r\n\t\t\t<div class=\"col-12 col-lg-5 home-upper\">\r\n\t<div class=\"col-12 col-lg-9 d-none d-lg-flex\">\r\n\t\t\t\t<div class=\"hb__video ltr\">\r\n\t\t\t\t\t<div class=\"hb__video-img play_video\"  data-video=\"video_hb\"><img decoding=\"async\" src=\"https:\/\/vwdtest.com\/de\/wp-content\/uploads\/sites\/67\/2025\/07\/Thumbnails-halimeh.png\" class=\"hb__video-image\"><\/div>\r\n\t\t\t\t\t<div class=\"hb__video-text\">\r\n\t\t\t\t\t\t<h3 class=\"hb__video-title\">Erfahren Sie mehr \u00fcber die<br \/>\r\nVWDtest-Initiative<\/h3>\r\n\t\t\t\t\t\t<button id=\"home_video\" class=\"hb__video-button button__large play_video\" data-video=\"video_hb\">Zum Video<\/button>\r\n\t\t\t\t\t<\/div>\r\n\t\t\t\t<\/div>\r\n\t\t\t<\/div>\r\n\t\t\t<h3><strong>vwdtest.com wurde von Dr. Fernando Corrales-Medina (au\u00dferordentlicher Professor f\u00fcr klinische P\u00e4diatrie, University of Miami-Miller School of Medicine, USA), Professor Erik Berntorp (Professor f\u00fcr klinische Gerinnungsforschung, Lund University, Schweden) und ihrem Team aus internationalen Experten f\u00fcr Blutgerinnungsst\u00f6rungen entwickelt, um Ihre Fragen zu auff\u00e4lligen Blutungssymptomen und zur <a href=\"https:\/\/vwdtest.com\/de\/von-willebrand-disease\/\">Von-Willebrand-Erkrankung (VWE)<\/a> zu beantworten.<\/strong><\/h3>\t\t\t<h1>Wie w\u00fcrden Sie sich selbst beschreiben?<\/h1>\r\n\t\t\t\t<h3><strong>Bef\u00fcrchten Sie, dass Sie zu stark bluten? Leiden Sie unter h\u00e4ufigem Nasenbluten, starken Monatsblutungen oder einer \u00fcberm\u00e4\u00dfigen Blutung nach einer Zahnbehandlung oder einem Unfall? Auf vwdtest.com finden Sie Antworten, wenn Sie sich \u00fcber ungew\u00f6hnliche Blutungen Sorgen machen.<\/strong><\/h3>\n<h4>Sie finden hier auch Informationen \u00fcber die <a href=\"https:\/\/vwdtest.com\/de\/von-willebrand-disease\/\">Von-Willebrand-Erkrankung (VWE)<\/a>,\u2013 die h\u00e4ufigste Blutgerinnungsst\u00f6rung \u2013von der viele Menschen betroffen sind. Sie sind sich ihrer Erkrankung aber nicht bewusst und erhalten daher nicht die Hilfe, die sie ben\u00f6tigen.<\/h4>\n\t\t\t\r\n\t\t<\/div> \t\t<div class=\"col-12 col-lg-7\">\r\n\t\t\t<div class=\"hb__persons row\">\r\n\t\t\t\t\t\t\t\t\t\t\t\r\n\t\t\t\t<div class=\"hb__person col-6\" id=\"person_1\">\r\n\t\t\t\t\t<img decoding=\"async\" class=\"hb__person-image hbi\" src=\"https:\/\/vwdtest.com\/de\/wp-content\/uploads\/sites\/67\/2023\/08\/bleed-too-much.png\" alt=\"ich blute stark\">\r\n\t\t\t\t\t<a href=\"https:\/\/vwdtest.com\/de\/i-bleed-a-lot\/\" class=\"hb__person-button hbb\">\r\n\t\t\t\t\t\t<div class=\"hb__person-text\">\r\n\t\t\t\t\t\t\t<span class=\"hb__person-content\">ich blute stark<span class=\"hb__person-content-arrow\"><\/span><\/span>\r\n\t\t\t\t\t\t\t<span class=\"hb__person-bg\">\r\n\t\t\t\t\t\t\t\t<span class=\"hb__person-arrow triangle up hba\"><\/span>\r\n\t\t\t\t\t\t\t<\/span>\r\n\t\t\t\t\t\t<\/div>\r\n\t\t\t\t\t\t\r\n\t\t\t\t\t<\/a>\r\n\t\t\t\t<\/div>\r\n\t\t\t\t\t\t\t\t\r\n\t\t\t\t<div class=\"hb__person col-6\" id=\"person_2\">\r\n\t\t\t\t\t<img decoding=\"async\" class=\"hb__person-image hbi\" src=\"https:\/\/vwdtest.com\/de\/wp-content\/uploads\/sites\/67\/2023\/07\/vwd-person2.png\" alt=\"Ich habe starke &lt;br&gt;Perioden\">\r\n\t\t\t\t\t<a href=\"https:\/\/vwdtest.com\/de\/heavy-periods\/\" class=\"hb__person-button hbb\">\r\n\t\t\t\t\t\t<div class=\"hb__person-text\">\r\n\t\t\t\t\t\t\t<span class=\"hb__person-content\">Ich habe starke <br>Perioden<span class=\"hb__person-content-arrow\"><\/span><\/span>\r\n\t\t\t\t\t\t\t<span class=\"hb__person-bg\">\r\n\t\t\t\t\t\t\t\t<span class=\"hb__person-arrow triangle up hba\"><\/span>\r\n\t\t\t\t\t\t\t<\/span>\r\n\t\t\t\t\t\t<\/div>\r\n\t\t\t\t\t\t\r\n\t\t\t\t\t<\/a>\r\n\t\t\t\t<\/div>\r\n\t\t\t\t\t\t\t\t\r\n\t\t\t\t<div class=\"hb__person col-6\" id=\"person_3\">\r\n\t\t\t\t\t<img decoding=\"async\" class=\"hb__person-image hbi\" src=\"https:\/\/vwdtest.com\/de\/wp-content\/uploads\/sites\/67\/2023\/07\/Worried-patients-1.png\" alt=\"Ich bin ein besorgtes Elternteil\">\r\n\t\t\t\t\t<a href=\"https:\/\/vwdtest.com\/de\/i-am-a-worried-parent\/\" class=\"hb__person-button hbb\">\r\n\t\t\t\t\t\t<div class=\"hb__person-text\">\r\n\t\t\t\t\t\t\t<span class=\"hb__person-content\">Ich bin ein besorgtes Elternteil<span class=\"hb__person-content-arrow\"><\/span><\/span>\r\n\t\t\t\t\t\t\t<span class=\"hb__person-bg\">\r\n\t\t\t\t\t\t\t\t<span class=\"hb__person-arrow triangle up hba\"><\/span>\r\n\t\t\t\t\t\t\t<\/span>\r\n\t\t\t\t\t\t<\/div>\r\n\t\t\t\t\t\t\r\n\t\t\t\t\t<\/a>\r\n\t\t\t\t<\/div>\r\n\t\t\t\t\t\t\t\t\r\n\t\t\t\t<div class=\"hb__person col-6\" id=\"person_4\">\r\n\t\t\t\t\t<img decoding=\"async\" class=\"hb__person-image hbi\" src=\"https:\/\/vwdtest.com\/de\/wp-content\/uploads\/sites\/67\/2023\/08\/bnr-img4-1.png\" alt=\"Ich lebe&lt;br&gt;mit vwe\">\r\n\t\t\t\t\t<a href=\"https:\/\/vwdtest.com\/de\/i-live-with-vwd\/\" class=\"hb__person-button hbb\">\r\n\t\t\t\t\t\t<div class=\"hb__person-text\">\r\n\t\t\t\t\t\t\t<span class=\"hb__person-content\">Ich lebe<br>mit vwe<span class=\"hb__person-content-arrow\"><\/span><\/span>\r\n\t\t\t\t\t\t\t<span class=\"hb__person-bg\">\r\n\t\t\t\t\t\t\t\t<span class=\"hb__person-arrow triangle up hba\"><\/span>\r\n\t\t\t\t\t\t\t<\/span>\r\n\t\t\t\t\t\t<\/div>\r\n\t\t\t\t\t\t\r\n\t\t\t\t\t<\/a>\r\n\t\t\t\t<\/div>\r\n\t\t\t\t\t\t\t\t\t\t\t\t<\/div>\r\n\t<\/div>\r\n\t<div class=\"row d-lg-none\">\r\n\t\t<div class=\"col-12 col-lg-4\">\r\n\t\t\t<div class=\"hb__video\">\r\n\t\t\t\t<div class=\"hb__video-img play_video\" data-video=\"video_hb\"><img decoding=\"async\" src=\"https:\/\/vwdtest.com\/de\/wp-content\/uploads\/sites\/67\/2025\/07\/Thumbnails-halimeh.png\" class=\"hb__video-image\"><\/div>\r\n\t\t\t\t<div class=\"hb__video-text\">\r\n\t\t\t\t\t<h3 class=\"hb__video-title\">Erfahren Sie mehr \u00fcber die<br \/>\r\nVWDtest-Initiative<\/h3>\r\n\t\t\t\t\t<button class=\"hb__video-button button__large play_video\" data-video=\"video_hb\">Zum Video<\/button>\r\n\t\t\t\t<\/div>\r\n\t\t\t<\/div>\r\n\t\t<\/div>\r\n\t<\/div>\r\n<\/div>\r\n<div class=\"video\" id=\"video_hb\">\r\n\t\t<div class=\"video__box\">\r\n\t\t<div class=\"popup-close-icon\"><img decoding=\"async\" src=\"https:\/\/vwdtest.com\/fr\/wp-content\/uploads\/sites\/22\/2023\/09\/cross-icon1.svg\" alt=\"cross-icon\"><\/div>\r\n\t\t\t<video width=\"320\" height=\"240\" controls>\r\n\t\t\t\t<source src=\"https:\/\/vwdtest.com\/de\/wp-content\/uploads\/sites\/67\/2025\/07\/VWDtest_Germany-720-proof-3.mp4\" type=\"video\/mp4\">\r\n\t\t\t\tYour browser does not support the video tag.\r\n\t\t\t\t\t\t\t<\/video>\t\r\n\t\t<\/div>\r\n\t<\/div>\r\n\r\n\r\n\n\n<div class=\"default-block container\">\n<div style=\"height:60px\" aria-hidden=\"true\" class=\"wp-block-spacer\"><\/div>\n<\/div>\n\n\r\n\r\n<div class=\"container take-test\">\r\n\t<div class=\"row\">\r\n\t\t<div class=\"col-12 take-test__bg\">\r\n\r\n\t\t\t<div class=\"take-test__items\">\r\n\t\t\t\t<div class=\"row\">\r\n\t\t\t\t\t<div class=\"take-test__item bleed\">\r\n\t\t\t\t\t\t<h2 class=\"take-test__sticker\">Blute ich zu stark?<\/h2>\r\n\t\t\t\t\t<\/div>\r\n\t\t\t\t\t<div class=\"take-test__item online-test\">\r\n\t\t\t\t\t\t<h3 class=\"take-test__counter take-test__counter--red\">\r\n\t\t\t\t\t\t\t<span class=\"take-test__counter-number\">52.668<\/span>\r\n\t\t\t\t\t\t\t<span class=\"take-test__counter-text\">Menschen haben den Online-Test gemacht<\/span>\r\n\t\t\t\t\t\t<\/h3>\r\n\t\t\t\t\t<\/div>\r\n\t\t\t\t\t<div class=\"take-test__item people-identify\">\r\n\t\t\t\t\t\t<h3 class=\"take-test__counter take-test__counter--green\">\r\n\t\t\t\t\t\t\t<span class=\"take-test__counter-number\">19.240<\/span>\r\n\t\t\t\t\t\t\t<span class=\"take-test__counter-text\">Menschen mit einer potenziellen Blutgerinnungsst\u00f6rung wurden identifiziert<\/span>\r\n\t\t\t\t\t\t<\/h3>\r\n\t\t\t\t\t<\/div>\r\n\t\t\t\t\t<div class=\"take-test__item take-test-take\">\r\n\t\t\t\t\t\t<h3 class=\"take-test__title\">Machen Sie den Test, um Ihre Blutungssymptome besser zu verstehen.<\/h3>\r\n\t\t\t\t\t<\/div>\r\n\t\t\t\t\t<div class=\"take-test__item test-btn\">\r\n\t\t\t\t\t\t<h3 class=\"take-test__buttonContainer\">\r\n\t\t\t\t\t\t<a href=\"https:\/\/vwdtest.com\/de\/take-test\/\" id=\"home_take_test\" class=\"button take-test__button\">Machen Sie den Test<\/a>\r\n\t\t\t\t\t\t<\/h3>\r\n\t\t\t\t\t<\/div>\r\n\t\t\t\t<\/div>\r\n\t\t\t<\/div>\r\n\t\t<\/div>\r\n\t<\/div>\r\n<\/div>","protected":false},"excerpt":{"rendered":"","protected":false},"author":1,"featured_media":0,"parent":0,"menu_order":0,"comment_status":"closed","ping_status":"closed","template":"","meta":{"inline_featured_image":false},"acf":[],"yoast_head":"<!-- This site is optimized with the Yoast SEO plugin v20.4 - https:\/\/yoast.com\/wordpress\/plugins\/seo\/ -->\n<title>Bluten Sie zu stark? - Germany<\/title>\n<meta name=\"description\" content=\"Bef\u00fcrchten Sie, dass Sie zu stark bluten? Machen Sie jetzt den Test, um Ihre Blutungssymptome besser zu verstehen.\" \/>\n<meta name=\"robots\" content=\"index, follow, max-snippet:-1, max-image-preview:large, max-video-preview:-1\" \/>\n<link rel=\"canonical\" href=\"https:\/\/vwdtest.com\/de\/\" \/>\n<meta property=\"og:locale\" content=\"en_US\" \/>\n<meta property=\"og:type\" content=\"article\" \/>\n<meta property=\"og:title\" content=\"Bluten Sie zu stark? - Germany\" \/>\n<meta property=\"og:description\" content=\"Bef\u00fcrchten Sie, dass Sie zu stark bluten? Machen Sie jetzt den Test, um Ihre Blutungssymptome besser zu verstehen.\" \/>\n<meta property=\"og:url\" content=\"https:\/\/vwdtest.com\/de\/\" \/>\n<meta property=\"og:site_name\" content=\"Germany\" \/>\n<meta property=\"article:modified_time\" content=\"2025-07-29T06:28:04+00:00\" \/>\n<meta name=\"twitter:card\" content=\"summary_large_image\" \/>\n<script type=\"application\/ld+json\" class=\"yoast-schema-graph\">{\"@context\":\"https:\/\/schema.org\",\"@graph\":[{\"@type\":\"WebPage\",\"@id\":\"https:\/\/vwdtest.com\/de\/\",\"url\":\"https:\/\/vwdtest.com\/de\/\",\"name\":\"Bluten Sie zu stark? - Germany\",\"isPartOf\":{\"@id\":\"https:\/\/vwdtest.com\/de\/#website\"},\"datePublished\":\"2023-02-13T13:47:59+00:00\",\"dateModified\":\"2025-07-29T06:28:04+00:00\",\"description\":\"Bef\u00fcrchten Sie, dass Sie zu stark bluten? Machen Sie jetzt den Test, um Ihre Blutungssymptome besser zu verstehen.\",\"breadcrumb\":{\"@id\":\"https:\/\/vwdtest.com\/de\/#breadcrumb\"},\"inLanguage\":\"en-US\",\"potentialAction\":[{\"@type\":\"ReadAction\",\"target\":[\"https:\/\/vwdtest.com\/de\/\"]}]},{\"@type\":\"BreadcrumbList\",\"@id\":\"https:\/\/vwdtest.com\/de\/#breadcrumb\",\"itemListElement\":[{\"@type\":\"ListItem\",\"position\":1,\"name\":\"Home\",\"item\":\"https:\/\/vwdtest.com\/de\/\"},{\"@type\":\"ListItem\",\"position\":2,\"name\":\"Bluten Sie zu stark?\"}]},{\"@type\":\"WebSite\",\"@id\":\"https:\/\/vwdtest.com\/de\/#website\",\"url\":\"https:\/\/vwdtest.com\/de\/\",\"name\":\"Germany\",\"description\":\"\",\"potentialAction\":[{\"@type\":\"SearchAction\",\"target\":{\"@type\":\"EntryPoint\",\"urlTemplate\":\"https:\/\/vwdtest.com\/de\/?s={search_term_string}\"},\"query-input\":\"required name=search_term_string\"}],\"inLanguage\":\"en-US\"}]}<\/script>\n<!-- \/ Yoast SEO plugin. -->","yoast_head_json":{"title":"Bluten Sie zu stark? - Germany","description":"Bef\u00fcrchten Sie, dass Sie zu stark bluten? Machen Sie jetzt den Test, um Ihre Blutungssymptome besser zu verstehen.","robots":{"index":"index","follow":"follow","max-snippet":"max-snippet:-1","max-image-preview":"max-image-preview:large","max-video-preview":"max-video-preview:-1"},"canonical":"https:\/\/vwdtest.com\/de\/","og_locale":"en_US","og_type":"article","og_title":"Bluten Sie zu stark? - Germany","og_description":"Bef\u00fcrchten Sie, dass Sie zu stark bluten? Machen Sie jetzt den Test, um Ihre Blutungssymptome besser zu verstehen.","og_url":"https:\/\/vwdtest.com\/de\/","og_site_name":"Germany","article_modified_time":"2025-07-29T06:28:04+00:00","twitter_card":"summary_large_image","schema":{"@context":"https:\/\/schema.org","@graph":[{"@type":"WebPage","@id":"https:\/\/vwdtest.com\/de\/","url":"https:\/\/vwdtest.com\/de\/","name":"Bluten Sie zu stark? - Germany","isPartOf":{"@id":"https:\/\/vwdtest.com\/de\/#website"},"datePublished":"2023-02-13T13:47:59+00:00","dateModified":"2025-07-29T06:28:04+00:00","description":"Bef\u00fcrchten Sie, dass Sie zu stark bluten? Machen Sie jetzt den Test, um Ihre Blutungssymptome besser zu verstehen.","breadcrumb":{"@id":"https:\/\/vwdtest.com\/de\/#breadcrumb"},"inLanguage":"en-US","potentialAction":[{"@type":"ReadAction","target":["https:\/\/vwdtest.com\/de\/"]}]},{"@type":"BreadcrumbList","@id":"https:\/\/vwdtest.com\/de\/#breadcrumb","itemListElement":[{"@type":"ListItem","position":1,"name":"Home","item":"https:\/\/vwdtest.com\/de\/"},{"@type":"ListItem","position":2,"name":"Bluten Sie zu stark?"}]},{"@type":"WebSite","@id":"https:\/\/vwdtest.com\/de\/#website","url":"https:\/\/vwdtest.com\/de\/","name":"Germany","description":"","potentialAction":[{"@type":"SearchAction","target":{"@type":"EntryPoint","urlTemplate":"https:\/\/vwdtest.com\/de\/?s={search_term_string}"},"query-input":"required name=search_term_string"}],"inLanguage":"en-US"}]}},"_links":{"self":[{"href":"https:\/\/vwdtest.com\/de\/wp-json\/wp\/v2\/pages\/17"}],"collection":[{"href":"https:\/\/vwdtest.com\/de\/wp-json\/wp\/v2\/pages"}],"about":[{"href":"https:\/\/vwdtest.com\/de\/wp-json\/wp\/v2\/types\/page"}],"author":[{"embeddable":true,"href":"https:\/\/vwdtest.com\/de\/wp-json\/wp\/v2\/users\/1"}],"replies":[{"embeddable":true,"href":"https:\/\/vwdtest.com\/de\/wp-json\/wp\/v2\/comments?post=17"}],"version-history":[{"count":266,"href":"https:\/\/vwdtest.com\/de\/wp-json\/wp\/v2\/pages\/17\/revisions"}],"predecessor-version":[{"id":4141,"href":"https:\/\/vwdtest.com\/de\/wp-json\/wp\/v2\/pages\/17\/revisions\/4141"}],"wp:attachment":[{"href":"https:\/\/vwdtest.com\/de\/wp-json\/wp\/v2\/media?parent=17"}],"curies":[{"name":"wp","href":"https:\/\/api.w.org\/{rel}","templated":true}]}}