{"id":138,"date":"2023-02-16T10:15:43","date_gmt":"2023-02-16T10:15:43","guid":{"rendered":"https:\/\/new.vwdtest.com\/gr\/?page_id=138"},"modified":"2025-09-04T05:42:34","modified_gmt":"2025-09-04T05:42:34","slug":"heavy-periods","status":"publish","type":"page","link":"https:\/\/vwdtest.com\/de\/heavy-periods\/","title":{"rendered":"Ich habe starke Perioden"},"content":{"rendered":"<div class=\"default-block container\">\n<h3>Sind Ihre Perioden zu stark oder dauert zu lange?<\/h3>\n<\/div>\n\n<div class=\"default-block container\">\n<h5 class=\"bleeding-symptoms-title helpful live\">F\u00fchlen Sie sich w\u00e4hrend Ihrer Periode st\u00e4ndig m\u00fcde und k\u00f6nnen sich im Unterricht oder bei der Arbeit nur schwer konzentrieren? F\u00fchlen Sie sich so ersch\u00f6pft, dass Sie es vermeiden, auszugehen? Haben Sie w\u00e4hrend Ihrer Periode schmerzhafte Kr\u00e4mpfe? Sind Sie nach leichter k\u00f6rperlicher Anstrengung kurzatmig? Haben Sie aufgrund Ihrer Blutung Angst, im Sommer wei\u00dfe Kleidung zu tragen?<\/h5>\n<\/div>\n\n<div class=\"default-block container\">\n<p class=\"full\">Wenn Sie eine dieser Fragen mit \u201eJa\u201c beantworten, besteht die M\u00f6glichkeit, dass Sie unter <a href=\"https:\/\/vwdtest.com\/de\/bleeding-symptoms\/#hmb\" data-type=\"page\" id=\"69\">starken Menstruationsblutungen<\/a> leiden. Starke Menstruationsblutungen oder Menorrhagie kommen recht h\u00e4ufig vor und k\u00f6nnen Ihren Alltag sowie Ihre k\u00f6rperliche oder mentale Gesundheit erheblich beeintr\u00e4chtigen. Etwa jede vierte Frau und jedes vierte M\u00e4dchen leidet im Laufe ihres Lebens unter starken Menstruationsblutungen. Obwohl starke Menstruationsblutungen h\u00e4ufig vorkommen, werden sie oft \u00fcbersehen. Das bedeutet, dass viele Frauen und M\u00e4dchen unn\u00f6tig leiden, denn starke Menstruationsblutungen sind behandelbar.<sup>1-3<\/sup><\/p>\n<\/div>\n\n<img decoding=\"async\" src=\"https:\/\/vwdtest.com\/de\/wp-content\/uploads\/sites\/67\/2023\/02\/periods.webp\" alt=\"Ich habe starke Perioden\" class=\"page_thumbnail d-xl-none\">\r\n\n\n<div class=\"default-block container\">\n<h3>Ursachen f\u00fcr starke Perioden<\/h3>\n<\/div>\n\n<div class=\"default-block container\">\n<p class=\"full\">Es gibt viele m\u00f6gliche Ursachen f\u00fcr <a data-type=\"page\" data-id=\"69\" href=\"https:\/\/vwdtest.com\/de\/bleeding-symptoms\/#hmb\">starke Menstruationsblutungen<\/a>. Die genaue Ursache zu kennen, ist wichtig f\u00fcr die Wahl der richtigen Behandlung.<sup>3<\/sup> Bei ungef\u00e4hr einer von f\u00fcnf Frauen mit starken Menstruationsblutungen liegt eine Blutgerinnungsst\u00f6rung zugrunde. Die h\u00e4ufigste Blutgerinnungsst\u00f6rung ist die <a href=\"https:\/\/vwdtest.com\/de\/von-willebrand-disease\/\" rel=\"noreferrer noopener\">Von-Willebrand-Erkrankung (VWE)<\/a>. Fast alle Frauen mit einer VWE haben starke Menstruationsblutungen, aber leider wird die VWE als Ursache zu oft \u00fcbersehen. Hinzu kommt, dass einige Behandlungen zur Kontrolle starker Menstruationsblutungen Frauen mit einer VWE nicht vor anderen Komplikationen dieser Erkrankung sch\u00fctzen. Ohne Diagnose besteht f\u00fcr diese Frauen weiterhin das Risiko \u00fcberm\u00e4\u00dfiger Blutungen w\u00e4hrend der Schwangerschaft sowie w\u00e4hrend und nach der Geburt. Die VWE ist behandelbar. Wenn die Diagnose vor der Schwangerschaft bekannt ist, k\u00f6nnen Blutungen kontrolliert werden und Frauen mit einer VWE k\u00f6nnen normale Schwangerschaften haben.<sup>2,4<\/sup><\/p>\n<\/div>\n\n<div class=\"default-block container\">\n<h3>M\u00f6glicherweise sind Sie nicht der Einzige in Ihrer Familie, die starke Perioden hat <\/h3>\n<\/div>\n\n<div class=\"default-block container\">\n<p class=\"full\">Wenn Sie sich bez\u00fcglich Ihrer Periode nicht sicher sind, haben Sie m\u00f6glicherweise mit anderen Frauen aus Ihrer Familie dar\u00fcber gesprochen. Ihre Mutter, eine Tante oder eine Schwester haben vielleicht \u00e4hnliche Blutungen und sagen Ihnen, dass Ihre Periode normal sei. Das ist jedoch nicht immer der Fall. Starke Menstruationsblutungen k\u00f6nnen unter anderem auf erbliche Blutgerinnungsst\u00f6rungen zur\u00fcckzuf\u00fchren sein.<sup>2,3<\/sup> Diese Erkrankung kann mehrere Familienmitglieder betreffen. Wenn Ihre Periode Ihren Alltag und Ihr Wohlbefinden beeintr\u00e4chtig, empfehlen wir Ihnen, mit Ihrem Arzt \u00fcber Ihre Blutung zu sprechen.<\/p>\n<\/div>\n\n<div class=\"default-block container\">\n<h3>Finden Sie heraus, ob Ihre Blutung normal ist<\/h3>\n<\/div>\n\n<div class=\"default-block container\">\n<p class=\"full\">Wie viel Bluten ist zu viel? Diese Frage ist manchmal schwer zu beantworten. Typische Anzeichen f\u00fcr starke Menstruationsblutung sind Blutungen, die l\u00e4nger als eine Woche andauern, die Notwendigkeit, alle paar Stunden die Binde oder den Tampon zu wechseln, Durchbluten von Kleidung oder Bettw\u00e4sche und die Bildung gro\u00dfer Blutgerinnsel.<sup>5<\/sup> Um Ihnen zu helfen, mehr \u00fcber Ihre Menstruationsblutung zu erfahren, haben Wissenschaftler einen einfachen <a href=\"#\" id=\"showPdf\">Erfassungsbogen Menstruationsst\u00e4rke<\/a> entwickelt. Auf diesem Bogen k\u00f6nnen Sie eintragen, wie viele Hygieneartikel Sie t\u00e4glich nutzen. Diese Informationen helfen Ihnen und Ihrem Arzt herauszufinden, ob Sie starke Menstruationsblutungen haben.<sup>6<\/sup><\/p>\n<div class=\"video test\" id=\"\">\n\n    <div class=\"video__box\">\n        <div class=\"popup-main-wrapper\">\n            <div class=\"popup-wrapper\">\n                <div class=\"popup-close-icon\"><img decoding=\"async\" src=\"https:\/\/vwdtest.com\/de\/wp-content\/uploads\/sites\/22\/2023\/09\/cross-icon1.svg\" alt=\"cross-icon\">\n                <\/div>\n                \n            <\/div>\n        <\/div>\n\n    <\/div>\n<\/div>\n<\/div>\n\n<div class=\"default-block container\">\n<div style=\"height:30px\" aria-hidden=\"true\" class=\"wp-block-spacer\"><\/div>\n<\/div>\n\n<div class=\"default-block container\">\n<div class=\"is-content-justification-right is-layout-flex wp-container-1 wp-block-buttons\">\n<div class=\"wp-block-button download increase_download_count\"><a class=\"wp-block-button__link wp-element-button\" href=\"https:\/\/vwdtest.com\/de\/wp-content\/uploads\/sites\/67\/2025\/09\/PBAC-0025-DE.pdf\" target=\"_blank\" rel=\"noreferrer noopener\" download>Laden Sie die Bewertungskarte herunter<\/a><\/div>\n<\/div>\n<\/div>\n\n<div class=\"default-block container\">\n<div style=\"height:30px\" aria-hidden=\"true\" class=\"wp-block-spacer\"><\/div>\n<\/div>\n\n<div class=\"default-block container\">\n<div style=\"height:60px\" aria-hidden=\"true\" class=\"wp-block-spacer\"><\/div>\n<\/div>\n\n<div class=\"default-block container\">\n<p class=\"full\">Manchmal haben Frauen und M\u00e4dchen mit starken Menstruationsblutungen auch h\u00e4ufig <a data-type=\"page\" data-id=\"69\" href=\"https:\/\/vwdtest.com\/de\/bleeding-symptoms\/#nosebleed\"> Nasen-<\/a> oder <a data-type=\"page\" data-id=\"69\" href=\"https:\/\/vwdtest.com\/de\/bleeding-symptoms\/#oral-bleed\">Zahnfleischbluten<\/a>. Blutverlust kann zu <a data-type=\"page\" data-id=\"69\" href=\"https:\/\/vwdtest.com\/de\/bleeding-symptoms\/#fatigue\">Eisenmangel und An\u00e4mie<\/a> f\u00fchren, und Sie f\u00fchlen sich m\u00fcde und ersch\u00f6pft. Wenn bei Ihnen eines dieser Symptome aufgetreten ist oder Sie nach einer Zahnextraktion oder einem anderen kleineren chirurgischen Eingriff geblutet haben, empfehlen wir Ihnen, unseren <a data-type=\"page\" data-id=\"58\" href=\"https:\/\/vwdtest\">Blutungstest<\/a> zu machen. Dieser Test wurde entwickelt, um festzustellen, ob Ihre Blutungen normal sind oder nicht.<sup>2<\/sup> Der Test dauert nur wenige Minuten und zeigt Ihnen, ob Sie aufgrund Ihrer Blutung einen Arzt aufsuchen sollten. Dies kann umso wichtiger sein, wenn Sie sich einer Operation unterziehen m\u00fcssen.<\/p>\n<\/div>\n\n<div class=\"default-block container\">\n<div class=\"is-content-justification-right is-layout-flex wp-container-2 wp-block-buttons\">\n<div class=\"wp-block-button take-test\"><a class=\"wp-block-button__link wp-element-button\" href=\"\/de\/take-test\">Machen Sie den Test<\/a><\/div>\n<\/div>\n<\/div>\n\n<div class=\"default-block container\">\n<h6>Referenzen<\/h6>\n<\/div>\n\n<div class=\"default-block container\">\n<ol type=\"1\"><div class=\"default-block container\">\n<li>Fraser IS et al. Int J Gynaecol Obstet 2015; 128:196-200.<\/li>\n<\/div>\n\n<div class=\"default-block container\">\n<li><a href=\"https:\/\/pubmed.ncbi.nlm.nih.gov\/36210240\/\" target=\"_blank\" rel=\"noreferrer noopener\">Corrales-Medina FF et al. <em>Blood Rev<\/em><\/a><em> <\/em>2023; 58:101018. <\/li>\n<\/div>\n\n<div class=\"default-block container\">\n<li><a href=\"https:\/\/www.acog.org\/womens-health\/faqs\/heavy-menstrual-bleeding\" target=\"_blank\" rel=\"noreferrer noopener\">https:\/\/www.acog.org\/womens-health\/faqs\/heavy-menstrual-bleeding<\/a>; zuletzt abgerufen im Januar 2023..<\/li>\n<\/div>\n\n<div class=\"default-block container\">\n<li><a href=\"https:\/\/www.cdc.gov\/ncbddd\/vwd\/women.html\" target=\"_blank\" rel=\"noreferrer noopener\">https:\/\/www.cdc.gov\/ncbddd\/vwd\/women.html<\/a>; zuletzt abgerufen im Januar 2023.<\/li>\n<\/div>\n\n<div class=\"default-block container\">\n<li><a href=\"https:\/\/www.nhs.uk\/conditions\/heavy-periods\/\" target=\"_blank\" rel=\"noreferrer noopener\">https:\/\/www.nhs.uk\/conditions\/heavy-periods\/<\/a>; zuletzt abgerufen im Januar 2023.<\/li>\n<\/div>\n\n<div class=\"default-block container\">\n<li>Higham JM et al. Br J Obstet Gynaecol 1990; 97:734-9.<\/li>\n<\/div><\/ol>\n<\/div>","protected":false},"excerpt":{"rendered":"<p>Sind Ihre Perioden zu stark oder dauert zu lange? F\u00fchlen Sie sich w\u00e4hrend Ihrer Periode st\u00e4ndig m\u00fcde und k\u00f6nnen sich im Unterricht oder bei der Arbeit nur schwer konzentrieren? F\u00fchlen Sie sich so ersch\u00f6pft, dass Sie es vermeiden, auszugehen? Haben Sie w\u00e4hrend Ihrer Periode schmerzhafte Kr\u00e4mpfe? Sind Sie nach leichter k\u00f6rperlicher Anstrengung kurzatmig? Haben Sie [&hellip;]<\/p>\n","protected":false},"author":1,"featured_media":227,"parent":0,"menu_order":0,"comment_status":"closed","ping_status":"closed","template":"","meta":{"inline_featured_image":false},"acf":[],"yoast_head":"<!-- This site is optimized with the Yoast SEO plugin v20.4 - https:\/\/yoast.com\/wordpress\/plugins\/seo\/ -->\n<title>Ich habe starke Perioden - Germany<\/title>\n<meta name=\"robots\" content=\"index, follow, max-snippet:-1, max-image-preview:large, max-video-preview:-1\" \/>\n<link rel=\"canonical\" href=\"https:\/\/vwdtest.com\/de\/heavy-periods\/\" \/>\n<meta property=\"og:locale\" content=\"en_US\" \/>\n<meta property=\"og:type\" content=\"article\" \/>\n<meta property=\"og:title\" content=\"Ich habe starke Perioden - Germany\" \/>\n<meta property=\"og:description\" content=\"Sind Ihre Perioden zu stark oder dauert zu lange? F\u00fchlen Sie sich w\u00e4hrend Ihrer Periode st\u00e4ndig m\u00fcde und k\u00f6nnen sich im Unterricht oder bei der Arbeit nur schwer konzentrieren? F\u00fchlen Sie sich so ersch\u00f6pft, dass Sie es vermeiden, auszugehen? Haben Sie w\u00e4hrend Ihrer Periode schmerzhafte Kr\u00e4mpfe? Sind Sie nach leichter k\u00f6rperlicher Anstrengung kurzatmig? Haben Sie [&hellip;]\" \/>\n<meta property=\"og:url\" content=\"https:\/\/vwdtest.com\/de\/heavy-periods\/\" \/>\n<meta property=\"og:site_name\" content=\"Germany\" \/>\n<meta property=\"article:modified_time\" content=\"2025-09-04T05:42:34+00:00\" \/>\n<meta property=\"og:image\" content=\"https:\/\/vwdtest.com\/de\/wp-content\/uploads\/sites\/67\/2023\/02\/periods.webp\" \/>\n\t<meta property=\"og:image:width\" content=\"674\" \/>\n\t<meta property=\"og:image:height\" content=\"929\" \/>\n\t<meta property=\"og:image:type\" content=\"image\/webp\" \/>\n<meta name=\"twitter:card\" content=\"summary_large_image\" \/>\n<meta name=\"twitter:label1\" content=\"Est. reading time\" \/>\n\t<meta name=\"twitter:data1\" content=\"3 minutes\" \/>\n<script type=\"application\/ld+json\" class=\"yoast-schema-graph\">{\"@context\":\"https:\/\/schema.org\",\"@graph\":[{\"@type\":\"WebPage\",\"@id\":\"https:\/\/vwdtest.com\/de\/heavy-periods\/\",\"url\":\"https:\/\/vwdtest.com\/de\/heavy-periods\/\",\"name\":\"Ich habe starke Perioden - Germany\",\"isPartOf\":{\"@id\":\"https:\/\/vwdtest.com\/de\/#website\"},\"datePublished\":\"2023-02-16T10:15:43+00:00\",\"dateModified\":\"2025-09-04T05:42:34+00:00\",\"breadcrumb\":{\"@id\":\"https:\/\/vwdtest.com\/de\/heavy-periods\/#breadcrumb\"},\"inLanguage\":\"en-US\",\"potentialAction\":[{\"@type\":\"ReadAction\",\"target\":[\"https:\/\/vwdtest.com\/de\/heavy-periods\/\"]}]},{\"@type\":\"BreadcrumbList\",\"@id\":\"https:\/\/vwdtest.com\/de\/heavy-periods\/#breadcrumb\",\"itemListElement\":[{\"@type\":\"ListItem\",\"position\":1,\"name\":\"Home\",\"item\":\"https:\/\/vwdtest.com\/de\/\"},{\"@type\":\"ListItem\",\"position\":2,\"name\":\"Ich habe starke Perioden\"}]},{\"@type\":\"WebSite\",\"@id\":\"https:\/\/vwdtest.com\/de\/#website\",\"url\":\"https:\/\/vwdtest.com\/de\/\",\"name\":\"Germany\",\"description\":\"\",\"potentialAction\":[{\"@type\":\"SearchAction\",\"target\":{\"@type\":\"EntryPoint\",\"urlTemplate\":\"https:\/\/vwdtest.com\/de\/?s={search_term_string}\"},\"query-input\":\"required name=search_term_string\"}],\"inLanguage\":\"en-US\"}]}<\/script>\n<!-- \/ Yoast SEO plugin. -->","yoast_head_json":{"title":"Ich habe starke Perioden - Germany","robots":{"index":"index","follow":"follow","max-snippet":"max-snippet:-1","max-image-preview":"max-image-preview:large","max-video-preview":"max-video-preview:-1"},"canonical":"https:\/\/vwdtest.com\/de\/heavy-periods\/","og_locale":"en_US","og_type":"article","og_title":"Ich habe starke Perioden - Germany","og_description":"Sind Ihre Perioden zu stark oder dauert zu lange? F\u00fchlen Sie sich w\u00e4hrend Ihrer Periode st\u00e4ndig m\u00fcde und k\u00f6nnen sich im Unterricht oder bei der Arbeit nur schwer konzentrieren? F\u00fchlen Sie sich so ersch\u00f6pft, dass Sie es vermeiden, auszugehen? Haben Sie w\u00e4hrend Ihrer Periode schmerzhafte Kr\u00e4mpfe? Sind Sie nach leichter k\u00f6rperlicher Anstrengung kurzatmig? Haben Sie [&hellip;]","og_url":"https:\/\/vwdtest.com\/de\/heavy-periods\/","og_site_name":"Germany","article_modified_time":"2025-09-04T05:42:34+00:00","og_image":[{"width":674,"height":929,"url":"https:\/\/vwdtest.com\/de\/wp-content\/uploads\/sites\/67\/2023\/02\/periods.webp","type":"image\/webp"}],"twitter_card":"summary_large_image","twitter_misc":{"Est. reading time":"3 minutes"},"schema":{"@context":"https:\/\/schema.org","@graph":[{"@type":"WebPage","@id":"https:\/\/vwdtest.com\/de\/heavy-periods\/","url":"https:\/\/vwdtest.com\/de\/heavy-periods\/","name":"Ich habe starke Perioden - Germany","isPartOf":{"@id":"https:\/\/vwdtest.com\/de\/#website"},"datePublished":"2023-02-16T10:15:43+00:00","dateModified":"2025-09-04T05:42:34+00:00","breadcrumb":{"@id":"https:\/\/vwdtest.com\/de\/heavy-periods\/#breadcrumb"},"inLanguage":"en-US","potentialAction":[{"@type":"ReadAction","target":["https:\/\/vwdtest.com\/de\/heavy-periods\/"]}]},{"@type":"BreadcrumbList","@id":"https:\/\/vwdtest.com\/de\/heavy-periods\/#breadcrumb","itemListElement":[{"@type":"ListItem","position":1,"name":"Home","item":"https:\/\/vwdtest.com\/de\/"},{"@type":"ListItem","position":2,"name":"Ich habe starke Perioden"}]},{"@type":"WebSite","@id":"https:\/\/vwdtest.com\/de\/#website","url":"https:\/\/vwdtest.com\/de\/","name":"Germany","description":"","potentialAction":[{"@type":"SearchAction","target":{"@type":"EntryPoint","urlTemplate":"https:\/\/vwdtest.com\/de\/?s={search_term_string}"},"query-input":"required name=search_term_string"}],"inLanguage":"en-US"}]}},"_links":{"self":[{"href":"https:\/\/vwdtest.com\/de\/wp-json\/wp\/v2\/pages\/138"}],"collection":[{"href":"https:\/\/vwdtest.com\/de\/wp-json\/wp\/v2\/pages"}],"about":[{"href":"https:\/\/vwdtest.com\/de\/wp-json\/wp\/v2\/types\/page"}],"author":[{"embeddable":true,"href":"https:\/\/vwdtest.com\/de\/wp-json\/wp\/v2\/users\/1"}],"replies":[{"embeddable":true,"href":"https:\/\/vwdtest.com\/de\/wp-json\/wp\/v2\/comments?post=138"}],"version-history":[{"count":160,"href":"https:\/\/vwdtest.com\/de\/wp-json\/wp\/v2\/pages\/138\/revisions"}],"predecessor-version":[{"id":4174,"href":"https:\/\/vwdtest.com\/de\/wp-json\/wp\/v2\/pages\/138\/revisions\/4174"}],"wp:featuredmedia":[{"embeddable":true,"href":"https:\/\/vwdtest.com\/de\/wp-json\/wp\/v2\/media\/227"}],"wp:attachment":[{"href":"https:\/\/vwdtest.com\/de\/wp-json\/wp\/v2\/media?parent=138"}],"curies":[{"name":"wp","href":"https:\/\/api.w.org\/{rel}","templated":true}]}}