{"id":1091,"date":"2023-08-14T07:57:20","date_gmt":"2023-08-14T07:57:20","guid":{"rendered":"https:\/\/new.vwdtest.com\/gr\/?page_id=1091"},"modified":"2025-10-09T12:50:04","modified_gmt":"2025-10-09T12:50:04","slug":"family-doctor-paediatrician","status":"publish","type":"page","link":"https:\/\/vwdtest.com\/de\/family-doctor-paediatrician\/","title":{"rendered":"Allgemeinmedizin \/ P\u00e4diatrie"},"content":{"rendered":"<div class=\"default-block container\">\n<p><\/p>\n<\/div>\n\n<img decoding=\"async\" src=\"https:\/\/vwdtest.com\/de\/wp-content\/uploads\/sites\/67\/2023\/08\/paediatrician-img.png\" alt=\"Allgemeinmedizin \/ P\u00e4diatrie\" class=\"page_thumbnail d-xl-none\">\r\n\n\n<div class=\"default-block container\">\n<p><strong>Kinder mit Von-Willebrand-Erkrankung (VWE) k\u00f6nnen aufgrund der Angst vor Blutungen emotionale und verhaltensbezogene Probleme in der Schule und im Familienleben entwickeln. Zudem k\u00f6nnen h\u00e4ufige Blutungen die Anzahl an Fehlzeiten in der Schule erh\u00f6hen.<sup>4<\/sup> Dar\u00fcber hinaus kann die Angst vor Blutungen eine erhebliche psychische Belastung f\u00fcr die Betreuungspersonen des Kindes bedeuten und sie dazu veranlassen, k\u00f6rperliche und soziale Aktivit\u00e4ten einzuschr\u00e4nken, die f\u00fcr die normale Entwicklung des Kindes wichtig w\u00e4ren.<sup>5<\/sup><\/strong><\/p>\n<\/div>\n\n<div class=\"default-block container\">\n<h3>Die Rolle von Haus\u00e4rzten und Kinder\u00e4rzten<\/h3>\n<\/div>\n\n<div class=\"default-block container\">\n<p class=\"full\">Die VWE ist die h\u00e4ufigste Blutgerinnungsst\u00f6rung bei Kindern.<sup>6 <\/sup><a href=\"https:\/\/vwdtest.com\/de\/bleeding-symptoms\/#easy-bruising\">Leichte Bluterg\u00fcsse<\/a>, Blutungen aus Mund und <a href=\"https:\/\/vwdtest.com\/de\/bleeding-symptoms\/#nosebleed\">Nase<\/a> sowie anhaltende Blutungen aus kleinen Wunden und nach Operationen sind h\u00e4ufige Symptome bei Kindern mit VWE.<sup>2 <\/sup>Als Hausarzt oder Kinderarzt sind Sie oft der erste Arzt, der Kinder mit solchen Symptomen sieht. Ihre Aufgabe ist festzustellen, ob das Kind ein anormales Blutungsmuster aufweist und weitere Untersuchungen durch einen Spezialisten erforderlich sind.<sup>7 <\/sup>Die Erhebung der Blutungsanamnese ist bei Erwachsene und Kindern mit einer m\u00f6glichen Blutgerinnungsst\u00f6rung der erste Schritt zur Diagnose. Bei der Beurteilung der Blutungsanamnese eines Kindes ist es entscheidend, das Alter und den Entwicklungsstand des Patienten zu ber\u00fccksichtigen. S\u00e4uglinge, die noch nicht mobil sind, zeigen selten Anzeichen von Bluterg\u00fcssen, k\u00f6nnen aber nach einer Zirkumsion oder Blutabnahme ungew\u00f6hnliche Blutungen haben.<sup>2,7 <\/sup>Je mobiler die Kinder werden, desto h\u00e4ufiger treten kleinere Kratzer und Bluterg\u00fcsse durch St\u00f6\u00dfe oder St\u00fcrze auf. Bluterg\u00fcsse, die gr\u00f6\u00dfer sind oder h\u00e4ufiger als erwartet auftreten, k\u00f6nnen jedoch ein erster Hinweis auf eine Blutgerinnungsst\u00f6rung sein. Bei Kindern mit einer VWE sind Bluterg\u00fcsse an ungew\u00f6hnlichen Stellen wie R\u00fccken oder Bauch nicht selten. Solche Bluterg\u00fcsse k\u00f6nnen als Zeichen von Kindesmissbrauch missverstanden werden, und manche Eltern sind aufgrund dieser M\u00f6glichkeit beunruhigt.<sup>8 <\/sup>Wenn M\u00e4dchen in die Pubert\u00e4t kommen, sind <a href=\"https:\/\/vwdtest.com\/de\/bleeding -symptoms\/#hmb\">starke Menstruationsblutungen<\/a> das h\u00e4ufigste Blutungssymptom der VWE. Es ist wichtig, diese Symptome mit den Patienten und ihren Angeh\u00f6rigen zu besprechen. Dabei sollte auch die famili\u00e4re Blutungsanamnese ber\u00fccksichtigt werden, da wiederkehrende anormale Blutungen innerhalb der Familie mitunter untersch\u00e4tzt werden.<sup>2,9<\/sup><\/p>\n<\/div>\n\n<div class=\"default-block container\">\n<p class=\"full\">Es ist eine Herausforderung zu entscheiden, ob Blutungssymptome ungew\u00f6hnlich sind.<sup>7 <\/sup>F\u00fcr eine erste Einsch\u00e4tzung der Blutungssymptome, insbesondere bei Patienten, bei denen eine Operation geplant ist, empfehlen wir Ihnen, zusammen mit Ihren Patienten unseren <a href=\"\/de\/take-test\">Blutungstest<\/a> durchzuf\u00fchren. Der Test zeigt, ob weitere Untersuchungen notwendig sind \u2013 und k\u00f6nnte das Leben Ihres Patienten ver\u00e4ndern!<\/p>\n<\/div>\n\n<div class=\"default-block container\">\n<p class=\"full\">Eine endg\u00fcltige Diagnose der VWE ist das Ergebnis eines aufw\u00e4ndigen Prozesses.<sup>2<\/sup> Daher empfehlen wir Ihnen, sich an ein <a href=\"https:\/\/vwdtest.com\/de\/helpful-resources\/#region\">Gerinnungszentrum<\/a> in Ihrer N\u00e4he zu wenden, wenn eine weitere diagnostische Abkl\u00e4rung notwendig ist. Die multidisziplin\u00e4ren Teams des Gerinnungszentrums sorgen f\u00fcr eine optimale Betreuung von Patienten mit Blutgerinnungsst\u00f6rungen. Auf unserer Seite VWDtest finden Sie weitere Informationen zur <a href=\"https:\/\/vwdtest.com\/de\/von-willebrand-disease\/\">\u00c4tiologie<\/a>, <a href=\"https:\/\/vwdtest.com\/de\/von-willebrand-disease\/\">Diagnose<\/a> und <a href=\"https:\/\/vwdtest.com\/de\/i-live-with-vwd\/#vwd-management\">Management der VWE<\/a> sowie Einblicke in den typischen <a href=\"\/de\/helpful-resources\/#journey\">Weg<\/a> von Patienten mit der VWE.<\/p>\n<\/div>\n\n<div class=\"default-block container\">\n<h6>Referenzen<\/h6>\n<\/div>\n\n<div class=\"default-block container\">\n<ol type=\"1\"><div class=\"default-block container\">\n<li>Atiq F et al. <em>EClinicalMedicine<\/em> 2021; 32:100726<\/li>\n<\/div>\n\n<div class=\"default-block container\">\n<li><a href=\"https:\/\/pubmed.ncbi.nlm.nih.gov\/36210240\/\" target=\"_blank\" rel=\"noreferrer noopener\">Corrales-Medina FF et al. <em>Blood Rev <\/em><\/a>2023; 58:101018.<\/li>\n<\/div>\n\n<div class=\"default-block container\">\n<li>Patel PN et al. Int J<em>Pediatr Otorhinolaryngol<\/em> 2017; 100:216-22.<\/li>\n<\/div>\n\n<div class=\"default-block container\">\n<li>von Wee EM et al. <em>J Thromb Haemost<\/em> 2011; 9:502-9.<\/li>\n<\/div>\n\n<div class=\"default-block container\">\n<li><a href=\"https:\/\/www.hemophilia.org\/sites\/default\/files\/document\/files\/nurses-guide-chapter-13a-child-development-with-bleeding-disorder-transition.pdf\" target=\"_blank\" rel=\"noreferrer noopener\">https:\/\/www.hemophilia.org\/sites\/default\/files\/document\/files\/nurses-guide-chapter-13a-child-development-with-bleeding-disorder-transition.pdf<\/a>; zuletzt aufgerufen im M\u00e4rz 2023.<\/li>\n<\/div>\n\n<div class=\"default-block container\">\n<li>Klaassen R und Halton <em>JM Paediatr Child Health<\/em> 2002; 7:245-9.<\/li>\n<\/div>\n\n<div class=\"default-block container\">\n<li>Van Ommen CH und Peters M. <em>Eur J Pediatr<\/em> 2012; 171:1-10.<\/li>\n<\/div>\n\n<div class=\"default-block container\">\n<li>Jackson J et al. <em>Child Abuse Negl<\/em> 2012; 36:127-34.<\/li>\n<\/div>\n\n<div class=\"default-block container\">\n<li>VanderMeulen H, et al. <em>Hematology Am Soc Hematol Educ Program<\/em> 2022 1: 631-6.<\/li>\n<\/div><\/ol>\n<\/div>","protected":false},"excerpt":{"rendered":"<p>Kinder mit Von-Willebrand-Erkrankung (VWE) k\u00f6nnen aufgrund der Angst vor Blutungen emotionale und verhaltensbezogene Probleme in der Schule und im Familienleben entwickeln. Zudem k\u00f6nnen h\u00e4ufige Blutungen die Anzahl an Fehlzeiten in der Schule erh\u00f6hen.4 Dar\u00fcber hinaus kann die Angst vor Blutungen eine erhebliche psychische Belastung f\u00fcr die Betreuungspersonen des Kindes bedeuten und sie dazu veranlassen, k\u00f6rperliche [&hellip;]<\/p>\n","protected":false},"author":1,"featured_media":1095,"parent":0,"menu_order":0,"comment_status":"closed","ping_status":"closed","template":"","meta":{"inline_featured_image":false},"acf":[],"yoast_head":"<!-- This site is optimized with the Yoast SEO plugin v20.4 - https:\/\/yoast.com\/wordpress\/plugins\/seo\/ -->\n<title>Allgemeinmedizin \/ P\u00e4diatrie - Germany<\/title>\n<meta name=\"robots\" content=\"index, follow, max-snippet:-1, max-image-preview:large, max-video-preview:-1\" \/>\n<link rel=\"canonical\" href=\"https:\/\/vwdtest.com\/de\/family-doctor-paediatrician\/\" \/>\n<meta property=\"og:locale\" content=\"en_US\" \/>\n<meta property=\"og:type\" content=\"article\" \/>\n<meta property=\"og:title\" content=\"Allgemeinmedizin \/ P\u00e4diatrie - Germany\" \/>\n<meta property=\"og:description\" content=\"Kinder mit Von-Willebrand-Erkrankung (VWE) k\u00f6nnen aufgrund der Angst vor Blutungen emotionale und verhaltensbezogene Probleme in der Schule und im Familienleben entwickeln. Zudem k\u00f6nnen h\u00e4ufige Blutungen die Anzahl an Fehlzeiten in der Schule erh\u00f6hen.4 Dar\u00fcber hinaus kann die Angst vor Blutungen eine erhebliche psychische Belastung f\u00fcr die Betreuungspersonen des Kindes bedeuten und sie dazu veranlassen, k\u00f6rperliche [&hellip;]\" \/>\n<meta property=\"og:url\" content=\"https:\/\/vwdtest.com\/de\/family-doctor-paediatrician\/\" \/>\n<meta property=\"og:site_name\" content=\"Germany\" \/>\n<meta property=\"article:modified_time\" content=\"2025-10-09T12:50:04+00:00\" \/>\n<meta property=\"og:image\" content=\"https:\/\/vwdtest.com\/de\/wp-content\/uploads\/sites\/67\/2023\/08\/paediatrician-img.png\" \/>\n\t<meta property=\"og:image:width\" content=\"687\" \/>\n\t<meta property=\"og:image:height\" content=\"799\" \/>\n\t<meta property=\"og:image:type\" content=\"image\/png\" \/>\n<meta name=\"twitter:card\" content=\"summary_large_image\" \/>\n<meta name=\"twitter:label1\" content=\"Est. reading time\" \/>\n\t<meta name=\"twitter:data1\" content=\"3 minutes\" \/>\n<script type=\"application\/ld+json\" class=\"yoast-schema-graph\">{\"@context\":\"https:\/\/schema.org\",\"@graph\":[{\"@type\":\"WebPage\",\"@id\":\"https:\/\/vwdtest.com\/de\/family-doctor-paediatrician\/\",\"url\":\"https:\/\/vwdtest.com\/de\/family-doctor-paediatrician\/\",\"name\":\"Allgemeinmedizin \/ P\u00e4diatrie - Germany\",\"isPartOf\":{\"@id\":\"https:\/\/vwdtest.com\/de\/#website\"},\"datePublished\":\"2023-08-14T07:57:20+00:00\",\"dateModified\":\"2025-10-09T12:50:04+00:00\",\"breadcrumb\":{\"@id\":\"https:\/\/vwdtest.com\/de\/family-doctor-paediatrician\/#breadcrumb\"},\"inLanguage\":\"en-US\",\"potentialAction\":[{\"@type\":\"ReadAction\",\"target\":[\"https:\/\/vwdtest.com\/de\/family-doctor-paediatrician\/\"]}]},{\"@type\":\"BreadcrumbList\",\"@id\":\"https:\/\/vwdtest.com\/de\/family-doctor-paediatrician\/#breadcrumb\",\"itemListElement\":[{\"@type\":\"ListItem\",\"position\":1,\"name\":\"Home\",\"item\":\"https:\/\/vwdtest.com\/de\/\"},{\"@type\":\"ListItem\",\"position\":2,\"name\":\"Allgemeinmedizin \/ P\u00e4diatrie\"}]},{\"@type\":\"WebSite\",\"@id\":\"https:\/\/vwdtest.com\/de\/#website\",\"url\":\"https:\/\/vwdtest.com\/de\/\",\"name\":\"Germany\",\"description\":\"\",\"potentialAction\":[{\"@type\":\"SearchAction\",\"target\":{\"@type\":\"EntryPoint\",\"urlTemplate\":\"https:\/\/vwdtest.com\/de\/?s={search_term_string}\"},\"query-input\":\"required name=search_term_string\"}],\"inLanguage\":\"en-US\"}]}<\/script>\n<!-- \/ Yoast SEO plugin. -->","yoast_head_json":{"title":"Allgemeinmedizin \/ P\u00e4diatrie - Germany","robots":{"index":"index","follow":"follow","max-snippet":"max-snippet:-1","max-image-preview":"max-image-preview:large","max-video-preview":"max-video-preview:-1"},"canonical":"https:\/\/vwdtest.com\/de\/family-doctor-paediatrician\/","og_locale":"en_US","og_type":"article","og_title":"Allgemeinmedizin \/ P\u00e4diatrie - Germany","og_description":"Kinder mit Von-Willebrand-Erkrankung (VWE) k\u00f6nnen aufgrund der Angst vor Blutungen emotionale und verhaltensbezogene Probleme in der Schule und im Familienleben entwickeln. Zudem k\u00f6nnen h\u00e4ufige Blutungen die Anzahl an Fehlzeiten in der Schule erh\u00f6hen.4 Dar\u00fcber hinaus kann die Angst vor Blutungen eine erhebliche psychische Belastung f\u00fcr die Betreuungspersonen des Kindes bedeuten und sie dazu veranlassen, k\u00f6rperliche [&hellip;]","og_url":"https:\/\/vwdtest.com\/de\/family-doctor-paediatrician\/","og_site_name":"Germany","article_modified_time":"2025-10-09T12:50:04+00:00","og_image":[{"width":687,"height":799,"url":"https:\/\/vwdtest.com\/de\/wp-content\/uploads\/sites\/67\/2023\/08\/paediatrician-img.png","type":"image\/png"}],"twitter_card":"summary_large_image","twitter_misc":{"Est. reading time":"3 minutes"},"schema":{"@context":"https:\/\/schema.org","@graph":[{"@type":"WebPage","@id":"https:\/\/vwdtest.com\/de\/family-doctor-paediatrician\/","url":"https:\/\/vwdtest.com\/de\/family-doctor-paediatrician\/","name":"Allgemeinmedizin \/ P\u00e4diatrie - Germany","isPartOf":{"@id":"https:\/\/vwdtest.com\/de\/#website"},"datePublished":"2023-08-14T07:57:20+00:00","dateModified":"2025-10-09T12:50:04+00:00","breadcrumb":{"@id":"https:\/\/vwdtest.com\/de\/family-doctor-paediatrician\/#breadcrumb"},"inLanguage":"en-US","potentialAction":[{"@type":"ReadAction","target":["https:\/\/vwdtest.com\/de\/family-doctor-paediatrician\/"]}]},{"@type":"BreadcrumbList","@id":"https:\/\/vwdtest.com\/de\/family-doctor-paediatrician\/#breadcrumb","itemListElement":[{"@type":"ListItem","position":1,"name":"Home","item":"https:\/\/vwdtest.com\/de\/"},{"@type":"ListItem","position":2,"name":"Allgemeinmedizin \/ P\u00e4diatrie"}]},{"@type":"WebSite","@id":"https:\/\/vwdtest.com\/de\/#website","url":"https:\/\/vwdtest.com\/de\/","name":"Germany","description":"","potentialAction":[{"@type":"SearchAction","target":{"@type":"EntryPoint","urlTemplate":"https:\/\/vwdtest.com\/de\/?s={search_term_string}"},"query-input":"required name=search_term_string"}],"inLanguage":"en-US"}]}},"_links":{"self":[{"href":"https:\/\/vwdtest.com\/de\/wp-json\/wp\/v2\/pages\/1091"}],"collection":[{"href":"https:\/\/vwdtest.com\/de\/wp-json\/wp\/v2\/pages"}],"about":[{"href":"https:\/\/vwdtest.com\/de\/wp-json\/wp\/v2\/types\/page"}],"author":[{"embeddable":true,"href":"https:\/\/vwdtest.com\/de\/wp-json\/wp\/v2\/users\/1"}],"replies":[{"embeddable":true,"href":"https:\/\/vwdtest.com\/de\/wp-json\/wp\/v2\/comments?post=1091"}],"version-history":[{"count":88,"href":"https:\/\/vwdtest.com\/de\/wp-json\/wp\/v2\/pages\/1091\/revisions"}],"predecessor-version":[{"id":4223,"href":"https:\/\/vwdtest.com\/de\/wp-json\/wp\/v2\/pages\/1091\/revisions\/4223"}],"wp:featuredmedia":[{"embeddable":true,"href":"https:\/\/vwdtest.com\/de\/wp-json\/wp\/v2\/media\/1095"}],"wp:attachment":[{"href":"https:\/\/vwdtest.com\/de\/wp-json\/wp\/v2\/media?parent=1091"}],"curies":[{"name":"wp","href":"https:\/\/api.w.org\/{rel}","templated":true}]}}