{"id":1088,"date":"2023-08-14T07:52:15","date_gmt":"2023-08-14T07:52:15","guid":{"rendered":"https:\/\/new.vwdtest.com\/gr\/?page_id=1088"},"modified":"2025-07-28T10:55:36","modified_gmt":"2025-07-28T10:55:36","slug":"vwd-and-gynaecology-obstetrics","status":"publish","type":"page","link":"https:\/\/vwdtest.com\/de\/vwd-and-gynaecology-obstetrics\/","title":{"rendered":"VWE UND GYN\u00c4KOLOGIE \/ GEBURTSHILFE"},"content":{"rendered":"<div class=\"default-block container\">\n<h5 class=\"bleeding-symptoms-title vwd\">Blutgerinnungsst\u00f6rungen, einschlie\u00dflich der <a href=\"https:\/\/vwdtest.com\/de\/von-willebrand-disease\/\">Von-Willebrand-Erkrankung (VWE)<\/a>, sind sch\u00e4tzungsweise bei jeder f\u00fcnften Frau f\u00fcr starke Menstruationsblutungen (HMB) verantwortlich.<sup>1 <\/sup>Blutgerinnungsst\u00f6rungen sind auch ein Hauptrisikofaktor f\u00fcr \u00fcberm\u00e4\u00dfige Blutungen w\u00e4hrend und nach der Geburt. Nur ein Bruchteil der Frauen, die sich mit starken Vaginalblutungen vorstellen, werden auf eine VWE hin untersucht. Und das obwohl Blutgerinnungsst\u00f6rungen eine wichtige Rolle bei der Entstehung von \u00fcberm\u00e4\u00dfige Vaginalblutungen spielen und die VWE die h\u00e4ufigste Blutgerinnungsst\u00f6rung ist.<sup>2<\/sup><\/h5>\n<\/div>\n\n<img decoding=\"async\" src=\"https:\/\/vwdtest.com\/de\/wp-content\/uploads\/sites\/67\/2023\/08\/gynaecology-img.png\" alt=\"VWE UND GYN\u00c4KOLOGIE \/ GEBURTSHILFE\" class=\"page_thumbnail d-xl-none\">\r\n\n\n<div class=\"default-block container\">\n<p class=\"full\">Aufgrund mangelnden  Bewusstseins und unzureichender Aufkl\u00e4rung bleibt die VWE oft unerkannt oder wird erst sp\u00e4t diagnostiziert. Ohne Diagnose und Behandlung k\u00f6nnen sich aufgrund der HMB bei diesen Frauen schwerwiegende physische und psychische Folgen entwickeln, darunter M\u00fcdigkeit, An\u00e4mie, Angstzust\u00e4nde und Depressionen.<sup>1<\/sup><\/p>\n<\/div>\n\n<div class=\"default-block container\">\n<h3>Die Rolle von Gyn\u00e4kologen und Geburtshilfe<\/h3>\n<\/div>\n\n<div class=\"default-block container\">\n<p class=\"full push-text\">Fast alle Frauen mit einer VWE im geb\u00e4rf\u00e4higen Alter leiden unter \u00fcberm\u00e4\u00dfigen Vaginalblutungen.<sup>3<\/sup> Eine starke Periode ist oft das erste auff\u00e4llige Blutungssymptom, wenn M\u00e4dchen mit einer VWE in die Pubert\u00e4t kommen. Als Gyn\u00e4kologe oder Geburtshelfer sind Sie oft der erste Ansprechpartner, mit dem diese M\u00e4dchen oder ihre Angeh\u00f6rigen \u00fcber eine ausgepr\u00e4gte Blutungsneigung sprechen. Ihre Konsultationen stellen daher eine erste Gelegenheit dar, Patienten zu erkennen, die von einer weiteren diagnostischen Abkl\u00e4rung einer Blutgerinnungsst\u00f6rung profitieren k\u00f6nnten. Dies ist besonders wichtig in Gesellschaften, in denen Vaginalblutungen stigmatisiert werden, oder f\u00fcr Patientinnen, die m\u00f6glicherweise gegen\u00fcber ihrer starken Periode desensibilisiert sind und sich nicht geh\u00f6rt oder schlecht verstanden zu f\u00fchlen.<sup>2<\/sup> Da Blutgerinnungsst\u00f6rungen wie die VWE heredit\u00e4re Erkrankungen sind, hilft die Diagnose einer VWE oft dabei, weitere betroffene Familienmitglieder zu identifizieren.<\/p>\n<\/div>\n\n<div class=\"default-block container\">\n<p class=\"full push-text\">Obwohl die Sensibilisierung von medizinischem Fachpersonal und von Patienten der wichtigste Schritt ist, um Patienten mit einem Blutungsrisiko zu identifizieren, bleibt die Diagnose der VWE aufgrund der Komplexit\u00e4t des Diagnoseprozesses eine anspruchsvolle Aufgabe.<sup>2<\/sup> Wenn eine Ihrer Patientinnen in der letzten Zeit \u00fcberm\u00e4\u00dfige Vaginalblutungen hatte, empfehlen wir Ihnen, Ihre Patientin zu bitten, ihre Periode anhand unseres <a href=\"\/de\/heavy-periods\/#showPdf\">Erfassungsbogens Menstruationsst\u00e4rke<\/a> zu dokumentieren. Sie k\u00f6nnen Ihrer Patientin auch vorschlagen, mit Ihnen zusammen unseren <a href=\"https:\/\/vwdtest.com\/de\/take-test\/\">Blutungstest<\/a> durchzuf\u00fchren. Der Test hilf Ihnen bei der Entscheidung, ob weitere Untersuchungen erforderlich sind \u2013 und k\u00f6nnte das Leben Ihrer Patientin ver\u00e4ndern!<\/p>\n<\/div>\n\n<div class=\"default-block container\">\n<p class=\"full push-text\">Es gibt mehrere Behandlungsm\u00f6glichkeiten f\u00fcr Frauen mit einer VWE und HMB, und es stehen Leitlinien f\u00fcr die Behandlung von HMB aufgrund einer VWE zur Verf\u00fcgung.<sup>4<\/sup> Die Behandlung sollte individuell sein und Faktoren wie Alter, Lebensstil, Schwangerschaftswunsch und andere W\u00fcnsche der Patientin ber\u00fccksichtigen. Es ist wichtig zu beachten, dass einige Behandlungen, wie z. B. Kontrazeptiva, oft wirksam sind, um HMB zu kontrollieren. Sie sch\u00fctzen jedoch nicht vor Blutungen nach einem Trauma, einem Unfall oder w\u00e4hrend einer <a class=\"linking\" data-target=\"surgery\" href=\"\/de\/i-live-with-vwd\/#surgery\">Operation<\/a>, daher ist eine vollst\u00e4ndige Diagnose entscheidend. Au\u00dferdem werden \u00fcberm\u00e4\u00dfige Vaginalblutungen oft stigmatisiert und abgelehnt. Die mangelnde Anerkennung von HMB, verbunden mit Einschr\u00e4nkungen im Alltag, bei k\u00f6rperlichen Aktivit\u00e4ten und sozialen Interaktionen kann eine schwere <a href=\"https:\/\/vwdtest.com\/de\/i-live-with-vwd\/#mental-health\">psychische Belastung<\/a> f\u00fcr Ihre Patientin darstellen.<sup>5,6<\/sup> Ohne ausreichende soziale Unterst\u00fctzung k\u00f6nnen Ihre Patientinnen mit einer VWE sogar \u00c4ngste und Depressionen entwickeln.<\/p>\n<\/div>\n\n<div class=\"default-block container\">\n<p class=\"full push-text\">Frauen mit einer VWE k\u00f6nnen erfolgreiche <a href=\"https:\/\/vwdtest.com\/de\/i-live-with-vwd\/#childbirth\">Schwangerschaften<\/a> haben und gesunde Babys zur Welt bringen. Ohne Diagnose und Behandlung kann es jedoch w\u00e4hrend und nach der Entbindung zu \u00fcberm\u00e4\u00dfigen Blutungen kommen. Daher sind eine sorgf\u00e4ltige Planung und \u00dcberwachung unerl\u00e4sslich, um eine normale Geburt sicherzustellen. Wenn m\u00f6glich, sollten Schwangerschaft und Entbindung fr\u00fchzeitig besprochen und geplant werden. Dies sollte in Zusammenarbeit mit einem multidisziplin\u00e4ren Team erfolgen, zudem spezialisierter H\u00e4mostaseologe aus einem <a href=\"https:\/\/vwdtest.com\/de\/helpful-resources\/#region\">Gerinnungszentrum<\/a> geh\u00f6ren sollte.<sup>8,9<\/sup> VWDtest bietet weitere Informationen zu den Themen <a href=\"https:\/\/vwdtest.com\/de\/von-willebrand-disease\/\">\u00c4tiologie<\/a>, <a href=\"https:\/\/vwdtest.com\/de\/von-willebrand-disease\/\"> Diagnose <\/a>und zum <a href=\"https:\/\/vwdtest.com\/de\/i-live-with-vwd\/#vwd-management\">Management der VWE<\/a> und gibt einen Einblick in den typische <a href=\"\/helpful-resources\/#journey\">Weg<\/a> von Patienten mit einer VWE.<\/p>\n<\/div>\n\n<div class=\"default-block container\">\n<h6>Referenzen<\/h6>\n<\/div>\n\n<div class=\"default-block container\">\n<ol type=\"1\"><div class=\"default-block container\">\n<li>Kadir RA et al. <em>Lancet <\/em>1998; 351:485-9.<\/li>\n<\/div>\n\n<div class=\"default-block container\">\n<li><a href=\"https:\/\/pubmed.ncbi.nlm.nih.gov\/36210240\/\" target=\"_blank\" rel=\"noreferrer noopener\">Corrales-Medina FF et al. <em>Blood Rev<\/em><\/a> 2023; 58:101018.<\/li>\n<\/div>\n\n<div class=\"default-block container\">\n<li>de Wee EM, et al. <em>Thromb Haemost<\/em> 2012; 108:683-92.<\/li>\n<\/div>\n\n<div class=\"default-block container\">\n<li>Connell NT et al. <em>Blood Adv<\/em> 2021; 5:301-25.<\/li>\n<\/div>\n\n<div class=\"default-block container\">\n<li>VanderMeulen H, et al. <em>Hematology Am Soc Hematol Educ Program<\/em> 2022 1: 631-6.<\/li>\n<\/div>\n\n<div class=\"default-block container\">\n<li>Sanigorska A, et al. <em>Res Pract Thromb Haemost<\/em> 2022; 6:e12652.<\/li>\n<\/div>\n\n<div class=\"default-block container\">\n<li>Roberts JC, et al. <em>Haemophilia <\/em>2022; doi: 10.1111\/hae.14725.<\/li>\n<\/div>\n\n<div class=\"default-block container\">\n<li>Leebeek FWG, et al. <em>Blood <\/em>2020; 136:2143-50.<\/li>\n<\/div>\n\n<div class=\"default-block container\">\n<li>Janbain M and Kouides P <em>Int J Womens Health<\/em> 2022; 14:1307-13.<\/li>\n<\/div><\/ol>\n<\/div>","protected":false},"excerpt":{"rendered":"<p>Blutgerinnungsst\u00f6rungen, einschlie\u00dflich der Von-Willebrand-Erkrankung (VWE), sind sch\u00e4tzungsweise bei jeder f\u00fcnften Frau f\u00fcr starke Menstruationsblutungen (HMB) verantwortlich.1 Blutgerinnungsst\u00f6rungen sind auch ein Hauptrisikofaktor f\u00fcr \u00fcberm\u00e4\u00dfige Blutungen w\u00e4hrend und nach der Geburt. Nur ein Bruchteil der Frauen, die sich mit starken Vaginalblutungen vorstellen, werden auf eine VWE hin untersucht. Und das obwohl Blutgerinnungsst\u00f6rungen eine wichtige Rolle bei der [&hellip;]<\/p>\n","protected":false},"author":1,"featured_media":1096,"parent":0,"menu_order":0,"comment_status":"closed","ping_status":"closed","template":"","meta":{"inline_featured_image":false},"acf":[],"yoast_head":"<!-- This site is optimized with the Yoast SEO plugin v20.4 - https:\/\/yoast.com\/wordpress\/plugins\/seo\/ -->\n<title>VWE UND GYN\u00c4KOLOGIE \/ GEBURTSHILFE - Germany<\/title>\n<meta name=\"robots\" content=\"index, follow, max-snippet:-1, max-image-preview:large, max-video-preview:-1\" \/>\n<link rel=\"canonical\" href=\"https:\/\/vwdtest.com\/de\/vwd-and-gynaecology-obstetrics\/\" \/>\n<meta property=\"og:locale\" content=\"en_US\" \/>\n<meta property=\"og:type\" content=\"article\" \/>\n<meta property=\"og:title\" content=\"VWE UND GYN\u00c4KOLOGIE \/ GEBURTSHILFE - Germany\" \/>\n<meta property=\"og:description\" content=\"Blutgerinnungsst\u00f6rungen, einschlie\u00dflich der Von-Willebrand-Erkrankung (VWE), sind sch\u00e4tzungsweise bei jeder f\u00fcnften Frau f\u00fcr starke Menstruationsblutungen (HMB) verantwortlich.1 Blutgerinnungsst\u00f6rungen sind auch ein Hauptrisikofaktor f\u00fcr \u00fcberm\u00e4\u00dfige Blutungen w\u00e4hrend und nach der Geburt. Nur ein Bruchteil der Frauen, die sich mit starken Vaginalblutungen vorstellen, werden auf eine VWE hin untersucht. Und das obwohl Blutgerinnungsst\u00f6rungen eine wichtige Rolle bei der [&hellip;]\" \/>\n<meta property=\"og:url\" content=\"https:\/\/vwdtest.com\/de\/vwd-and-gynaecology-obstetrics\/\" \/>\n<meta property=\"og:site_name\" content=\"Germany\" \/>\n<meta property=\"article:modified_time\" content=\"2025-07-28T10:55:36+00:00\" \/>\n<meta property=\"og:image\" content=\"https:\/\/vwdtest.com\/de\/wp-content\/uploads\/sites\/67\/2023\/08\/gynaecology-img.png\" \/>\n\t<meta property=\"og:image:width\" content=\"611\" \/>\n\t<meta property=\"og:image:height\" content=\"904\" \/>\n\t<meta property=\"og:image:type\" content=\"image\/png\" \/>\n<meta name=\"twitter:card\" content=\"summary_large_image\" \/>\n<meta name=\"twitter:label1\" content=\"Est. reading time\" \/>\n\t<meta name=\"twitter:data1\" content=\"3 minutes\" \/>\n<script type=\"application\/ld+json\" class=\"yoast-schema-graph\">{\"@context\":\"https:\/\/schema.org\",\"@graph\":[{\"@type\":\"WebPage\",\"@id\":\"https:\/\/vwdtest.com\/de\/vwd-and-gynaecology-obstetrics\/\",\"url\":\"https:\/\/vwdtest.com\/de\/vwd-and-gynaecology-obstetrics\/\",\"name\":\"VWE UND GYN\u00c4KOLOGIE \/ GEBURTSHILFE - Germany\",\"isPartOf\":{\"@id\":\"https:\/\/vwdtest.com\/de\/#website\"},\"datePublished\":\"2023-08-14T07:52:15+00:00\",\"dateModified\":\"2025-07-28T10:55:36+00:00\",\"breadcrumb\":{\"@id\":\"https:\/\/vwdtest.com\/de\/vwd-and-gynaecology-obstetrics\/#breadcrumb\"},\"inLanguage\":\"en-US\",\"potentialAction\":[{\"@type\":\"ReadAction\",\"target\":[\"https:\/\/vwdtest.com\/de\/vwd-and-gynaecology-obstetrics\/\"]}]},{\"@type\":\"BreadcrumbList\",\"@id\":\"https:\/\/vwdtest.com\/de\/vwd-and-gynaecology-obstetrics\/#breadcrumb\",\"itemListElement\":[{\"@type\":\"ListItem\",\"position\":1,\"name\":\"Home\",\"item\":\"https:\/\/vwdtest.com\/de\/\"},{\"@type\":\"ListItem\",\"position\":2,\"name\":\"VWE UND GYN\u00c4KOLOGIE \/ GEBURTSHILFE\"}]},{\"@type\":\"WebSite\",\"@id\":\"https:\/\/vwdtest.com\/de\/#website\",\"url\":\"https:\/\/vwdtest.com\/de\/\",\"name\":\"Germany\",\"description\":\"\",\"potentialAction\":[{\"@type\":\"SearchAction\",\"target\":{\"@type\":\"EntryPoint\",\"urlTemplate\":\"https:\/\/vwdtest.com\/de\/?s={search_term_string}\"},\"query-input\":\"required name=search_term_string\"}],\"inLanguage\":\"en-US\"}]}<\/script>\n<!-- \/ Yoast SEO plugin. -->","yoast_head_json":{"title":"VWE UND GYN\u00c4KOLOGIE \/ GEBURTSHILFE - Germany","robots":{"index":"index","follow":"follow","max-snippet":"max-snippet:-1","max-image-preview":"max-image-preview:large","max-video-preview":"max-video-preview:-1"},"canonical":"https:\/\/vwdtest.com\/de\/vwd-and-gynaecology-obstetrics\/","og_locale":"en_US","og_type":"article","og_title":"VWE UND GYN\u00c4KOLOGIE \/ GEBURTSHILFE - Germany","og_description":"Blutgerinnungsst\u00f6rungen, einschlie\u00dflich der Von-Willebrand-Erkrankung (VWE), sind sch\u00e4tzungsweise bei jeder f\u00fcnften Frau f\u00fcr starke Menstruationsblutungen (HMB) verantwortlich.1 Blutgerinnungsst\u00f6rungen sind auch ein Hauptrisikofaktor f\u00fcr \u00fcberm\u00e4\u00dfige Blutungen w\u00e4hrend und nach der Geburt. Nur ein Bruchteil der Frauen, die sich mit starken Vaginalblutungen vorstellen, werden auf eine VWE hin untersucht. Und das obwohl Blutgerinnungsst\u00f6rungen eine wichtige Rolle bei der [&hellip;]","og_url":"https:\/\/vwdtest.com\/de\/vwd-and-gynaecology-obstetrics\/","og_site_name":"Germany","article_modified_time":"2025-07-28T10:55:36+00:00","og_image":[{"width":611,"height":904,"url":"https:\/\/vwdtest.com\/de\/wp-content\/uploads\/sites\/67\/2023\/08\/gynaecology-img.png","type":"image\/png"}],"twitter_card":"summary_large_image","twitter_misc":{"Est. reading time":"3 minutes"},"schema":{"@context":"https:\/\/schema.org","@graph":[{"@type":"WebPage","@id":"https:\/\/vwdtest.com\/de\/vwd-and-gynaecology-obstetrics\/","url":"https:\/\/vwdtest.com\/de\/vwd-and-gynaecology-obstetrics\/","name":"VWE UND GYN\u00c4KOLOGIE \/ GEBURTSHILFE - Germany","isPartOf":{"@id":"https:\/\/vwdtest.com\/de\/#website"},"datePublished":"2023-08-14T07:52:15+00:00","dateModified":"2025-07-28T10:55:36+00:00","breadcrumb":{"@id":"https:\/\/vwdtest.com\/de\/vwd-and-gynaecology-obstetrics\/#breadcrumb"},"inLanguage":"en-US","potentialAction":[{"@type":"ReadAction","target":["https:\/\/vwdtest.com\/de\/vwd-and-gynaecology-obstetrics\/"]}]},{"@type":"BreadcrumbList","@id":"https:\/\/vwdtest.com\/de\/vwd-and-gynaecology-obstetrics\/#breadcrumb","itemListElement":[{"@type":"ListItem","position":1,"name":"Home","item":"https:\/\/vwdtest.com\/de\/"},{"@type":"ListItem","position":2,"name":"VWE UND GYN\u00c4KOLOGIE \/ GEBURTSHILFE"}]},{"@type":"WebSite","@id":"https:\/\/vwdtest.com\/de\/#website","url":"https:\/\/vwdtest.com\/de\/","name":"Germany","description":"","potentialAction":[{"@type":"SearchAction","target":{"@type":"EntryPoint","urlTemplate":"https:\/\/vwdtest.com\/de\/?s={search_term_string}"},"query-input":"required name=search_term_string"}],"inLanguage":"en-US"}]}},"_links":{"self":[{"href":"https:\/\/vwdtest.com\/de\/wp-json\/wp\/v2\/pages\/1088"}],"collection":[{"href":"https:\/\/vwdtest.com\/de\/wp-json\/wp\/v2\/pages"}],"about":[{"href":"https:\/\/vwdtest.com\/de\/wp-json\/wp\/v2\/types\/page"}],"author":[{"embeddable":true,"href":"https:\/\/vwdtest.com\/de\/wp-json\/wp\/v2\/users\/1"}],"replies":[{"embeddable":true,"href":"https:\/\/vwdtest.com\/de\/wp-json\/wp\/v2\/comments?post=1088"}],"version-history":[{"count":171,"href":"https:\/\/vwdtest.com\/de\/wp-json\/wp\/v2\/pages\/1088\/revisions"}],"predecessor-version":[{"id":4138,"href":"https:\/\/vwdtest.com\/de\/wp-json\/wp\/v2\/pages\/1088\/revisions\/4138"}],"wp:featuredmedia":[{"embeddable":true,"href":"https:\/\/vwdtest.com\/de\/wp-json\/wp\/v2\/media\/1096"}],"wp:attachment":[{"href":"https:\/\/vwdtest.com\/de\/wp-json\/wp\/v2\/media?parent=1088"}],"curies":[{"name":"wp","href":"https:\/\/api.w.org\/{rel}","templated":true}]}}