{"id":811,"date":"2023-04-27T13:02:19","date_gmt":"2023-04-27T13:02:19","guid":{"rendered":"https:\/\/new.vwdtest.com\/cz\/?page_id=811"},"modified":"2024-07-18T18:34:00","modified_gmt":"2024-07-18T18:34:00","slug":"i-am-a-worried-parent","status":"publish","type":"page","link":"https:\/\/vwdtest.com\/cz\/i-am-a-worried-parent\/","title":{"rendered":"Jsem ustaran\u00fd rodi\u010d"},"content":{"rendered":"<div class=\"default-block container\">\n<h2 class=\"worried-parent\">Krv\u00e1c\u00ed moje d\u00edt\u011b p\u0159\u00edli\u0161?<\/h2>\n<\/div>\n\n<div class=\"default-block container\">\n<h5 class=\"bleeding-symptoms-title worried\">M\u00e1te obavy z opakovan\u00e9ho krv\u00e1cen\u00ed z nosu va\u0161eho d\u00edt\u011bte? D\u011blaj\u00ed se va\u0161emu d\u00edt\u011bti snadn\u011bji a \u010dast\u011bji mod\u0159iny ne\u017e jeho vrstevn\u00edk\u016fm? Krv\u00e1celo va\u0161e d\u00edt\u011b po ned\u00e1vn\u00e9 n\u00e1v\u0161t\u011bv\u011b u zuba\u0159e nebo po men\u0161\u00edm chirurgick\u00e9m z\u00e1kroku d\u00e9le, ne\u017e se o\u010dek\u00e1valo? M\u00e1te obavy, \u017ee va\u0161e dcera m\u016f\u017ee m\u00edt p\u0159\u00edli\u0161 silnou menstruaci?<\/h5>\n<\/div>\n\n<div class=\"default-block container\">\n<p class=\"full\">Je mnoho d\u016fvod\u016f, pro\u010d va\u0161e d\u00edt\u011b m\u016f\u017ee \u010das od \u010dasu krv\u00e1cet. D\u011bti si hraj\u00ed a zkoumaj\u00ed sv\u011bt kolem sebe. Nehod\u00e1m se p\u0159itom nelze vyhnout a n\u011bkdy bude m\u00edt va\u0161e d\u00edt\u011b po takov\u00e9 nehod\u011b mod\u0159iny nebo malou ranku. N\u011bkdy m\u016f\u017ee zran\u011bn\u00ed, ke kter\u00e9mu do\u0161lo bez nehody, tak\u00e9 v\u00e9st ke krv\u00e1cen\u00ed. Ve v\u011bt\u0161in\u011b p\u0159\u00edpad\u016f na\u0161e t\u011blo zastav\u00ed krv\u00e1cen\u00ed rychle prost\u0159ednictv\u00edm procesu zvan\u00e9ho sr\u00e1\u017een\u00ed krve. N\u011bkter\u00fdm d\u011btem se v\u0161ak snadn\u011bji tvo\u0159\u00ed mod\u0159iny a krv\u00e1cej\u00ed \u010dast\u011bji ne\u017e jin\u00e9. Na\u0161t\u011bst\u00ed lze tento druh krv\u00e1cen\u00ed \u010dasto l\u00e9\u010dit nebo mu p\u0159edch\u00e1zet. Pokud m\u00e1te obavy, proto\u017ee se zd\u00e1, \u017ee va\u0161e d\u00edt\u011b krv\u00e1c\u00ed p\u0159\u00edli\u0161 \u010dasto a p\u0159\u00edli\u0161 snadno, je d\u016fle\u017eit\u00e9 nejprve zjistit p\u0159\u00ed\u010dinu a pot\u00e9 zvolit spr\u00e1vnou l\u00e9\u010dbu.<\/p>\n<\/div>\n\n<div class=\"default-block container\">\n<h2>P\u0159\u00ed\u010diny \u010dast\u00e9ho krv\u00e1cen\u00ed u d\u011bt\u00ed<\/h2>\n<\/div>\n\n<div class=\"default-block container\">\n<p class=\"full\">Nalezen\u00ed p\u0159\u00ed\u010diny p\u0159\u00edznak\u016f krv\u00e1cen\u00ed u va\u0161eho d\u00edt\u011bte nen\u00ed v\u017edy jednoduch\u00e9, proto\u017ee existuje mnoho mo\u017en\u00fdch p\u0159\u00ed\u010din krv\u00e1cen\u00ed. <a href=\"https:\/\/vwdtest.com\/cz\/bleeding-symptoms\/#nosebleed\">Krv\u00e1cen\u00ed z nosu<\/a> m\u016f\u017ee b\u00fdt nap\u0159\u00edklad zp\u016fsobeno \u0161kr\u00e1b\u00e1n\u00edm v nose, such\u00fdm vzduchem, zran\u011bn\u00edm, nachlazen\u00edm nebo alergi\u00ed nebo jednodu\u0161e p\u0159\u00edli\u0161n\u00fdm smrk\u00e1n\u00edm.<sup>1<\/sup> <a href=\"https:\/\/vwdtest.com\/cz\/bleeding-symptoms\/#oral-bleed\">Krv\u00e1cen\u00ed z \u00fast <\/a> m\u016f\u017ee b\u00fdt tak\u00e9 zp\u016fsobeno nehodou, ztr\u00e1tou ml\u00e9\u010dn\u00e9ho zubu, pokous\u00e1n\u00edm nebo z\u00e1n\u011btem d\u00e1sn\u00ed.<sup>2<\/sup> \u010cast\u00e9 krv\u00e1cen\u00ed z nosu a krv\u00e1cen\u00ed z d\u00e1sn\u00ed m\u016f\u017ee b\u00fdt tak\u00e9 p\u0159\u00edznakem v\u00e1\u017en\u011bj\u0161\u00edho zdravotn\u00edho stavu, nap\u0159. z\u00e1kladn\u00ed poruchy krv\u00e1civosti. Obecn\u011b jsou krv\u00e1civ\u00e9 poruchy vz\u00e1cn\u00e9. Bohu\u017eel nejb\u011b\u017en\u011bj\u0161\u00ed d\u011bdi\u010dn\u00e1 krv\u00e1civ\u00e1 porucha, <a href=\"https:\/\/vwdtest.com\/cz\/von-willebrand-disease\/\">von Willebrandova choroba (vWch)<\/a>, je \u010dasto nediagnostikov\u00e1na. Bez diagn\u00f3zy a l\u00e9\u010dby mohou d\u011bti s vWch zaznamenat v\u00e1\u017en\u00e9 krv\u00e1cen\u00ed. Krom\u011b \u010dast\u00e9ho krv\u00e1cen\u00ed z nosu a krv\u00e1cen\u00ed z d\u00e1sn\u00ed jsou nejb\u011b\u017en\u011bj\u0161\u00edmi p\u0159\u00edznaky krv\u00e1cen\u00ed u d\u011bt\u00ed s vWch <a href=\"https:\/\/vwdtest.com\/cz\/bleeding-symptoms\/#easy-bruising\">snadn\u00e1 tvorba mod\u0159in<\/a> a prodlou\u017een\u00e9 krv\u00e1cen\u00ed z <a href=\"https:\/\/vwdtest.com\/cz\/bleeding-symptoms\/#minor-wounds\">men\u0161\u00edch ran<\/a> a po <a href=\"https:\/\/vwdtest.com\/cz\/i-live-with-vwd\/#surgery\">extrakci zub\u016f nebo operaci.<\/a> Kdy\u017e d\u00edvky s vWch vstoup\u00ed do puberty, <a href=\"https:\/\/vwdtest.com\/cz\/bleeding-symptoms\/#hmb\">siln\u00e9 menstrua\u010dn\u00ed krv\u00e1cen\u00ed<\/a>.<\/p>\n<\/div>\n\n<div class=\"default-block container\">\n<h2>P\u0159\u00edznaky krv\u00e1cen\u00ed v rodin\u011b<\/h2>\n<\/div>\n\n<div class=\"default-block container\">\n<p class=\"full\">D\u011bdi\u010dn\u00e9 krv\u00e1civ\u00e9 poruchy \u010dasto postihuj\u00ed n\u011bkolik \u010dlen\u016f rodiny nap\u0159\u00ed\u010d generacemi. Pokud jeden z rodi\u010d\u016f, prarodi\u010de nebo jin\u00ed p\u0159\u00edbuzn\u00ed tak\u00e9 vykazuj\u00ed zn\u00e1mky nadm\u011brn\u00e9ho krv\u00e1cen\u00ed, mo\u017en\u00e1 se pt\u00e1te, zda je krv\u00e1cen\u00ed, kter\u00e9 pozorujete u sv\u00e9ho d\u00edt\u011bte, norm\u00e1ln\u00ed. Pokud v\u0161ak krv\u00e1cen\u00ed nebo mod\u0159iny ovliv\u0148uj\u00ed pohodu va\u0161eho d\u00edt\u011bte, m\u011bli byste probrat <a href=\"https:\/\/vwdtest.com\/cz\/bleeding-symptoms\/\" target=\"_blank\" rel=\"noreferrer noopener\">p\u0159\u00edznaky<\/a> se sv\u00fdm l\u00e9ka\u0159em.<\/p>\n<\/div>\n\n<div class=\"default-block container\">\n<h2>Zjist\u011bte, zda je krv\u00e1cen\u00ed va\u0161eho d\u00edt\u011bte norm\u00e1ln\u00ed<\/h2>\n<\/div>\n\n<div class=\"default-block container\">\n<p class=\"full\">Jak velk\u00e9 krv\u00e1cen\u00ed je p\u0159\u00edli\u0161 velk\u00e9? Vzhledem k tomu, \u017ee na tuto ot\u00e1zku je obt\u00ed\u017en\u00e9 odpov\u011bd\u011bt, l\u00e9ka\u0159i vyvinuli testy, kter\u00e9 mohou pomoci posoudit p\u0159\u00edznaky krv\u00e1cen\u00ed. Na VWDtest.com m\u016f\u017eete prov\u00e9st jeden z t\u011bchto test\u016f. Pokud m\u00e1 va\u0161e d\u00edt\u011b opakovan\u00e9 krv\u00e1cen\u00ed z nosu, snadno se mu tvo\u0159\u00ed mod\u0159iny nebo vykazuje jak\u00fdkoli jin\u00fd z v\u00fd\u0161e uveden\u00fdch krv\u00e1civ\u00fdch p\u0159\u00edznak\u016f, d\u016frazn\u011b doporu\u010dujeme, abyste si ud\u011blali n\u011bkolik minut na proveden\u00ed testu. Test je kr\u00e1tk\u00fd dotazn\u00edk o zn\u00e1mk\u00e1ch a p\u0159\u00edznac\u00edch mo\u017en\u00e9 poruchy krv\u00e1civosti a v\u00fdsledek v\u00e1m \u0159ekne, zda byste m\u011bli vy a va\u0161e d\u00edt\u011b nav\u0161t\u00edvit l\u00e9ka\u0159e.<\/p>\n<\/div>\n\n<div class=\"default-block container\">\n<div class=\"is-content-justification-right is-layout-flex wp-container-1 wp-block-buttons\">\n<div class=\"wp-block-button take-test\"><a class=\"wp-block-button__link wp-element-button\" href=\"https:\/\/vwdtest.com\/cz\/take-test\/\">Ud\u011blej test<\/a><\/div>\n<\/div>\n<\/div>","protected":false},"excerpt":{"rendered":"<p>Krv\u00e1c\u00ed moje d\u00edt\u011b p\u0159\u00edli\u0161? M\u00e1te obavy z opakovan\u00e9ho krv\u00e1cen\u00ed z nosu va\u0161eho d\u00edt\u011bte? D\u011blaj\u00ed se va\u0161emu d\u00edt\u011bti snadn\u011bji a \u010dast\u011bji mod\u0159iny ne\u017e jeho vrstevn\u00edk\u016fm? Krv\u00e1celo va\u0161e d\u00edt\u011b po ned\u00e1vn\u00e9 n\u00e1v\u0161t\u011bv\u011b u zuba\u0159e nebo po men\u0161\u00edm chirurgick\u00e9m z\u00e1kroku d\u00e9le, ne\u017e se o\u010dek\u00e1valo? M\u00e1te obavy, \u017ee va\u0161e dcera m\u016f\u017ee m\u00edt p\u0159\u00edli\u0161 silnou menstruaci? Je mnoho d\u016fvod\u016f, pro\u010d [&hellip;]<\/p>\n","protected":false},"author":1,"featured_media":996,"parent":0,"menu_order":0,"comment_status":"closed","ping_status":"closed","template":"","meta":{"inline_featured_image":false},"acf":[],"yoast_head":"<!-- This site is optimized with the Yoast SEO plugin v20.4 - https:\/\/yoast.com\/wordpress\/plugins\/seo\/ -->\n<title>Jsem ustaran\u00fd rodi\u010d - Czech Republic<\/title>\n<meta name=\"robots\" content=\"index, follow, max-snippet:-1, max-image-preview:large, max-video-preview:-1\" \/>\n<link rel=\"canonical\" href=\"https:\/\/vwdtest.com\/cz\/i-am-a-worried-parent\/\" \/>\n<meta property=\"og:locale\" content=\"en_US\" \/>\n<meta property=\"og:type\" content=\"article\" \/>\n<meta property=\"og:title\" content=\"Jsem ustaran\u00fd rodi\u010d - Czech Republic\" \/>\n<meta property=\"og:description\" content=\"Krv\u00e1c\u00ed moje d\u00edt\u011b p\u0159\u00edli\u0161? M\u00e1te obavy z opakovan\u00e9ho krv\u00e1cen\u00ed z nosu va\u0161eho d\u00edt\u011bte? D\u011blaj\u00ed se va\u0161emu d\u00edt\u011bti snadn\u011bji a \u010dast\u011bji mod\u0159iny ne\u017e jeho vrstevn\u00edk\u016fm? Krv\u00e1celo va\u0161e d\u00edt\u011b po ned\u00e1vn\u00e9 n\u00e1v\u0161t\u011bv\u011b u zuba\u0159e nebo po men\u0161\u00edm chirurgick\u00e9m z\u00e1kroku d\u00e9le, ne\u017e se o\u010dek\u00e1valo? M\u00e1te obavy, \u017ee va\u0161e dcera m\u016f\u017ee m\u00edt p\u0159\u00edli\u0161 silnou menstruaci? Je mnoho d\u016fvod\u016f, pro\u010d [&hellip;]\" \/>\n<meta property=\"og:url\" content=\"https:\/\/vwdtest.com\/cz\/i-am-a-worried-parent\/\" \/>\n<meta property=\"og:site_name\" content=\"Czech Republic\" \/>\n<meta property=\"article:modified_time\" content=\"2024-07-18T18:34:00+00:00\" \/>\n<meta property=\"og:image\" content=\"https:\/\/vwdtest.com\/cz\/wp-content\/uploads\/sites\/35\/2023\/07\/Worried-patients-1-1.png\" \/>\n\t<meta property=\"og:image:width\" content=\"828\" \/>\n\t<meta property=\"og:image:height\" content=\"982\" \/>\n\t<meta property=\"og:image:type\" content=\"image\/png\" \/>\n<meta name=\"twitter:card\" content=\"summary_large_image\" \/>\n<meta name=\"twitter:label1\" content=\"Est. reading time\" \/>\n\t<meta name=\"twitter:data1\" content=\"3 minutes\" \/>\n<script type=\"application\/ld+json\" class=\"yoast-schema-graph\">{\"@context\":\"https:\/\/schema.org\",\"@graph\":[{\"@type\":\"WebPage\",\"@id\":\"https:\/\/vwdtest.com\/cz\/i-am-a-worried-parent\/\",\"url\":\"https:\/\/vwdtest.com\/cz\/i-am-a-worried-parent\/\",\"name\":\"Jsem ustaran\u00fd rodi\u010d - Czech Republic\",\"isPartOf\":{\"@id\":\"https:\/\/vwdtest.com\/cz\/#website\"},\"datePublished\":\"2023-04-27T13:02:19+00:00\",\"dateModified\":\"2024-07-18T18:34:00+00:00\",\"breadcrumb\":{\"@id\":\"https:\/\/vwdtest.com\/cz\/i-am-a-worried-parent\/#breadcrumb\"},\"inLanguage\":\"en-US\",\"potentialAction\":[{\"@type\":\"ReadAction\",\"target\":[\"https:\/\/vwdtest.com\/cz\/i-am-a-worried-parent\/\"]}]},{\"@type\":\"BreadcrumbList\",\"@id\":\"https:\/\/vwdtest.com\/cz\/i-am-a-worried-parent\/#breadcrumb\",\"itemListElement\":[{\"@type\":\"ListItem\",\"position\":1,\"name\":\"Home\",\"item\":\"https:\/\/vwdtest.com\/cz\/\"},{\"@type\":\"ListItem\",\"position\":2,\"name\":\"Jsem ustaran\u00fd rodi\u010d\"}]},{\"@type\":\"WebSite\",\"@id\":\"https:\/\/vwdtest.com\/cz\/#website\",\"url\":\"https:\/\/vwdtest.com\/cz\/\",\"name\":\"Czech Republic\",\"description\":\"\",\"potentialAction\":[{\"@type\":\"SearchAction\",\"target\":{\"@type\":\"EntryPoint\",\"urlTemplate\":\"https:\/\/vwdtest.com\/cz\/?s={search_term_string}\"},\"query-input\":\"required name=search_term_string\"}],\"inLanguage\":\"en-US\"}]}<\/script>\n<!-- \/ Yoast SEO plugin. -->","yoast_head_json":{"title":"Jsem ustaran\u00fd rodi\u010d - Czech Republic","robots":{"index":"index","follow":"follow","max-snippet":"max-snippet:-1","max-image-preview":"max-image-preview:large","max-video-preview":"max-video-preview:-1"},"canonical":"https:\/\/vwdtest.com\/cz\/i-am-a-worried-parent\/","og_locale":"en_US","og_type":"article","og_title":"Jsem ustaran\u00fd rodi\u010d - Czech Republic","og_description":"Krv\u00e1c\u00ed moje d\u00edt\u011b p\u0159\u00edli\u0161? M\u00e1te obavy z opakovan\u00e9ho krv\u00e1cen\u00ed z nosu va\u0161eho d\u00edt\u011bte? D\u011blaj\u00ed se va\u0161emu d\u00edt\u011bti snadn\u011bji a \u010dast\u011bji mod\u0159iny ne\u017e jeho vrstevn\u00edk\u016fm? Krv\u00e1celo va\u0161e d\u00edt\u011b po ned\u00e1vn\u00e9 n\u00e1v\u0161t\u011bv\u011b u zuba\u0159e nebo po men\u0161\u00edm chirurgick\u00e9m z\u00e1kroku d\u00e9le, ne\u017e se o\u010dek\u00e1valo? M\u00e1te obavy, \u017ee va\u0161e dcera m\u016f\u017ee m\u00edt p\u0159\u00edli\u0161 silnou menstruaci? Je mnoho d\u016fvod\u016f, pro\u010d [&hellip;]","og_url":"https:\/\/vwdtest.com\/cz\/i-am-a-worried-parent\/","og_site_name":"Czech Republic","article_modified_time":"2024-07-18T18:34:00+00:00","og_image":[{"width":828,"height":982,"url":"https:\/\/vwdtest.com\/cz\/wp-content\/uploads\/sites\/35\/2023\/07\/Worried-patients-1-1.png","type":"image\/png"}],"twitter_card":"summary_large_image","twitter_misc":{"Est. reading time":"3 minutes"},"schema":{"@context":"https:\/\/schema.org","@graph":[{"@type":"WebPage","@id":"https:\/\/vwdtest.com\/cz\/i-am-a-worried-parent\/","url":"https:\/\/vwdtest.com\/cz\/i-am-a-worried-parent\/","name":"Jsem ustaran\u00fd rodi\u010d - Czech Republic","isPartOf":{"@id":"https:\/\/vwdtest.com\/cz\/#website"},"datePublished":"2023-04-27T13:02:19+00:00","dateModified":"2024-07-18T18:34:00+00:00","breadcrumb":{"@id":"https:\/\/vwdtest.com\/cz\/i-am-a-worried-parent\/#breadcrumb"},"inLanguage":"en-US","potentialAction":[{"@type":"ReadAction","target":["https:\/\/vwdtest.com\/cz\/i-am-a-worried-parent\/"]}]},{"@type":"BreadcrumbList","@id":"https:\/\/vwdtest.com\/cz\/i-am-a-worried-parent\/#breadcrumb","itemListElement":[{"@type":"ListItem","position":1,"name":"Home","item":"https:\/\/vwdtest.com\/cz\/"},{"@type":"ListItem","position":2,"name":"Jsem ustaran\u00fd rodi\u010d"}]},{"@type":"WebSite","@id":"https:\/\/vwdtest.com\/cz\/#website","url":"https:\/\/vwdtest.com\/cz\/","name":"Czech Republic","description":"","potentialAction":[{"@type":"SearchAction","target":{"@type":"EntryPoint","urlTemplate":"https:\/\/vwdtest.com\/cz\/?s={search_term_string}"},"query-input":"required name=search_term_string"}],"inLanguage":"en-US"}]}},"_links":{"self":[{"href":"https:\/\/vwdtest.com\/cz\/wp-json\/wp\/v2\/pages\/811"}],"collection":[{"href":"https:\/\/vwdtest.com\/cz\/wp-json\/wp\/v2\/pages"}],"about":[{"href":"https:\/\/vwdtest.com\/cz\/wp-json\/wp\/v2\/types\/page"}],"author":[{"embeddable":true,"href":"https:\/\/vwdtest.com\/cz\/wp-json\/wp\/v2\/users\/1"}],"replies":[{"embeddable":true,"href":"https:\/\/vwdtest.com\/cz\/wp-json\/wp\/v2\/comments?post=811"}],"version-history":[{"count":41,"href":"https:\/\/vwdtest.com\/cz\/wp-json\/wp\/v2\/pages\/811\/revisions"}],"predecessor-version":[{"id":2427,"href":"https:\/\/vwdtest.com\/cz\/wp-json\/wp\/v2\/pages\/811\/revisions\/2427"}],"wp:featuredmedia":[{"embeddable":true,"href":"https:\/\/vwdtest.com\/cz\/wp-json\/wp\/v2\/media\/996"}],"wp:attachment":[{"href":"https:\/\/vwdtest.com\/cz\/wp-json\/wp\/v2\/media?parent=811"}],"curies":[{"name":"wp","href":"https:\/\/api.w.org\/{rel}","templated":true}]}}