{"id":795,"date":"2023-04-27T12:33:04","date_gmt":"2023-04-27T12:33:04","guid":{"rendered":"https:\/\/new.vwdtest.com\/cz\/?page_id=795"},"modified":"2024-07-17T07:15:33","modified_gmt":"2024-07-17T07:15:33","slug":"i-bleed-a-lot","status":"publish","type":"page","link":"https:\/\/vwdtest.com\/cz\/i-bleed-a-lot\/","title":{"rendered":"Hodn\u011b krv\u00e1c\u00edm"},"content":{"rendered":"<div class=\"default-block container\">\n<h2>Nekrv\u00e1c\u00edte p\u0159\u00edli\u0161 ?<\/h2>\n<\/div>\n\n<div class=\"default-block container\">\nZaj\u00edm\u00e1 v\u00e1s, pro\u010d krv\u00e1c\u00edte z nosu? Krv\u00e1c\u00ed v\u00e1m d\u00e1sn\u011b po pou\u017eit\u00ed zubn\u00ed nit\u011b nebo \u010di\u0161t\u011bn\u00ed zub\u016f? Pozorujete na sv\u00e9m t\u011ble \u010dasto mod\u0159iny a nepamatujete si, jak mohly vzniknout ? Za\u017eili jste v posledn\u00ed dob\u011b nadm\u011brn\u00e9 krv\u00e1cen\u00ed po men\u0161\u00edm zran\u011bn\u00ed nebo po n\u00e1v\u0161t\u011bv\u011b zuba\u0159e?\n\nV\u011bt\u0161ina lid\u00ed \u010das od \u010dasu krv\u00e1c\u00ed. P\u0159\u00ed\u010dina krv\u00e1cen\u00ed se bude li\u0161it, ale ve v\u011bt\u0161in\u011b p\u0159\u00edpad\u016f na\u0161e t\u011blo zastav\u00ed krv\u00e1cen\u00ed rychle prost\u0159ednictv\u00edm procesu zvan\u00e9ho sr\u00e1\u017een\u00ed krve. N\u011bkte\u0159\u00ed lid\u00e9 v\u0161ak krv\u00e1cej\u00ed \u010dast\u011bji a d\u00e9le ne\u017e jin\u00ed a tento druh krv\u00e1cen\u00ed lze \u010dasto l\u00e9\u010dit nebo mu lze p\u0159edej\u00edt. Pokud tedy odpov\u00edte alespo\u0148 na jednu z v\u00fd\u0161e uveden\u00fdch ot\u00e1zek \u201eano\u201c, va\u0161e krv\u00e1cen\u00ed si mo\u017en\u00e1 zaslou\u017e\u00ed dal\u0161\u00ed vy\u0161et\u0159en\u00ed.\n<\/div>\n\n<div class=\"default-block container\">\n<h2>P\u0159\u00ed\u010diny nadm\u011brn\u00e9ho nebo d\u00e9le trvaj\u00edc\u00edho krv\u00e1cen\u00ed<\/h2>\n<\/div>\n\n<div class=\"default-block container\">\nExistuje mnoho mo\u017en\u00fdch p\u0159\u00ed\u010din nadm\u011brn\u00e9ho nebo del\u0161\u00ed dobu trvaj\u00edc\u00edho krv\u00e1cen\u00ed. Identifikace p\u0159\u00ed\u010diny va\u0161ich krv\u00e1civ\u00fdch p\u0159\u00edznak\u016f je velmi d\u016fle\u017eit\u00e1 pro stanoven\u00ed vhodn\u00e9 l\u00e9\u010dby. Krv\u00e1cen\u00ed mohou zp\u016fsobit n\u011bkter\u00e9 l\u00e9ky, nap\u0159\u00edklad l\u00e9ky proti bolesti, jako je aspirin nebo l\u00e9ky na \u0159ed\u011bn\u00ed krve (antikoagulancia). N\u011bkter\u00e9 zdravotn\u00ed stavy, jako nap\u0159\u00edklad onemocn\u011bn\u00ed jater, ledvin nebo onkologick\u00e9 onemocn\u011bn\u00ed, mohou b\u00fdt tak\u00e9 doprov\u00e1zena zv\u00fd\u0161en\u00fdm krv\u00e1cen\u00edm. Existuje tak\u00e9 mo\u017enost, \u017ee krv\u00e1cen\u00ed je zp\u016fsobeno poruchou sr\u00e1\u017een\u00ed krve. Poruchy sr\u00e1\u017een\u00ed krve jsou vz\u00e1cn\u00e1 onemocn\u011bn\u00ed a mohou b\u00fdt d\u011bdi\u010dn\u00e9 nebo z\u00edskan\u00e9. Nej\u010dast\u011bj\u0161\u00ed d\u011bdi\u010dnou krv\u00e1civou poruchou je von Willebrandova choroba (vWch). vWch je \u010dasto nediagnostikov\u00e1na. Bez diagn\u00f3zy a l\u00e9\u010dby jsou lid\u00e9 s vWch ohro\u017eeni v\u00e1\u017en\u00fdm krv\u00e1cen\u00edm. Lid\u00e9 s vWch \u010dasto krv\u00e1c\u00ed z nosu a d\u00e1sn\u00ed, snadno se jim tvo\u0159\u00ed mod\u0159iny a m\u016f\u017ee tak\u00e9 doj\u00edt k nadm\u011brn\u00e9mu krv\u00e1cen\u00ed po extrakci zub\u016f, operaci nebo p\u0159i drobn\u00fdch zran\u011bn\u00edch. U \u017een s vWch je nej\u010dast\u011bj\u0161\u00edm p\u0159\u00edznakem siln\u00e9 menstrua\u010dn\u00ed krv\u00e1cen\u00ed.\n<\/div>\n\n<div class=\"default-block container\">\n<h2>Mo\u017en\u00e1 nejste jedin\u00fd ve va\u0161\u00ed rodin\u011b s p\u0159\u00edznaky krv\u00e1cen\u00ed<\/h2>\n<\/div>\n\n<div class=\"default-block container\">\n<p class=\"full push-text\">Pokud se u va\u0161ich sourozenc\u016f, rodi\u010d\u016f nebo jin\u00fdch p\u0159\u00edbuzn\u00fdch tak\u00e9 objevuj\u00ed p\u0159\u00edznaky zv\u00fd\u0161en\u00e9ho krv\u00e1cen\u00ed, m\u016f\u017eete si myslet, \u017ee je to norm\u00e1ln\u00ed. To v\u0161ak nen\u00ed v\u017edy pravda. Va\u0161e krv\u00e1cen\u00ed m\u016f\u017ee b\u00fdt zp\u016fsobeno d\u011bdi\u010dnou krv\u00e1civou poruchou, kter\u00e1 \u010dasto postihuje v\u00edce ne\u017e jednoho \u010dlena rodiny. Pokud va\u0161e krv\u00e1cen\u00ed ovliv\u0148uje v\u00e1\u0161 ka\u017edodenn\u00ed \u017eivot a pohodu, doporu\u010dujeme, abyste to probrali se sv\u00fdm l\u00e9ka\u0159em.<\/p>\n<\/div>\n\n<div class=\"default-block container\">\n<h2>Zjist\u011bte, zda je va\u0161e krv\u00e1cen\u00ed norm\u00e1ln\u00ed<\/h2>\n<\/div>\n\n<div class=\"default-block container\">\n<p class=\"full push-text\">Je m\u00e9 krv\u00e1cen\u00ed norm\u00e1ln\u00ed nebo ne? Naj\u00edt odpov\u011b\u010f na tuto ot\u00e1zku nen\u00ed v\u017edy jednoduch\u00e9. Aby bylo snaz\u0161\u00ed vyhodnotit p\u0159\u00edznaky krv\u00e1cen\u00ed, vyvinuli v\u011bdci testy krv\u00e1cen\u00ed. Jeden z t\u011bchto test\u016f je k dispozici na t\u00e9to webov\u00e9 str\u00e1nce. Pokud si nejste jisti jak\u00fdmkoli p\u0159\u00edznakem krv\u00e1cen\u00ed, kter\u00fd jste za\u017eili, d\u016frazn\u011b doporu\u010dujeme prov\u00e9st test krv\u00e1cen\u00ed. To m\u016f\u017ee b\u00fdt je\u0161t\u011b d\u016fle\u017eit\u011bj\u0161\u00ed, pokud se chyst\u00e1te podstoupit operaci. Proveden\u00ed testu trv\u00e1 jen n\u011bkolik minut a napov\u00ed v\u00e1m, zda byste kv\u016fli krv\u00e1cen\u00ed m\u011bli nav\u0161t\u00edvit l\u00e9ka\u0159e.<\/p>\n<\/div>","protected":false},"excerpt":{"rendered":"<p>Nekrv\u00e1c\u00edte p\u0159\u00edli\u0161 ? Zaj\u00edm\u00e1 v\u00e1s, pro\u010d krv\u00e1c\u00edte z nosu? Krv\u00e1c\u00ed v\u00e1m d\u00e1sn\u011b po pou\u017eit\u00ed zubn\u00ed nit\u011b nebo \u010di\u0161t\u011bn\u00ed zub\u016f? Pozorujete na sv\u00e9m t\u011ble \u010dasto mod\u0159iny a nepamatujete si, jak mohly vzniknout ? Za\u017eili jste v posledn\u00ed dob\u011b nadm\u011brn\u00e9 krv\u00e1cen\u00ed po men\u0161\u00edm zran\u011bn\u00ed nebo po n\u00e1v\u0161t\u011bv\u011b zuba\u0159e? V\u011bt\u0161ina lid\u00ed \u010das od \u010dasu krv\u00e1c\u00ed. P\u0159\u00ed\u010dina krv\u00e1cen\u00ed se [&hellip;]<\/p>\n","protected":false},"author":1,"featured_media":788,"parent":0,"menu_order":0,"comment_status":"closed","ping_status":"closed","template":"","meta":{"inline_featured_image":false},"acf":[],"yoast_head":"<!-- This site is optimized with the Yoast SEO plugin v20.4 - https:\/\/yoast.com\/wordpress\/plugins\/seo\/ -->\n<title>Hodn\u011b krv\u00e1c\u00edm - Czech Republic<\/title>\n<meta name=\"robots\" content=\"index, follow, max-snippet:-1, max-image-preview:large, max-video-preview:-1\" \/>\n<link rel=\"canonical\" href=\"https:\/\/vwdtest.com\/cz\/i-bleed-a-lot\/\" \/>\n<meta property=\"og:locale\" content=\"en_US\" \/>\n<meta property=\"og:type\" content=\"article\" \/>\n<meta property=\"og:title\" content=\"Hodn\u011b krv\u00e1c\u00edm - Czech Republic\" \/>\n<meta property=\"og:description\" content=\"Nekrv\u00e1c\u00edte p\u0159\u00edli\u0161 ? Zaj\u00edm\u00e1 v\u00e1s, pro\u010d krv\u00e1c\u00edte z nosu? Krv\u00e1c\u00ed v\u00e1m d\u00e1sn\u011b po pou\u017eit\u00ed zubn\u00ed nit\u011b nebo \u010di\u0161t\u011bn\u00ed zub\u016f? Pozorujete na sv\u00e9m t\u011ble \u010dasto mod\u0159iny a nepamatujete si, jak mohly vzniknout ? Za\u017eili jste v posledn\u00ed dob\u011b nadm\u011brn\u00e9 krv\u00e1cen\u00ed po men\u0161\u00edm zran\u011bn\u00ed nebo po n\u00e1v\u0161t\u011bv\u011b zuba\u0159e? V\u011bt\u0161ina lid\u00ed \u010das od \u010dasu krv\u00e1c\u00ed. P\u0159\u00ed\u010dina krv\u00e1cen\u00ed se [&hellip;]\" \/>\n<meta property=\"og:url\" content=\"https:\/\/vwdtest.com\/cz\/i-bleed-a-lot\/\" \/>\n<meta property=\"og:site_name\" content=\"Czech Republic\" \/>\n<meta property=\"article:modified_time\" content=\"2024-07-17T07:15:33+00:00\" \/>\n<meta property=\"og:image\" content=\"https:\/\/vwdtest.com\/cz\/wp-content\/uploads\/sites\/35\/2023\/04\/Person-who-bleads-1.png\" \/>\n\t<meta property=\"og:image:width\" content=\"679\" \/>\n\t<meta property=\"og:image:height\" content=\"976\" \/>\n\t<meta property=\"og:image:type\" content=\"image\/png\" \/>\n<meta name=\"twitter:card\" content=\"summary_large_image\" \/>\n<meta name=\"twitter:label1\" content=\"Est. reading time\" \/>\n\t<meta name=\"twitter:data1\" content=\"2 minutes\" \/>\n<script type=\"application\/ld+json\" class=\"yoast-schema-graph\">{\"@context\":\"https:\/\/schema.org\",\"@graph\":[{\"@type\":\"WebPage\",\"@id\":\"https:\/\/vwdtest.com\/cz\/i-bleed-a-lot\/\",\"url\":\"https:\/\/vwdtest.com\/cz\/i-bleed-a-lot\/\",\"name\":\"Hodn\u011b krv\u00e1c\u00edm - Czech Republic\",\"isPartOf\":{\"@id\":\"https:\/\/vwdtest.com\/cz\/#website\"},\"datePublished\":\"2023-04-27T12:33:04+00:00\",\"dateModified\":\"2024-07-17T07:15:33+00:00\",\"breadcrumb\":{\"@id\":\"https:\/\/vwdtest.com\/cz\/i-bleed-a-lot\/#breadcrumb\"},\"inLanguage\":\"en-US\",\"potentialAction\":[{\"@type\":\"ReadAction\",\"target\":[\"https:\/\/vwdtest.com\/cz\/i-bleed-a-lot\/\"]}]},{\"@type\":\"BreadcrumbList\",\"@id\":\"https:\/\/vwdtest.com\/cz\/i-bleed-a-lot\/#breadcrumb\",\"itemListElement\":[{\"@type\":\"ListItem\",\"position\":1,\"name\":\"Home\",\"item\":\"https:\/\/vwdtest.com\/cz\/\"},{\"@type\":\"ListItem\",\"position\":2,\"name\":\"Hodn\u011b krv\u00e1c\u00edm\"}]},{\"@type\":\"WebSite\",\"@id\":\"https:\/\/vwdtest.com\/cz\/#website\",\"url\":\"https:\/\/vwdtest.com\/cz\/\",\"name\":\"Czech Republic\",\"description\":\"\",\"potentialAction\":[{\"@type\":\"SearchAction\",\"target\":{\"@type\":\"EntryPoint\",\"urlTemplate\":\"https:\/\/vwdtest.com\/cz\/?s={search_term_string}\"},\"query-input\":\"required name=search_term_string\"}],\"inLanguage\":\"en-US\"}]}<\/script>\n<!-- \/ Yoast SEO plugin. -->","yoast_head_json":{"title":"Hodn\u011b krv\u00e1c\u00edm - Czech Republic","robots":{"index":"index","follow":"follow","max-snippet":"max-snippet:-1","max-image-preview":"max-image-preview:large","max-video-preview":"max-video-preview:-1"},"canonical":"https:\/\/vwdtest.com\/cz\/i-bleed-a-lot\/","og_locale":"en_US","og_type":"article","og_title":"Hodn\u011b krv\u00e1c\u00edm - Czech Republic","og_description":"Nekrv\u00e1c\u00edte p\u0159\u00edli\u0161 ? Zaj\u00edm\u00e1 v\u00e1s, pro\u010d krv\u00e1c\u00edte z nosu? Krv\u00e1c\u00ed v\u00e1m d\u00e1sn\u011b po pou\u017eit\u00ed zubn\u00ed nit\u011b nebo \u010di\u0161t\u011bn\u00ed zub\u016f? Pozorujete na sv\u00e9m t\u011ble \u010dasto mod\u0159iny a nepamatujete si, jak mohly vzniknout ? Za\u017eili jste v posledn\u00ed dob\u011b nadm\u011brn\u00e9 krv\u00e1cen\u00ed po men\u0161\u00edm zran\u011bn\u00ed nebo po n\u00e1v\u0161t\u011bv\u011b zuba\u0159e? V\u011bt\u0161ina lid\u00ed \u010das od \u010dasu krv\u00e1c\u00ed. P\u0159\u00ed\u010dina krv\u00e1cen\u00ed se [&hellip;]","og_url":"https:\/\/vwdtest.com\/cz\/i-bleed-a-lot\/","og_site_name":"Czech Republic","article_modified_time":"2024-07-17T07:15:33+00:00","og_image":[{"width":679,"height":976,"url":"https:\/\/vwdtest.com\/cz\/wp-content\/uploads\/sites\/35\/2023\/04\/Person-who-bleads-1.png","type":"image\/png"}],"twitter_card":"summary_large_image","twitter_misc":{"Est. reading time":"2 minutes"},"schema":{"@context":"https:\/\/schema.org","@graph":[{"@type":"WebPage","@id":"https:\/\/vwdtest.com\/cz\/i-bleed-a-lot\/","url":"https:\/\/vwdtest.com\/cz\/i-bleed-a-lot\/","name":"Hodn\u011b krv\u00e1c\u00edm - Czech Republic","isPartOf":{"@id":"https:\/\/vwdtest.com\/cz\/#website"},"datePublished":"2023-04-27T12:33:04+00:00","dateModified":"2024-07-17T07:15:33+00:00","breadcrumb":{"@id":"https:\/\/vwdtest.com\/cz\/i-bleed-a-lot\/#breadcrumb"},"inLanguage":"en-US","potentialAction":[{"@type":"ReadAction","target":["https:\/\/vwdtest.com\/cz\/i-bleed-a-lot\/"]}]},{"@type":"BreadcrumbList","@id":"https:\/\/vwdtest.com\/cz\/i-bleed-a-lot\/#breadcrumb","itemListElement":[{"@type":"ListItem","position":1,"name":"Home","item":"https:\/\/vwdtest.com\/cz\/"},{"@type":"ListItem","position":2,"name":"Hodn\u011b krv\u00e1c\u00edm"}]},{"@type":"WebSite","@id":"https:\/\/vwdtest.com\/cz\/#website","url":"https:\/\/vwdtest.com\/cz\/","name":"Czech Republic","description":"","potentialAction":[{"@type":"SearchAction","target":{"@type":"EntryPoint","urlTemplate":"https:\/\/vwdtest.com\/cz\/?s={search_term_string}"},"query-input":"required name=search_term_string"}],"inLanguage":"en-US"}]}},"_links":{"self":[{"href":"https:\/\/vwdtest.com\/cz\/wp-json\/wp\/v2\/pages\/795"}],"collection":[{"href":"https:\/\/vwdtest.com\/cz\/wp-json\/wp\/v2\/pages"}],"about":[{"href":"https:\/\/vwdtest.com\/cz\/wp-json\/wp\/v2\/types\/page"}],"author":[{"embeddable":true,"href":"https:\/\/vwdtest.com\/cz\/wp-json\/wp\/v2\/users\/1"}],"replies":[{"embeddable":true,"href":"https:\/\/vwdtest.com\/cz\/wp-json\/wp\/v2\/comments?post=795"}],"version-history":[{"count":55,"href":"https:\/\/vwdtest.com\/cz\/wp-json\/wp\/v2\/pages\/795\/revisions"}],"predecessor-version":[{"id":2409,"href":"https:\/\/vwdtest.com\/cz\/wp-json\/wp\/v2\/pages\/795\/revisions\/2409"}],"wp:featuredmedia":[{"embeddable":true,"href":"https:\/\/vwdtest.com\/cz\/wp-json\/wp\/v2\/media\/788"}],"wp:attachment":[{"href":"https:\/\/vwdtest.com\/cz\/wp-json\/wp\/v2\/media?parent=795"}],"curies":[{"name":"wp","href":"https:\/\/api.w.org\/{rel}","templated":true}]}}