{"id":266,"date":"2023-02-21T21:23:10","date_gmt":"2023-02-21T21:23:10","guid":{"rendered":"https:\/\/new.vwdtest.com\/cz\/?page_id=266"},"modified":"2024-05-31T11:31:09","modified_gmt":"2024-05-31T11:31:09","slug":"cookie-preferences","status":"publish","type":"page","link":"https:\/\/vwdtest.com\/cz\/cookie-preferences\/","title":{"rendered":"P\u0159edvolby soubor\u016f cookie"},"content":{"rendered":"<div class=\"default-block container\">\n<h2>Informace o cookies<\/h2>\n<\/div>\n\n<div class=\"default-block container\">\n<p>Soubory cookie jsou \u010d\u00e1sti dat, kter\u00e9 m\u016f\u017ee webov\u00e1 str\u00e1nka p\u0159en\u00e9st do webov\u00e9ho prohl\u00ed\u017ee\u010de u\u017eivatele. Kdy\u017e nav\u0161t\u00edv\u00edte\u00a0<a href=\"http:\/\/www.vwdtest.com\/cz\">www.vwdtest.com<\/a>, pokud v\u00e1\u0161 prohl\u00ed\u017ee\u010d pou\u017e\u00edv\u00e1 standardn\u00ed nastaven\u00ed a p\u0159ij\u00edm\u00e1 soubory cookie, d\u00e1v\u00e1te souhlas soubory cookie z t\u00e9to str\u00e1nky, kter\u00e9 se ulo\u017e\u00ed do va\u0161eho po\u010d\u00edta\u010de. Ulo\u017een\u00e9 soubory cookie mohou z\u016fstat ve va\u0161em po\u010d\u00edta\u010di pot\u00e9, co opust\u00edte\u00a0<a href=\"http:\/\/www.vwdtest.com\/cz\">www.vwdtest.com<\/a>.<\/p>\n<\/div>\n\n<div class=\"default-block container\">\n<p>Pokud si to nep\u0159ejete, m\u016f\u017eete sv\u016fj webov\u00fd prohl\u00ed\u017ee\u010d nastavit tak, aby odm\u00edtal soubory cookie nebo aby v\u00e1s varoval, kdy\u017e jsou soubory cookie pou\u017e\u00edv\u00e1ny. M\u016f\u017eete je tak\u00e9 ru\u010dn\u011b odstranit v nastaven\u00ed prohl\u00ed\u017ee\u010de. V\u011bt\u0161ina prvk\u016f\u00a0<a href=\"https:\/\/www.vwdtest.com\/cz\">www.vwdtest.com<\/a>\u00a0bude st\u00e1le fungovat, pokud v nastaven\u00ed sv\u00e9ho webov\u00e9ho prohl\u00ed\u017ee\u010de zak\u00e1\u017eete soubory cookie.<\/p>\n<\/div>\n\n<div class=\"default-block container\">\n<p>Dal\u0161\u00ed informace o souborech cookie, v\u010detn\u011b toho, jak zjistit, jak\u00e9 soubory cookie byly nastaveny na va\u0161em za\u0159\u00edzen\u00ed a jak je spravovat a mazat, naleznete na&nbsp;<a rel=\"noreferrer noopener\" href=\"https:\/\/www.aboutcookies .org\/\" target=\"_blank\">www.aboutcookies.org<\/a>.<\/p>\n<\/div>\n\n<div class=\"default-block container\">\n<p>Na\u00a0<a href=\"https:\/\/www.vwdtest.com\/cz\">www.vwdtest.com<\/a>\u00a0 se pou\u017e\u00edvaj\u00ed r\u016fzn\u00e9 typy soubor\u016f cookie:<\/p>\n<\/div>\n\n<div class=\"default-block container\">\n<p><strong>Nezbytn\u011b nutn\u00e9<\/strong><\/p>\n<\/div>\n\n<div class=\"default-block container\">\n<figure class=\"wp-block-table\"><table><thead><tr><th>Typ souboru cookie<\/th><th>n\u00e1zev<\/th><th>\u00da\u010del<\/th><th>Platnost vypr\u0161\u00ed<\/th><\/tr><\/thead><tbody><tr><td>Matomo<\/td><td>mtm_cookie_consent<\/td><td>To se ukl\u00e1d\u00e1, abychom si pamatovali, \u017ee u\u017eivatel ud\u011blil souhlas s ukl\u00e1d\u00e1n\u00edm a pou\u017e\u00edv\u00e1n\u00edm cookies.<\/td><td>30 let<\/td><\/tr><\/tbody><\/table><\/figure>\n<\/div>\n\n<div class=\"default-block container\">\n<p><strong>Performance cookies<\/strong><\/p>\n<\/div>\n\n<div class=\"default-block container\">\n<figure class=\"wp-block-table\"><table><thead><tr><th>Typ souboru cookie<\/th><th>n\u00e1zev<\/th><th>\u00da\u010del<\/th><th>Platnost vypr\u0161\u00ed<\/th><\/tr><\/thead><tbody><tr><td>Matomo<\/td><td>_pk_id<\/td><td>Slou\u017e\u00ed k ulo\u017een\u00ed n\u011bkolika podrobnost\u00ed o u\u017eivateli, jako je jedine\u010dn\u00e9 ID n\u00e1v\u0161t\u011bvn\u00edka.<\/td><td>1 rok, 1 m\u011bs\u00edc<\/td><\/tr><tr><td>_pk_ref<\/td><td>Slou\u017e\u00ed k ulo\u017een\u00ed informac\u00ed o atribuci, kter\u00e9 referrer p\u016fvodn\u011b pou\u017eil k n\u00e1v\u0161t\u011bv\u011b webu.<\/td><td>6 m\u011bs\u00edc\u016f<\/td><\/tr><tr><td>_pk_ses<\/td><td>Slou\u017e\u00ed k ulo\u017een\u00ed jedine\u010dn\u00e9ho ID relace.<\/td><td>30 minut<\/td><\/tr><tr><td>_pk_cvar<\/td><td>Slou\u017e\u00ed k ulo\u017een\u00ed jedine\u010dn\u00e9ho ID relace.<\/td><td>30 minut<\/td><\/tr><tr><td>_pk_hsr<\/td><td>Slou\u017e\u00ed k ulo\u017een\u00ed jedine\u010dn\u00e9ho ID relace.<\/td><td>30 minut<\/td><\/tr><tr><td>_pk_testcookie<\/td><td>Slou\u017e\u00ed ke kontrole, zda prohl\u00ed\u017ee\u010d n\u00e1v\u0161t\u011bvn\u00edka podporuje soubory cookie.<\/td><td>Zased\u00e1n\u00ed<\/td><\/tr><tr><td>Matomo_sessid<\/td><td>Slou\u017e\u00ed k ulo\u017een\u00ed jedine\u010dn\u00e9ho ID relace.<\/td><td>Zased\u00e1n\u00ed<\/td><\/tr><tr><\/tr><\/tbody><\/table><\/figure>\n<\/div>\n\n<div class=\"default-block container\">\n<p>Pokud aktivn\u011b zm\u011bn\u00edte nastaven\u00ed tak, aby povolovaly v\u00fdkonnostn\u00ed soubory cookie, d\u00e1v\u00e1te souhlas k tomu, aby spole\u010dnost Matomo shroma\u017e\u010fovala informace o tom, jak na\u0161e str\u00e1nky pou\u017e\u00edv\u00e1te a jak se pohybujete. B\u011bhem tohoto procesu bude va\u0161e IP adresa anonymizov\u00e1na. Tyto informace pou\u017e\u00edv\u00e1me ke zlep\u0161en\u00ed u\u017eivatelsk\u00e9 zku\u0161enosti pro v\u0161echny n\u00e1v\u0161t\u011bvn\u00edky na\u0161\u00ed domovsk\u00e9 str\u00e1nky.<\/p>\n<\/div>\n\n<div class=\"default-block container\">\n<p><strong>Funk\u010dn\u00ed soubory cookie<\/strong><\/p>\n<\/div>\n\n<div class=\"default-block container\">\n<p>Toto jsou soubory cookie, kter\u00e9 nejsou nezbytn\u00e9, ale vylep\u0161uj\u00ed va\u0161e pou\u017e\u00edv\u00e1n\u00ed\u00a0<a href=\"https:\/\/www.vwdtest.com\/cz\">www.vwdtest.com<\/a>:<\/p>\n<\/div>\n\n<div class=\"default-block container\">\n<figure class=\"wp-block-table\"><table><thead><tr><th>Typ souboru cookie<\/th><th>n\u00e1zev<\/th><th>Platnost vypr\u0161\u00ed<\/th><th>\u00da\u010del<\/th><\/tr><\/thead><tbody><tr><td>Persistent cookie<\/td><td>cookieconsent_status<\/td><td>1 rok<\/td><td>Tento soubor cookie je spojen se skriptem, kter\u00fd na webu zobrazuje upozorn\u011bn\u00ed na soubory cookie. Pou\u017e\u00edv\u00e1 se k zaznamen\u00e1n\u00ed, kdy u\u017eivatel odm\u00edtl ozn\u00e1men\u00ed, aby se zabr\u00e1nilo jeho op\u011btovn\u00e9mu zobrazen\u00ed p\u0159i opakovan\u00fdch n\u00e1v\u0161t\u011bv\u00e1ch.<\/td><\/tr><\/tbody><\/table><\/figure>\n<\/div>","protected":false},"excerpt":{"rendered":"<p>Informace o cookies Soubory cookie jsou \u010d\u00e1sti dat, kter\u00e9 m\u016f\u017ee webov\u00e1 str\u00e1nka p\u0159en\u00e9st do webov\u00e9ho prohl\u00ed\u017ee\u010de u\u017eivatele. Kdy\u017e nav\u0161t\u00edv\u00edte\u00a0www.vwdtest.com, pokud v\u00e1\u0161 prohl\u00ed\u017ee\u010d pou\u017e\u00edv\u00e1 standardn\u00ed nastaven\u00ed a p\u0159ij\u00edm\u00e1 soubory cookie, d\u00e1v\u00e1te souhlas soubory cookie z t\u00e9to str\u00e1nky, kter\u00e9 se ulo\u017e\u00ed do va\u0161eho po\u010d\u00edta\u010de. Ulo\u017een\u00e9 soubory cookie mohou z\u016fstat ve va\u0161em po\u010d\u00edta\u010di pot\u00e9, co opust\u00edte\u00a0www.vwdtest.com. Pokud si [&hellip;]<\/p>\n","protected":false},"author":1,"featured_media":0,"parent":0,"menu_order":0,"comment_status":"closed","ping_status":"closed","template":"front-page.php","meta":{"inline_featured_image":false},"acf":[],"yoast_head":"<!-- This site is optimized with the Yoast SEO plugin v20.4 - https:\/\/yoast.com\/wordpress\/plugins\/seo\/ -->\n<title>P\u0159edvolby soubor\u016f cookie - Czech Republic<\/title>\n<meta name=\"robots\" content=\"index, follow, max-snippet:-1, max-image-preview:large, max-video-preview:-1\" \/>\n<link rel=\"canonical\" href=\"https:\/\/vwdtest.com\/cz\/cookie-preferences\/\" \/>\n<meta property=\"og:locale\" content=\"en_US\" \/>\n<meta property=\"og:type\" content=\"article\" \/>\n<meta property=\"og:title\" content=\"P\u0159edvolby soubor\u016f cookie - Czech Republic\" \/>\n<meta property=\"og:description\" content=\"Informace o cookies Soubory cookie jsou \u010d\u00e1sti dat, kter\u00e9 m\u016f\u017ee webov\u00e1 str\u00e1nka p\u0159en\u00e9st do webov\u00e9ho prohl\u00ed\u017ee\u010de u\u017eivatele. Kdy\u017e nav\u0161t\u00edv\u00edte\u00a0www.vwdtest.com, pokud v\u00e1\u0161 prohl\u00ed\u017ee\u010d pou\u017e\u00edv\u00e1 standardn\u00ed nastaven\u00ed a p\u0159ij\u00edm\u00e1 soubory cookie, d\u00e1v\u00e1te souhlas soubory cookie z t\u00e9to str\u00e1nky, kter\u00e9 se ulo\u017e\u00ed do va\u0161eho po\u010d\u00edta\u010de. Ulo\u017een\u00e9 soubory cookie mohou z\u016fstat ve va\u0161em po\u010d\u00edta\u010di pot\u00e9, co opust\u00edte\u00a0www.vwdtest.com. Pokud si [&hellip;]\" \/>\n<meta property=\"og:url\" content=\"https:\/\/vwdtest.com\/cz\/cookie-preferences\/\" \/>\n<meta property=\"og:site_name\" content=\"Czech Republic\" \/>\n<meta property=\"article:modified_time\" content=\"2024-05-31T11:31:09+00:00\" \/>\n<meta name=\"twitter:card\" content=\"summary_large_image\" \/>\n<meta name=\"twitter:label1\" content=\"Est. reading time\" \/>\n\t<meta name=\"twitter:data1\" content=\"2 minutes\" \/>\n<script type=\"application\/ld+json\" class=\"yoast-schema-graph\">{\"@context\":\"https:\/\/schema.org\",\"@graph\":[{\"@type\":\"WebPage\",\"@id\":\"https:\/\/vwdtest.com\/cz\/cookie-preferences\/\",\"url\":\"https:\/\/vwdtest.com\/cz\/cookie-preferences\/\",\"name\":\"P\u0159edvolby soubor\u016f cookie - Czech Republic\",\"isPartOf\":{\"@id\":\"https:\/\/vwdtest.com\/cz\/#website\"},\"datePublished\":\"2023-02-21T21:23:10+00:00\",\"dateModified\":\"2024-05-31T11:31:09+00:00\",\"breadcrumb\":{\"@id\":\"https:\/\/vwdtest.com\/cz\/cookie-preferences\/#breadcrumb\"},\"inLanguage\":\"en-US\",\"potentialAction\":[{\"@type\":\"ReadAction\",\"target\":[\"https:\/\/vwdtest.com\/cz\/cookie-preferences\/\"]}]},{\"@type\":\"BreadcrumbList\",\"@id\":\"https:\/\/vwdtest.com\/cz\/cookie-preferences\/#breadcrumb\",\"itemListElement\":[{\"@type\":\"ListItem\",\"position\":1,\"name\":\"Home\",\"item\":\"https:\/\/vwdtest.com\/cz\/\"},{\"@type\":\"ListItem\",\"position\":2,\"name\":\"P\u0159edvolby soubor\u016f cookie\"}]},{\"@type\":\"WebSite\",\"@id\":\"https:\/\/vwdtest.com\/cz\/#website\",\"url\":\"https:\/\/vwdtest.com\/cz\/\",\"name\":\"Czech Republic\",\"description\":\"\",\"potentialAction\":[{\"@type\":\"SearchAction\",\"target\":{\"@type\":\"EntryPoint\",\"urlTemplate\":\"https:\/\/vwdtest.com\/cz\/?s={search_term_string}\"},\"query-input\":\"required name=search_term_string\"}],\"inLanguage\":\"en-US\"}]}<\/script>\n<!-- \/ Yoast SEO plugin. -->","yoast_head_json":{"title":"P\u0159edvolby soubor\u016f cookie - Czech Republic","robots":{"index":"index","follow":"follow","max-snippet":"max-snippet:-1","max-image-preview":"max-image-preview:large","max-video-preview":"max-video-preview:-1"},"canonical":"https:\/\/vwdtest.com\/cz\/cookie-preferences\/","og_locale":"en_US","og_type":"article","og_title":"P\u0159edvolby soubor\u016f cookie - Czech Republic","og_description":"Informace o cookies Soubory cookie jsou \u010d\u00e1sti dat, kter\u00e9 m\u016f\u017ee webov\u00e1 str\u00e1nka p\u0159en\u00e9st do webov\u00e9ho prohl\u00ed\u017ee\u010de u\u017eivatele. Kdy\u017e nav\u0161t\u00edv\u00edte\u00a0www.vwdtest.com, pokud v\u00e1\u0161 prohl\u00ed\u017ee\u010d pou\u017e\u00edv\u00e1 standardn\u00ed nastaven\u00ed a p\u0159ij\u00edm\u00e1 soubory cookie, d\u00e1v\u00e1te souhlas soubory cookie z t\u00e9to str\u00e1nky, kter\u00e9 se ulo\u017e\u00ed do va\u0161eho po\u010d\u00edta\u010de. Ulo\u017een\u00e9 soubory cookie mohou z\u016fstat ve va\u0161em po\u010d\u00edta\u010di pot\u00e9, co opust\u00edte\u00a0www.vwdtest.com. Pokud si [&hellip;]","og_url":"https:\/\/vwdtest.com\/cz\/cookie-preferences\/","og_site_name":"Czech Republic","article_modified_time":"2024-05-31T11:31:09+00:00","twitter_card":"summary_large_image","twitter_misc":{"Est. reading time":"2 minutes"},"schema":{"@context":"https:\/\/schema.org","@graph":[{"@type":"WebPage","@id":"https:\/\/vwdtest.com\/cz\/cookie-preferences\/","url":"https:\/\/vwdtest.com\/cz\/cookie-preferences\/","name":"P\u0159edvolby soubor\u016f cookie - Czech Republic","isPartOf":{"@id":"https:\/\/vwdtest.com\/cz\/#website"},"datePublished":"2023-02-21T21:23:10+00:00","dateModified":"2024-05-31T11:31:09+00:00","breadcrumb":{"@id":"https:\/\/vwdtest.com\/cz\/cookie-preferences\/#breadcrumb"},"inLanguage":"en-US","potentialAction":[{"@type":"ReadAction","target":["https:\/\/vwdtest.com\/cz\/cookie-preferences\/"]}]},{"@type":"BreadcrumbList","@id":"https:\/\/vwdtest.com\/cz\/cookie-preferences\/#breadcrumb","itemListElement":[{"@type":"ListItem","position":1,"name":"Home","item":"https:\/\/vwdtest.com\/cz\/"},{"@type":"ListItem","position":2,"name":"P\u0159edvolby soubor\u016f cookie"}]},{"@type":"WebSite","@id":"https:\/\/vwdtest.com\/cz\/#website","url":"https:\/\/vwdtest.com\/cz\/","name":"Czech Republic","description":"","potentialAction":[{"@type":"SearchAction","target":{"@type":"EntryPoint","urlTemplate":"https:\/\/vwdtest.com\/cz\/?s={search_term_string}"},"query-input":"required name=search_term_string"}],"inLanguage":"en-US"}]}},"_links":{"self":[{"href":"https:\/\/vwdtest.com\/cz\/wp-json\/wp\/v2\/pages\/266"}],"collection":[{"href":"https:\/\/vwdtest.com\/cz\/wp-json\/wp\/v2\/pages"}],"about":[{"href":"https:\/\/vwdtest.com\/cz\/wp-json\/wp\/v2\/types\/page"}],"author":[{"embeddable":true,"href":"https:\/\/vwdtest.com\/cz\/wp-json\/wp\/v2\/users\/1"}],"replies":[{"embeddable":true,"href":"https:\/\/vwdtest.com\/cz\/wp-json\/wp\/v2\/comments?post=266"}],"version-history":[{"count":5,"href":"https:\/\/vwdtest.com\/cz\/wp-json\/wp\/v2\/pages\/266\/revisions"}],"predecessor-version":[{"id":2350,"href":"https:\/\/vwdtest.com\/cz\/wp-json\/wp\/v2\/pages\/266\/revisions\/2350"}],"wp:attachment":[{"href":"https:\/\/vwdtest.com\/cz\/wp-json\/wp\/v2\/media?parent=266"}],"curies":[{"name":"wp","href":"https:\/\/api.w.org\/{rel}","templated":true}]}}