{"id":263,"date":"2023-02-21T21:22:33","date_gmt":"2023-02-21T21:22:33","guid":{"rendered":"https:\/\/new.vwdtest.com\/cz\/?page_id=263"},"modified":"2024-02-19T09:36:55","modified_gmt":"2024-02-19T09:36:55","slug":"legal-statement","status":"publish","type":"page","link":"https:\/\/vwdtest.com\/cz\/legal-statement\/","title":{"rendered":"Pr\u00e1vn\u00ed prohl\u00e1\u0161en\u00ed"},"content":{"rendered":"<div class=\"default-block container\">\n<h2>Podm\u00ednky pou\u017eit\u00ed<\/h2>\n<\/div>\n\n<div class=\"default-block container\">\n<p>Tato webov\u00e1 str\u00e1nka je financov\u00e1na spole\u010dnost\u00ed Octapharma AG, Seidenstrasse 2, 8853 Lachen SZ, \u0160v\u00fdcarsko a vyvinuta ve spolupr\u00e1ci s l\u00e9ka\u0159sk\u00fdmi odborn\u00edky Dr. Fernando Corrales-Medina (doc. profesor klinick\u00e9 pediatrie, University of Miami-Miller School of Medicine, USA), profesor Erik Berntorp (profesor klinick\u00e9ho v\u00fdzkumu koagulace, Lund University, \u0160v\u00e9dsko) a jejich t\u00fdm mezin\u00e1rodn\u00edch odborn\u00edk\u016f na poruchy krv\u00e1civosti (d\u00e1le jen \u201emezin\u00e1rodn\u00ed expertn\u00ed skupina\u201c).<\/p>\n<\/div>\n\n<div class=\"default-block container\">\n<p>Jedn\u00e1 se o nepropaga\u010dn\u00ed webovou str\u00e1nku ur\u010denou na podporu kampan\u011b na zvy\u0161ov\u00e1n\u00ed pov\u011bdom\u00ed o nemoci, kterou vede mezin\u00e1rodn\u00ed skupina odborn\u00edk\u016f a kter\u00e1 je ur\u010dena pouze pro obecn\u00e9 informa\u010dn\u00ed \u00fa\u010dely. Nic na t\u00e9to webov\u00e9 str\u00e1nce byste nem\u011bli vykl\u00e1dat jako propagaci nebo reklamu na jak\u00fdkoli produkt nebo na pou\u017eit\u00ed jak\u00e9hokoli produktu skupiny spole\u010dnost\u00ed Octapharma.<\/p>\n<\/div>\n\n<div class=\"default-block container\">\n<p>Octapharma AG spolu se sv\u00fdmi subdodavateli podporuje \u00fadr\u017ebu a spr\u00e1vu webov\u00fdch str\u00e1nek. Pou\u017e\u00edv\u00e1n\u00edm t\u00e9to webov\u00e9 str\u00e1nky souhlas\u00edte s t\u00edm, \u017ee budete dodr\u017eovat podm\u00ednky uveden\u00e9 n\u00ed\u017ee a v\u0161echny platn\u00e9 z\u00e1kony. Pokud nesouhlas\u00edte s dodr\u017eov\u00e1n\u00edm t\u011bchto podm\u00ednek, nepou\u017e\u00edvejte tyto webov\u00e9 str\u00e1nky.<\/p>\n<\/div>\n\n<div class=\"default-block container\">\n<h2>Zm\u011bny webov\u00fdch str\u00e1nek a podm\u00ednek pou\u017e\u00edv\u00e1n\u00ed<\/h2>\n<\/div>\n\n<div class=\"default-block container\">\n<p>Octapharma AG si vyhrazuje pr\u00e1vo prov\u00e1d\u011bt zm\u011bny, \u00fapravy, dopln\u011bn\u00ed, maz\u00e1n\u00ed a opravy na t\u011bchto webov\u00fdch str\u00e1nk\u00e1ch kdykoli a bez upozorn\u011bn\u00ed. Octapharma AG m\u016f\u017ee tak\u00e9 kdykoli bez upozorn\u011bn\u00ed zru\u0161it p\u0159\u00edstup na tyto webov\u00e9 str\u00e1nky.<\/p>\n<\/div>\n\n<div class=\"default-block container\">\n<p>Spole\u010dnost Octapharma AG m\u016f\u017ee tyto Podm\u00ednky pou\u017eit\u00ed kdykoli revidovat aktualizac\u00ed tohoto p\u0159\u00edsp\u011bvku. Pokra\u010dov\u00e1n\u00edm v p\u0159\u00edstupu na tuto webovou str\u00e1nku jste v\u00e1z\u00e1ni v\u0161emi takov\u00fdmi revizemi, a proto byste m\u011bli pravideln\u011b nav\u0161t\u011bvovat tuto str\u00e1nku, abyste si p\u0159e\u010detli Podm\u00ednky pou\u017eit\u00ed, abyste se ujistili, \u017ee rozum\u00edte podm\u00ednk\u00e1m, kter\u00e9 v danou chv\u00edli plat\u00ed.<\/p>\n<\/div>\n\n<div class=\"default-block container\">\n<h2>Ochrana proti viru<\/h2>\n<\/div>\n\n<div class=\"default-block container\">\n<p>Spole\u010dnost Octapharma AG nezaru\u010duje ani neprohla\u0161uje, \u017ee tato webov\u00e1 str\u00e1nka nebo e-maily p\u0159ijat\u00e9 od spole\u010dnosti Octapharma AG na z\u00e1klad\u011b seznamu adres\u00e1t\u016f budou nep\u0159eru\u0161en\u00e9 nebo bez vir\u016f nebo jin\u00fdch \u0161kodliv\u00fdch slo\u017eek. Spole\u010dnost Octapharma AG (v\u010detn\u011b jej\u00edch \u0159editel\u016f, p\u0159idru\u017een\u00fdch spole\u010dnost\u00ed, vedouc\u00edch pracovn\u00edk\u016f, zam\u011bstnanc\u016f, z\u00e1stupc\u016f, dodavatel\u016f, n\u00e1stupc\u016f a postupn\u00edk\u016f) nenese \u017e\u00e1dnou odpov\u011bdnost za jak\u00e9koli \u0161kody zp\u016fsoben\u00e9 na va\u0161em za\u0159\u00edzen\u00ed v d\u016fsledku p\u0159\u00edstupu na tyto webov\u00e9 str\u00e1nky, stahov\u00e1n\u00ed jak\u00e9hokoli obsahu z t\u011bchto webov\u00fdch str\u00e1nek nebo p\u0159ij\u00edm\u00e1n\u00ed e-mail\u016f od spole\u010dnosti Octapharma AG v souladu se za\u0159\u00edzen\u00edm pro seznam adres\u00e1t\u016f.<\/p>\n<\/div>\n\n<div class=\"default-block container\">\n<h2>Zdravotn\u00ed informace<\/h2>\n<\/div>\n\n<div class=\"default-block container\">\n<p>Medic\u00ednsk\u00fd obsah webov\u00fdch str\u00e1nek byl vyvinut a schv\u00e1len mezin\u00e1rodn\u00ed skupinou expert\u016f. Tyto informace d\u00e1le nejsou ur\u010deny k poskytov\u00e1n\u00ed \u00fapln\u00fdch l\u00e9ka\u0159sk\u00fdch informac\u00ed. \u00dapln\u00e9 l\u00e9ka\u0159sk\u00e9 informace o sv\u00fdch l\u00e9c\u00edch nebo zdravotnick\u00fdch prost\u0159edc\u00edch na p\u0159edpis (v\u010detn\u011b jejich p\u0159\u00edzniv\u00e9ho l\u00e9ka\u0159sk\u00e9ho pou\u017eit\u00ed a mo\u017en\u00fdch ne\u017e\u00e1douc\u00edch \u00fa\u010dink\u016f) byste m\u011bli v\u017edy z\u00edskat tak, \u017ee se o vhodn\u00e9m pou\u017eit\u00ed jak\u00e9hokoli l\u00e9ku\/zdravotnick\u00fdch prost\u0159edk\u016f prodiskutujete p\u0159\u00edmo se sv\u00fdm p\u0159edepisuj\u00edc\u00edm l\u00e9ka\u0159em nebo p\u0159\u00edpadn\u011b s jin\u00fdm l\u00e9ka\u0159sk\u00fdm poradcem. Poskytnut\u00e9 l\u00e9ka\u0159sk\u00e9 informace nep\u0159edstavuj\u00ed a nemaj\u00ed v \u00famyslu p\u0159edstavovat \u017e\u00e1dn\u00fd podn\u011bt k doporu\u010den\u00ed, n\u00e1kupu, p\u0159edepisov\u00e1n\u00ed, prodeji nebo pod\u00e1v\u00e1n\u00ed konkr\u00e9tn\u00edho produktu skupiny spole\u010dnost\u00ed Octapharma.<\/p>\n<\/div>\n\n<div class=\"default-block container\">\n<h2>Ochrana autorsk\u00fdch pr\u00e1v<\/h2>\n<\/div>\n\n<div class=\"default-block container\">\n<p>Autorsk\u00e1 pr\u00e1va na ve\u0161ker\u00fd materi\u00e1l obsa\u017een\u00fd na t\u00e9to webov\u00e9 str\u00e1nce vlastn\u00ed spole\u010dnost Octapharma AG, pokud nen\u00ed uvedeno jinak.<\/p>\n<\/div>\n\n<div class=\"default-block container\">\n<p>Octapharma AG si vyhrazuje ve\u0161ker\u00e1 pr\u00e1va na obsah a design t\u011bchto webov\u00fdch str\u00e1nek. Nen\u00ed-li to p\u00edsemn\u011b povoleno spole\u010dnost\u00ed Octapharma AG, nesm\u00edte reprodukovat, pou\u017e\u00edvat nebo kop\u00edrovat jak\u00fdkoli obsah t\u00e9to webov\u00e9 str\u00e1nky, v\u010detn\u011b n\u00e1zv\u016f, log, n\u00e1vrh\u016f, informac\u00ed o produktech a jak\u00fdchkoli dal\u0161\u00edch materi\u00e1l\u016f\/informac\u00ed pou\u017eit\u00fdch na t\u00e9to webov\u00e9 str\u00e1nce (d\u00e1le spole\u010dn\u011b jen \u201einformace\u201c ). Bez p\u0159edchoz\u00edho p\u00edsemn\u00e9ho souhlasu spole\u010dnosti Octapharma AG nesm\u00edte komer\u010dn\u011b vyu\u017e\u00edvat \u017e\u00e1dn\u00e9 informace a nesm\u00edte p\u0159im\u011bt \u017e\u00e1dn\u00e9 z nich, aby byly zar\u00e1mov\u00e1ny nebo vlo\u017eeny na jinou webovou str\u00e1nku.<\/p>\n<\/div>\n\n<div class=\"default-block container\">\n<p>Ve\u0161ker\u00e9 informace uveden\u00e9 na t\u00e9to webov\u00e9 str\u00e1nce jsou majetkem jejich p\u0159\u00edslu\u0161n\u00e9ho vlastn\u00edka a nem\u011bly by b\u00fdt zcela ani \u010d\u00e1ste\u010dn\u011b pou\u017eity v \u017e\u00e1dn\u00e9 jurisdikci bez p\u0159edchoz\u00edho p\u00edsemn\u00e9ho souhlasu jejich vlastn\u00edka. Stejn\u011b tak by nem\u011bla b\u00fdt pou\u017eita \u017e\u00e1dn\u00e1 grafika, kter\u00e1 je v podstat\u011b podobn\u00e1 jak\u00e9koli ochrann\u00e9 zn\u00e1mce, logu nebo n\u00e1zvu uveden\u00e9mu na t\u00e9to webov\u00e9 str\u00e1nce.<\/p>\n<\/div>\n\n<div class=\"default-block container\">\n<h2>\u017d\u00e1dn\u00e9 z\u00e1ruky ani zastoupen\u00ed<\/h2>\n<\/div>\n\n<div class=\"default-block container\">\n<p>Informace jsou poskytov\u00e1ny \u201etak jak jsou\u201c a bez z\u00e1ruk jak\u00e9hokoli druhu, a\u0165 u\u017e v\u00fdslovn\u00fdch nebo p\u0159edpokl\u00e1dan\u00fdch.<\/p>\n<\/div>\n\n<div class=\"default-block container\">\n<p>V pln\u00e9m rozsahu povolen\u00e9m z\u00e1konem se spole\u010dnost Octapharma AG v\u00fdslovn\u011b z\u0159\u00edk\u00e1 v\u0161ech prohl\u00e1\u0161en\u00ed a z\u00e1ruk, v\u00fdslovn\u00fdch nebo p\u0159edpokl\u00e1dan\u00fdch, v souvislosti s touto webovou str\u00e1nkou nebo v souvislosti s n\u00ed \u2013 v\u010detn\u011b, bez omezen\u00ed, jak\u00fdchkoli prohl\u00e1\u0161en\u00ed nebo z\u00e1ruk jak\u00e9hokoli druhu ve vztahu k:<\/p>\n<\/div>\n\n<div class=\"default-block container\">\n<ul><div class=\"default-block container\">\n<li>P\u0159esnost nebo \u00faplnost jak\u00fdchkoli informac\u00ed obsa\u017een\u00fdch na t\u011bchto webov\u00fdch str\u00e1nk\u00e1ch;<\/li>\n<\/div>\n\n<div class=\"default-block container\">\n<li>P\u0159esnost nebo \u00faplnost jak\u00fdchkoli informac\u00ed obsa\u017een\u00fdch na jak\u00e9koli webov\u00e9 str\u00e1nce s hypertextov\u00fdm odkazem na tuto webovou str\u00e1nku.<\/li>\n<\/div>\n\n<div class=\"default-block container\">\n<li>Informace jsou poskytov\u00e1ny na z\u00e1klad\u011b toho, \u017ee v\u0161echny osoby, kter\u00e9 p\u0159istupuj\u00ed na webovou str\u00e1nku, p\u0159eb\u00edraj\u00ed odpov\u011bdnost za posouzen\u00ed spr\u00e1vnosti jej\u00edho obsahu a spol\u00e9haj\u00ed se na n\u011b zcela na vlastn\u00ed riziko. Spole\u010dnost Octapharma AG (v\u010detn\u011b jej\u00edch \u0159editel\u016f, p\u0159idru\u017een\u00fdch spole\u010dnost\u00ed, vedouc\u00edch pracovn\u00edk\u016f, zam\u011bstnanc\u016f, z\u00e1stupc\u016f, smluvn\u00edch partner\u016f, n\u00e1stupc\u016f a postupn\u00edk\u016f) nenese \u017e\u00e1dnou odpov\u011bdnost za ztr\u00e1ty nebo \u0161kody vznikl\u00e9 jak\u00e9koli osob\u011b v d\u016fsledku spol\u00e9h\u00e1n\u00ed se na informace nebo jak\u00e9koli jin\u00e9 informace za\u010dlen\u011bn\u00e9 odkazem. .<\/li>\n<\/div><\/ul>\n<\/div>\n\n<div class=\"default-block container\">\n<h2>Platn\u00fd kodex chov\u00e1n\u00ed<\/h2>\n<\/div>\n\n<div class=\"default-block container\">\n<p>Octapharma AG se sna\u017e\u00ed dodr\u017eovat ustanoven\u00ed kodexu IFPMA. Nejnov\u011bj\u0161\u00ed verzi uveden\u00e9ho k\u00f3du lze nal\u00e9zt pod n\u00e1sleduj\u00edc\u00edm odkazem:&nbsp;<a rel=\"noreferrer noopener\" href=\"https:\/\/www.ifpma.org\/resource-centre\/ifpma-code-of-practice\/\" target=\"_blank\">https:\/\/www.ifpma.org\/resource-centre\/ifpma-code-of-practice\/<\/a><\/p>\n<\/div>\n\n<div class=\"default-block container\">\n<h2>Omezen\u00ed z\u00e1vazk\u016f<\/h2>\n<\/div>\n\n<div class=\"default-block container\">\n<p>Spole\u010dnost Octapharma AG (v\u010detn\u011b jej\u00edch \u0159editel\u016f, p\u0159idru\u017een\u00fdch spole\u010dnost\u00ed, vedouc\u00edch pracovn\u00edk\u016f, zam\u011bstnanc\u016f, z\u00e1stupc\u016f, dodavatel\u016f, n\u00e1stupc\u016f a postupn\u00edk\u016f) nebude v \u017e\u00e1dn\u00e9m p\u0159\u00edpad\u011b odpov\u011bdn\u00e1 za \u017e\u00e1dn\u00e9 p\u0159\u00edm\u00e9, nep\u0159\u00edm\u00e9, represivn\u00ed, n\u00e1hodn\u00e9, zvl\u00e1\u0161tn\u00ed, n\u00e1sledn\u00e9 \u0161kody nebo jak\u00e9koli \u0161kody, v\u010detn\u011b, bez omezen\u00ed, \u0161kody za ztr\u00e1tu pou\u017e\u00edv\u00e1n\u00ed, dat, zisk\u016f nebo ztracen\u00fdch p\u0159\u00edle\u017eitost\u00ed, vypl\u00fdvaj\u00edc\u00ed z nebo jakkoli souvisej\u00edc\u00ed s pou\u017e\u00edv\u00e1n\u00edm nebo v\u00fdkonem t\u00e9to webov\u00e9 str\u00e1nky.<\/p>\n<\/div>\n\n<div class=\"default-block container\">\n<h2>Web t\u0159et\u00ed strany<\/h2>\n<\/div>\n\n<div class=\"default-block container\">\n<p>Pro va\u0161e pohodl\u00ed m\u016f\u017ee Octapharma AG na t\u011bchto webov\u00fdch str\u00e1nk\u00e1ch poskytovat odkazy na webov\u00e9 str\u00e1nky provozovan\u00e9 jin\u00fdmi subjekty. Pokud pou\u017e\u00edv\u00e1te tyto webov\u00e9 str\u00e1nky, opust\u00edte tyto webov\u00e9 str\u00e1nky. Pokud se rozhodnete nav\u0161t\u00edvit jakoukoli propojenou webovou str\u00e1nku, \u010din\u00edte tak na vlastn\u00ed nebezpe\u010d\u00ed a je va\u0161\u00ed odpov\u011bdnost\u00ed p\u0159ijmout ve\u0161ker\u00e1 ochrann\u00e1 opat\u0159en\u00ed k ochran\u011b p\u0159ed viry nebo jin\u00fdmi destruktivn\u00edmi prvky.<\/p>\n<\/div>\n\n<div class=\"default-block container\">\n<p>Spole\u010dnost Octapharma AG (v\u010detn\u011b jej\u00edch \u0159editel\u016f, p\u0159idru\u017een\u00fdch spole\u010dnost\u00ed, vedouc\u00edch pracovn\u00edk\u016f, zam\u011bstnanc\u016f, z\u00e1stupc\u016f, smluvn\u00edch partner\u016f, n\u00e1stupc\u016f a postupn\u00edk\u016f) neposkytuje \u017e\u00e1dnou z\u00e1ruku ani prohl\u00e1\u0161en\u00ed t\u00fdkaj\u00edc\u00ed se a nepodporuje jak\u00e9koli propojen\u00e9 webov\u00e9 str\u00e1nky nebo informace na nich uveden\u00e9 ani \u017e\u00e1dn\u00e9 produkty nebo slu\u017eby na nich popsan\u00e9. .<\/p>\n<\/div>\n\n<div class=\"default-block container\">\n<p>Odkazy neznamenaj\u00ed, \u017ee spole\u010dnost Octapharma AG je p\u0159idru\u017eena nebo spojena s jakoukoli ochrannou zn\u00e1mkou, obchodn\u00edm n\u00e1zvem, logem nebo symbolem autorsk\u00fdch pr\u00e1v zobrazen\u00fdm v odkazech nebo p\u0159\u00edstupn\u00fdm prost\u0159ednictv\u00edm odkaz\u016f nebo \u017ee je jak\u00e1koliv propojen\u00e1 webov\u00e1 str\u00e1nka opr\u00e1vn\u011bna pou\u017e\u00edvat jakoukoli ochrannou zn\u00e1mku, nebo \u017ee je pr\u00e1vn\u011b opr\u00e1vn\u011bna pou\u017e\u00edvat jakoukoli ochrannou zn\u00e1mku, obchodn\u00ed n\u00e1zev, logo nebo symbol autorsk\u00fdch pr\u00e1v spole\u010dnosti Octapharma AG.<\/p>\n<\/div>\n\n<div class=\"default-block container\">\n<p>V\u0161echny odkazy na tyto webov\u00e9 str\u00e1nky mus\u00ed b\u00fdt schv\u00e1leny spole\u010dnost\u00ed Octapharma AG. Octapharma AG si vyhrazuje pr\u00e1vo tento souhlas s odkazem kdykoli odvolat podle vlastn\u00edho uv\u00e1\u017een\u00ed.<\/p>\n<\/div>\n\n<div class=\"default-block container\">\n<h2>Aplikovan\u00e9 pr\u00e1vo<\/h2>\n<\/div>\n\n<div class=\"default-block container\">\n<p>Tyto podm\u00ednky pou\u017eit\u00ed, jako\u017e i prohl\u00e1\u0161en\u00ed o ochran\u011b osobn\u00edch \u00fadaj\u016f a \u0159e\u0161en\u00ed jak\u00e9hokoli sporu souvisej\u00edc\u00edho s t\u011bmito podm\u00ednkami pou\u017eit\u00ed a\/nebo prohl\u00e1\u0161en\u00edm o ochran\u011b osobn\u00edch \u00fadaj\u016f budou vykl\u00e1d\u00e1ny v souladu se z\u00e1kony \u0160v\u00fdcarska. V\u00fdhradn\u00edm m\u00edstem jurisdikce je Lachen, SZ, \u0160v\u00fdcarsko.<\/p>\n<\/div>","protected":false},"excerpt":{"rendered":"<p>Podm\u00ednky pou\u017eit\u00ed Tato webov\u00e1 str\u00e1nka je financov\u00e1na spole\u010dnost\u00ed Octapharma AG, Seidenstrasse 2, 8853 Lachen SZ, \u0160v\u00fdcarsko a vyvinuta ve spolupr\u00e1ci s l\u00e9ka\u0159sk\u00fdmi odborn\u00edky Dr. Fernando Corrales-Medina (doc. profesor klinick\u00e9 pediatrie, University of Miami-Miller School of Medicine, USA), profesor Erik Berntorp (profesor klinick\u00e9ho v\u00fdzkumu koagulace, Lund University, \u0160v\u00e9dsko) a jejich t\u00fdm mezin\u00e1rodn\u00edch odborn\u00edk\u016f na poruchy krv\u00e1civosti [&hellip;]<\/p>\n","protected":false},"author":1,"featured_media":0,"parent":0,"menu_order":0,"comment_status":"closed","ping_status":"closed","template":"front-page.php","meta":{"inline_featured_image":false},"acf":[],"yoast_head":"<!-- This site is optimized with the Yoast SEO plugin v20.4 - https:\/\/yoast.com\/wordpress\/plugins\/seo\/ -->\n<title>Pr\u00e1vn\u00ed prohl\u00e1\u0161en\u00ed - Czech Republic<\/title>\n<meta name=\"robots\" content=\"index, follow, max-snippet:-1, max-image-preview:large, max-video-preview:-1\" \/>\n<link rel=\"canonical\" href=\"https:\/\/vwdtest.com\/cz\/legal-statement\/\" \/>\n<meta property=\"og:locale\" content=\"en_US\" \/>\n<meta property=\"og:type\" content=\"article\" \/>\n<meta property=\"og:title\" content=\"Pr\u00e1vn\u00ed prohl\u00e1\u0161en\u00ed - Czech Republic\" \/>\n<meta property=\"og:description\" content=\"Podm\u00ednky pou\u017eit\u00ed Tato webov\u00e1 str\u00e1nka je financov\u00e1na spole\u010dnost\u00ed Octapharma AG, Seidenstrasse 2, 8853 Lachen SZ, \u0160v\u00fdcarsko a vyvinuta ve spolupr\u00e1ci s l\u00e9ka\u0159sk\u00fdmi odborn\u00edky Dr. Fernando Corrales-Medina (doc. profesor klinick\u00e9 pediatrie, University of Miami-Miller School of Medicine, USA), profesor Erik Berntorp (profesor klinick\u00e9ho v\u00fdzkumu koagulace, Lund University, \u0160v\u00e9dsko) a jejich t\u00fdm mezin\u00e1rodn\u00edch odborn\u00edk\u016f na poruchy krv\u00e1civosti [&hellip;]\" \/>\n<meta property=\"og:url\" content=\"https:\/\/vwdtest.com\/cz\/legal-statement\/\" \/>\n<meta property=\"og:site_name\" content=\"Czech Republic\" \/>\n<meta property=\"article:modified_time\" content=\"2024-02-19T09:36:55+00:00\" \/>\n<meta name=\"twitter:card\" content=\"summary_large_image\" \/>\n<meta name=\"twitter:label1\" content=\"Est. reading time\" \/>\n\t<meta name=\"twitter:data1\" content=\"5 minutes\" \/>\n<script type=\"application\/ld+json\" class=\"yoast-schema-graph\">{\"@context\":\"https:\/\/schema.org\",\"@graph\":[{\"@type\":\"WebPage\",\"@id\":\"https:\/\/vwdtest.com\/cz\/legal-statement\/\",\"url\":\"https:\/\/vwdtest.com\/cz\/legal-statement\/\",\"name\":\"Pr\u00e1vn\u00ed prohl\u00e1\u0161en\u00ed - Czech Republic\",\"isPartOf\":{\"@id\":\"https:\/\/vwdtest.com\/cz\/#website\"},\"datePublished\":\"2023-02-21T21:22:33+00:00\",\"dateModified\":\"2024-02-19T09:36:55+00:00\",\"breadcrumb\":{\"@id\":\"https:\/\/vwdtest.com\/cz\/legal-statement\/#breadcrumb\"},\"inLanguage\":\"en-US\",\"potentialAction\":[{\"@type\":\"ReadAction\",\"target\":[\"https:\/\/vwdtest.com\/cz\/legal-statement\/\"]}]},{\"@type\":\"BreadcrumbList\",\"@id\":\"https:\/\/vwdtest.com\/cz\/legal-statement\/#breadcrumb\",\"itemListElement\":[{\"@type\":\"ListItem\",\"position\":1,\"name\":\"Home\",\"item\":\"https:\/\/vwdtest.com\/cz\/\"},{\"@type\":\"ListItem\",\"position\":2,\"name\":\"Pr\u00e1vn\u00ed prohl\u00e1\u0161en\u00ed\"}]},{\"@type\":\"WebSite\",\"@id\":\"https:\/\/vwdtest.com\/cz\/#website\",\"url\":\"https:\/\/vwdtest.com\/cz\/\",\"name\":\"Czech Republic\",\"description\":\"\",\"potentialAction\":[{\"@type\":\"SearchAction\",\"target\":{\"@type\":\"EntryPoint\",\"urlTemplate\":\"https:\/\/vwdtest.com\/cz\/?s={search_term_string}\"},\"query-input\":\"required name=search_term_string\"}],\"inLanguage\":\"en-US\"}]}<\/script>\n<!-- \/ Yoast SEO plugin. -->","yoast_head_json":{"title":"Pr\u00e1vn\u00ed prohl\u00e1\u0161en\u00ed - Czech Republic","robots":{"index":"index","follow":"follow","max-snippet":"max-snippet:-1","max-image-preview":"max-image-preview:large","max-video-preview":"max-video-preview:-1"},"canonical":"https:\/\/vwdtest.com\/cz\/legal-statement\/","og_locale":"en_US","og_type":"article","og_title":"Pr\u00e1vn\u00ed prohl\u00e1\u0161en\u00ed - Czech Republic","og_description":"Podm\u00ednky pou\u017eit\u00ed Tato webov\u00e1 str\u00e1nka je financov\u00e1na spole\u010dnost\u00ed Octapharma AG, Seidenstrasse 2, 8853 Lachen SZ, \u0160v\u00fdcarsko a vyvinuta ve spolupr\u00e1ci s l\u00e9ka\u0159sk\u00fdmi odborn\u00edky Dr. Fernando Corrales-Medina (doc. profesor klinick\u00e9 pediatrie, University of Miami-Miller School of Medicine, USA), profesor Erik Berntorp (profesor klinick\u00e9ho v\u00fdzkumu koagulace, Lund University, \u0160v\u00e9dsko) a jejich t\u00fdm mezin\u00e1rodn\u00edch odborn\u00edk\u016f na poruchy krv\u00e1civosti [&hellip;]","og_url":"https:\/\/vwdtest.com\/cz\/legal-statement\/","og_site_name":"Czech Republic","article_modified_time":"2024-02-19T09:36:55+00:00","twitter_card":"summary_large_image","twitter_misc":{"Est. reading time":"5 minutes"},"schema":{"@context":"https:\/\/schema.org","@graph":[{"@type":"WebPage","@id":"https:\/\/vwdtest.com\/cz\/legal-statement\/","url":"https:\/\/vwdtest.com\/cz\/legal-statement\/","name":"Pr\u00e1vn\u00ed prohl\u00e1\u0161en\u00ed - Czech Republic","isPartOf":{"@id":"https:\/\/vwdtest.com\/cz\/#website"},"datePublished":"2023-02-21T21:22:33+00:00","dateModified":"2024-02-19T09:36:55+00:00","breadcrumb":{"@id":"https:\/\/vwdtest.com\/cz\/legal-statement\/#breadcrumb"},"inLanguage":"en-US","potentialAction":[{"@type":"ReadAction","target":["https:\/\/vwdtest.com\/cz\/legal-statement\/"]}]},{"@type":"BreadcrumbList","@id":"https:\/\/vwdtest.com\/cz\/legal-statement\/#breadcrumb","itemListElement":[{"@type":"ListItem","position":1,"name":"Home","item":"https:\/\/vwdtest.com\/cz\/"},{"@type":"ListItem","position":2,"name":"Pr\u00e1vn\u00ed prohl\u00e1\u0161en\u00ed"}]},{"@type":"WebSite","@id":"https:\/\/vwdtest.com\/cz\/#website","url":"https:\/\/vwdtest.com\/cz\/","name":"Czech Republic","description":"","potentialAction":[{"@type":"SearchAction","target":{"@type":"EntryPoint","urlTemplate":"https:\/\/vwdtest.com\/cz\/?s={search_term_string}"},"query-input":"required name=search_term_string"}],"inLanguage":"en-US"}]}},"_links":{"self":[{"href":"https:\/\/vwdtest.com\/cz\/wp-json\/wp\/v2\/pages\/263"}],"collection":[{"href":"https:\/\/vwdtest.com\/cz\/wp-json\/wp\/v2\/pages"}],"about":[{"href":"https:\/\/vwdtest.com\/cz\/wp-json\/wp\/v2\/types\/page"}],"author":[{"embeddable":true,"href":"https:\/\/vwdtest.com\/cz\/wp-json\/wp\/v2\/users\/1"}],"replies":[{"embeddable":true,"href":"https:\/\/vwdtest.com\/cz\/wp-json\/wp\/v2\/comments?post=263"}],"version-history":[{"count":11,"href":"https:\/\/vwdtest.com\/cz\/wp-json\/wp\/v2\/pages\/263\/revisions"}],"predecessor-version":[{"id":2143,"href":"https:\/\/vwdtest.com\/cz\/wp-json\/wp\/v2\/pages\/263\/revisions\/2143"}],"wp:attachment":[{"href":"https:\/\/vwdtest.com\/cz\/wp-json\/wp\/v2\/media?parent=263"}],"curies":[{"name":"wp","href":"https:\/\/api.w.org\/{rel}","templated":true}]}}