{"id":259,"date":"2023-02-21T21:13:32","date_gmt":"2023-02-21T21:13:32","guid":{"rendered":"https:\/\/new.vwdtest.com\/cz\/?page_id=259"},"modified":"2024-07-17T07:11:41","modified_gmt":"2024-07-17T07:11:41","slug":"hcp-vwd","status":"publish","type":"page","link":"https:\/\/vwdtest.com\/cz\/hcp-vwd\/","title":{"rendered":"HCP a VWD"},"content":{"rendered":"\r\n\r\n<div class=\"container hb\">\r\n\t<div class=\"row\">\r\n\t\t<div class=\"col-12 col-lg-6 rtl\">\t\t<div class=\"hb__video ltr\">\r\n\t\t\t<div class=\"hb__video-img play_video\" data-video=\"video_hba\"><img decoding=\"async\" src=\"https:\/\/vwdtest.com\/cz\/wp-content\/uploads\/sites\/35\/2023\/12\/VWD-thumbs-Corrales-English.png\"\r\n\t\t\t\t\tclass=\"hb__video-image\"><\/div>\r\n\t\t\t<div class=\"hb__video-text\">\r\n\t\t\t\t<h3 class=\"hb__video-title\">\r\n\t\t\t\t\tSledujte Prof. Corrales-Medina\t\t\t\t<\/h3>\r\n\t\t\t\t<button id=\"hcp_video\" class=\"hb__video-button button__large play_video\" data-video=\"video_hba\">\r\n\t\t\t\t\tprohl\u00e9dnout\t\t\t\t<\/button>\r\n\t\t\t<\/div>\r\n\t\t<\/div>\r\n\t\t<div class=\"hb__add-text\">\r\n\t\t\t<h3><strong>VWDtest.com vyvinuli Dr. Fernando Corrales-Medina (docent klinick\u00e9 pediatrie, University of Miami-Miller School of Medicine, USA), profesor Erik Berntorp (profesor klinick\u00e9ho v\u00fdzkumu koagulace, Univerzita Lund , Sweeden) a jejich t\u00fdm mezin\u00e1rodn\u00edch odborn\u00edk\u016f na poruchy krv\u00e1cen\u00ed, aby odpov\u011bd\u011bli na va\u0161e ot\u00e1zky t\u00fdkaj\u00edc\u00ed se abnorm\u00e1ln\u00edch krv\u00e1civ\u00fdch p\u0159\u00edznak\u016f a <a href=\"https:\/\/vwdtest.com\/cz\/von-willebrand-disease\/\">von Willebrandovy choroby<\/a> (VWD).<\/strong><\/h3>\n\t\t<\/div>\r\n\t\t<h1>\r\n\t\t\tP\u00e9\u010de o osoby s vWch\t\t<\/h1>\r\n\t\t<ul>\n<li>M\u00e1 n\u011bkter\u00fd z va\u0161ich pacient\u016f obavy z \u010dast\u00e9ho krv\u00e1cen\u00ed z nosu nebo siln\u00e9 menstruace?<\/li>\n<li>Ob\u00e1v\u00e1 se rodi\u010d, \u017ee se jeho d\u00edt\u011bti tak snadno tvo\u0159\u00ed mod\u0159iny?<\/li>\n<li>Kontaktoval v\u00e1s pacient s von Willebrandovou chorobou, kter\u00fd pot\u0159eboval l\u00e9\u010dbu, nebo byla tato nemoc ned\u00e1vno diagnostikov\u00e1na u jednoho z va\u0161ich dlouhodob\u00fdch pacient\u016f?<\/li>\n<li>Zaj\u00edm\u00e1 v\u00e1s, zda krv\u00e1cen\u00ed b\u011bhem ned\u00e1vno proveden\u00e9ho z\u00e1kroku nazna\u010duje nediagnostikovanou poruchu krv\u00e1cen\u00ed?<\/li>\n<\/ul>\n<h4>Mnoho pacient\u016f s <a href=\"https:\/\/vwdtest.com\/cz\/von-willebrand-disease\/\">vWch<\/a> si sv\u016fj stav neuv\u011bdomuje a jejich diagn\u00f3za z\u016fst\u00e1v\u00e1 v\u00fdzvou. VWDtest.com poskytuje podporu p\u0159i identifikaci a diagnostice pacient\u016f s poruchami sr\u00e1\u017een\u00ed krve. Najdete zde tak\u00e9 pokyny k va\u0161\u00ed roli na cest\u011b va\u0161eho pacienta a odborn\u00e9 rady ohledn\u011b l\u00e9\u010dby vWch. Diagnostika a l\u00e9\u010dba vWch jsou v\u017edy multidisciplin\u00e1rn\u00edm \u00fasil\u00edm a v\u00e1\u0161 p\u0159\u00edsp\u011bvek a odborn\u00e9 znalosti jsou z\u00e1sadn\u00ed pro zaji\u0161t\u011bn\u00ed toho, aby se pacient\u016fm dostalo p\u00e9\u010de, kterou si zaslou\u017e\u00ed.<\/h4>\n\t<\/div>\r\n\t<div class=\"col-12 col-lg-6\">\r\n\t<div class=\"hb__persons row\">\r\n\t\t\t\t\t\t\t\t\r\n\t\t\t\t<div class=\"hb__person col-6\" id=\"person_1\">\r\n\t\t\t\t\t<img decoding=\"async\" class=\"hb__person-image hbi\" src=\"https:\/\/vwdtest.com\/cz\/wp-content\/uploads\/sites\/35\/2023\/02\/gynaecologist.png\"\r\n\t\t\t\t\t\talt=\"GYNEKOLOG&lt;br&gt;\/ PORODN\u00cdK\">\r\n\t\t\t\t\t<a href=\"https:\/\/vwdtest.com\/cz\/vwd-and-gynaecology-obstetrics\/\" class=\"hb__person-button hbb\">\r\n\t\t\t\t\t\t<div class=\"hb__person-text\">\r\n\t\t\t\t\t\t\t<span class=\"hb__person-content\">\r\n\t\t\t\t\t\t\t\tGYNEKOLOG<br>\/ PORODN\u00cdK<span class=\"hb__person-content-arrow\"><\/span>\r\n\t\t\t\t\t\t\t<\/span>\r\n\t\t\t\t\t\t\t<span class=\"hb__person-bg\">\r\n\t\t\t\t\t\t\t\t<span class=\"hb__person-arrow triangle up hba\"><\/span>\r\n\t\t\t\t\t\t\t<\/span>\r\n\t\t\t\t\t\t<\/div>\r\n\t\t\t\t\t<\/a>\r\n\t\t\t\t<\/div>\r\n\t\t\t\t\t\t\t\r\n\t\t\t\t<div class=\"hb__person col-6\" id=\"person_2\">\r\n\t\t\t\t\t<img decoding=\"async\" class=\"hb__person-image hbi\" src=\"https:\/\/vwdtest.com\/cz\/wp-content\/uploads\/sites\/35\/2023\/02\/dentist.png\"\r\n\t\t\t\t\t\talt=\"ZUBA\u0158\">\r\n\t\t\t\t\t<a href=\"https:\/\/vwdtest.com\/cz\/vwd-and-denstistry\/\" class=\"hb__person-button hbb\">\r\n\t\t\t\t\t\t<div class=\"hb__person-text\">\r\n\t\t\t\t\t\t\t<span class=\"hb__person-content\">\r\n\t\t\t\t\t\t\t\tZUBA\u0158<span class=\"hb__person-content-arrow\"><\/span>\r\n\t\t\t\t\t\t\t<\/span>\r\n\t\t\t\t\t\t\t<span class=\"hb__person-bg\">\r\n\t\t\t\t\t\t\t\t<span class=\"hb__person-arrow triangle up hba\"><\/span>\r\n\t\t\t\t\t\t\t<\/span>\r\n\t\t\t\t\t\t<\/div>\r\n\t\t\t\t\t<\/a>\r\n\t\t\t\t<\/div>\r\n\t\t\t\t\t\t\t\r\n\t\t\t\t<div class=\"hb__person col-6\" id=\"person_3\">\r\n\t\t\t\t\t<img decoding=\"async\" class=\"hb__person-image hbi\" src=\"https:\/\/vwdtest.com\/cz\/wp-content\/uploads\/sites\/35\/2023\/02\/family-doctor.png\"\r\n\t\t\t\t\t\talt=\"PRAKTICK\u00dd L\u00c9KA\u0158 \/&lt;br&gt;D\u011aTSK\u00dd L\u00c9KA\u0158\">\r\n\t\t\t\t\t<a href=\"https:\/\/vwdtest.com\/cz\/family-doctor-paediatrician\/\" class=\"hb__person-button hbb\">\r\n\t\t\t\t\t\t<div class=\"hb__person-text\">\r\n\t\t\t\t\t\t\t<span class=\"hb__person-content\">\r\n\t\t\t\t\t\t\t\tPRAKTICK\u00dd L\u00c9KA\u0158 \/<br>D\u011aTSK\u00dd L\u00c9KA\u0158<span class=\"hb__person-content-arrow\"><\/span>\r\n\t\t\t\t\t\t\t<\/span>\r\n\t\t\t\t\t\t\t<span class=\"hb__person-bg\">\r\n\t\t\t\t\t\t\t\t<span class=\"hb__person-arrow triangle up hba\"><\/span>\r\n\t\t\t\t\t\t\t<\/span>\r\n\t\t\t\t\t\t<\/div>\r\n\t\t\t\t\t<\/a>\r\n\t\t\t\t<\/div>\r\n\t\t\t\t\t\t\t\r\n\t\t\t\t<div class=\"hb__person col-6\" id=\"person_4\">\r\n\t\t\t\t\t<img decoding=\"async\" class=\"hb__person-image hbi\" src=\"https:\/\/vwdtest.com\/cz\/wp-content\/uploads\/sites\/35\/2023\/02\/resources.png\"\r\n\t\t\t\t\t\talt=\"Zdroje&lt;br&gt;pro l\u00e9ka\u0159e\">\r\n\t\t\t\t\t<a href=\"https:\/\/vwdtest.com\/cz\/clinician-materials\/\" class=\"hb__person-button hbb\">\r\n\t\t\t\t\t\t<div class=\"hb__person-text\">\r\n\t\t\t\t\t\t\t<span class=\"hb__person-content\">\r\n\t\t\t\t\t\t\t\tZdroje<br>pro l\u00e9ka\u0159e<span class=\"hb__person-content-arrow\"><\/span>\r\n\t\t\t\t\t\t\t<\/span>\r\n\t\t\t\t\t\t\t<span class=\"hb__person-bg\">\r\n\t\t\t\t\t\t\t\t<span class=\"hb__person-arrow triangle up hba\"><\/span>\r\n\t\t\t\t\t\t\t<\/span>\r\n\t\t\t\t\t\t<\/div>\r\n\t\t\t\t\t<\/a>\r\n\t\t\t\t<\/div>\r\n\t\t\t\t\t\t\t\t\t\t<\/div>\r\n<\/div>\r\n<!-- <div class=\"row\">\r\n\t<div class=\"col-12 col-lg-5\">\r\n\t\t<div class=\"hb__video\">\r\n\t\t\t<div class=\"hb__video-img play_video\" data-video=\"video_hba\"><img decoding=\"async\" src=\"https:\/\/vwdtest.com\/cz\/wp-content\/uploads\/sites\/35\/2023\/12\/VWD-thumbs-Corrales-English.png\"\r\n\t\t\t\t\tclass=\"hb__video-image\"><\/div>\r\n\t\t\t<div class=\"hb__video-text\">\r\n\t\t\t\t<h3 class=\"hb__video-title\">\r\n\t\t\t\t\tSledujte Prof. Corrales-Medina\t\t\t\t<\/h3>\r\n\t\t\t\t<button class=\"hb__video-button button__large play_video\" data-video=\"video_hba\">\r\n\t\t\t\t\tprohl\u00e9dnout\t\t\t\t<\/button>\r\n\t\t\t<\/div>\r\n\t\t<\/div>\r\n\t<\/div>\r\n\t<div class=\"col-12 col-lg-7\">\r\n\t\t<div class=\"hb__add-text\">\r\n\t\t\t<h3><strong>VWDtest.com vyvinuli Dr. Fernando Corrales-Medina (docent klinick\u00e9 pediatrie, University of Miami-Miller School of Medicine, USA), profesor Erik Berntorp (profesor klinick\u00e9ho v\u00fdzkumu koagulace, Univerzita Lund , Sweeden) a jejich t\u00fdm mezin\u00e1rodn\u00edch odborn\u00edk\u016f na poruchy krv\u00e1cen\u00ed, aby odpov\u011bd\u011bli na va\u0161e ot\u00e1zky t\u00fdkaj\u00edc\u00ed se abnorm\u00e1ln\u00edch krv\u00e1civ\u00fdch p\u0159\u00edznak\u016f a <a href=\"https:\/\/vwdtest.com\/cz\/von-willebrand-disease\/\">von Willebrandovy choroby<\/a> (VWD).<\/strong><\/h3>\n\t\t<\/div>\r\n\t<\/div>\r\n<\/div> -->\r\n<\/div>\r\n\r\n<div class=\"video\" id=\"video_hba\">\r\n\t<div class=\"video__box\">\r\n\t\t<div class=\"popup-close-icon\"><img\r\n\t\t\t\tsrc=\"https:\/\/vwdtest.com\/fr\/wp-content\/uploads\/sites\/22\/2023\/09\/cross-icon1.svg\" alt=\"cross-icon\">\r\n\t\t<\/div>\r\n\t\t<video width=\"320\" height=\"240\" controls>\r\n\t\t\t<source src=\"https:\/\/vwdtest.com\/cz\/wp-content\/uploads\/sites\/35\/2024\/07\/Corrales_learn-about_v4.mp4\" type=\"video\/mp4\">\r\n\t\t\tYour browser does not support the video tag.\r\n\t\t\t\t\t<\/video>\r\n\t<\/div>\r\n<\/div>","protected":false},"excerpt":{"rendered":"","protected":false},"author":1,"featured_media":0,"parent":0,"menu_order":0,"comment_status":"closed","ping_status":"closed","template":"front-page.php","meta":{"inline_featured_image":false},"acf":[],"yoast_head":"<!-- This site is optimized with the Yoast SEO plugin v20.4 - https:\/\/yoast.com\/wordpress\/plugins\/seo\/ -->\n<title>HCP a VWD - Czech Republic<\/title>\n<meta name=\"robots\" content=\"index, follow, max-snippet:-1, max-image-preview:large, max-video-preview:-1\" \/>\n<link rel=\"canonical\" href=\"https:\/\/vwdtest.com\/cz\/hcp-vwd\/\" \/>\n<meta property=\"og:locale\" content=\"en_US\" \/>\n<meta property=\"og:type\" content=\"article\" \/>\n<meta property=\"og:title\" content=\"HCP a VWD - Czech Republic\" \/>\n<meta property=\"og:url\" content=\"https:\/\/vwdtest.com\/cz\/hcp-vwd\/\" \/>\n<meta property=\"og:site_name\" content=\"Czech Republic\" \/>\n<meta property=\"article:modified_time\" content=\"2024-07-17T07:11:41+00:00\" \/>\n<meta name=\"twitter:card\" content=\"summary_large_image\" \/>\n<script type=\"application\/ld+json\" class=\"yoast-schema-graph\">{\"@context\":\"https:\/\/schema.org\",\"@graph\":[{\"@type\":\"WebPage\",\"@id\":\"https:\/\/vwdtest.com\/cz\/hcp-vwd\/\",\"url\":\"https:\/\/vwdtest.com\/cz\/hcp-vwd\/\",\"name\":\"HCP a VWD - Czech Republic\",\"isPartOf\":{\"@id\":\"https:\/\/vwdtest.com\/cz\/#website\"},\"datePublished\":\"2023-02-21T21:13:32+00:00\",\"dateModified\":\"2024-07-17T07:11:41+00:00\",\"breadcrumb\":{\"@id\":\"https:\/\/vwdtest.com\/cz\/hcp-vwd\/#breadcrumb\"},\"inLanguage\":\"en-US\",\"potentialAction\":[{\"@type\":\"ReadAction\",\"target\":[\"https:\/\/vwdtest.com\/cz\/hcp-vwd\/\"]}]},{\"@type\":\"BreadcrumbList\",\"@id\":\"https:\/\/vwdtest.com\/cz\/hcp-vwd\/#breadcrumb\",\"itemListElement\":[{\"@type\":\"ListItem\",\"position\":1,\"name\":\"Home\",\"item\":\"https:\/\/vwdtest.com\/cz\/\"},{\"@type\":\"ListItem\",\"position\":2,\"name\":\"HCP a VWD\"}]},{\"@type\":\"WebSite\",\"@id\":\"https:\/\/vwdtest.com\/cz\/#website\",\"url\":\"https:\/\/vwdtest.com\/cz\/\",\"name\":\"Czech Republic\",\"description\":\"\",\"potentialAction\":[{\"@type\":\"SearchAction\",\"target\":{\"@type\":\"EntryPoint\",\"urlTemplate\":\"https:\/\/vwdtest.com\/cz\/?s={search_term_string}\"},\"query-input\":\"required name=search_term_string\"}],\"inLanguage\":\"en-US\"}]}<\/script>\n<!-- \/ Yoast SEO plugin. -->","yoast_head_json":{"title":"HCP a VWD - Czech Republic","robots":{"index":"index","follow":"follow","max-snippet":"max-snippet:-1","max-image-preview":"max-image-preview:large","max-video-preview":"max-video-preview:-1"},"canonical":"https:\/\/vwdtest.com\/cz\/hcp-vwd\/","og_locale":"en_US","og_type":"article","og_title":"HCP a VWD - Czech Republic","og_url":"https:\/\/vwdtest.com\/cz\/hcp-vwd\/","og_site_name":"Czech Republic","article_modified_time":"2024-07-17T07:11:41+00:00","twitter_card":"summary_large_image","schema":{"@context":"https:\/\/schema.org","@graph":[{"@type":"WebPage","@id":"https:\/\/vwdtest.com\/cz\/hcp-vwd\/","url":"https:\/\/vwdtest.com\/cz\/hcp-vwd\/","name":"HCP a VWD - Czech Republic","isPartOf":{"@id":"https:\/\/vwdtest.com\/cz\/#website"},"datePublished":"2023-02-21T21:13:32+00:00","dateModified":"2024-07-17T07:11:41+00:00","breadcrumb":{"@id":"https:\/\/vwdtest.com\/cz\/hcp-vwd\/#breadcrumb"},"inLanguage":"en-US","potentialAction":[{"@type":"ReadAction","target":["https:\/\/vwdtest.com\/cz\/hcp-vwd\/"]}]},{"@type":"BreadcrumbList","@id":"https:\/\/vwdtest.com\/cz\/hcp-vwd\/#breadcrumb","itemListElement":[{"@type":"ListItem","position":1,"name":"Home","item":"https:\/\/vwdtest.com\/cz\/"},{"@type":"ListItem","position":2,"name":"HCP a VWD"}]},{"@type":"WebSite","@id":"https:\/\/vwdtest.com\/cz\/#website","url":"https:\/\/vwdtest.com\/cz\/","name":"Czech Republic","description":"","potentialAction":[{"@type":"SearchAction","target":{"@type":"EntryPoint","urlTemplate":"https:\/\/vwdtest.com\/cz\/?s={search_term_string}"},"query-input":"required name=search_term_string"}],"inLanguage":"en-US"}]}},"_links":{"self":[{"href":"https:\/\/vwdtest.com\/cz\/wp-json\/wp\/v2\/pages\/259"}],"collection":[{"href":"https:\/\/vwdtest.com\/cz\/wp-json\/wp\/v2\/pages"}],"about":[{"href":"https:\/\/vwdtest.com\/cz\/wp-json\/wp\/v2\/types\/page"}],"author":[{"embeddable":true,"href":"https:\/\/vwdtest.com\/cz\/wp-json\/wp\/v2\/users\/1"}],"replies":[{"embeddable":true,"href":"https:\/\/vwdtest.com\/cz\/wp-json\/wp\/v2\/comments?post=259"}],"version-history":[{"count":56,"href":"https:\/\/vwdtest.com\/cz\/wp-json\/wp\/v2\/pages\/259\/revisions"}],"predecessor-version":[{"id":2403,"href":"https:\/\/vwdtest.com\/cz\/wp-json\/wp\/v2\/pages\/259\/revisions\/2403"}],"wp:attachment":[{"href":"https:\/\/vwdtest.com\/cz\/wp-json\/wp\/v2\/media?parent=259"}],"curies":[{"name":"wp","href":"https:\/\/api.w.org\/{rel}","templated":true}]}}