{"id":17,"date":"2023-02-13T13:47:59","date_gmt":"2023-02-13T13:47:59","guid":{"rendered":"https:\/\/new.vwdtest.com\/cz\/?page_id=17"},"modified":"2025-01-29T12:19:01","modified_gmt":"2025-01-29T12:19:01","slug":"homepage","status":"publish","type":"page","link":"https:\/\/vwdtest.com\/cz\/","title":{"rendered":"Homepage"},"content":{"rendered":"\r\n\r\n\r\n<div class=\"container hb\">\r\n\t<div class=\"row\"> \r\n\t\t\t<div class=\"col-12 col-lg-5 home-upper\">\r\n\t<div class=\"col-12 col-lg-9 d-none d-lg-flex\">\r\n\t\t\t\t<div class=\"hb__video ltr\">\r\n\t\t\t\t\t<div class=\"hb__video-img play_video\"  data-video=\"video_hb\"><img decoding=\"async\" src=\"https:\/\/vwdtest.com\/cz\/wp-content\/uploads\/sites\/35\/2023\/12\/VWD-thumbs-Corrales-English.png\" class=\"hb__video-image\"><\/div>\r\n\t\t\t\t\t<div class=\"hb__video-text\">\r\n\t\t\t\t\t\t<h3 class=\"hb__video-title\">P\u0159e\u010dt\u011bte si o <br \/>\r\niniciativa VWDtest<\/h3>\r\n\t\t\t\t\t\t<button id=\"home_video\" class=\"hb__video-button button__large play_video\" data-video=\"video_hb\">prohl\u00e9dnout<\/button>\r\n\t\t\t\t\t<\/div>\r\n\t\t\t\t<\/div>\r\n\t\t\t<\/div>\r\n\t\t\t<h3><strong>VWDtest.com vyvinuli Dr. Fernando Corrales-Medina (docent klinick\u00e9 pediatrie, University of Miami-Miller School of Medicine, USA), profesor Erik Berntorp (profesor klinick\u00e9ho v\u00fdzkumu koagulace, Univerzita Lund , Sweeden) a jejich t\u00fdm mezin\u00e1rodn\u00edch odborn\u00edk\u016f na krv\u00e1civ\u00e9 poruchy, aby odpov\u011bd\u011bli na va\u0161e ot\u00e1zky t\u00fdkaj\u00edc\u00ed se abnorm\u00e1ln\u00edch krv\u00e1civ\u00fdch p\u0159\u00edznak\u016f a <a href=\"https:\/\/vwdtest.com\/cz\/von-willebrand-disease\/\">von Willebrandovy choroby<\/a>(VWD, vWch).<\/strong><\/h3>\t\t\t<h1>Jak byste charakterizoval s\u00e1m sebe? <\/h1>\r\n\t\t\t\t<p><strong>M\u00e1te pocit, \u017ee p\u0159\u00edli\u0161 krv\u00e1c\u00edte? \u010casto krv\u00e1ce\u00edte z\u00a0nosu, m\u00e1te silnou menstruaci nebo pozorujete nadm\u011brn\u00e9 krv\u00e1cen\u00ed po stomatologick\u00e9m o\u0161et\u0159en\u00ed nebo \u00farazu? Na VWDtest.com m\u016f\u017eete naj\u00edt odpov\u011bdi na sv\u00e9 probl\u00e9my s krv\u00e1cen\u00edm. <\/strong><\/p>\n<p><strong>Naleznete zde tak\u00e9 informace o <\/strong><a href=\"https:\/\/vwdtest.com\/cz\/von-willebrand-disease\/\"><strong>von Willebrandov\u011b nemoci<\/strong><\/a><strong> \u2013 nej\u010dast\u011bj\u0161\u00ed krv\u00e1civ\u00e9 poru\u0161e \u2013 proto\u017ee mnoho lid\u00ed s touto nemoc\u00ed si sv\u016fj stav neuv\u011bdomuje, a proto nedost\u00e1v\u00e1 pomoc, kterou si zaslou\u017e\u00ed.<\/strong><\/p>\n<h3><\/h3>\n<h4><\/h4>\n\t\t\t\r\n\t\t<\/div> \t\t<div class=\"col-12 col-lg-7\">\r\n\t\t\t<div class=\"hb__persons row\">\r\n\t\t\t\t\t\t\t\t\t\t\t\r\n\t\t\t\t<div class=\"hb__person col-6\" id=\"person_1\">\r\n\t\t\t\t\t<img decoding=\"async\" class=\"hb__person-image hbi\" src=\"https:\/\/vwdtest.com\/cz\/wp-content\/uploads\/sites\/35\/2023\/08\/bleed-too-much.png\" alt=\"hodn\u011b krv\u00e1c\u00edm\">\r\n\t\t\t\t\t<a href=\"https:\/\/vwdtest.com\/cz\/i-bleed-a-lot\/\" class=\"hb__person-button hbb\">\r\n\t\t\t\t\t\t<div class=\"hb__person-text\">\r\n\t\t\t\t\t\t\t<span class=\"hb__person-content\">hodn\u011b krv\u00e1c\u00edm<span class=\"hb__person-content-arrow\"><\/span><\/span>\r\n\t\t\t\t\t\t\t<span class=\"hb__person-bg\">\r\n\t\t\t\t\t\t\t\t<span class=\"hb__person-arrow triangle up hba\"><\/span>\r\n\t\t\t\t\t\t\t<\/span>\r\n\t\t\t\t\t\t<\/div>\r\n\t\t\t\t\t\t\r\n\t\t\t\t\t<\/a>\r\n\t\t\t\t<\/div>\r\n\t\t\t\t\t\t\t\t\r\n\t\t\t\t<div class=\"hb__person col-6\" id=\"person_2\">\r\n\t\t\t\t\t<img decoding=\"async\" class=\"hb__person-image hbi\" src=\"https:\/\/vwdtest.com\/cz\/wp-content\/uploads\/sites\/35\/2023\/07\/vwd-person2.png\" alt=\"M\u00e1m silnou&lt;br&gt;menstruaci\">\r\n\t\t\t\t\t<a href=\"https:\/\/vwdtest.com\/cz\/heavy-periods\/\" class=\"hb__person-button hbb\">\r\n\t\t\t\t\t\t<div class=\"hb__person-text\">\r\n\t\t\t\t\t\t\t<span class=\"hb__person-content\">M\u00e1m silnou<br>menstruaci<span class=\"hb__person-content-arrow\"><\/span><\/span>\r\n\t\t\t\t\t\t\t<span class=\"hb__person-bg\">\r\n\t\t\t\t\t\t\t\t<span class=\"hb__person-arrow triangle up hba\"><\/span>\r\n\t\t\t\t\t\t\t<\/span>\r\n\t\t\t\t\t\t<\/div>\r\n\t\t\t\t\t\t\r\n\t\t\t\t\t<\/a>\r\n\t\t\t\t<\/div>\r\n\t\t\t\t\t\t\t\t\r\n\t\t\t\t<div class=\"hb__person col-6\" id=\"person_3\">\r\n\t\t\t\t\t<img decoding=\"async\" class=\"hb__person-image hbi\" src=\"https:\/\/vwdtest.com\/cz\/wp-content\/uploads\/sites\/35\/2023\/07\/Worried-patients-1.png\" alt=\"Jsem Ustaran\u00fd rodi\u010d\">\r\n\t\t\t\t\t<a href=\"https:\/\/vwdtest.com\/cz\/i-am-a-worried-parent\/\" class=\"hb__person-button hbb\">\r\n\t\t\t\t\t\t<div class=\"hb__person-text\">\r\n\t\t\t\t\t\t\t<span class=\"hb__person-content\">Jsem Ustaran\u00fd rodi\u010d<span class=\"hb__person-content-arrow\"><\/span><\/span>\r\n\t\t\t\t\t\t\t<span class=\"hb__person-bg\">\r\n\t\t\t\t\t\t\t\t<span class=\"hb__person-arrow triangle up hba\"><\/span>\r\n\t\t\t\t\t\t\t<\/span>\r\n\t\t\t\t\t\t<\/div>\r\n\t\t\t\t\t\t\r\n\t\t\t\t\t<\/a>\r\n\t\t\t\t<\/div>\r\n\t\t\t\t\t\t\t\t\r\n\t\t\t\t<div class=\"hb__person col-6\" id=\"person_4\">\r\n\t\t\t\t\t<img decoding=\"async\" class=\"hb__person-image hbi\" src=\"https:\/\/vwdtest.com\/cz\/wp-content\/uploads\/sites\/35\/2023\/08\/bnr-img4-1.png\" alt=\"\u017eiju s vwd\">\r\n\t\t\t\t\t<a href=\"https:\/\/vwdtest.com\/cz\/i-live-with-vwd\/\" class=\"hb__person-button hbb\">\r\n\t\t\t\t\t\t<div class=\"hb__person-text\">\r\n\t\t\t\t\t\t\t<span class=\"hb__person-content\">\u017eiju s vwd<span class=\"hb__person-content-arrow\"><\/span><\/span>\r\n\t\t\t\t\t\t\t<span class=\"hb__person-bg\">\r\n\t\t\t\t\t\t\t\t<span class=\"hb__person-arrow triangle up hba\"><\/span>\r\n\t\t\t\t\t\t\t<\/span>\r\n\t\t\t\t\t\t<\/div>\r\n\t\t\t\t\t\t\r\n\t\t\t\t\t<\/a>\r\n\t\t\t\t<\/div>\r\n\t\t\t\t\t\t\t\t\t\t\t\t<\/div>\r\n\t<\/div>\r\n\t<div class=\"row d-lg-none\">\r\n\t\t<div class=\"col-12 col-lg-4\">\r\n\t\t\t<div class=\"hb__video\">\r\n\t\t\t\t<div class=\"hb__video-img play_video\" data-video=\"video_hb\"><img decoding=\"async\" src=\"https:\/\/vwdtest.com\/cz\/wp-content\/uploads\/sites\/35\/2023\/12\/VWD-thumbs-Corrales-English.png\" class=\"hb__video-image\"><\/div>\r\n\t\t\t\t<div class=\"hb__video-text\">\r\n\t\t\t\t\t<h3 class=\"hb__video-title\">P\u0159e\u010dt\u011bte si o <br \/>\r\niniciativa VWDtest<\/h3>\r\n\t\t\t\t\t<button class=\"hb__video-button button__large play_video\" data-video=\"video_hb\">prohl\u00e9dnout<\/button>\r\n\t\t\t\t<\/div>\r\n\t\t\t<\/div>\r\n\t\t<\/div>\r\n\t<\/div>\r\n<\/div>\r\n<div class=\"video\" id=\"video_hb\">\r\n\t\t<div class=\"video__box\">\r\n\t\t<div class=\"popup-close-icon\"><img decoding=\"async\" src=\"https:\/\/vwdtest.com\/fr\/wp-content\/uploads\/sites\/22\/2023\/09\/cross-icon1.svg\" alt=\"cross-icon\"><\/div>\r\n\t\t\t<video width=\"320\" height=\"240\" controls>\r\n\t\t\t\t<source src=\"https:\/\/vwdtest.com\/cz\/wp-content\/uploads\/sites\/35\/2025\/01\/Questions-answered_v2.mp4\" type=\"video\/mp4\">\r\n\t\t\t\tYour browser does not support the video tag.\r\n\t\t\t\t\t\t\t<\/video>\t\r\n\t\t<\/div>\r\n\t<\/div>\r\n\r\n\r\n\n\n<div class=\"default-block container\">\n<div style=\"height:60px\" aria-hidden=\"true\" class=\"wp-block-spacer\"><\/div>\n<\/div>\n\n\r\n\r\n<div class=\"container take-test\">\r\n\t<div class=\"row\">\r\n\t\t<div class=\"col-12 take-test__bg\">\r\n\r\n\t\t\t<div class=\"take-test__items\">\r\n\t\t\t\t<div class=\"row\">\r\n\t\t\t\t\t<div class=\"take-test__item bleed\">\r\n\t\t\t\t\t\t<h2 class=\"take-test__sticker\">P\u0158\u00cdLI\u0160 KRV\u00c1C\u00cdM?<\/h2>\r\n\t\t\t\t\t<\/div>\r\n\t\t\t\t\t<div class=\"take-test__item online-test\">\r\n\t\t\t\t\t\t<h3 class=\"take-test__counter take-test__counter--red\">\r\n\t\t\t\t\t\t\t<span class=\"take-test__counter-number\">53.751<\/span>\r\n\t\t\t\t\t\t\t<span class=\"take-test__counter-text\">lid\u00e9 absolvovali online test<\/span>\r\n\t\t\t\t\t\t<\/h3>\r\n\t\t\t\t\t<\/div>\r\n\t\t\t\t\t<div class=\"take-test__item people-identify\">\r\n\t\t\t\t\t\t<h3 class=\"take-test__counter take-test__counter--green\">\r\n\t\t\t\t\t\t\t<span class=\"take-test__counter-number\">19.647<\/span>\r\n\t\t\t\t\t\t\t<span class=\"take-test__counter-text\">byli identifikov\u00e1ni lid\u00e9 s potenci\u00e1ln\u00ed poruchou krv\u00e1cen\u00ed<\/span>\r\n\t\t\t\t\t\t<\/h3>\r\n\t\t\t\t\t<\/div>\r\n\t\t\t\t\t<div class=\"take-test__item take-test-take\">\r\n\t\t\t\t\t\t<h3 class=\"take-test__title\">Prove\u010fte test, abyste l\u00e9pe porozum\u011bli p\u0159\u00edznak\u016fm krv\u00e1cen\u00ed.<\/h3>\r\n\t\t\t\t\t<\/div>\r\n\t\t\t\t\t<div class=\"take-test__item test-btn\">\r\n\t\t\t\t\t\t<h3 class=\"take-test__buttonContainer\">\r\n\t\t\t\t\t\t<a href=\"https:\/\/vwdtest.com\/cz\/take-test\/\" id=\"home_take_test\" class=\"button take-test__button\">Ud\u011blej test<\/a>\r\n\t\t\t\t\t\t<\/h3>\r\n\t\t\t\t\t<\/div>\r\n\t\t\t\t<\/div>\r\n\t\t\t<\/div>\r\n\t\t<\/div>\r\n\t<\/div>\r\n<\/div>","protected":false},"excerpt":{"rendered":"","protected":false},"author":1,"featured_media":0,"parent":0,"menu_order":0,"comment_status":"closed","ping_status":"closed","template":"","meta":{"inline_featured_image":false},"acf":[],"yoast_head":"<!-- This site is optimized with the Yoast SEO plugin v20.4 - https:\/\/yoast.com\/wordpress\/plugins\/seo\/ -->\n<title>Homepage - Czech Republic<\/title>\n<meta name=\"robots\" content=\"index, follow, max-snippet:-1, max-image-preview:large, max-video-preview:-1\" \/>\n<link rel=\"canonical\" href=\"https:\/\/vwdtest.com\/cz\/\" \/>\n<meta property=\"og:locale\" content=\"en_US\" \/>\n<meta property=\"og:type\" content=\"article\" \/>\n<meta property=\"og:title\" content=\"Homepage - Czech Republic\" \/>\n<meta property=\"og:url\" content=\"https:\/\/vwdtest.com\/cz\/\" \/>\n<meta property=\"og:site_name\" content=\"Czech Republic\" \/>\n<meta property=\"article:modified_time\" content=\"2025-01-29T12:19:01+00:00\" \/>\n<meta name=\"twitter:card\" content=\"summary_large_image\" \/>\n<script type=\"application\/ld+json\" class=\"yoast-schema-graph\">{\"@context\":\"https:\/\/schema.org\",\"@graph\":[{\"@type\":\"WebPage\",\"@id\":\"https:\/\/vwdtest.com\/cz\/\",\"url\":\"https:\/\/vwdtest.com\/cz\/\",\"name\":\"Homepage - Czech Republic\",\"isPartOf\":{\"@id\":\"https:\/\/vwdtest.com\/cz\/#website\"},\"datePublished\":\"2023-02-13T13:47:59+00:00\",\"dateModified\":\"2025-01-29T12:19:01+00:00\",\"breadcrumb\":{\"@id\":\"https:\/\/vwdtest.com\/cz\/#breadcrumb\"},\"inLanguage\":\"en-US\",\"potentialAction\":[{\"@type\":\"ReadAction\",\"target\":[\"https:\/\/vwdtest.com\/cz\/\"]}]},{\"@type\":\"BreadcrumbList\",\"@id\":\"https:\/\/vwdtest.com\/cz\/#breadcrumb\",\"itemListElement\":[{\"@type\":\"ListItem\",\"position\":1,\"name\":\"Home\",\"item\":\"https:\/\/vwdtest.com\/cz\/\"},{\"@type\":\"ListItem\",\"position\":2,\"name\":\"Homepage\"}]},{\"@type\":\"WebSite\",\"@id\":\"https:\/\/vwdtest.com\/cz\/#website\",\"url\":\"https:\/\/vwdtest.com\/cz\/\",\"name\":\"Czech Republic\",\"description\":\"\",\"potentialAction\":[{\"@type\":\"SearchAction\",\"target\":{\"@type\":\"EntryPoint\",\"urlTemplate\":\"https:\/\/vwdtest.com\/cz\/?s={search_term_string}\"},\"query-input\":\"required name=search_term_string\"}],\"inLanguage\":\"en-US\"}]}<\/script>\n<!-- \/ Yoast SEO plugin. -->","yoast_head_json":{"title":"Homepage - Czech Republic","robots":{"index":"index","follow":"follow","max-snippet":"max-snippet:-1","max-image-preview":"max-image-preview:large","max-video-preview":"max-video-preview:-1"},"canonical":"https:\/\/vwdtest.com\/cz\/","og_locale":"en_US","og_type":"article","og_title":"Homepage - Czech Republic","og_url":"https:\/\/vwdtest.com\/cz\/","og_site_name":"Czech Republic","article_modified_time":"2025-01-29T12:19:01+00:00","twitter_card":"summary_large_image","schema":{"@context":"https:\/\/schema.org","@graph":[{"@type":"WebPage","@id":"https:\/\/vwdtest.com\/cz\/","url":"https:\/\/vwdtest.com\/cz\/","name":"Homepage - Czech Republic","isPartOf":{"@id":"https:\/\/vwdtest.com\/cz\/#website"},"datePublished":"2023-02-13T13:47:59+00:00","dateModified":"2025-01-29T12:19:01+00:00","breadcrumb":{"@id":"https:\/\/vwdtest.com\/cz\/#breadcrumb"},"inLanguage":"en-US","potentialAction":[{"@type":"ReadAction","target":["https:\/\/vwdtest.com\/cz\/"]}]},{"@type":"BreadcrumbList","@id":"https:\/\/vwdtest.com\/cz\/#breadcrumb","itemListElement":[{"@type":"ListItem","position":1,"name":"Home","item":"https:\/\/vwdtest.com\/cz\/"},{"@type":"ListItem","position":2,"name":"Homepage"}]},{"@type":"WebSite","@id":"https:\/\/vwdtest.com\/cz\/#website","url":"https:\/\/vwdtest.com\/cz\/","name":"Czech Republic","description":"","potentialAction":[{"@type":"SearchAction","target":{"@type":"EntryPoint","urlTemplate":"https:\/\/vwdtest.com\/cz\/?s={search_term_string}"},"query-input":"required name=search_term_string"}],"inLanguage":"en-US"}]}},"_links":{"self":[{"href":"https:\/\/vwdtest.com\/cz\/wp-json\/wp\/v2\/pages\/17"}],"collection":[{"href":"https:\/\/vwdtest.com\/cz\/wp-json\/wp\/v2\/pages"}],"about":[{"href":"https:\/\/vwdtest.com\/cz\/wp-json\/wp\/v2\/types\/page"}],"author":[{"embeddable":true,"href":"https:\/\/vwdtest.com\/cz\/wp-json\/wp\/v2\/users\/1"}],"replies":[{"embeddable":true,"href":"https:\/\/vwdtest.com\/cz\/wp-json\/wp\/v2\/comments?post=17"}],"version-history":[{"count":210,"href":"https:\/\/vwdtest.com\/cz\/wp-json\/wp\/v2\/pages\/17\/revisions"}],"predecessor-version":[{"id":2462,"href":"https:\/\/vwdtest.com\/cz\/wp-json\/wp\/v2\/pages\/17\/revisions\/2462"}],"wp:attachment":[{"href":"https:\/\/vwdtest.com\/cz\/wp-json\/wp\/v2\/media?parent=17"}],"curies":[{"name":"wp","href":"https:\/\/api.w.org\/{rel}","templated":true}]}}