{"id":138,"date":"2023-02-16T10:15:43","date_gmt":"2023-02-16T10:15:43","guid":{"rendered":"https:\/\/new.vwdtest.com\/cz\/?page_id=138"},"modified":"2025-09-04T05:39:11","modified_gmt":"2025-09-04T05:39:11","slug":"heavy-periods","status":"publish","type":"page","link":"https:\/\/vwdtest.com\/cz\/heavy-periods\/","title":{"rendered":"M\u00e1m silnou menstruaci"},"content":{"rendered":"<div class=\"default-block container\">\n<h3>Je va\u0161e menstruace p\u0159\u00edli\u0161 siln\u00e1 nebo trv\u00e1 p\u0159\u00edli\u0161 dlouho?<\/h3>\n<\/div>\n\n<div class=\"default-block container\">\nC\u00edt\u00edte se b\u011bhem menstruace neust\u00e1le unaven\u00e1 a je pro v\u00e1s t\u011b\u017ek\u00e9 se soust\u0159edit b\u011bhem vyu\u010dov\u00e1n\u00ed nebo v pr\u00e1ci? C\u00edt\u00edte se tak vy\u010derpan\u00e1, \u017ee se vyh\u00fdb\u00e1te chozen\u00ed ven? Poci\u0165ujete b\u011bhem menstruace bolestiv\u00e9 k\u0159e\u010de? Jste du\u0161n\u00e1 po lehk\u00e9m cvi\u010den\u00ed? Boj\u00edte se v l\u00e9t\u011b nosit b\u00edl\u00e9 oble\u010den\u00ed kv\u016fli krv\u00e1cen\u00ed?\n<\/div>\n\n<div class=\"default-block container\">\n<p class=\"full\"> Pokud na n\u011bkterou z t\u011bchto ot\u00e1zek odpov\u00edte \u201eano\u201c, je mo\u017en\u00e9, \u017ee u v\u00e1s m\u016f\u017ee doch\u00e1zet k siln\u00e9mu menstrua\u010dn\u00edmu krv\u00e1cen\u00ed.Siln\u00e9 menstrua\u010dn\u00ed krv\u00e1cen\u00ed neboli menoragie je pom\u011brn\u011b b\u011b\u017en\u00e9 a m\u016f\u017ee v\u00fdznamn\u011b ovlivnit v\u00e1\u0161 ka\u017edodenn\u00ed \u017eivot a va\u0161e fyzick\u00e9 nebo du\u0161evn\u00ed zdrav\u00ed. P\u0159ibli\u017en\u011b 1 ze 4 \u017een a d\u00edvek po cel\u00fd \u017eivot poci\u0165uje p\u0159\u00edznaky siln\u00e9ho menstrua\u010dn\u00edho krv\u00e1cen\u00ed. P\u0159esto\u017ee je siln\u00e9 menstrua\u010dn\u00ed krv\u00e1cen\u00ed \u010dast\u00e9, je \u010dasto p\u0159ehl\u00ed\u017eeno. To znamen\u00e1, \u017ee mnoho \u017een a d\u00edvek trp\u00ed zbyte\u010dn\u011b, proto\u017ee siln\u00e9 menstrua\u010dn\u00ed krv\u00e1cen\u00ed je l\u00e9\u010diteln\u00e9.\n<\/div>\n\n<img decoding=\"async\" src=\"https:\/\/vwdtest.com\/cz\/wp-content\/uploads\/sites\/35\/2023\/02\/periods.webp\" alt=\"M\u00e1m silnou menstruaci\" class=\"page_thumbnail d-xl-none\">\r\n\n\n<div class=\"default-block container\">\n<h3>P\u0159\u00ed\u010diny siln\u00e9 menstruace<\/h3>\n<\/div>\n\n<div class=\"default-block container\">\n<p class=\"full\">Existuje \u0159ada potenci\u00e1ln\u00edch p\u0159\u00ed\u010din <a data-type=\"page\" data-id=\"69\" href=\"https:\/\/vwdtest.com\/cz\/bleeding-symptoms\/#hmb\">siln\u00e9ho menstrua\u010dn\u00edho krv\u00e1cen\u00ed<\/a>. Pro v\u00fdb\u011br spr\u00e1vn\u00e9 l\u00e9\u010dby je d\u016fle\u017eit\u00e9 zn\u00e1t p\u0159esnou p\u0159\u00ed\u010dinu.<sup>3<\/sup> P\u0159ibli\u017en\u011b 1 z 5 \u017een se siln\u00fdm menstrua\u010dn\u00edm krv\u00e1cen\u00edm m\u00e1 z\u00e1kladn\u00ed poruchu krevn\u00edho sr\u00e1\u017een\u00ed. Nej\u010dast\u011bj\u0161\u00ed krv\u00e1civou poruchou je von Willebrandova choroba (vWch) . T\u00e9m\u011b\u0159 v\u0161echny \u017eeny s vWch maj\u00ed siln\u00e9 menstrua\u010dn\u00ed krv\u00e1cen\u00ed. Bohu\u017eel je vWch p\u0159\u00edli\u0161 \u010dasto p\u0159ehl\u00ed\u017eena jako p\u0159\u00ed\u010dina siln\u00e9ho menstrua\u010dn\u00edho krv\u00e1cen\u00ed. Krom toho n\u011bkter\u00e9 l\u00e9\u010debn\u00e9 postupy, kter\u00e9 ovliv\u0148uj\u00ed siln\u00e9 menstrua\u010dn\u00ed krv\u00e1cen\u00ed, nechr\u00e1n\u00ed \u017eeny s vWch p\u0159ed dal\u0161\u00edmi komplikacemi onemocn\u011bn\u00ed. Bez diagn\u00f3zy z\u016fst\u00e1v\u00e1 t\u011bmto \u017een\u00e1m riziko nadm\u011brn\u00e9ho krv\u00e1cen\u00ed b\u011bhem t\u011bhotenstv\u00ed i b\u011bhem a po porodu. vWch je l\u00e9\u010diteln\u00e1, tak\u017ee pokud je diagn\u00f3za zn\u00e1ma p\u0159ed t\u011bhotenstv\u00edm, krv\u00e1cen\u00ed m\u016f\u017ee b\u00fdt l\u00e9\u010deno a \u017eeny s vWch mohou m\u00edt norm\u00e1ln\u00ed t\u011bhotenstv\u00ed.\n<\/div>\n\n<div class=\"default-block container\">\n<h3>Mo\u017en\u00e1 nejste jedin\u00e1 ve va\u0161\u00ed rodin\u011b, kdo m\u00e1 silnou menstruaci<\/h3>\n<\/div>\n\n<div class=\"default-block container\">\n<p class=\"full\">Pokud si nejste jista svou menstruac\u00ed, mo\u017en\u00e1 jste ji prob\u00edrala s jin\u00fdmi \u017eenami ve va\u0161\u00ed rodin\u011b. Va\u0161e matka, teta nebo sestra mohou za\u017e\u00edt podobn\u00e9 krv\u00e1cen\u00ed a \u0159\u00edci v\u00e1m, \u017ee va\u0161e menstruace je norm\u00e1ln\u00ed. To v\u0161ak nen\u00ed v\u017edy pravda. Siln\u00e9 menstrua\u010dn\u00ed krv\u00e1cen\u00ed m\u016f\u017ee b\u00fdt mimo jin\u00e9 zp\u016fsobeno d\u011bdi\u010dn\u00fdmi poruchami krv\u00e1civosti. Tyto poruchy mohou postihnout n\u011bkolik \u010dlen\u016f rodiny. Pokud va\u0161e menstruace ovliv\u0148uje v\u00e1\u0161 ka\u017edodenn\u00ed \u017eivot a pohodu, doporu\u010dujeme, abyste si o sv\u00e9m krv\u00e1cen\u00ed promluvila se sv\u00fdm l\u00e9ka\u0159em.\n<\/div>\n\n<div class=\"default-block container\">\n<h3>Zjist\u011bte, zda je va\u0161e krv\u00e1cen\u00ed norm\u00e1ln\u00ed<\/h3>\n<\/div>\n\n<div class=\"default-block container\">\n<p class=\"full\">Jak velk\u00e9 krv\u00e1cen\u00ed je p\u0159\u00edli\u0161 velk\u00e9? Na tuto ot\u00e1zku je n\u011bkdy t\u011b\u017ek\u00e9 odpov\u011bd\u011bt. Mezi typick\u00e9 p\u0159\u00edznaky siln\u00e9ho menstrua\u010dn\u00edho krv\u00e1cen\u00ed pat\u0159\u00ed krv\u00e1cen\u00ed trvaj\u00edc\u00ed d\u00e9le ne\u017e t\u00fdden, nutnost v\u00fdm\u011bny vlo\u017eky nebo tamponu ka\u017ed\u00fdch n\u011bkolik hodin, krv\u00e1cen\u00ed do oble\u010den\u00ed nebo lo\u017en\u00edho pr\u00e1dla a vylu\u010dov\u00e1n\u00ed velk\u00fdch krevn\u00edch sra\u017eenin.<sup>5<\/sup> Abychom v\u00e1m pomohli, zjist\u011bte v\u00edce o sv\u00e9m menstrua\u010dn\u00edm krv\u00e1cen\u00ed, v\u011bdci vyvinuli <a href=\"#\" id=\"showPdf\">jednoduchou bodovac\u00ed tabulku<\/a>. V t\u00e9to tabulce si m\u016f\u017eete zaznamenat, kolik hygienick\u00fdch prost\u0159edk\u016f denn\u011b pou\u017e\u00edv\u00e1te. Tyto informace v\u00e1m i va\u0161emu l\u00e9ka\u0159i pomohou zjistit, zda m\u00e1te siln\u00e9 menstrua\u010dn\u00ed krv\u00e1cen\u00ed.<sup>6<\/sup><\/p>\n<div class=\"video test\" id=\"\">\n    <div class=\"video__box\">\n        <div class=\"popup-main-wrapper\">\n            <div class=\"popup-wrapper\">\n                <div class=\"popup-close-icon\"><img decoding=\"async\" src=\"https:\/\/vwdtest.com\/fr\/wp-content\/uploads\/sites\/22\/2023\/09\/cross-icon1.svg\" alt=\"cross-icon\">\n                <\/div>\n                \n            <\/div>\n        <\/div>\n\n    <\/div>\n<\/div>\n<\/div>\n\n<div class=\"default-block container\">\n<div style=\"height:30px\" aria-hidden=\"true\" class=\"wp-block-spacer\"><\/div>\n<\/div>\n\n<div class=\"default-block container\">\n<div class=\"is-content-justification-right is-layout-flex wp-container-1 wp-block-buttons\">\n<div class=\"wp-block-button download increase_download_count\"><a class=\"wp-block-button__link wp-element-button\" href=\"https:\/\/vwdtest.com\/cz\/wp-content\/uploads\/sites\/35\/2025\/09\/PBAC-0025-CZ.pdf\" target=\"_blank\" rel=\"noreferrer noopener\" download>St\u00e1hn\u011bte si bodovac\u00ed kartu<\/a><\/div>\n<\/div>\n<\/div>\n\n<div class=\"default-block container\">\n<div style=\"height:30px\" aria-hidden=\"true\" class=\"wp-block-spacer\"><\/div>\n<\/div>\n\n<div class=\"default-block container\">\n<div style=\"height:60px\" aria-hidden=\"true\" class=\"wp-block-spacer\"><\/div>\n<\/div>\n\n<div class=\"default-block container\">\n\u017deny a d\u00edvky se siln\u00fdm menstrua\u010dn\u00edm krv\u00e1cen\u00edm mohou tak\u00e9 \u010dasto krv\u00e1cet z nosu nebo z  d\u00e1sn\u00ed. Ztr\u00e1ta krve m\u016f\u017ee v\u00e9st k nedostatku \u017eeleza a an\u00e9mii, co\u017e vede k tomu, \u017ee se c\u00edt\u00edte unaven\u00e1 a vy\u010derpan\u00e1. Pokud jste poci\u0165ovala n\u011bkter\u00fd z t\u011bchto p\u0159\u00edznak\u016f nebo jste krv\u00e1cela po extrakci zubu nebo jin\u00e9m men\u0161\u00edm chirurgick\u00e9m z\u00e1kroku, doporu\u010dujeme v\u00e1m ud\u011blat si test krv\u00e1cen\u00ed. V\u00fdzkumn\u00edci vyvinuli tento test, aby v\u00e1m pomohli zjistit, zda je va\u0161e krv\u00e1cen\u00ed norm\u00e1ln\u00ed nebo ne. Jeho proveden\u00ed trv\u00e1 jen n\u011bkolik minut a \u0159ekne v\u00e1m, zda byste kv\u016fli krv\u00e1cen\u00ed m\u011bla nav\u0161t\u00edvit l\u00e9ka\u0159e. To m\u016f\u017ee b\u00fdt je\u0161t\u011b d\u016fle\u017eit\u011bj\u0161\u00ed, pokud se chyst\u00e1te podstoupit operaci.\n<\/div>\n\n<div class=\"default-block container\">\n<div class=\"is-content-justification-right is-layout-flex wp-container-2 wp-block-buttons\">\n<div class=\"wp-block-button take-test\"><a class=\"wp-block-button__link wp-element-button\" href=\"\/cz\/take-test\" target=\"_blank\" rel=\"noreferrer noopener\">Ud\u011blej test<\/a><\/div>\n<\/div>\n<\/div>\n\n<div class=\"default-block container\">\n<h6>Odkazy<\/h6>\n<\/div>\n\n<div class=\"default-block container\">\n<ol type=\"1\"><div class=\"default-block container\">\n<li>Fraser IS et al. Int J Gynaecol Obstet 2015; 128:196-200.<\/li>\n<\/div>\n\n<div class=\"default-block container\">\n<li><a href=\"https:\/\/pubmed.ncbi.nlm.nih.gov\/36210240\/\" target=\"_blank\" rel=\"noreferrer noopener\">Corrales-Medina FF et al. <em>Blood Rev<\/em><\/a><em> <\/em>2023; 58:101018. <\/li>\n<\/div>\n\n<div class=\"default-block container\">\n<li><a href=\"https:\/\/www.acog.org\/womens-health\/faqs\/heavy-menstrual-bleeding\" target=\"_blank\" rel=\"noreferrer noopener\">https:\/\/www.acog.org\/womens-health\/faqs\/heavy-menstrual-bleeding<\/a>;Naposledy nav\u0161t\u00edveno Jan 2024.<\/li>\n<\/div>\n\n<div class=\"default-block container\">\n<li><a href=\"https:\/\/www.cdc.gov\/ncbddd\/vwd\/women.html\" target=\"_blank\" rel=\"noreferrer noopener\">https:\/\/www.cdc.gov\/ncbddd\/vwd\/women.html<\/a>; Naposledy nav\u0161t\u00edveno Jan 2024.<\/li>\n<\/div>\n\n<div class=\"default-block container\">\n<li><a href=\"https:\/\/www.nhs.uk\/conditions\/heavy-periods\/\" target=\"_blank\" rel=\"noreferrer noopener\">https:\/\/www.nhs.uk\/conditions\/heavy-periods\/<\/a>; Naposledy nav\u0161t\u00edveno Jan 2024.<\/li>\n<\/div>\n\n<div class=\"default-block container\">\n<li>Higham JM et al. Br J Obstet Gynaecol 1990; 97:734-9.<\/li>\n<\/div><\/ol>\n<\/div>","protected":false},"excerpt":{"rendered":"<p>Je va\u0161e menstruace p\u0159\u00edli\u0161 siln\u00e1 nebo trv\u00e1 p\u0159\u00edli\u0161 dlouho? C\u00edt\u00edte se b\u011bhem menstruace neust\u00e1le unaven\u00e1 a je pro v\u00e1s t\u011b\u017ek\u00e9 se soust\u0159edit b\u011bhem vyu\u010dov\u00e1n\u00ed nebo v pr\u00e1ci? C\u00edt\u00edte se tak vy\u010derpan\u00e1, \u017ee se vyh\u00fdb\u00e1te chozen\u00ed ven? Poci\u0165ujete b\u011bhem menstruace bolestiv\u00e9 k\u0159e\u010de? Jste du\u0161n\u00e1 po lehk\u00e9m cvi\u010den\u00ed? Boj\u00edte se v l\u00e9t\u011b nosit b\u00edl\u00e9 oble\u010den\u00ed kv\u016fli krv\u00e1cen\u00ed? [&hellip;]<\/p>\n","protected":false},"author":1,"featured_media":227,"parent":0,"menu_order":0,"comment_status":"closed","ping_status":"closed","template":"","meta":{"inline_featured_image":false},"acf":[],"yoast_head":"<!-- This site is optimized with the Yoast SEO plugin v20.4 - https:\/\/yoast.com\/wordpress\/plugins\/seo\/ -->\n<title>M\u00e1m silnou menstruaci - Czech Republic<\/title>\n<meta name=\"robots\" content=\"index, follow, max-snippet:-1, max-image-preview:large, max-video-preview:-1\" \/>\n<link rel=\"canonical\" href=\"https:\/\/vwdtest.com\/cz\/heavy-periods\/\" \/>\n<meta property=\"og:locale\" content=\"en_US\" \/>\n<meta property=\"og:type\" content=\"article\" \/>\n<meta property=\"og:title\" content=\"M\u00e1m silnou menstruaci - Czech Republic\" \/>\n<meta property=\"og:description\" content=\"Je va\u0161e menstruace p\u0159\u00edli\u0161 siln\u00e1 nebo trv\u00e1 p\u0159\u00edli\u0161 dlouho? C\u00edt\u00edte se b\u011bhem menstruace neust\u00e1le unaven\u00e1 a je pro v\u00e1s t\u011b\u017ek\u00e9 se soust\u0159edit b\u011bhem vyu\u010dov\u00e1n\u00ed nebo v pr\u00e1ci? C\u00edt\u00edte se tak vy\u010derpan\u00e1, \u017ee se vyh\u00fdb\u00e1te chozen\u00ed ven? Poci\u0165ujete b\u011bhem menstruace bolestiv\u00e9 k\u0159e\u010de? Jste du\u0161n\u00e1 po lehk\u00e9m cvi\u010den\u00ed? Boj\u00edte se v l\u00e9t\u011b nosit b\u00edl\u00e9 oble\u010den\u00ed kv\u016fli krv\u00e1cen\u00ed? [&hellip;]\" \/>\n<meta property=\"og:url\" content=\"https:\/\/vwdtest.com\/cz\/heavy-periods\/\" \/>\n<meta property=\"og:site_name\" content=\"Czech Republic\" \/>\n<meta property=\"article:modified_time\" content=\"2025-09-04T05:39:11+00:00\" \/>\n<meta property=\"og:image\" content=\"https:\/\/vwdtest.com\/cz\/wp-content\/uploads\/sites\/35\/2023\/02\/periods.webp\" \/>\n\t<meta property=\"og:image:width\" content=\"674\" \/>\n\t<meta property=\"og:image:height\" content=\"929\" \/>\n\t<meta property=\"og:image:type\" content=\"image\/webp\" \/>\n<meta name=\"twitter:card\" content=\"summary_large_image\" \/>\n<meta name=\"twitter:label1\" content=\"Est. reading time\" \/>\n\t<meta name=\"twitter:data1\" content=\"3 minutes\" \/>\n<script type=\"application\/ld+json\" class=\"yoast-schema-graph\">{\"@context\":\"https:\/\/schema.org\",\"@graph\":[{\"@type\":\"WebPage\",\"@id\":\"https:\/\/vwdtest.com\/cz\/heavy-periods\/\",\"url\":\"https:\/\/vwdtest.com\/cz\/heavy-periods\/\",\"name\":\"M\u00e1m silnou menstruaci - Czech Republic\",\"isPartOf\":{\"@id\":\"https:\/\/vwdtest.com\/cz\/#website\"},\"datePublished\":\"2023-02-16T10:15:43+00:00\",\"dateModified\":\"2025-09-04T05:39:11+00:00\",\"breadcrumb\":{\"@id\":\"https:\/\/vwdtest.com\/cz\/heavy-periods\/#breadcrumb\"},\"inLanguage\":\"en-US\",\"potentialAction\":[{\"@type\":\"ReadAction\",\"target\":[\"https:\/\/vwdtest.com\/cz\/heavy-periods\/\"]}]},{\"@type\":\"BreadcrumbList\",\"@id\":\"https:\/\/vwdtest.com\/cz\/heavy-periods\/#breadcrumb\",\"itemListElement\":[{\"@type\":\"ListItem\",\"position\":1,\"name\":\"Home\",\"item\":\"https:\/\/vwdtest.com\/cz\/\"},{\"@type\":\"ListItem\",\"position\":2,\"name\":\"M\u00e1m silnou menstruaci\"}]},{\"@type\":\"WebSite\",\"@id\":\"https:\/\/vwdtest.com\/cz\/#website\",\"url\":\"https:\/\/vwdtest.com\/cz\/\",\"name\":\"Czech Republic\",\"description\":\"\",\"potentialAction\":[{\"@type\":\"SearchAction\",\"target\":{\"@type\":\"EntryPoint\",\"urlTemplate\":\"https:\/\/vwdtest.com\/cz\/?s={search_term_string}\"},\"query-input\":\"required name=search_term_string\"}],\"inLanguage\":\"en-US\"}]}<\/script>\n<!-- \/ Yoast SEO plugin. -->","yoast_head_json":{"title":"M\u00e1m silnou menstruaci - Czech Republic","robots":{"index":"index","follow":"follow","max-snippet":"max-snippet:-1","max-image-preview":"max-image-preview:large","max-video-preview":"max-video-preview:-1"},"canonical":"https:\/\/vwdtest.com\/cz\/heavy-periods\/","og_locale":"en_US","og_type":"article","og_title":"M\u00e1m silnou menstruaci - Czech Republic","og_description":"Je va\u0161e menstruace p\u0159\u00edli\u0161 siln\u00e1 nebo trv\u00e1 p\u0159\u00edli\u0161 dlouho? C\u00edt\u00edte se b\u011bhem menstruace neust\u00e1le unaven\u00e1 a je pro v\u00e1s t\u011b\u017ek\u00e9 se soust\u0159edit b\u011bhem vyu\u010dov\u00e1n\u00ed nebo v pr\u00e1ci? C\u00edt\u00edte se tak vy\u010derpan\u00e1, \u017ee se vyh\u00fdb\u00e1te chozen\u00ed ven? Poci\u0165ujete b\u011bhem menstruace bolestiv\u00e9 k\u0159e\u010de? Jste du\u0161n\u00e1 po lehk\u00e9m cvi\u010den\u00ed? Boj\u00edte se v l\u00e9t\u011b nosit b\u00edl\u00e9 oble\u010den\u00ed kv\u016fli krv\u00e1cen\u00ed? [&hellip;]","og_url":"https:\/\/vwdtest.com\/cz\/heavy-periods\/","og_site_name":"Czech Republic","article_modified_time":"2025-09-04T05:39:11+00:00","og_image":[{"width":674,"height":929,"url":"https:\/\/vwdtest.com\/cz\/wp-content\/uploads\/sites\/35\/2023\/02\/periods.webp","type":"image\/webp"}],"twitter_card":"summary_large_image","twitter_misc":{"Est. reading time":"3 minutes"},"schema":{"@context":"https:\/\/schema.org","@graph":[{"@type":"WebPage","@id":"https:\/\/vwdtest.com\/cz\/heavy-periods\/","url":"https:\/\/vwdtest.com\/cz\/heavy-periods\/","name":"M\u00e1m silnou menstruaci - Czech Republic","isPartOf":{"@id":"https:\/\/vwdtest.com\/cz\/#website"},"datePublished":"2023-02-16T10:15:43+00:00","dateModified":"2025-09-04T05:39:11+00:00","breadcrumb":{"@id":"https:\/\/vwdtest.com\/cz\/heavy-periods\/#breadcrumb"},"inLanguage":"en-US","potentialAction":[{"@type":"ReadAction","target":["https:\/\/vwdtest.com\/cz\/heavy-periods\/"]}]},{"@type":"BreadcrumbList","@id":"https:\/\/vwdtest.com\/cz\/heavy-periods\/#breadcrumb","itemListElement":[{"@type":"ListItem","position":1,"name":"Home","item":"https:\/\/vwdtest.com\/cz\/"},{"@type":"ListItem","position":2,"name":"M\u00e1m silnou menstruaci"}]},{"@type":"WebSite","@id":"https:\/\/vwdtest.com\/cz\/#website","url":"https:\/\/vwdtest.com\/cz\/","name":"Czech Republic","description":"","potentialAction":[{"@type":"SearchAction","target":{"@type":"EntryPoint","urlTemplate":"https:\/\/vwdtest.com\/cz\/?s={search_term_string}"},"query-input":"required name=search_term_string"}],"inLanguage":"en-US"}]}},"_links":{"self":[{"href":"https:\/\/vwdtest.com\/cz\/wp-json\/wp\/v2\/pages\/138"}],"collection":[{"href":"https:\/\/vwdtest.com\/cz\/wp-json\/wp\/v2\/pages"}],"about":[{"href":"https:\/\/vwdtest.com\/cz\/wp-json\/wp\/v2\/types\/page"}],"author":[{"embeddable":true,"href":"https:\/\/vwdtest.com\/cz\/wp-json\/wp\/v2\/users\/1"}],"replies":[{"embeddable":true,"href":"https:\/\/vwdtest.com\/cz\/wp-json\/wp\/v2\/comments?post=138"}],"version-history":[{"count":83,"href":"https:\/\/vwdtest.com\/cz\/wp-json\/wp\/v2\/pages\/138\/revisions"}],"predecessor-version":[{"id":2487,"href":"https:\/\/vwdtest.com\/cz\/wp-json\/wp\/v2\/pages\/138\/revisions\/2487"}],"wp:featuredmedia":[{"embeddable":true,"href":"https:\/\/vwdtest.com\/cz\/wp-json\/wp\/v2\/media\/227"}],"wp:attachment":[{"href":"https:\/\/vwdtest.com\/cz\/wp-json\/wp\/v2\/media?parent=138"}],"curies":[{"name":"wp","href":"https:\/\/api.w.org\/{rel}","templated":true}]}}