{"id":1091,"date":"2023-08-14T07:57:20","date_gmt":"2023-08-14T07:57:20","guid":{"rendered":"https:\/\/new.vwdtest.com\/cz\/?page_id=1091"},"modified":"2025-10-09T12:21:31","modified_gmt":"2025-10-09T12:21:31","slug":"family-doctor-paediatrician","status":"publish","type":"page","link":"https:\/\/vwdtest.com\/cz\/family-doctor-paediatrician\/","title":{"rendered":"PRAKTICK\u00dd L\u00c9KA\u0158 \/ D\u011aTSK\u00dd L\u00c9KA\u0158"},"content":{"rendered":"<div class=\"default-block container\">\n<p><h5 class=\"bleeding-symptoms-title worried\"><strong>V\u011bt\u0161ina pacient\u016f s vrozen\u00fdmi poruchami krv\u00e1cen\u00ed, jako je <a href=\"https:\/\/vwdtest.com\/cz\/von-willebrand-disease\/\">von Willebrandova choroba<\/a> (VWD), poci\u0165uje prvn\u00ed p\u0159\u00edznaky krv\u00e1cen\u00ed b\u011bhem d\u011btstv\u00ed. Bohu\u017eel kv\u016fli nedostate\u010dn\u00e9 informovanosti, slo\u017eit\u00e9 diagn\u00f3ze a m\u00edrn\u00fdm symptom\u016fm doch\u00e1z\u00ed u pacient\u016f k n\u011bkolikalet\u00e9 prodlev\u011b mezi prvn\u00edmi krv\u00e1civ\u00fdmi p\u0159\u00edznaky a diagn\u00f3zou krv\u00e1civ\u00e9 poruchy. Toto zpo\u017ed\u011bn\u00ed je je\u0161t\u011b v\u00fdrazn\u011bj\u0161\u00ed u \u017een ne\u017e u mu\u017e\u016f. Bez diagn\u00f3zy a adekv\u00e1tn\u00ed l\u00e9\u010dby maj\u00ed d\u011bti s nediagnostikovanou krv\u00e1civou poruchou zv\u00fd\u0161en\u00e9 riziko v\u00e1\u017en\u00e9ho krv\u00e1cen\u00ed i po <a href=\"\/cz\/i-live-with-vwd\/#mental-health\">men\u0161\u00edm traumatu<\/a> nebo b\u011b\u017en\u00fdch <a href=\"https:\/\/vwdtest.com\/cz\/i-live-with-vwd\/#surgery\">operac\u00edch<\/a> , jako jsou <a href=\"https:\/\/vwdtest.com\/cz\/bleeding-symptoms\/\">zubn\u00ed z\u00e1kroky<\/a> nebo tonzilektomie.<sup>1\u20133<\/sup><\/strong><\/h5><\/p>\n<\/div>\n\n<img decoding=\"async\" src=\"https:\/\/vwdtest.com\/cz\/wp-content\/uploads\/sites\/35\/2023\/08\/paediatrician-img.png\" alt=\"PRAKTICK\u00dd L\u00c9KA\u0158 \/ D\u011aTSK\u00dd L\u00c9KA\u0158\" class=\"page_thumbnail d-xl-none\">\r\n\n\n<div class=\"default-block container\">\n<p class=\"full\">D\u011bti s vWch mohou tak\u00e9 za\u017e\u00edvat emocion\u00e1ln\u00ed probl\u00e9my a probl\u00e9my v chov\u00e1n\u00ed ve \u0161kole a v rodinn\u00e9m \u017eivot\u011b kv\u016fli strachu z krv\u00e1cen\u00ed a \u010dast\u00e9 krv\u00e1cen\u00ed m\u016f\u017ee v\u00e9st k absenci ve \u0161kole.<sup>4 <\/sup> Strach z krv\u00e1cen\u00ed m\u016f\u017ee nav\u00edc p\u0159edstavovat zna\u010dnou <a href=\"\/cz\/i-live-with-vwd\/#mental-health\">psychickou z\u00e1t\u011b\u017e<\/a> pro pe\u010dovatele d\u00edt\u011bte a p\u0159im\u011bt je k omezen\u00ed fyzick\u00fdch a soci\u00e1ln\u00edch aktivit, kter\u00e9 jsou d\u016fle\u017eit\u00e9 pro norm\u00e1ln\u00ed v\u00fdvoj jejich d\u00edt\u011bte. <sup>5<\/sup><\/p>\n<\/div>\n\n<div class=\"default-block container\">\n<h3>Role praktick\u00fdch l\u00e9ka\u0159\u016f a pediatr\u016f<\/h3>\n<\/div>\n\n<div class=\"default-block container\">\n<p class=\"full\">VWch je nej\u010dast\u011bj\u0161\u00ed krv\u00e1civ\u00e1 porucha u d\u011bt\u00ed.<sup>6 <\/sup>\u010cast\u00e9 krv\u00e1civ\u00e9 p\u0159\u00edznaky u d\u011bt\u00ed s vWch zahrnuj\u00ed <a href=\"https:\/\/vwdtest.com\/cz\/bleeding-symptoms\/#easy-bruising\">snadnou tvorbu mod\u0159in<\/a>, krv\u00e1cen\u00ed z \u00fast a <a href=\"https:\/\/vwdtest.com\/cz\/bleeding-symptoms\/#nosebleed\">nosu<\/a> a prodlou\u017een\u00e9 krv\u00e1cen\u00ed z drobn\u00fdch ran a po operac\u00edch.<sup>2 <\/sup>Jako praktick\u00fd l\u00e9ka\u0159 nebo pediatr budete \u010dasto jako prvn\u00ed l\u00e9ka\u0159 vid\u011bt d\u011bti nebo dosp\u011bl\u00e9 s takov\u00fdmi p\u0159\u00edznaky a va\u0161\u00edm \u00fakolem bude ur\u010dit, zda m\u00e1 tato osoba abnorm\u00e1ln\u00ed typ krv\u00e1cen\u00ed, kter\u00fd si zaslou\u017e\u00ed dal\u0161\u00ed vy\u0161et\u0159en\u00ed odborn\u00edkem.<sup>7 <\/sup>U dosp\u011bl\u00fdch i d\u011bt\u00ed s mo\u017enou poruchou krv\u00e1civosti, je anamn\u00e9za krv\u00e1cen\u00ed prvn\u00edm krokem v diagnostice. P\u0159i hodnocen\u00ed anamn\u00e9zy krv\u00e1cen\u00ed u d\u00edt\u011bte je z\u00e1sadn\u00ed vz\u00edt v \u00favahu v\u011bk a v\u00fdvojov\u00e9 schopnosti pacienta. Kojenci, kte\u0159\u00ed je\u0161t\u011b nejsou pohybliv\u00ed, z\u0159\u00eddka vykazuj\u00ed zn\u00e1mky mod\u0159in, ale po ob\u0159\u00edzce nebo odb\u011brech krve mohou zaznamenat neobvykl\u00e9 krv\u00e1cen\u00ed.<sup>2,7 <\/sup>Jak se d\u011bti st\u00e1vaj\u00ed pohybliv\u011bj\u0161\u00edmi, \u010dast\u011bj\u0161\u00ed jsou drobn\u00e9 \u0161kr\u00e1bance a mod\u0159iny zp\u016fsoben\u00e9 n\u00e1razy nebo p\u00e1dy. Av\u0161ak mod\u0159iny, kter\u00e9 jsou v\u011bt\u0161\u00ed nebo se vyskytuj\u00ed \u010dast\u011bji, ne\u017e se o\u010dek\u00e1valo, mohou vyvolat podez\u0159en\u00ed na poruchu krv\u00e1civosti. U d\u011bt\u00ed s vWch se mohou objevit mod\u0159iny na neobvykl\u00fdch m\u00edstech, jako jsou z\u00e1da nebo b\u0159icho. Takov\u00e9 mod\u0159iny mohou b\u00fdt myln\u011b pova\u017eov\u00e1ny za zn\u00e1mky t\u00fdr\u00e1n\u00ed d\u011bt\u00ed a rodi\u010de mohou m\u00edt z t\u00e9to mo\u017enosti obavy.<sup>8 <\/sup>Kdy\u017e d\u00edvky vstoup\u00ed do puberty, za\u010dne <a href=\"\/cz\/bleeding-symptoms\/#hmb\">siln\u00e9 menstrua\u010dn\u00ed krv\u00e1cen\u00ed<\/a>, nej\u010dast\u011bj\u0161\u00ed krv\u00e1civ\u00fd p\u0159\u00edznak vWch. P\u0159i diskusi o t\u011bchto p\u0159\u00edznac\u00edch s pacienty a jejich pe\u010dovateli je d\u016fle\u017eit\u00e9 zahrnout tak\u00e9 rodinnou krv\u00e1civou anamn\u00e9zu, proto\u017ee opakuj\u00edc\u00ed se abnorm\u00e1ln\u00ed krv\u00e1cen\u00ed m\u016f\u017ee b\u00fdt v rodin\u011b bagatelizov\u00e1no.<sup>2,9<\/sup><\/p>\n<\/div>\n\n<div class=\"default-block container\">\n<p class=\"full\">Rozhodnut\u00ed, zda jsou p\u0159\u00edznaky krv\u00e1cen\u00ed neobvykl\u00e9, m\u016f\u017ee b\u00fdt n\u00e1ro\u010dn\u00e9.<sup>7 <\/sup>Pro prvn\u00ed posouzen\u00ed p\u0159\u00edznak\u016f krv\u00e1cen\u00ed, a zejm\u00e9na u pacient\u016f, u kter\u00fdch je pl\u00e1nov\u00e1na operace, doporu\u010dujeme prov\u00e9st n\u00e1\u0161 <a href=\"https:\/\/vwdtest.com\/cz\/take-test\/\">test krv\u00e1cen\u00ed<\/a> s va\u0161\u00edm pacientem. Test uk\u00e1\u017ee, zda jsou indikov\u00e1na dal\u0161\u00ed vy\u0161et\u0159en\u00ed \u2013 a m\u016f\u017ee zm\u011bnit \u017eivot va\u0161eho pacienta!<\/p>\n<\/div>\n\n<div class=\"default-block container\">\n<p class=\"full\">Kone\u010dn\u00e1 diagn\u00f3za vWch je v\u00fdsledkem slo\u017eit\u00e9ho procesu.<sup>2<\/sup> Proto v\u00e1m doporu\u010dujeme, abyste se obr\u00e1tili na nejbli\u017e\u0161\u00ed centrum pro <a href=\"\/cz\/helpful-resources\">l\u00e9\u010dbu hemofilie<\/a>, pokud je indikov\u00e1no dal\u0161\u00ed diagnostick\u00e9 hodnocen\u00ed. Multidisciplin\u00e1rn\u00ed t\u00fdmy centra poskytnou optim\u00e1ln\u00ed p\u00e9\u010di tak\u00e9 o pacienty s krv\u00e1civ\u00fdmi poruchami. VWDtest tak\u00e9 nab\u00edz\u00ed dal\u0161\u00ed informace o <a href=\"\/cz\/i-live-with-vwd\">etiologii<\/a>, <a href=\"\/cz\/i-live-with-vwd\">diagn\u00f3ze<\/a> a l\u00e9\u010db\u011b<a href=\"\/cz\/von-willebrand-disease\/\"> vWch<\/a> a tak\u00e9 nahl\u00e9dnut\u00ed do typick\u00e9 <a href=\"\/cz\/helpful-resources\/#journey\">situace <\/a> pacient\u016f s vWch.<\/p>\n<\/div>\n\n<div class=\"default-block container\">\n<h6>References<\/h6>\n<\/div>\n\n<div class=\"default-block container\">\n<ol type=\"1\"><div class=\"default-block container\">\n<li>Atiq F et al. <em>EClinicalMedicine<\/em> 2021; 32:100726.<\/li>\n<\/div>\n\n<div class=\"default-block container\">\n<li>Corrales-Medina FF et al. <em>Blood Rev <\/em>2023; 58:101018.<\/li>\n<\/div>\n\n<div class=\"default-block container\">\n<li>Patel PN et al. Int J <em>Pediatr Otorhinolaryngol<\/em> 2017; 100:216-22.<\/li>\n<\/div>\n\n<div class=\"default-block container\">\n<li>de Wee EM et al. <em>J Thromb Haemost<\/em> 2011; 9:502-9.<\/li>\n<\/div>\n\n<div class=\"default-block container\">\n<li><a target=\"_blank\" href=\"https:\/\/www.hemophilia.org\/sites\/default\/files\/document\/files\/nurses-guide-chapter-13a-child-development-with-bleeding-disorder-transition.pdf\" rel=\"noopener\">https:\/\/www.hemophilia.org\/sites\/default\/files\/document\/files\/nurses-guide-chapter-13a-child-development-with-bleeding-disorder-transition.pdf<\/a>; posledn\u00ed p\u0159\u00edstup v b\u0159eznu 2023.<\/li>\n<\/div>\n\n<div class=\"default-block container\">\n<li>Klaassen R and Halton <em>JM Paediatr Child Health<\/em> 2002; 7:245-9.<\/li>\n<\/div>\n\n<div class=\"default-block container\">\n<li>Van Ommen CH and Peters M. <em>Eur J Pediatr<\/em> 2012; 171:1-10.<\/li>\n<\/div>\n\n<div class=\"default-block container\">\n<li>Jackson J et al. <em>Child Abuse Negl<\/em> 2012; 36:127-34.<\/li>\n<\/div>\n\n<div class=\"default-block container\">\n<li>VanderMeulen H, et al. <em>Hematology Am Soc Hematol Educ Program<\/em> 2022 1: 631-6.<\/li>\n<\/div><\/ol>\n<\/div>","protected":false},"excerpt":{"rendered":"<p>V\u011bt\u0161ina pacient\u016f s vrozen\u00fdmi poruchami krv\u00e1cen\u00ed, jako je von Willebrandova choroba (VWD), poci\u0165uje prvn\u00ed p\u0159\u00edznaky krv\u00e1cen\u00ed b\u011bhem d\u011btstv\u00ed. Bohu\u017eel kv\u016fli nedostate\u010dn\u00e9 informovanosti, slo\u017eit\u00e9 diagn\u00f3ze a m\u00edrn\u00fdm symptom\u016fm doch\u00e1z\u00ed u pacient\u016f k n\u011bkolikalet\u00e9 prodlev\u011b mezi prvn\u00edmi krv\u00e1civ\u00fdmi p\u0159\u00edznaky a diagn\u00f3zou krv\u00e1civ\u00e9 poruchy. Toto zpo\u017ed\u011bn\u00ed je je\u0161t\u011b v\u00fdrazn\u011bj\u0161\u00ed u \u017een ne\u017e u mu\u017e\u016f. Bez diagn\u00f3zy a adekv\u00e1tn\u00ed [&hellip;]<\/p>\n","protected":false},"author":1,"featured_media":1095,"parent":0,"menu_order":0,"comment_status":"closed","ping_status":"closed","template":"","meta":{"inline_featured_image":false},"acf":[],"yoast_head":"<!-- This site is optimized with the Yoast SEO plugin v20.4 - https:\/\/yoast.com\/wordpress\/plugins\/seo\/ -->\n<title>PRAKTICK\u00dd L\u00c9KA\u0158 \/ D\u011aTSK\u00dd L\u00c9KA\u0158 - Czech Republic<\/title>\n<meta name=\"robots\" content=\"index, follow, max-snippet:-1, max-image-preview:large, max-video-preview:-1\" \/>\n<link rel=\"canonical\" href=\"https:\/\/vwdtest.com\/cz\/family-doctor-paediatrician\/\" \/>\n<meta property=\"og:locale\" content=\"en_US\" \/>\n<meta property=\"og:type\" content=\"article\" \/>\n<meta property=\"og:title\" content=\"PRAKTICK\u00dd L\u00c9KA\u0158 \/ D\u011aTSK\u00dd L\u00c9KA\u0158 - Czech Republic\" \/>\n<meta property=\"og:description\" content=\"V\u011bt\u0161ina pacient\u016f s vrozen\u00fdmi poruchami krv\u00e1cen\u00ed, jako je von Willebrandova choroba (VWD), poci\u0165uje prvn\u00ed p\u0159\u00edznaky krv\u00e1cen\u00ed b\u011bhem d\u011btstv\u00ed. Bohu\u017eel kv\u016fli nedostate\u010dn\u00e9 informovanosti, slo\u017eit\u00e9 diagn\u00f3ze a m\u00edrn\u00fdm symptom\u016fm doch\u00e1z\u00ed u pacient\u016f k n\u011bkolikalet\u00e9 prodlev\u011b mezi prvn\u00edmi krv\u00e1civ\u00fdmi p\u0159\u00edznaky a diagn\u00f3zou krv\u00e1civ\u00e9 poruchy. Toto zpo\u017ed\u011bn\u00ed je je\u0161t\u011b v\u00fdrazn\u011bj\u0161\u00ed u \u017een ne\u017e u mu\u017e\u016f. Bez diagn\u00f3zy a adekv\u00e1tn\u00ed [&hellip;]\" \/>\n<meta property=\"og:url\" content=\"https:\/\/vwdtest.com\/cz\/family-doctor-paediatrician\/\" \/>\n<meta property=\"og:site_name\" content=\"Czech Republic\" \/>\n<meta property=\"article:modified_time\" content=\"2025-10-09T12:21:31+00:00\" \/>\n<meta property=\"og:image\" content=\"https:\/\/vwdtest.com\/cz\/wp-content\/uploads\/sites\/35\/2023\/08\/paediatrician-img.png\" \/>\n\t<meta property=\"og:image:width\" content=\"687\" \/>\n\t<meta property=\"og:image:height\" content=\"799\" \/>\n\t<meta property=\"og:image:type\" content=\"image\/png\" \/>\n<meta name=\"twitter:card\" content=\"summary_large_image\" \/>\n<meta name=\"twitter:label1\" content=\"Est. reading time\" \/>\n\t<meta name=\"twitter:data1\" content=\"3 minutes\" \/>\n<script type=\"application\/ld+json\" class=\"yoast-schema-graph\">{\"@context\":\"https:\/\/schema.org\",\"@graph\":[{\"@type\":\"WebPage\",\"@id\":\"https:\/\/vwdtest.com\/cz\/family-doctor-paediatrician\/\",\"url\":\"https:\/\/vwdtest.com\/cz\/family-doctor-paediatrician\/\",\"name\":\"PRAKTICK\u00dd L\u00c9KA\u0158 \/ D\u011aTSK\u00dd L\u00c9KA\u0158 - Czech Republic\",\"isPartOf\":{\"@id\":\"https:\/\/vwdtest.com\/cz\/#website\"},\"datePublished\":\"2023-08-14T07:57:20+00:00\",\"dateModified\":\"2025-10-09T12:21:31+00:00\",\"breadcrumb\":{\"@id\":\"https:\/\/vwdtest.com\/cz\/family-doctor-paediatrician\/#breadcrumb\"},\"inLanguage\":\"en-US\",\"potentialAction\":[{\"@type\":\"ReadAction\",\"target\":[\"https:\/\/vwdtest.com\/cz\/family-doctor-paediatrician\/\"]}]},{\"@type\":\"BreadcrumbList\",\"@id\":\"https:\/\/vwdtest.com\/cz\/family-doctor-paediatrician\/#breadcrumb\",\"itemListElement\":[{\"@type\":\"ListItem\",\"position\":1,\"name\":\"Home\",\"item\":\"https:\/\/vwdtest.com\/cz\/\"},{\"@type\":\"ListItem\",\"position\":2,\"name\":\"PRAKTICK\u00dd L\u00c9KA\u0158 \/ D\u011aTSK\u00dd L\u00c9KA\u0158\"}]},{\"@type\":\"WebSite\",\"@id\":\"https:\/\/vwdtest.com\/cz\/#website\",\"url\":\"https:\/\/vwdtest.com\/cz\/\",\"name\":\"Czech Republic\",\"description\":\"\",\"potentialAction\":[{\"@type\":\"SearchAction\",\"target\":{\"@type\":\"EntryPoint\",\"urlTemplate\":\"https:\/\/vwdtest.com\/cz\/?s={search_term_string}\"},\"query-input\":\"required name=search_term_string\"}],\"inLanguage\":\"en-US\"}]}<\/script>\n<!-- \/ Yoast SEO plugin. -->","yoast_head_json":{"title":"PRAKTICK\u00dd L\u00c9KA\u0158 \/ D\u011aTSK\u00dd L\u00c9KA\u0158 - Czech Republic","robots":{"index":"index","follow":"follow","max-snippet":"max-snippet:-1","max-image-preview":"max-image-preview:large","max-video-preview":"max-video-preview:-1"},"canonical":"https:\/\/vwdtest.com\/cz\/family-doctor-paediatrician\/","og_locale":"en_US","og_type":"article","og_title":"PRAKTICK\u00dd L\u00c9KA\u0158 \/ D\u011aTSK\u00dd L\u00c9KA\u0158 - Czech Republic","og_description":"V\u011bt\u0161ina pacient\u016f s vrozen\u00fdmi poruchami krv\u00e1cen\u00ed, jako je von Willebrandova choroba (VWD), poci\u0165uje prvn\u00ed p\u0159\u00edznaky krv\u00e1cen\u00ed b\u011bhem d\u011btstv\u00ed. Bohu\u017eel kv\u016fli nedostate\u010dn\u00e9 informovanosti, slo\u017eit\u00e9 diagn\u00f3ze a m\u00edrn\u00fdm symptom\u016fm doch\u00e1z\u00ed u pacient\u016f k n\u011bkolikalet\u00e9 prodlev\u011b mezi prvn\u00edmi krv\u00e1civ\u00fdmi p\u0159\u00edznaky a diagn\u00f3zou krv\u00e1civ\u00e9 poruchy. Toto zpo\u017ed\u011bn\u00ed je je\u0161t\u011b v\u00fdrazn\u011bj\u0161\u00ed u \u017een ne\u017e u mu\u017e\u016f. Bez diagn\u00f3zy a adekv\u00e1tn\u00ed [&hellip;]","og_url":"https:\/\/vwdtest.com\/cz\/family-doctor-paediatrician\/","og_site_name":"Czech Republic","article_modified_time":"2025-10-09T12:21:31+00:00","og_image":[{"width":687,"height":799,"url":"https:\/\/vwdtest.com\/cz\/wp-content\/uploads\/sites\/35\/2023\/08\/paediatrician-img.png","type":"image\/png"}],"twitter_card":"summary_large_image","twitter_misc":{"Est. reading time":"3 minutes"},"schema":{"@context":"https:\/\/schema.org","@graph":[{"@type":"WebPage","@id":"https:\/\/vwdtest.com\/cz\/family-doctor-paediatrician\/","url":"https:\/\/vwdtest.com\/cz\/family-doctor-paediatrician\/","name":"PRAKTICK\u00dd L\u00c9KA\u0158 \/ D\u011aTSK\u00dd L\u00c9KA\u0158 - Czech Republic","isPartOf":{"@id":"https:\/\/vwdtest.com\/cz\/#website"},"datePublished":"2023-08-14T07:57:20+00:00","dateModified":"2025-10-09T12:21:31+00:00","breadcrumb":{"@id":"https:\/\/vwdtest.com\/cz\/family-doctor-paediatrician\/#breadcrumb"},"inLanguage":"en-US","potentialAction":[{"@type":"ReadAction","target":["https:\/\/vwdtest.com\/cz\/family-doctor-paediatrician\/"]}]},{"@type":"BreadcrumbList","@id":"https:\/\/vwdtest.com\/cz\/family-doctor-paediatrician\/#breadcrumb","itemListElement":[{"@type":"ListItem","position":1,"name":"Home","item":"https:\/\/vwdtest.com\/cz\/"},{"@type":"ListItem","position":2,"name":"PRAKTICK\u00dd L\u00c9KA\u0158 \/ D\u011aTSK\u00dd L\u00c9KA\u0158"}]},{"@type":"WebSite","@id":"https:\/\/vwdtest.com\/cz\/#website","url":"https:\/\/vwdtest.com\/cz\/","name":"Czech Republic","description":"","potentialAction":[{"@type":"SearchAction","target":{"@type":"EntryPoint","urlTemplate":"https:\/\/vwdtest.com\/cz\/?s={search_term_string}"},"query-input":"required name=search_term_string"}],"inLanguage":"en-US"}]}},"_links":{"self":[{"href":"https:\/\/vwdtest.com\/cz\/wp-json\/wp\/v2\/pages\/1091"}],"collection":[{"href":"https:\/\/vwdtest.com\/cz\/wp-json\/wp\/v2\/pages"}],"about":[{"href":"https:\/\/vwdtest.com\/cz\/wp-json\/wp\/v2\/types\/page"}],"author":[{"embeddable":true,"href":"https:\/\/vwdtest.com\/cz\/wp-json\/wp\/v2\/users\/1"}],"replies":[{"embeddable":true,"href":"https:\/\/vwdtest.com\/cz\/wp-json\/wp\/v2\/comments?post=1091"}],"version-history":[{"count":38,"href":"https:\/\/vwdtest.com\/cz\/wp-json\/wp\/v2\/pages\/1091\/revisions"}],"predecessor-version":[{"id":2509,"href":"https:\/\/vwdtest.com\/cz\/wp-json\/wp\/v2\/pages\/1091\/revisions\/2509"}],"wp:featuredmedia":[{"embeddable":true,"href":"https:\/\/vwdtest.com\/cz\/wp-json\/wp\/v2\/media\/1095"}],"wp:attachment":[{"href":"https:\/\/vwdtest.com\/cz\/wp-json\/wp\/v2\/media?parent=1091"}],"curies":[{"name":"wp","href":"https:\/\/api.w.org\/{rel}","templated":true}]}}