{"id":89,"date":"2023-02-14T13:03:21","date_gmt":"2023-02-14T13:03:21","guid":{"rendered":"https:\/\/new.vwdtest.com\/nw\/?page_id=89"},"modified":"2023-10-10T09:54:55","modified_gmt":"2023-10-10T09:54:55","slug":"vwd-and-denstistry","status":"publish","type":"page","link":"https:\/\/vwdtest.com\/bkp-hu\/vwd-and-denstistry\/","title":{"rendered":"VWD \u00c9S FOG\u00c1SZAT"},"content":{"rendered":"<div class=\"default-block container\">\n<h5 class=\"bleeding-symptoms-title dentist\">V\u00e9rz\u00e9si rendelleness\u00e9gben, p\u00e9ld\u00e1ul hemof\u00edli\u00e1ban vagy <a href=\"https:\/\/vwdtest.com\/bkp-hu\/von-willebrand-disease\/\" target=\"_blank\" rel=\"noreferrer noopener\">von Willebrand-k\u00f3r (VWD)<\/a> eset\u00e9n fokozott a sz\u00e1j\u00fcregi v\u00e9rz\u00e9s kock\u00e1zata, bele\u00e9rtve a rutin fog\u00e1szati \u200b\u200bell\u00e1t\u00e1st is.<sup>1,2<\/sup> V\u00e9rz\u00e9s m\u00e9g fogmos\u00e1s vagy fogselyem haszn\u00e1lat ut\u00e1n is el\u0151fordulhat , \u00e9s a v\u00e9rz\u00e9st\u0151l val\u00f3 f\u00e9lelem megakad\u00e1lyozhatja a betegeket a megfelel\u0151 sz\u00e1jhigi\u00e9nia fenntart\u00e1s\u00e1ban \u00e9s a fogorvos rendszeres l\u00e1togat\u00e1s\u00e1ban.<sup>2-4<\/sup> M\u00e9g a fog\u00e1szati \u200b\u200bszolg\u00e1ltat\u00f3jukat felkeres\u0151 betegek is f\u00e9lelmet \u00e9rezhetnek a fog\u00e1szati \u200b\u200bbeavatkoz\u00e1sokt\u00f3l a kor\u00e1bbi rossz tapasztalatok miatt, vagy aggodalm\u00e1t fejezi ki amiatt, hogy esetleg nem kezelik \u0151ket.<sup>4<\/sup> Ezenk\u00edv\u00fcl sok VWD-s beteget nem diagnosztiz\u00e1lnak, \u00e9s nem is tudj\u00e1k, hogy v\u00e9rz\u00e9s\u00fck nem norm\u00e1lis.<sup>5<\/sup><\/h5>\n<\/div>\n\n<img decoding=\"async\" src=\"https:\/\/vwdtest.com\/bkp-hu\/wp-content\/uploads\/sites\/62\/2023\/02\/Dentist-button.png\" alt=\"VWD \u00c9S FOG\u00c1SZAT\" class=\"page_thumbnail d-xl-none\">\r\n\n\n<div class=\"default-block container\">\n<p class=\"full\">A v\u00e9rz\u00e9s kock\u00e1zata \u00e9s az ebb\u0151l ered\u0151 szorong\u00e1s hozz\u00e1j\u00e1rul a v\u00e9rz\u00e9si rendelleness\u00e9gben szenved\u0151 gyermekek \u00e9s serd\u00fcl\u0151k fog\u00e1szati \u200b\u200beg\u00e9szs\u00e9g\u00e9nek roml\u00e1s\u00e1hoz.<sup>2<\/sup> Megfelel\u0151 oktat\u00e1s \u00e9s kezel\u00e9s n\u00e9lk\u00fcl ezek a betegek \u00f6rd\u00f6gi k\u00f6rbe ker\u00fclhetnek a gyakori fog\u00ednyv\u00e9rz\u00e9s, az elhanyagolt fog\u00e1szati \u200b\u200bell\u00e1t\u00e1s \u00e9s a sz\u00e1j eg\u00e9szs\u00e9g\u00e9nek roml\u00e1sa.<sup>3<\/sup> Sz\u00e1jeg\u00e9szs\u00e9g\u00fck \u00e9s \u00e9letmin\u0151s\u00e9g\u00fck v\u00e9delme \u00e9rdek\u00e9ben ezek a betegek \u00e9s gondoz\u00f3ik er\u0151sen f\u00fcggenek egy megb\u00edzhat\u00f3 fog\u00e1szati \u200b\u200bszolg\u00e1ltat\u00f3t\u00f3l, aki oktat\u00e1st ny\u00fajt sz\u00e1mukra megel\u0151z\u0151 ell\u00e1t\u00e1st \u00e9s biztos\u00edtja a rendszeres ellen\u0151rz\u00e9seket.<\/p>\n<\/div>\n\n<div class=\"default-block container\">\n<h3>A fog\u00e1szati \u200b\u200bszolg\u00e1ltat\u00f3k szerepe<\/h3>\n<\/div>\n\n<div class=\"default-block container\">\n<p class=\"full\">Fog\u00e1szati \u200b\u200bszolg\u00e1ltat\u00f3k\u00e9nt \u00d6n egyed\u00fcl\u00e1ll\u00f3 helyzetben van, hogy seg\u00edtsen azonos\u00edtani azokat a betegeket, akik sz\u00e1m\u00e1ra el\u0151ny\u00f6s lehet a v\u00e9rz\u00e9si rendelleness\u00e9g tov\u00e1bbi diagnosztikai \u00e9rt\u00e9kel\u00e9se. Sok ember sz\u00e1m\u00e1ra a helyi fogorvos felkeres\u00e9se jelenti az egyetlen rendszeres kapcsolatot a helyi eg\u00e9szs\u00e9g\u00fcgyi rendszerrel.<sup>2<\/sup> Ezen t\u00falmen\u0151en sok beteg sz\u00e1m\u00e1ra gyakran a fogh\u00faz\u00e1s lehet az els\u0151 m\u0171t\u00e9t \u2013 \u00e9s ez\u00e1ltal a jelent\u0151s hemosztatikus kih\u00edv\u00e1s. Ez\u00e9rt a t\u00falzott v\u00e9rz\u00e9s egy ilyen elj\u00e1r\u00e1s alatt vagy ut\u00e1n lehet az els\u0151 lehet\u0151s\u00e9g egy fel nem ismert v\u00e9rz\u00e9si rendelleness\u00e9g diagnosztiz\u00e1l\u00e1s\u00e1ra.<\/p>\n<\/div>\n\n<div class=\"default-block container\">\n<p class=\"full\">A VWD diagnosztiz\u00e1l\u00e1sa tov\u00e1bbra is kih\u00edv\u00e1st jelent a tudatoss\u00e1g hi\u00e1nya \u00e9s a diagnosztikai munka \u00f6sszetetts\u00e9ge miatt.<sup>5<\/sup> Ha nemr\u00e9giben v\u00e1ratlan v\u00e9rz\u00e9st \u00e9szlelt valamelyik p\u00e1ciens\u00e9n\u00e9l, akkor mi javasoljuk, hogy v\u00e9gezze el p\u00e1ciens\u00e9vel a <a href=\"https:\/\/vwdtest.com\/bkp-hu\/take-test\/\">v\u00e9rz\u00e9si teszt\u00fcnket<\/a>. A teszt megmutatja, hogy sz\u00fcks\u00e9g van-e tov\u00e1bbi vizsg\u00e1latokra \u2013 \u00e9s ez megv\u00e1ltoztathatja p\u00e1ciense \u00e9let\u00e9t!<\/p>\n<\/div>\n\n<div class=\"default-block container\">\n<p class=\"full\">Mivel a v\u00e9rz\u00e9si rendelleness\u00e9gben szenved\u0151 betegek a v\u00e9rz\u00e9st\u0151l val\u00f3 f\u00e9lelem miatt elker\u00fclhetik a fog\u00e1szati \u200b\u200bellen\u0151rz\u00e9seket, a betegek sz\u00e1jhigi\u00e9n\u00e9j\u00e9nek \u00e9s \u00e9letmin\u0151s\u00e9g\u00e9nek v\u00e9delme \u00e9rdek\u00e9ben rendszeres ut\u00f3ellen\u0151rz\u00e9st kell \u00f6szt\u00f6n\u00f6zni.<sup>4<\/sup> Azon fogorvosok sz\u00e1m\u00e1ra, akik v\u00e9rz\u00e9si rendelleness\u00e9gben szenved\u0151 betegeket k\u00edv\u00e1nnak kezelni, kezel\u00e9si aj\u00e1nl\u00e1sok \u00e1llnak rendelkez\u00e9sre.<sup>3,6<\/sup> \u00c1ltal\u00e1ban a VWD-ben szenved\u0151 betegek fog\u00e1szati \u200b\u200bkezel\u00e9se hasonl\u00f3 a hemof\u00edli\u00e1s betegek\u00e9hez.<sup>3 <\/sup> A rutin, nem m\u0171t\u00e9ti kezel\u00e9sek t\u00f6bbs\u00e9ge az \u00e1ltal\u00e1nos fogorvosi rendel\u0151ben, hematol\u00f3gussal folytatott konzult\u00e1ci\u00f3t k\u00f6vet\u0151en biztos\u00edthat\u00f3, k\u00fcl\u00f6n\u00f6sen enyhe VWD-ben szenved\u0151 betegekn\u00e9l.<sup>3<\/sup> Csak k\u00f6zepesen s\u00falyos vagy s\u00falyos betegs\u00e9gben szenved\u0151 betegek kezel\u00e9se, ill. Az invaz\u00edv fog\u00e1szati \u200b\u200bmunk\u00e1t k\u00f3rh\u00e1zi k\u00f6r\u00fclm\u00e9nyek k\u00f6z\u00f6tt \u00e9s kezel\u00e9si terv szerint kell v\u00e9gezni.<sup>3,6<\/sup><\/p>\n<\/div>\n\n<div class=\"default-block container\">\n<p class=\"full\">Ha meg szeretn\u00e9 tal\u00e1lni a legk\u00f6zelebbi hemof\u00edlia-kezel\u0151 k\u00f6zpontot, k\u00e9rj\u00fck, <a href=\"https:\/\/vwdtest.com\/bkp-hu\/helpful-resources\/\">kattintson ide.<\/a> VWDtest.com tov\u00e1bbi inform\u00e1ci\u00f3kat is k\u00edn\u00e1l a VWD etiol\u00f3gi\u00e1j\u00e1r\u00f3l, diagn\u00f3zis\u00e1r\u00f3l \u00e9s kezel\u00e9s\u00e9r\u0151l, valamint betekint\u00e9st ny\u00fajt a VWD-ben szenved\u0151 betegek tipikus \u00fatj\u00e1ba.<\/p>\n<\/div>\n\n<div class=\"default-block container\">\n<h6>Hivatkoz\u00e1sok<\/h6>\n<\/div>\n\n<div class=\"default-block container\">\n<ol type=\"1\"><div class=\"default-block container\">\n<li>de Wee EM \u00e9s mtsai. Thromb Haemost 2012; 108:683-92.<\/li>\n<\/div>\n\n<div class=\"default-block container\">\n<li>Brown MC et al. Haemophilia 2022; 28:73-9.<\/li>\n<\/div>\n\n<div class=\"default-block container\">\n<li>Anderson JAM et al. Br Dent J 2013; 215:497-504.<\/li>\n<\/div>\n\n<div class=\"default-block container\">\n<li>Kalsi H et al. <em>Haemophilia<\/em> 2012; 18:510-5.<\/li>\n<\/div>\n\n<div class=\"default-block container\">\n<li><a href=\"https:\/\/pubmed.ncbi.nlm.nih.gov\/36210240\/\" target=\"_blank\" rel=\"noreferrer noopener\">Corrales-Medina FF et al. <em>Blood Rev<\/em><\/a><em><a> <\/a><\/em>2022; 101018.<\/li>\n<\/div>\n\n<div class=\"default-block container\">\n<li>WFH ir\u00e1nyelvek \u00f6r\u00f6kl\u00f6tt v\u00e9rz\u00e9si rendelleness\u00e9gben szenved\u0151 betegek fog\u00e1szati \u200b\u200bkezel\u00e9s\u00e9hez; <a href=\"https:\/\/elearning.wfh.org\/resource\/guidelines-for-dental-treatment-of-patients-with-inherited-bleeding-disorders\/\" target=\"_blank\" rel=\"noreferrer noopener\">https:\/\/elearning.wfh.org\/resource\/guidelines-for-dental-treatment-of-patients-with-inherited-bleeding-disorders\/<\/a>; utolj\u00e1ra 2022. nov.<\/li>\n<\/div><\/ol>\n<\/div>","protected":false},"excerpt":{"rendered":"<p>V\u00e9rz\u00e9si rendelleness\u00e9gben, p\u00e9ld\u00e1ul hemof\u00edli\u00e1ban vagy von Willebrand-k\u00f3r (VWD) eset\u00e9n fokozott a sz\u00e1j\u00fcregi v\u00e9rz\u00e9s kock\u00e1zata, bele\u00e9rtve a rutin fog\u00e1szati \u200b\u200bell\u00e1t\u00e1st is.1,2 V\u00e9rz\u00e9s m\u00e9g fogmos\u00e1s vagy fogselyem haszn\u00e1lat ut\u00e1n is el\u0151fordulhat , \u00e9s a v\u00e9rz\u00e9st\u0151l val\u00f3 f\u00e9lelem megakad\u00e1lyozhatja a betegeket a megfelel\u0151 sz\u00e1jhigi\u00e9nia fenntart\u00e1s\u00e1ban \u00e9s a fogorvos rendszeres l\u00e1togat\u00e1s\u00e1ban.2-4 M\u00e9g a fog\u00e1szati \u200b\u200bszolg\u00e1ltat\u00f3jukat felkeres\u0151 betegek is f\u00e9lelmet [&hellip;]<\/p>\n","protected":false},"author":1,"featured_media":233,"parent":0,"menu_order":0,"comment_status":"closed","ping_status":"closed","template":"","meta":{"inline_featured_image":false},"acf":[],"yoast_head":"<!-- This site is optimized with the Yoast SEO plugin v20.4 - https:\/\/yoast.com\/wordpress\/plugins\/seo\/ -->\n<title>VWD \u00c9S FOG\u00c1SZAT - Backup Hungry<\/title>\n<meta name=\"robots\" content=\"index, follow, max-snippet:-1, max-image-preview:large, max-video-preview:-1\" \/>\n<link rel=\"canonical\" href=\"https:\/\/vwdtest.com\/bkp-hu\/vwd-and-denstistry\/\" \/>\n<meta property=\"og:locale\" content=\"en_US\" \/>\n<meta property=\"og:type\" content=\"article\" \/>\n<meta property=\"og:title\" content=\"VWD \u00c9S FOG\u00c1SZAT - Backup Hungry\" \/>\n<meta property=\"og:description\" content=\"V\u00e9rz\u00e9si rendelleness\u00e9gben, p\u00e9ld\u00e1ul hemof\u00edli\u00e1ban vagy von Willebrand-k\u00f3r (VWD) eset\u00e9n fokozott a sz\u00e1j\u00fcregi v\u00e9rz\u00e9s kock\u00e1zata, bele\u00e9rtve a rutin fog\u00e1szati \u200b\u200bell\u00e1t\u00e1st is.1,2 V\u00e9rz\u00e9s m\u00e9g fogmos\u00e1s vagy fogselyem haszn\u00e1lat ut\u00e1n is el\u0151fordulhat , \u00e9s a v\u00e9rz\u00e9st\u0151l val\u00f3 f\u00e9lelem megakad\u00e1lyozhatja a betegeket a megfelel\u0151 sz\u00e1jhigi\u00e9nia fenntart\u00e1s\u00e1ban \u00e9s a fogorvos rendszeres l\u00e1togat\u00e1s\u00e1ban.2-4 M\u00e9g a fog\u00e1szati \u200b\u200bszolg\u00e1ltat\u00f3jukat felkeres\u0151 betegek is f\u00e9lelmet [&hellip;]\" \/>\n<meta property=\"og:url\" content=\"https:\/\/vwdtest.com\/bkp-hu\/vwd-and-denstistry\/\" \/>\n<meta property=\"og:site_name\" content=\"Backup Hungry\" \/>\n<meta property=\"article:modified_time\" content=\"2023-10-10T09:54:55+00:00\" \/>\n<meta property=\"og:image\" content=\"https:\/\/vwdtest.com\/bkp-hu\/wp-content\/uploads\/sites\/62\/2023\/02\/Dentist-button.png\" \/>\n\t<meta property=\"og:image:width\" content=\"772\" \/>\n\t<meta property=\"og:image:height\" content=\"1021\" \/>\n\t<meta property=\"og:image:type\" content=\"image\/png\" \/>\n<meta name=\"twitter:card\" content=\"summary_large_image\" \/>\n<meta name=\"twitter:label1\" content=\"Est. reading time\" \/>\n\t<meta name=\"twitter:data1\" content=\"3 minutes\" \/>\n<script type=\"application\/ld+json\" class=\"yoast-schema-graph\">{\"@context\":\"https:\/\/schema.org\",\"@graph\":[{\"@type\":\"WebPage\",\"@id\":\"https:\/\/vwdtest.com\/bkp-hu\/vwd-and-denstistry\/\",\"url\":\"https:\/\/vwdtest.com\/bkp-hu\/vwd-and-denstistry\/\",\"name\":\"VWD \u00c9S FOG\u00c1SZAT - Backup Hungry\",\"isPartOf\":{\"@id\":\"https:\/\/vwdtest.com\/bkp-hu\/#website\"},\"datePublished\":\"2023-02-14T13:03:21+00:00\",\"dateModified\":\"2023-10-10T09:54:55+00:00\",\"breadcrumb\":{\"@id\":\"https:\/\/vwdtest.com\/bkp-hu\/vwd-and-denstistry\/#breadcrumb\"},\"inLanguage\":\"en-US\",\"potentialAction\":[{\"@type\":\"ReadAction\",\"target\":[\"https:\/\/vwdtest.com\/bkp-hu\/vwd-and-denstistry\/\"]}]},{\"@type\":\"BreadcrumbList\",\"@id\":\"https:\/\/vwdtest.com\/bkp-hu\/vwd-and-denstistry\/#breadcrumb\",\"itemListElement\":[{\"@type\":\"ListItem\",\"position\":1,\"name\":\"Home\",\"item\":\"https:\/\/vwdtest.com\/bkp-hu\/\"},{\"@type\":\"ListItem\",\"position\":2,\"name\":\"VWD \u00c9S FOG\u00c1SZAT\"}]},{\"@type\":\"WebSite\",\"@id\":\"https:\/\/vwdtest.com\/bkp-hu\/#website\",\"url\":\"https:\/\/vwdtest.com\/bkp-hu\/\",\"name\":\"Backup Hungry\",\"description\":\"\",\"potentialAction\":[{\"@type\":\"SearchAction\",\"target\":{\"@type\":\"EntryPoint\",\"urlTemplate\":\"https:\/\/vwdtest.com\/bkp-hu\/?s={search_term_string}\"},\"query-input\":\"required name=search_term_string\"}],\"inLanguage\":\"en-US\"}]}<\/script>\n<!-- \/ Yoast SEO plugin. -->","yoast_head_json":{"title":"VWD \u00c9S FOG\u00c1SZAT - Backup Hungry","robots":{"index":"index","follow":"follow","max-snippet":"max-snippet:-1","max-image-preview":"max-image-preview:large","max-video-preview":"max-video-preview:-1"},"canonical":"https:\/\/vwdtest.com\/bkp-hu\/vwd-and-denstistry\/","og_locale":"en_US","og_type":"article","og_title":"VWD \u00c9S FOG\u00c1SZAT - Backup Hungry","og_description":"V\u00e9rz\u00e9si rendelleness\u00e9gben, p\u00e9ld\u00e1ul hemof\u00edli\u00e1ban vagy von Willebrand-k\u00f3r (VWD) eset\u00e9n fokozott a sz\u00e1j\u00fcregi v\u00e9rz\u00e9s kock\u00e1zata, bele\u00e9rtve a rutin fog\u00e1szati \u200b\u200bell\u00e1t\u00e1st is.1,2 V\u00e9rz\u00e9s m\u00e9g fogmos\u00e1s vagy fogselyem haszn\u00e1lat ut\u00e1n is el\u0151fordulhat , \u00e9s a v\u00e9rz\u00e9st\u0151l val\u00f3 f\u00e9lelem megakad\u00e1lyozhatja a betegeket a megfelel\u0151 sz\u00e1jhigi\u00e9nia fenntart\u00e1s\u00e1ban \u00e9s a fogorvos rendszeres l\u00e1togat\u00e1s\u00e1ban.2-4 M\u00e9g a fog\u00e1szati \u200b\u200bszolg\u00e1ltat\u00f3jukat felkeres\u0151 betegek is f\u00e9lelmet [&hellip;]","og_url":"https:\/\/vwdtest.com\/bkp-hu\/vwd-and-denstistry\/","og_site_name":"Backup Hungry","article_modified_time":"2023-10-10T09:54:55+00:00","og_image":[{"width":772,"height":1021,"url":"https:\/\/vwdtest.com\/bkp-hu\/wp-content\/uploads\/sites\/62\/2023\/02\/Dentist-button.png","type":"image\/png"}],"twitter_card":"summary_large_image","twitter_misc":{"Est. reading time":"3 minutes"},"schema":{"@context":"https:\/\/schema.org","@graph":[{"@type":"WebPage","@id":"https:\/\/vwdtest.com\/bkp-hu\/vwd-and-denstistry\/","url":"https:\/\/vwdtest.com\/bkp-hu\/vwd-and-denstistry\/","name":"VWD \u00c9S FOG\u00c1SZAT - Backup Hungry","isPartOf":{"@id":"https:\/\/vwdtest.com\/bkp-hu\/#website"},"datePublished":"2023-02-14T13:03:21+00:00","dateModified":"2023-10-10T09:54:55+00:00","breadcrumb":{"@id":"https:\/\/vwdtest.com\/bkp-hu\/vwd-and-denstistry\/#breadcrumb"},"inLanguage":"en-US","potentialAction":[{"@type":"ReadAction","target":["https:\/\/vwdtest.com\/bkp-hu\/vwd-and-denstistry\/"]}]},{"@type":"BreadcrumbList","@id":"https:\/\/vwdtest.com\/bkp-hu\/vwd-and-denstistry\/#breadcrumb","itemListElement":[{"@type":"ListItem","position":1,"name":"Home","item":"https:\/\/vwdtest.com\/bkp-hu\/"},{"@type":"ListItem","position":2,"name":"VWD \u00c9S FOG\u00c1SZAT"}]},{"@type":"WebSite","@id":"https:\/\/vwdtest.com\/bkp-hu\/#website","url":"https:\/\/vwdtest.com\/bkp-hu\/","name":"Backup Hungry","description":"","potentialAction":[{"@type":"SearchAction","target":{"@type":"EntryPoint","urlTemplate":"https:\/\/vwdtest.com\/bkp-hu\/?s={search_term_string}"},"query-input":"required name=search_term_string"}],"inLanguage":"en-US"}]}},"_links":{"self":[{"href":"https:\/\/vwdtest.com\/bkp-hu\/wp-json\/wp\/v2\/pages\/89"}],"collection":[{"href":"https:\/\/vwdtest.com\/bkp-hu\/wp-json\/wp\/v2\/pages"}],"about":[{"href":"https:\/\/vwdtest.com\/bkp-hu\/wp-json\/wp\/v2\/types\/page"}],"author":[{"embeddable":true,"href":"https:\/\/vwdtest.com\/bkp-hu\/wp-json\/wp\/v2\/users\/1"}],"replies":[{"embeddable":true,"href":"https:\/\/vwdtest.com\/bkp-hu\/wp-json\/wp\/v2\/comments?post=89"}],"version-history":[{"count":48,"href":"https:\/\/vwdtest.com\/bkp-hu\/wp-json\/wp\/v2\/pages\/89\/revisions"}],"predecessor-version":[{"id":2425,"href":"https:\/\/vwdtest.com\/bkp-hu\/wp-json\/wp\/v2\/pages\/89\/revisions\/2425"}],"wp:featuredmedia":[{"embeddable":true,"href":"https:\/\/vwdtest.com\/bkp-hu\/wp-json\/wp\/v2\/media\/233"}],"wp:attachment":[{"href":"https:\/\/vwdtest.com\/bkp-hu\/wp-json\/wp\/v2\/media?parent=89"}],"curies":[{"name":"wp","href":"https:\/\/api.w.org\/{rel}","templated":true}]}}