{"id":811,"date":"2023-04-27T13:02:19","date_gmt":"2023-04-27T13:02:19","guid":{"rendered":"https:\/\/new.vwdtest.com\/nw\/?page_id=811"},"modified":"2024-02-28T05:57:03","modified_gmt":"2024-02-28T05:57:03","slug":"i-am-a-worried-parent","status":"publish","type":"page","link":"https:\/\/vwdtest.com\/bkp-hu\/i-am-a-worried-parent\/","title":{"rendered":"Agg\u00f3d\u00f3 sz\u00fcl\u0151 vagyok"},"content":{"rendered":"<div class=\"default-block container\">\n<h2 class=\"worried-parent\">T\u00fal sokat v\u00e9rzik a gyerekem?<\/h2>\n<\/div>\n\n<div class=\"default-block container\">\n<h5 class=\"bleeding-symptoms-title worried\">Aggaszt gyermeke visszat\u00e9r\u0151 orrv\u00e9rz\u00e9se? Gyermeke k\u00f6nnyebben \u00e9s gyakrabban z\u00faz\u00f3dik, mint t\u00e1rsai? Gyermeke a v\u00e1rtn\u00e1l tov\u00e1bb v\u00e9rzett a legut\u00f3bbi fogorvosi l\u00e1togat\u00e1s vagy egy kisebb m\u0171t\u00e9t ut\u00e1n? Aggasztja, hogy a l\u00e1nya menstru\u00e1ci\u00f3ja t\u00fal neh\u00e9z lehet?<\/h5>\n<\/div>\n\n<div class=\"default-block container\">\n<p class=\"full\">Sok oka lehet annak, hogy gyermeke id\u0151r\u0151l id\u0151re v\u00e9rzik. A gyerekek j\u00e1tszanak \u00e9s felfedezik az \u0151ket k\u00f6r\u00fclvev\u0151 vil\u00e1got. Ennek sor\u00e1n elker\u00fclhetetlenek a balesetek, \u00e9s el\u0151fordul, hogy gyermeke z\u00faz\u00f3d\u00e1sokat vagy kisebb sebet kap egy ilyen baleset ut\u00e1n. Esetenk\u00e9nt egy baleset n\u00e9lk\u00fcl bek\u00f6vetkezett s\u00e9r\u00fcl\u00e9s is v\u00e9rz\u00e9shez vezethet. A legt\u00f6bb esetben test\u00fcnk gyorsan le\u00e1ll\u00edtja a v\u00e9rz\u00e9st a v\u00e9ralvad\u00e1snak nevezett folyamaton kereszt\u00fcl. Egyes gyermekek azonban k\u00f6nnyebben z\u00faz\u00f3dnak \u00e9s gyakrabban v\u00e9reznek, mint m\u00e1sok. Szerencs\u00e9re ez a fajta v\u00e9rz\u00e9s gyakran kezelhet\u0151 vagy megel\u0151zhet\u0151. Ha agg\u00f3dik, mert \u00fagy t\u0171nik, hogy gyermeke t\u00fal gyakran \u00e9s t\u00fal k\u00f6nnyen v\u00e9rzik, fontos, hogy el\u0151sz\u00f6r azonos\u00edtsa az okot, majd v\u00e1lassza ki a megfelel\u0151 kezel\u00e9st.<\/p>\n<\/div>\n\n<div class=\"default-block container\">\n<h2>Gyakori v\u00e9rz\u00e9s okai gyermekekn\u00e9l<\/h2>\n<\/div>\n\n<div class=\"default-block container\">\n<p class=\"full\">Gyermeke v\u00e9rz\u00e9ses t\u00fcneteinek ok\u00e1nak megkeres\u00e9se nem mindig egyszer\u0171, mivel a v\u00e9rz\u00e9snek nagyon sok oka lehet. Az <a href=\"https:\/\/vwdtest.com\/bkp-hu\/bleeding-symptoms\/#nosebleed\">Orrv\u00e9rz\u00e9st<\/a> okozhatja p\u00e9ld\u00e1ul az orrszed\u00e9s, sz\u00e1raz leveg\u0151, s\u00e9r\u00fcl\u00e9s, megf\u00e1z\u00e1s vagy allergia, vagy egyszer\u0171en t\u00fal er\u0151s orrf\u00faj\u00e1s.<sup>1<\/sup> <a href=\"https:\/\/vwdtest.com\/bkp-hu\/bleeding-symptoms\/#oral-bleed\">V\u00e9rz\u00e9s a sz\u00e1jat<\/a> okozhatja baleset, tejfog elveszt\u00e9se, harap\u00e1s vagy fog\u00ednygyullad\u00e1s is.<sup>2<\/sup> A gyakori orrv\u00e9rz\u00e9s \u00e9s fog\u00ednyv\u00e9rz\u00e9s egy komolyabb orvosi t\u00fcnet is lehet. \u00e1llapot, p\u00e9ld\u00e1ul egy m\u00f6g\u00f6ttes v\u00e9rz\u00e9si rendelleness\u00e9g. \u00c1ltal\u00e1ban a v\u00e9rz\u00e9si rendelleness\u00e9gek ritk\u00e1k. Sajnos a leggyakoribb \u00f6r\u00f6kletes v\u00e9rz\u00e9si rendelleness\u00e9get, a <a href=\"https:\/\/vwdtest.com\/bkp-hu\/von-willebrand-disease\/\">von Willebrand-k\u00f3rt (VWD)<\/a> gyakran nem diagnosztiz\u00e1lj\u00e1k. Diagn\u00f3zis \u00e9s kezel\u00e9s n\u00e9lk\u00fcl a VWD-ben szenved\u0151 gyermekek s\u00falyos v\u00e9rz\u00e9st tapasztalhatnak. A gyakori orrv\u00e9rz\u00e9s \u00e9s fog\u00ednyv\u00e9rz\u00e9s mellett a VWD-ben szenved\u0151 gyermekek leggyakoribb v\u00e9rz\u00e9ses t\u00fcnete a <a href=\"https:\/\/vwdtest.com\/bkp-hu\/bleeding-symptoms\/#easy-bruising\">k\u00f6nny\u0171 v\u00e9ral\u00e1fut\u00e1s<\/a> \u00e9s elh\u00faz\u00f3d\u00f3 v\u00e9rz\u00e9s <a href=\"https:\/\/vwdtest.com\/bkp-hu\/bleeding-symptoms\/#minor-wounds\">kisebb sebekb\u0151l<\/a> \u00e9s <a href=\"https:\/\/vwdtest.com\/bkp-hu\/i-live-with-vwd\/#surgery\">fogh\u00faz\u00e1s vagy m\u0171t\u00e9t.<\/a> Amint a VWD-s l\u00e1nyok pubert\u00e1sba l\u00e9pnek, <a href=\"https:\/\/vwdtest.com\/bkp-hu\/bleeding-symptoms\/#hmb\">er\u0151s menstru\u00e1ci\u00f3s v\u00e9rz\u00e9s<\/a> lesz a leggyakoribb t\u00fcnet.<sup>3<\/sup><\/p>\n<\/div>\n\n<div class=\"default-block container\">\n<h2>V\u00e9rz\u00e9ses t\u00fcnetek a csal\u00e1dban<\/h2>\n<\/div>\n\n<div class=\"default-block container\">\n<p class=\"full\">Az \u00f6r\u00f6kletes v\u00e9rz\u00e9si rendelleness\u00e9gek gyakran egy csal\u00e1d t\u00f6bb tagj\u00e1t \u00e9rintik gener\u00e1ci\u00f3kon \u00e1t\u00edvel\u0151en. Ha az egyik sz\u00fcl\u0151, nagysz\u00fcl\u0151 vagy m\u00e1s rokon t\u00falzott v\u00e9rz\u00e9s jeleit mutatja, akkor felmer\u00fclhet a k\u00e9rd\u00e9s, hogy a gyermek\u00e9n\u00e9l megfigyelt v\u00e9rz\u00e9s norm\u00e1lis-e. Ha azonban a v\u00e9rz\u00e9s vagy z\u00faz\u00f3d\u00e1s befoly\u00e1solja gyermeke j\u00f3l\u00e9t\u00e9t, besz\u00e9lje meg a <a href=\"https:\/\/vwdtest.com\/bkp-hu\/bleeding-symptoms\/\" target=\"_blank\" rel=\"noreferrer noopener\">t\u00fcnetekkel<\/a> forduljon orvos\u00e1hoz.<\/p>\n<\/div>\n\n<div class=\"default-block container\">\n<h2>Tudja meg, hogy gyermeke v\u00e9rz\u00e9se norm\u00e1lis-e<\/h2>\n<\/div>\n\n<div class=\"default-block container\">\n<p class=\"full\">Mennyi v\u00e9rz\u00e9s t\u00fal sok? Mivel ezt a k\u00e9rd\u00e9st neh\u00e9z megv\u00e1laszolni, az orvosok olyan teszteket fejlesztettek ki, amelyek seg\u00edthetnek a v\u00e9rz\u00e9ses t\u00fcnetek felm\u00e9r\u00e9s\u00e9ben. A VWDtest.com oldalon elv\u00e9gezheti az al\u00e1bbi tesztek egyik\u00e9t. Ha gyermek\u00e9nek visszat\u00e9r\u0151 orrv\u00e9rz\u00e9se van, k\u00f6nnyen z\u00faz\u00f3d\u00e1sok keletkeznek, vagy a fenti v\u00e9rz\u00e9ses t\u00fcnetek b\u00e1rmelyike \u200b\u200bjelentkezik, er\u0151sen javasoljuk, hogy sz\u00e1njon n\u00e9h\u00e1ny percet a teszt elv\u00e9gz\u00e9s\u00e9re. A teszt egy r\u00f6vid k\u00e9rd\u0151\u00edv egy lehets\u00e9ges v\u00e9rz\u00e9si rendelleness\u00e9g jeleir\u0151l \u00e9s t\u00fcneteir\u0151l, \u00e9s az eredm\u00e9ny megmondja, hogy \u00d6nnek \u00e9s gyermek\u00e9nek orvoshoz kell fordulnia.<\/p>\n<\/div>\n\n<div class=\"default-block container\">\n<div class=\"is-content-justification-right is-layout-flex wp-container-1 wp-block-buttons\">\n<div class=\"wp-block-button take-test\"><a class=\"wp-block-button__link wp-element-button\" href=\"https:\/\/vwdtest.com\/bkp-hu\/take-test\/\">Csin\u00e1ld meg a tesztet<\/a><\/div>\n<\/div>\n<\/div>\n\n<div class=\"default-block container\">\n<h6>Hivatkoz\u00e1sok<\/h6>\n<\/div>\n\n<div class=\"default-block container\">\n<ol><div class=\"default-block container\">\n<li><a href=\"https:\/\/www.hopkinsmedicine.org\/health\/conditions-and-diseases\/nosebleeds\" target=\"_blank\" rel=\"noreferrer noopener\">https:\/\/www.hopkinsmedicine.org\/health\/conditions-and-diseases\/nosebleeds<\/a> utolj\u00e1ra 2023. m\u00e1rcius.<\/li>\n<\/div>\n\n<div class=\"default-block container\">\n<li><a href=\"https:\/\/www.childrensmn.org\/educationmaterials\/childrensmn\/article\/15581\/mouth-bleeding-with-a-bleeding-disorder\/\" target=\"_blank\" rel=\"noreferrer noopener\">https:\/\/www.childrensmn.org\/educationmaterials\/childrensmn\/article\/15581\/mouth-bleeding-with-a-bleeding-disorder\/<\/a> utolj\u00e1ra 2023. m\u00e1rcius.<\/li>\n<\/div>\n\n<div class=\"default-block container\">\n<li><a target=\"_blank\" href=\"https:\/\/pubmed.ncbi.nlm.nih.gov\/36210240\/\" rel=\"noreferrer noopener\">Corrales-Medina FF et al. Blood Rev<\/a> 2022; 58:101018.<\/li>\n<\/div><\/ol>\n<\/div>","protected":false},"excerpt":{"rendered":"<p>T\u00fal sokat v\u00e9rzik a gyerekem? Aggaszt gyermeke visszat\u00e9r\u0151 orrv\u00e9rz\u00e9se? Gyermeke k\u00f6nnyebben \u00e9s gyakrabban z\u00faz\u00f3dik, mint t\u00e1rsai? Gyermeke a v\u00e1rtn\u00e1l tov\u00e1bb v\u00e9rzett a legut\u00f3bbi fogorvosi l\u00e1togat\u00e1s vagy egy kisebb m\u0171t\u00e9t ut\u00e1n? Aggasztja, hogy a l\u00e1nya menstru\u00e1ci\u00f3ja t\u00fal neh\u00e9z lehet? Sok oka lehet annak, hogy gyermeke id\u0151r\u0151l id\u0151re v\u00e9rzik. A gyerekek j\u00e1tszanak \u00e9s felfedezik az \u0151ket k\u00f6r\u00fclvev\u0151 [&hellip;]<\/p>\n","protected":false},"author":1,"featured_media":996,"parent":0,"menu_order":0,"comment_status":"closed","ping_status":"closed","template":"","meta":{"inline_featured_image":false},"acf":[],"yoast_head":"<!-- This site is optimized with the Yoast SEO plugin v20.4 - https:\/\/yoast.com\/wordpress\/plugins\/seo\/ -->\n<title>Agg\u00f3d\u00f3 sz\u00fcl\u0151 vagyok - Backup Hungry<\/title>\n<meta name=\"robots\" content=\"index, follow, max-snippet:-1, max-image-preview:large, max-video-preview:-1\" \/>\n<link rel=\"canonical\" href=\"https:\/\/vwdtest.com\/bkp-hu\/i-am-a-worried-parent\/\" \/>\n<meta property=\"og:locale\" content=\"en_US\" \/>\n<meta property=\"og:type\" content=\"article\" \/>\n<meta property=\"og:title\" content=\"Agg\u00f3d\u00f3 sz\u00fcl\u0151 vagyok - Backup Hungry\" \/>\n<meta property=\"og:description\" content=\"T\u00fal sokat v\u00e9rzik a gyerekem? Aggaszt gyermeke visszat\u00e9r\u0151 orrv\u00e9rz\u00e9se? Gyermeke k\u00f6nnyebben \u00e9s gyakrabban z\u00faz\u00f3dik, mint t\u00e1rsai? Gyermeke a v\u00e1rtn\u00e1l tov\u00e1bb v\u00e9rzett a legut\u00f3bbi fogorvosi l\u00e1togat\u00e1s vagy egy kisebb m\u0171t\u00e9t ut\u00e1n? Aggasztja, hogy a l\u00e1nya menstru\u00e1ci\u00f3ja t\u00fal neh\u00e9z lehet? Sok oka lehet annak, hogy gyermeke id\u0151r\u0151l id\u0151re v\u00e9rzik. A gyerekek j\u00e1tszanak \u00e9s felfedezik az \u0151ket k\u00f6r\u00fclvev\u0151 [&hellip;]\" \/>\n<meta property=\"og:url\" content=\"https:\/\/vwdtest.com\/bkp-hu\/i-am-a-worried-parent\/\" \/>\n<meta property=\"og:site_name\" content=\"Backup Hungry\" \/>\n<meta property=\"article:modified_time\" content=\"2024-02-28T05:57:03+00:00\" \/>\n<meta property=\"og:image\" content=\"https:\/\/vwdtest.com\/bkp-hu\/wp-content\/uploads\/sites\/62\/2023\/07\/Worried-patients-1-1.png\" \/>\n\t<meta property=\"og:image:width\" content=\"828\" \/>\n\t<meta property=\"og:image:height\" content=\"982\" \/>\n\t<meta property=\"og:image:type\" content=\"image\/png\" \/>\n<meta name=\"twitter:card\" content=\"summary_large_image\" \/>\n<meta name=\"twitter:label1\" content=\"Est. reading time\" \/>\n\t<meta name=\"twitter:data1\" content=\"2 minutes\" \/>\n<script type=\"application\/ld+json\" class=\"yoast-schema-graph\">{\"@context\":\"https:\/\/schema.org\",\"@graph\":[{\"@type\":\"WebPage\",\"@id\":\"https:\/\/vwdtest.com\/bkp-hu\/i-am-a-worried-parent\/\",\"url\":\"https:\/\/vwdtest.com\/bkp-hu\/i-am-a-worried-parent\/\",\"name\":\"Agg\u00f3d\u00f3 sz\u00fcl\u0151 vagyok - Backup Hungry\",\"isPartOf\":{\"@id\":\"https:\/\/vwdtest.com\/bkp-hu\/#website\"},\"datePublished\":\"2023-04-27T13:02:19+00:00\",\"dateModified\":\"2024-02-28T05:57:03+00:00\",\"breadcrumb\":{\"@id\":\"https:\/\/vwdtest.com\/bkp-hu\/i-am-a-worried-parent\/#breadcrumb\"},\"inLanguage\":\"en-US\",\"potentialAction\":[{\"@type\":\"ReadAction\",\"target\":[\"https:\/\/vwdtest.com\/bkp-hu\/i-am-a-worried-parent\/\"]}]},{\"@type\":\"BreadcrumbList\",\"@id\":\"https:\/\/vwdtest.com\/bkp-hu\/i-am-a-worried-parent\/#breadcrumb\",\"itemListElement\":[{\"@type\":\"ListItem\",\"position\":1,\"name\":\"Home\",\"item\":\"https:\/\/vwdtest.com\/bkp-hu\/\"},{\"@type\":\"ListItem\",\"position\":2,\"name\":\"Agg\u00f3d\u00f3 sz\u00fcl\u0151 vagyok\"}]},{\"@type\":\"WebSite\",\"@id\":\"https:\/\/vwdtest.com\/bkp-hu\/#website\",\"url\":\"https:\/\/vwdtest.com\/bkp-hu\/\",\"name\":\"Backup Hungry\",\"description\":\"\",\"potentialAction\":[{\"@type\":\"SearchAction\",\"target\":{\"@type\":\"EntryPoint\",\"urlTemplate\":\"https:\/\/vwdtest.com\/bkp-hu\/?s={search_term_string}\"},\"query-input\":\"required name=search_term_string\"}],\"inLanguage\":\"en-US\"}]}<\/script>\n<!-- \/ Yoast SEO plugin. -->","yoast_head_json":{"title":"Agg\u00f3d\u00f3 sz\u00fcl\u0151 vagyok - Backup Hungry","robots":{"index":"index","follow":"follow","max-snippet":"max-snippet:-1","max-image-preview":"max-image-preview:large","max-video-preview":"max-video-preview:-1"},"canonical":"https:\/\/vwdtest.com\/bkp-hu\/i-am-a-worried-parent\/","og_locale":"en_US","og_type":"article","og_title":"Agg\u00f3d\u00f3 sz\u00fcl\u0151 vagyok - Backup Hungry","og_description":"T\u00fal sokat v\u00e9rzik a gyerekem? Aggaszt gyermeke visszat\u00e9r\u0151 orrv\u00e9rz\u00e9se? Gyermeke k\u00f6nnyebben \u00e9s gyakrabban z\u00faz\u00f3dik, mint t\u00e1rsai? Gyermeke a v\u00e1rtn\u00e1l tov\u00e1bb v\u00e9rzett a legut\u00f3bbi fogorvosi l\u00e1togat\u00e1s vagy egy kisebb m\u0171t\u00e9t ut\u00e1n? Aggasztja, hogy a l\u00e1nya menstru\u00e1ci\u00f3ja t\u00fal neh\u00e9z lehet? Sok oka lehet annak, hogy gyermeke id\u0151r\u0151l id\u0151re v\u00e9rzik. A gyerekek j\u00e1tszanak \u00e9s felfedezik az \u0151ket k\u00f6r\u00fclvev\u0151 [&hellip;]","og_url":"https:\/\/vwdtest.com\/bkp-hu\/i-am-a-worried-parent\/","og_site_name":"Backup Hungry","article_modified_time":"2024-02-28T05:57:03+00:00","og_image":[{"width":828,"height":982,"url":"https:\/\/vwdtest.com\/bkp-hu\/wp-content\/uploads\/sites\/62\/2023\/07\/Worried-patients-1-1.png","type":"image\/png"}],"twitter_card":"summary_large_image","twitter_misc":{"Est. reading time":"2 minutes"},"schema":{"@context":"https:\/\/schema.org","@graph":[{"@type":"WebPage","@id":"https:\/\/vwdtest.com\/bkp-hu\/i-am-a-worried-parent\/","url":"https:\/\/vwdtest.com\/bkp-hu\/i-am-a-worried-parent\/","name":"Agg\u00f3d\u00f3 sz\u00fcl\u0151 vagyok - Backup Hungry","isPartOf":{"@id":"https:\/\/vwdtest.com\/bkp-hu\/#website"},"datePublished":"2023-04-27T13:02:19+00:00","dateModified":"2024-02-28T05:57:03+00:00","breadcrumb":{"@id":"https:\/\/vwdtest.com\/bkp-hu\/i-am-a-worried-parent\/#breadcrumb"},"inLanguage":"en-US","potentialAction":[{"@type":"ReadAction","target":["https:\/\/vwdtest.com\/bkp-hu\/i-am-a-worried-parent\/"]}]},{"@type":"BreadcrumbList","@id":"https:\/\/vwdtest.com\/bkp-hu\/i-am-a-worried-parent\/#breadcrumb","itemListElement":[{"@type":"ListItem","position":1,"name":"Home","item":"https:\/\/vwdtest.com\/bkp-hu\/"},{"@type":"ListItem","position":2,"name":"Agg\u00f3d\u00f3 sz\u00fcl\u0151 vagyok"}]},{"@type":"WebSite","@id":"https:\/\/vwdtest.com\/bkp-hu\/#website","url":"https:\/\/vwdtest.com\/bkp-hu\/","name":"Backup Hungry","description":"","potentialAction":[{"@type":"SearchAction","target":{"@type":"EntryPoint","urlTemplate":"https:\/\/vwdtest.com\/bkp-hu\/?s={search_term_string}"},"query-input":"required name=search_term_string"}],"inLanguage":"en-US"}]}},"_links":{"self":[{"href":"https:\/\/vwdtest.com\/bkp-hu\/wp-json\/wp\/v2\/pages\/811"}],"collection":[{"href":"https:\/\/vwdtest.com\/bkp-hu\/wp-json\/wp\/v2\/pages"}],"about":[{"href":"https:\/\/vwdtest.com\/bkp-hu\/wp-json\/wp\/v2\/types\/page"}],"author":[{"embeddable":true,"href":"https:\/\/vwdtest.com\/bkp-hu\/wp-json\/wp\/v2\/users\/1"}],"replies":[{"embeddable":true,"href":"https:\/\/vwdtest.com\/bkp-hu\/wp-json\/wp\/v2\/comments?post=811"}],"version-history":[{"count":49,"href":"https:\/\/vwdtest.com\/bkp-hu\/wp-json\/wp\/v2\/pages\/811\/revisions"}],"predecessor-version":[{"id":2534,"href":"https:\/\/vwdtest.com\/bkp-hu\/wp-json\/wp\/v2\/pages\/811\/revisions\/2534"}],"wp:featuredmedia":[{"embeddable":true,"href":"https:\/\/vwdtest.com\/bkp-hu\/wp-json\/wp\/v2\/media\/996"}],"wp:attachment":[{"href":"https:\/\/vwdtest.com\/bkp-hu\/wp-json\/wp\/v2\/media?parent=811"}],"curies":[{"name":"wp","href":"https:\/\/api.w.org\/{rel}","templated":true}]}}