{"id":795,"date":"2023-04-27T12:33:04","date_gmt":"2023-04-27T12:33:04","guid":{"rendered":"https:\/\/new.vwdtest.com\/nw\/?page_id=795"},"modified":"2024-02-28T05:57:13","modified_gmt":"2024-02-28T05:57:13","slug":"i-bleed-a-lot","status":"publish","type":"page","link":"https:\/\/vwdtest.com\/bkp-hu\/i-bleed-a-lot\/","title":{"rendered":"nagyon v\u00e9rzek"},"content":{"rendered":"<div class=\"default-block container\">\n<h2>T\u00fal sokat v\u00e9rzik?<\/h2>\n<\/div>\n\n<div class=\"default-block container\">\n<h5 class=\"bleeding-symptoms-title helpful live\">Azt szeretn\u00e9 tudni, hogy mi\u00e9rt van annyi orrv\u00e9rz\u00e9se? V\u00e9rzik az \u00ednyed fogselyem vagy fogmos\u00e1s ut\u00e1n? Gyakran fedez fel z\u00faz\u00f3d\u00e1sokat a test\u00e9n, \u00e9s nem eml\u00e9kszik, honnan sz\u00e1rmazhattak? Tapasztalt-e mostan\u00e1ban t\u00falzott v\u00e9rz\u00e9st egy kisebb baleset vagy fogorvosi l\u00e1togat\u00e1s ut\u00e1n?<\/h5> <p class=\"full\">A legt\u00f6bb ember id\u0151r\u0151l id\u0151re v\u00e9rzik. A v\u00e9rz\u00e9s oka elt\u00e9r\u0151 lehet, de a legt\u00f6bb esetben test\u00fcnk gyorsan le\u00e1ll\u00edtja a v\u00e9rz\u00e9st a v\u00e9ralvad\u00e1snak nevezett folyamat r\u00e9v\u00e9n. N\u00e9h\u00e1ny ember azonban gyakrabban \u00e9s hosszabb ideig v\u00e9rzik, mint m\u00e1sok, \u00e9s ez a fajta v\u00e9rz\u00e9s gyakran kezelhet\u0151 vagy megel\u0151zhet\u0151. Teh\u00e1t, ha a fenti k\u00e9rd\u00e9sek k\u00f6z\u00fcl legal\u00e1bb egy igennel v\u00e1laszol, v\u00e9rz\u00e9se tov\u00e1bbi vizsg\u00e1latot ig\u00e9nyelhet.<\/p>\n<\/div>\n\n<div class=\"default-block container\">\n<h2>A t\u00falzott vagy elh\u00faz\u00f3d\u00f3 v\u00e9rz\u00e9s okai<\/h2>\n<\/div>\n\n<div class=\"default-block container\">\n<p class=\"full push-text\">A t\u00falzott vagy elh\u00faz\u00f3d\u00f3 v\u00e9rz\u00e9snek sz\u00e1mos oka lehet. A v\u00e9rz\u00e9ses t\u00fcnetek ok\u00e1nak azonos\u00edt\u00e1sa nagyon fontos a megfelel\u0151 kezel\u00e9s meghat\u00e1roz\u00e1s\u00e1hoz. V\u00e9rz\u00e9st okozhatnak bizonyos gy\u00f3gyszerek, p\u00e9ld\u00e1ul f\u00e1jdalomcsillap\u00edt\u00f3k, p\u00e9ld\u00e1ul aszpirin vagy v\u00e9rh\u00edg\u00edt\u00f3k (antikoagul\u00e1nsok). Egyes eg\u00e9szs\u00e9g\u00fcgyi \u00e1llapotok, p\u00e9ld\u00e1ul m\u00e1j- vagy vesebetegs\u00e9g \u00e9s r\u00e1k szint\u00e9n v\u00e9rz\u00e9st okozhatnak.<sup>1,2<\/sup> El\u0151fordulhat az is, hogy v\u00e9rz\u00e9se v\u00e9rz\u00e9si rendelleness\u00e9g k\u00f6vetkezm\u00e9nye. A v\u00e9rz\u00e9si rendelleness\u00e9gek ritka betegs\u00e9gek, lehetnek \u00f6r\u00f6kletesek vagy szerzettek. A leggyakoribb \u00f6r\u00f6kletes v\u00e9rz\u00e9si rendelleness\u00e9g a <a href=\"https:\/\/vwdtest.com\/bkp-hu\/von-willebrand-disease\/\">von Willebrand-k\u00f3r<\/a> (VWD). A VWD-t gyakran nem diagnosztiz\u00e1lj\u00e1k. Diagn\u00f3zis \u00e9s kezel\u00e9s n\u00e9lk\u00fcl a VWD-ben szenved\u0151ket s\u00falyos v\u00e9rz\u00e9s vesz\u00e9lye fenyegeti. A VWD-ben szenved\u0151knek gyakran van <a href=\"https:\/\/vwdtest.com\/bkp-hu\/bleeding-symptoms\/#nosebleed\">orra<\/a> \u00e9s <a href=\"https:\/\/vwdtest.com\/bkp-hu\/bleeding-symptoms\/#oral-bleed\">\u00ednyv\u00e9rz\u00e9sek<\/a>, <a href=\"https:\/\/vwdtest.com\/bkp-hu\/bleeding-symptoms\/#easy-bruising\">k\u00f6nnyen z\u00faz\u00f3d\u00e1s <\/a>, \u00e9s <a href=\"https:\/\/vwdtest.com\/bkp-hu\/i-live-with-vwd\/#surgery\">fogh\u00faz\u00e1s<\/a> ut\u00e1n t\u00falzott v\u00e9rz\u00e9s l\u00e9phet fel, <a href=\"https:\/\/vwdtest.com\/bkp-hu\/bleeding-symptoms\/#bleed-surgery\">m\u0171t\u00e9t vagy kisebb baleset<\/a>. A VWD-ben szenved\u0151 n\u0151k k\u00f6r\u00e9ben az <a href=\"https:\/\/vwdtest.com\/bkp-hu\/bleeding-symptoms\/#hmb\">er\u0151s menstru\u00e1ci\u00f3s v\u00e9rz\u00e9s<\/a> a leggyakoribb t\u00fcnet.<sup>3<\/sup><\/p>\n<\/div>\n\n<div class=\"default-block container\">\n<h2>Lehet, hogy nem \u00d6n az egyetlen a csal\u00e1dj\u00e1ban, akinek v\u00e9rz\u00e9ses t\u00fcnetei vannak<\/h2>\n<\/div>\n\n<div class=\"default-block container\">\n<p class=\"full push-text\">Ha testv\u00e9rei, sz\u00fclei vagy m\u00e1s rokonai is tapasztalnak v\u00e9rz\u00e9ses t\u00fcneteket, azt gondolhatja, hogy ezek norm\u00e1lisak. Ez azonban nem mindig igaz. V\u00e9rz\u00e9s\u00e9t \u00f6r\u00f6kletes v\u00e9rz\u00e9si rendelleness\u00e9g okozhatja, amely gyakran t\u00f6bb csal\u00e1dtagot is \u00e9rint. Ha v\u00e9rz\u00e9se befoly\u00e1solja mindennapi \u00e9let\u00e9t \u00e9s k\u00f6z\u00e9rzet\u00e9t, javasoljuk, hogy besz\u00e9lje meg kezel\u0151orvos\u00e1val.<\/p>\n<\/div>\n\n<div class=\"default-block container\">\n<h2>N\u00e9zze meg, norm\u00e1lis-e a v\u00e9rz\u00e9se<\/h2>\n<\/div>\n\n<div class=\"default-block container\">\n<p class=\"full push-text\">Norm\u00e1lis a v\u00e9rz\u00e9sem? A v\u00e1lasz megtal\u00e1l\u00e1sa erre a k\u00e9rd\u00e9sre nem mindig egyszer\u0171. A v\u00e9rz\u00e9ses t\u00fcnetek felm\u00e9r\u00e9s\u00e9nek megk\u00f6nny\u00edt\u00e9se \u00e9rdek\u00e9ben a kutat\u00f3k v\u00e9rz\u00e9si teszteket fejlesztettek ki.<sup>3<\/sup> Az egyik ilyen teszt el\u00e9rhet\u0151 ezen a weboldalon. Ha bizonytalannak \u00e9rzi mag\u00e1t b\u00e1rmely tapasztalt v\u00e9rz\u00e9ses t\u00fcnet kapcs\u00e1n, er\u0151sen javasoljuk, hogy v\u00e9gezzen v\u00e9rz\u00e9si tesztet. Ez m\u00e9g fontosabb lehet, ha m\u0171t\u00e9t el\u0151tt \u00e1ll. A teszt csak n\u00e9h\u00e1ny percet vesz ig\u00e9nybe, \u00e9s megmondja, hogy \u00e9rdemes-e orvoshoz fordulnia a v\u00e9rz\u00e9se miatt.<\/p>\n<\/div>\n\n<div class=\"default-block container\">\n<h6>Hivatkoz\u00e1sok<\/h6>\n<\/div>\n\n<div class=\"default-block container\">\n<ol><div class=\"default-block container\">\n<li><a href=\"https:\/\/my.clevelandclinic.org\/health\/symptoms\/21654-hemorrhage\" target=\"_blank\" rel=\"noreferrer noopener\">https:\/\/my.clevelandclinic.org\/health\/symptoms\/21654-hemorrhage<\/a> ; utolj\u00e1ra 2023. m\u00e1rcius.<\/li>\n<\/div>\n\n<div class=\"default-block container\">\n<li><a href=\"https:\/\/www.drugs.com\/cg\/postoperative-bleeding.html\" target=\"_blank\" rel=\"noreferrer noopener\">https:\/\/www.drugs.com\/cg\/postoperative-bleeding.html<\/a> ; utolj\u00e1ra 2023. m\u00e1rcius.<\/li>\n<\/div>\n\n<div class=\"default-block container\">\n<li><a href=\"https:\/\/pubmed.ncbi.nlm.nih.gov\/36210240\/\" target=\"_blank\" rel=\"noreferrer noopener\">Corrales-Medina FF et al. Blood Rev<\/a> 2022; 58:101018.<\/li>\n<\/div><\/ol>\n<\/div>","protected":false},"excerpt":{"rendered":"<p>T\u00fal sokat v\u00e9rzik? Azt szeretn\u00e9 tudni, hogy mi\u00e9rt van annyi orrv\u00e9rz\u00e9se? V\u00e9rzik az \u00ednyed fogselyem vagy fogmos\u00e1s ut\u00e1n? Gyakran fedez fel z\u00faz\u00f3d\u00e1sokat a test\u00e9n, \u00e9s nem eml\u00e9kszik, honnan sz\u00e1rmazhattak? Tapasztalt-e mostan\u00e1ban t\u00falzott v\u00e9rz\u00e9st egy kisebb baleset vagy fogorvosi l\u00e1togat\u00e1s ut\u00e1n? A legt\u00f6bb ember id\u0151r\u0151l id\u0151re v\u00e9rzik. A v\u00e9rz\u00e9s oka elt\u00e9r\u0151 lehet, de a legt\u00f6bb esetben [&hellip;]<\/p>\n","protected":false},"author":1,"featured_media":788,"parent":0,"menu_order":0,"comment_status":"closed","ping_status":"closed","template":"","meta":{"inline_featured_image":false},"acf":[],"yoast_head":"<!-- This site is optimized with the Yoast SEO plugin v20.4 - https:\/\/yoast.com\/wordpress\/plugins\/seo\/ -->\n<title>nagyon v\u00e9rzek - Backup Hungry<\/title>\n<meta name=\"robots\" content=\"index, follow, max-snippet:-1, max-image-preview:large, max-video-preview:-1\" \/>\n<link rel=\"canonical\" href=\"https:\/\/vwdtest.com\/bkp-hu\/i-bleed-a-lot\/\" \/>\n<meta property=\"og:locale\" content=\"en_US\" \/>\n<meta property=\"og:type\" content=\"article\" \/>\n<meta property=\"og:title\" content=\"nagyon v\u00e9rzek - Backup Hungry\" \/>\n<meta property=\"og:description\" content=\"T\u00fal sokat v\u00e9rzik? Azt szeretn\u00e9 tudni, hogy mi\u00e9rt van annyi orrv\u00e9rz\u00e9se? V\u00e9rzik az \u00ednyed fogselyem vagy fogmos\u00e1s ut\u00e1n? Gyakran fedez fel z\u00faz\u00f3d\u00e1sokat a test\u00e9n, \u00e9s nem eml\u00e9kszik, honnan sz\u00e1rmazhattak? Tapasztalt-e mostan\u00e1ban t\u00falzott v\u00e9rz\u00e9st egy kisebb baleset vagy fogorvosi l\u00e1togat\u00e1s ut\u00e1n? A legt\u00f6bb ember id\u0151r\u0151l id\u0151re v\u00e9rzik. A v\u00e9rz\u00e9s oka elt\u00e9r\u0151 lehet, de a legt\u00f6bb esetben [&hellip;]\" \/>\n<meta property=\"og:url\" content=\"https:\/\/vwdtest.com\/bkp-hu\/i-bleed-a-lot\/\" \/>\n<meta property=\"og:site_name\" content=\"Backup Hungry\" \/>\n<meta property=\"article:modified_time\" content=\"2024-02-28T05:57:13+00:00\" \/>\n<meta property=\"og:image\" content=\"https:\/\/vwdtest.com\/bkp-hu\/wp-content\/uploads\/sites\/62\/2023\/04\/Person-who-bleads-1.png\" \/>\n\t<meta property=\"og:image:width\" content=\"679\" \/>\n\t<meta property=\"og:image:height\" content=\"976\" \/>\n\t<meta property=\"og:image:type\" content=\"image\/png\" \/>\n<meta name=\"twitter:card\" content=\"summary_large_image\" \/>\n<meta name=\"twitter:label1\" content=\"Est. reading time\" \/>\n\t<meta name=\"twitter:data1\" content=\"2 minutes\" \/>\n<script type=\"application\/ld+json\" class=\"yoast-schema-graph\">{\"@context\":\"https:\/\/schema.org\",\"@graph\":[{\"@type\":\"WebPage\",\"@id\":\"https:\/\/vwdtest.com\/bkp-hu\/i-bleed-a-lot\/\",\"url\":\"https:\/\/vwdtest.com\/bkp-hu\/i-bleed-a-lot\/\",\"name\":\"nagyon v\u00e9rzek - Backup Hungry\",\"isPartOf\":{\"@id\":\"https:\/\/vwdtest.com\/bkp-hu\/#website\"},\"datePublished\":\"2023-04-27T12:33:04+00:00\",\"dateModified\":\"2024-02-28T05:57:13+00:00\",\"breadcrumb\":{\"@id\":\"https:\/\/vwdtest.com\/bkp-hu\/i-bleed-a-lot\/#breadcrumb\"},\"inLanguage\":\"en-US\",\"potentialAction\":[{\"@type\":\"ReadAction\",\"target\":[\"https:\/\/vwdtest.com\/bkp-hu\/i-bleed-a-lot\/\"]}]},{\"@type\":\"BreadcrumbList\",\"@id\":\"https:\/\/vwdtest.com\/bkp-hu\/i-bleed-a-lot\/#breadcrumb\",\"itemListElement\":[{\"@type\":\"ListItem\",\"position\":1,\"name\":\"Home\",\"item\":\"https:\/\/vwdtest.com\/bkp-hu\/\"},{\"@type\":\"ListItem\",\"position\":2,\"name\":\"nagyon v\u00e9rzek\"}]},{\"@type\":\"WebSite\",\"@id\":\"https:\/\/vwdtest.com\/bkp-hu\/#website\",\"url\":\"https:\/\/vwdtest.com\/bkp-hu\/\",\"name\":\"Backup Hungry\",\"description\":\"\",\"potentialAction\":[{\"@type\":\"SearchAction\",\"target\":{\"@type\":\"EntryPoint\",\"urlTemplate\":\"https:\/\/vwdtest.com\/bkp-hu\/?s={search_term_string}\"},\"query-input\":\"required name=search_term_string\"}],\"inLanguage\":\"en-US\"}]}<\/script>\n<!-- \/ Yoast SEO plugin. -->","yoast_head_json":{"title":"nagyon v\u00e9rzek - Backup Hungry","robots":{"index":"index","follow":"follow","max-snippet":"max-snippet:-1","max-image-preview":"max-image-preview:large","max-video-preview":"max-video-preview:-1"},"canonical":"https:\/\/vwdtest.com\/bkp-hu\/i-bleed-a-lot\/","og_locale":"en_US","og_type":"article","og_title":"nagyon v\u00e9rzek - Backup Hungry","og_description":"T\u00fal sokat v\u00e9rzik? Azt szeretn\u00e9 tudni, hogy mi\u00e9rt van annyi orrv\u00e9rz\u00e9se? V\u00e9rzik az \u00ednyed fogselyem vagy fogmos\u00e1s ut\u00e1n? Gyakran fedez fel z\u00faz\u00f3d\u00e1sokat a test\u00e9n, \u00e9s nem eml\u00e9kszik, honnan sz\u00e1rmazhattak? Tapasztalt-e mostan\u00e1ban t\u00falzott v\u00e9rz\u00e9st egy kisebb baleset vagy fogorvosi l\u00e1togat\u00e1s ut\u00e1n? A legt\u00f6bb ember id\u0151r\u0151l id\u0151re v\u00e9rzik. A v\u00e9rz\u00e9s oka elt\u00e9r\u0151 lehet, de a legt\u00f6bb esetben [&hellip;]","og_url":"https:\/\/vwdtest.com\/bkp-hu\/i-bleed-a-lot\/","og_site_name":"Backup Hungry","article_modified_time":"2024-02-28T05:57:13+00:00","og_image":[{"width":679,"height":976,"url":"https:\/\/vwdtest.com\/bkp-hu\/wp-content\/uploads\/sites\/62\/2023\/04\/Person-who-bleads-1.png","type":"image\/png"}],"twitter_card":"summary_large_image","twitter_misc":{"Est. reading time":"2 minutes"},"schema":{"@context":"https:\/\/schema.org","@graph":[{"@type":"WebPage","@id":"https:\/\/vwdtest.com\/bkp-hu\/i-bleed-a-lot\/","url":"https:\/\/vwdtest.com\/bkp-hu\/i-bleed-a-lot\/","name":"nagyon v\u00e9rzek - Backup Hungry","isPartOf":{"@id":"https:\/\/vwdtest.com\/bkp-hu\/#website"},"datePublished":"2023-04-27T12:33:04+00:00","dateModified":"2024-02-28T05:57:13+00:00","breadcrumb":{"@id":"https:\/\/vwdtest.com\/bkp-hu\/i-bleed-a-lot\/#breadcrumb"},"inLanguage":"en-US","potentialAction":[{"@type":"ReadAction","target":["https:\/\/vwdtest.com\/bkp-hu\/i-bleed-a-lot\/"]}]},{"@type":"BreadcrumbList","@id":"https:\/\/vwdtest.com\/bkp-hu\/i-bleed-a-lot\/#breadcrumb","itemListElement":[{"@type":"ListItem","position":1,"name":"Home","item":"https:\/\/vwdtest.com\/bkp-hu\/"},{"@type":"ListItem","position":2,"name":"nagyon v\u00e9rzek"}]},{"@type":"WebSite","@id":"https:\/\/vwdtest.com\/bkp-hu\/#website","url":"https:\/\/vwdtest.com\/bkp-hu\/","name":"Backup Hungry","description":"","potentialAction":[{"@type":"SearchAction","target":{"@type":"EntryPoint","urlTemplate":"https:\/\/vwdtest.com\/bkp-hu\/?s={search_term_string}"},"query-input":"required name=search_term_string"}],"inLanguage":"en-US"}]}},"_links":{"self":[{"href":"https:\/\/vwdtest.com\/bkp-hu\/wp-json\/wp\/v2\/pages\/795"}],"collection":[{"href":"https:\/\/vwdtest.com\/bkp-hu\/wp-json\/wp\/v2\/pages"}],"about":[{"href":"https:\/\/vwdtest.com\/bkp-hu\/wp-json\/wp\/v2\/types\/page"}],"author":[{"embeddable":true,"href":"https:\/\/vwdtest.com\/bkp-hu\/wp-json\/wp\/v2\/users\/1"}],"replies":[{"embeddable":true,"href":"https:\/\/vwdtest.com\/bkp-hu\/wp-json\/wp\/v2\/comments?post=795"}],"version-history":[{"count":53,"href":"https:\/\/vwdtest.com\/bkp-hu\/wp-json\/wp\/v2\/pages\/795\/revisions"}],"predecessor-version":[{"id":2535,"href":"https:\/\/vwdtest.com\/bkp-hu\/wp-json\/wp\/v2\/pages\/795\/revisions\/2535"}],"wp:featuredmedia":[{"embeddable":true,"href":"https:\/\/vwdtest.com\/bkp-hu\/wp-json\/wp\/v2\/media\/788"}],"wp:attachment":[{"href":"https:\/\/vwdtest.com\/bkp-hu\/wp-json\/wp\/v2\/media?parent=795"}],"curies":[{"name":"wp","href":"https:\/\/api.w.org\/{rel}","templated":true}]}}