{"id":3,"date":"2023-02-13T11:33:55","date_gmt":"2023-02-13T11:33:55","guid":{"rendered":"https:\/\/new.vwdtest.com\/nw\/?page_id=3"},"modified":"2023-10-10T10:23:07","modified_gmt":"2023-10-10T10:23:07","slug":"privacy-policy","status":"publish","type":"page","link":"https:\/\/vwdtest.com\/bkp-hu\/privacy-policy\/","title":{"rendered":"Adatv\u00e9delmi ir\u00e1nyelvek"},"content":{"rendered":"<div class=\"default-block container\">\n<h2>Kik vagyunk<\/h2>\n<\/div>\n\n<div class=\"default-block container\">\n<p><strong class=\"privacy-policy-tutorial\">Javasolt sz\u00f6veg: <\/strong>Our website address is: https:\/\/vwdtest.com\/nw.<\/p>\n<\/div>\n\n<div class=\"default-block container\">\n<h2>Hozz\u00e1sz\u00f3l\u00e1sok<\/h2>\n<\/div>\n\n<div class=\"default-block container\">\n<p><strong class=\"privacy-policy-tutorial\"><strong class=\"privacy-policy-tutorial\">Javasolt sz\u00f6veg<\/strong>: <\/strong>Amikor a l\u00e1togat\u00f3k megjegyz\u00e9seket f\u0171znek az oldalhoz, gy\u0171jtj\u00fck a megjegyz\u00e9s \u0171rlapon megjelen\u0151 adatokat, valamint a l\u00e1togat\u00f3 IP-c\u00edm\u00e9t \u00e9s a b\u00f6ng\u00e9sz\u0151 felhaszn\u00e1l\u00f3i \u00fcgyn\u00f6k karakterl\u00e1nc\u00e1t, hogy seg\u00edts\u00fck a spam \u00e9szlel\u00e9s\u00e9t.<\/p>\n<\/div>\n\n<div class=\"default-block container\">\n<p>Az \u00d6n e-mail c\u00edm\u00e9b\u0151l l\u00e9trehozott anonim karakterl\u00e1nc (m\u00e1s n\u00e9ven hash) a Gravatar szolg\u00e1ltat\u00e1shoz ker\u00fclhet, hogy ellen\u0151rizze, haszn\u00e1lja-e. A Gravatar szolg\u00e1ltat\u00e1s adatv\u00e9delmi szab\u00e1lyzata itt \u00e9rhet\u0151 el: https:\/\/automattic.com\/privacy\/. Hozz\u00e1sz\u00f3l\u00e1sod j\u00f3v\u00e1hagy\u00e1sa ut\u00e1n profilk\u00e9ped a nyilv\u00e1noss\u00e1g sz\u00e1m\u00e1ra l\u00e1that\u00f3v\u00e1 v\u00e1lik a hozz\u00e1sz\u00f3l\u00e1soddal \u00f6sszef\u00fcgg\u00e9sben.<\/p>\n<\/div>\n\n<div class=\"default-block container\">\n<h2>M\u00e9dia<\/h2>\n<\/div>\n\n<div class=\"default-block container\">\n<p><strong class=\"privacy-policy-tutorial\"><strong class=\"privacy-policy-tutorial\">Javasolt sz\u00f6veg<\/strong>: <\/strong>Ha k\u00e9peket t\u00f6lt fel a webhelyre, ker\u00fclje a be\u00e1gyazott helyadatokat (EXIF GPS) tartalmaz\u00f3 k\u00e9pek felt\u00f6lt\u00e9s\u00e9t. A webhely l\u00e1togat\u00f3i let\u00f6lthetik \u00e9s kivonhatj\u00e1k a webhelyen tal\u00e1lhat\u00f3 k\u00e9pekb\u0151l a helyadatokat.<\/p>\n<\/div>\n\n<div class=\"default-block container\">\n<h2>Cookie-k<\/h2>\n<\/div>\n\n<div class=\"default-block container\">\n<p><strong class=\"privacy-policy-tutorial\"><strong class=\"privacy-policy-tutorial\">Javasolt sz\u00f6veg<\/strong>: <\/strong>Ha megjegyz\u00e9st \u00edr oldalunkra, enged\u00e9lyezheti nev\u00e9nek, e-mail c\u00edm\u00e9nek \u00e9s webhely\u00e9nek cookie-kba val\u00f3 ment\u00e9s\u00e9t. Ezek az \u00d6n k\u00e9nyelm\u00e9t szolg\u00e1lj\u00e1k, hogy ne kelljen \u00fajra megadnia adatait, amikor \u00fajabb megjegyz\u00e9st \u00edr. Ezek a s\u00fctik egy \u00e9vig eltartanak.<\/p>\n<\/div>\n\n<div class=\"default-block container\">\n<p>Ha megl\u00e1togatja bejelentkez\u00e9si oldalunkat, ideiglenes cookie-t \u00e1ll\u00edtunk be annak meg\u00e1llap\u00edt\u00e1s\u00e1ra, hogy b\u00f6ng\u00e9sz\u0151je elfogadja-e a cookie-kat. Ez a cookie nem tartalmaz szem\u00e9lyes adatokat, \u00e9s a b\u00f6ng\u00e9sz\u0151 bez\u00e1r\u00e1sakor t\u00f6rl\u0151dik.<\/p>\n<\/div>\n\n<div class=\"default-block container\">\n<p>Amikor bejelentkezik, t\u00f6bb cookie-t is be\u00e1ll\u00edtunk, amelyek elmentik a bejelentkez\u00e9si adatait \u00e9s a k\u00e9perny\u0151 megjelen\u00edt\u00e9si lehet\u0151s\u00e9geit. A bejelentkez\u00e9si cookie-k k\u00e9t napig, a k\u00e9perny\u0151be\u00e1ll\u00edt\u00e1si cookie-k pedig egy \u00e9vig m\u0171k\u00f6dnek. Ha az \u201eEml\u00e9kezz r\u00e1m\u201d lehet\u0151s\u00e9get v\u00e1lasztja, a bejelentkez\u00e9s k\u00e9t h\u00e9tig megmarad. Ha kijelentkezik fi\u00f3kj\u00e1b\u00f3l, a bejelentkez\u00e9si cookie-k t\u00f6rl\u0151dnek.<\/p>\n<\/div>\n\n<div class=\"default-block container\">\n<p>Ha szerkeszt vagy k\u00f6zz\u00e9tesz egy cikket, a b\u00f6ng\u00e9sz\u0151 egy tov\u00e1bbi cookie-t ment el. Ez a cookie nem tartalmaz szem\u00e9lyes adatokat, \u00e9s egyszer\u0171en csak az \u00e9ppen szerkesztett cikk bejegyz\u00e9sazonos\u00edt\u00f3j\u00e1t jelzi. 1 nap m\u00falva lej\u00e1r.<\/p>\n<\/div>\n\n<div class=\"default-block container\">\n<h2>Be\u00e1gyazott tartalom m\u00e1s webhelyekr\u0151l<\/h2>\n<\/div>\n\n<div class=\"default-block container\">\n<p><strong class=\"privacy-policy-tutorial\"><strong class=\"privacy-policy-tutorial\">Javasolt sz\u00f6veg<\/strong>: <\/strong>Az ezen az oldalon tal\u00e1lhat\u00f3 cikkek tartalmazhatnak be\u00e1gyazott tartalmat (p\u00e9ld\u00e1ul vide\u00f3kat, k\u00e9peket, cikkeket stb.). A m\u00e1s webhelyekr\u0151l sz\u00e1rmaz\u00f3 be\u00e1gyazott tartalom pontosan ugyan\u00fagy viselkedik, mintha a l\u00e1togat\u00f3 megl\u00e1togatta volna a m\u00e1sik webhelyet.<\/p>\n<\/div>\n\n<div class=\"default-block container\">\n<p>Ezek a webhelyek adatokat gy\u0171jthetnek \u00d6nr\u0151l, cookie-kat haszn\u00e1lhatnak, tov\u00e1bbi, harmadik f\u00e9lt\u0151l sz\u00e1rmaz\u00f3 nyomon k\u00f6vet\u00e9st \u00e1gyazhatnak be, \u00e9s nyomon k\u00f6vethetik az \u00d6n interakci\u00f3j\u00e1t a be\u00e1gyazott tartalommal, bele\u00e9rtve a be\u00e1gyazott tartalommal val\u00f3 interakci\u00f3 nyomon k\u00f6vet\u00e9s\u00e9t is, ha rendelkezik fi\u00f3kkal, \u00e9s be van jelentkezve az adott webhelyre.<\/p>\n<\/div>\n\n<div class=\"default-block container\">\n<h2>Kivel osztjuk meg adatait<\/h2>\n<\/div>\n\n<div class=\"default-block container\">\n<p><strong class=\"privacy-policy-tutorial\"><strong class=\"privacy-policy-tutorial\">Javasolt sz\u00f6veg<\/strong>: <\/strong>Ha jelsz\u00f3-vissza\u00e1ll\u00edt\u00e1st k\u00e9r, az IP-c\u00edme szerepelni fog a vissza\u00e1ll\u00edt\u00f3 e-mailben.<\/p>\n<\/div>\n\n<div class=\"default-block container\">\n<h2>Mennyi ideig \u0151rizz\u00fck meg adatait<\/h2>\n<\/div>\n\n<div class=\"default-block container\">\n<p><strong class=\"privacy-policy-tutorial\">Suggested text: <\/strong>Ha megjegyz\u00e9st \u00edr, a megjegyz\u00e9st \u00e9s metaadatait hat\u00e1rozatlan ideig meg\u0151rizz\u00fck. Ez az\u00e9rt van \u00edgy, hogy minden tov\u00e1bbi megjegyz\u00e9st automatikusan felismerj\u00fcnk \u00e9s j\u00f3v\u00e1hagyhassunk, ahelyett, hogy moder\u00e1l\u00e1si sorban tartan\u00e1nk \u0151ket.<\/p>\n<\/div>\n\n<div class=\"default-block container\">\n<p>Azon felhaszn\u00e1l\u00f3k sz\u00e1m\u00e1ra, akik regisztr\u00e1lnak a weboldalunkon (ha vannak), az \u00e1ltaluk megadott szem\u00e9lyes adatokat a felhaszn\u00e1l\u00f3i profiljukban is t\u00e1roljuk. Minden felhaszn\u00e1l\u00f3 b\u00e1rmikor megtekintheti, szerkesztheti vagy t\u00f6r\u00f6lheti szem\u00e9lyes adatait (kiv\u00e9ve, hogy nem m\u00f3dos\u00edthatja felhaszn\u00e1l\u00f3nev\u00e9t). A webhely rendszergazd\u00e1i is l\u00e1thatj\u00e1k \u00e9s szerkeszthetik ezeket az inform\u00e1ci\u00f3kat.<\/p>\n<\/div>\n\n<div class=\"default-block container\">\n<h2>Milyen jogai vannak az adataival kapcsolatban<\/h2>\n<\/div>\n\n<div class=\"default-block container\">\n<p><strong class=\"privacy-policy-tutorial\">Javasolt sz\u00f6veg: <\/strong>Ha rendelkezik fi\u00f3kkal ezen az oldalon, vagy megjegyz\u00e9seket f\u0171z\u00f6tt hozz\u00e1, k\u00e9rhet egy export\u00e1lt f\u00e1jlt az \u00d6nr\u0151l t\u00e1rolt szem\u00e9lyes adatokr\u00f3l, bele\u00e9rtve az \u00d6n \u00e1ltal rendelkez\u00e9s\u00fcnkre bocs\u00e1tott adatokat is. Azt is k\u00e9rheti, hogy t\u00f6r\u00f6lj\u00fck az \u00d6nr\u0151l t\u00e1rolt szem\u00e9lyes adatokat. Ez nem foglalja mag\u00e1ban azokat az adatokat, amelyeket adminisztrat\u00edv, jogi vagy biztons\u00e1gi c\u00e9lb\u00f3l k\u00f6telesek vagyunk meg\u0151rizni.<\/p>\n<\/div>\n\n<div class=\"default-block container\">\n<h2>Hov\u00e1 k\u00fcldik az adatait<\/h2>\n<\/div>\n\n<div class=\"default-block container\">\n<p><strong class=\"privacy-policy-tutorial\"><strong class=\"privacy-policy-tutorial\">Javasolt sz\u00f6veg<\/strong>: <\/strong>A l\u00e1togat\u00f3k megjegyz\u00e9sei egy automata spam\u00e9szlel\u0151 szolg\u00e1ltat\u00e1son kereszt\u00fcl ellen\u0151rizhet\u0151k.<\/p>\n<\/div>","protected":false},"excerpt":{"rendered":"<p>Kik vagyunk Javasolt sz\u00f6veg: Our website address is: https:\/\/vwdtest.com\/nw. Hozz\u00e1sz\u00f3l\u00e1sok Javasolt sz\u00f6veg: Amikor a l\u00e1togat\u00f3k megjegyz\u00e9seket f\u0171znek az oldalhoz, gy\u0171jtj\u00fck a megjegyz\u00e9s \u0171rlapon megjelen\u0151 adatokat, valamint a l\u00e1togat\u00f3 IP-c\u00edm\u00e9t \u00e9s a b\u00f6ng\u00e9sz\u0151 felhaszn\u00e1l\u00f3i \u00fcgyn\u00f6k karakterl\u00e1nc\u00e1t, hogy seg\u00edts\u00fck a spam \u00e9szlel\u00e9s\u00e9t. Az \u00d6n e-mail c\u00edm\u00e9b\u0151l l\u00e9trehozott anonim karakterl\u00e1nc (m\u00e1s n\u00e9ven hash) a Gravatar szolg\u00e1ltat\u00e1shoz ker\u00fclhet, hogy [&hellip;]<\/p>\n","protected":false},"author":1,"featured_media":0,"parent":0,"menu_order":0,"comment_status":"closed","ping_status":"open","template":"front-page.php","meta":{"inline_featured_image":false},"acf":[],"yoast_head":"<!-- This site is optimized with the Yoast SEO plugin v20.4 - https:\/\/yoast.com\/wordpress\/plugins\/seo\/ -->\n<title>Adatv\u00e9delmi ir\u00e1nyelvek - Backup Hungry<\/title>\n<meta name=\"robots\" content=\"index, follow, max-snippet:-1, max-image-preview:large, max-video-preview:-1\" \/>\n<link rel=\"canonical\" href=\"https:\/\/vwdtest.com\/bkp-hu\/privacy-policy\/\" \/>\n<meta property=\"og:locale\" content=\"en_US\" \/>\n<meta property=\"og:type\" content=\"article\" \/>\n<meta property=\"og:title\" content=\"Adatv\u00e9delmi ir\u00e1nyelvek - Backup Hungry\" \/>\n<meta property=\"og:description\" content=\"Kik vagyunk Javasolt sz\u00f6veg: Our website address is: https:\/\/vwdtest.com\/nw. Hozz\u00e1sz\u00f3l\u00e1sok Javasolt sz\u00f6veg: Amikor a l\u00e1togat\u00f3k megjegyz\u00e9seket f\u0171znek az oldalhoz, gy\u0171jtj\u00fck a megjegyz\u00e9s \u0171rlapon megjelen\u0151 adatokat, valamint a l\u00e1togat\u00f3 IP-c\u00edm\u00e9t \u00e9s a b\u00f6ng\u00e9sz\u0151 felhaszn\u00e1l\u00f3i \u00fcgyn\u00f6k karakterl\u00e1nc\u00e1t, hogy seg\u00edts\u00fck a spam \u00e9szlel\u00e9s\u00e9t. Az \u00d6n e-mail c\u00edm\u00e9b\u0151l l\u00e9trehozott anonim karakterl\u00e1nc (m\u00e1s n\u00e9ven hash) a Gravatar szolg\u00e1ltat\u00e1shoz ker\u00fclhet, hogy [&hellip;]\" \/>\n<meta property=\"og:url\" content=\"https:\/\/vwdtest.com\/bkp-hu\/privacy-policy\/\" \/>\n<meta property=\"og:site_name\" content=\"Backup Hungry\" \/>\n<meta property=\"article:modified_time\" content=\"2023-10-10T10:23:07+00:00\" \/>\n<meta name=\"twitter:card\" content=\"summary_large_image\" \/>\n<meta name=\"twitter:label1\" content=\"Est. reading time\" \/>\n\t<meta name=\"twitter:data1\" content=\"3 minutes\" \/>\n<script type=\"application\/ld+json\" class=\"yoast-schema-graph\">{\"@context\":\"https:\/\/schema.org\",\"@graph\":[{\"@type\":\"WebPage\",\"@id\":\"https:\/\/vwdtest.com\/bkp-hu\/privacy-policy\/\",\"url\":\"https:\/\/vwdtest.com\/bkp-hu\/privacy-policy\/\",\"name\":\"Adatv\u00e9delmi ir\u00e1nyelvek - Backup Hungry\",\"isPartOf\":{\"@id\":\"https:\/\/vwdtest.com\/bkp-hu\/#website\"},\"datePublished\":\"2023-02-13T11:33:55+00:00\",\"dateModified\":\"2023-10-10T10:23:07+00:00\",\"breadcrumb\":{\"@id\":\"https:\/\/vwdtest.com\/bkp-hu\/privacy-policy\/#breadcrumb\"},\"inLanguage\":\"en-US\",\"potentialAction\":[{\"@type\":\"ReadAction\",\"target\":[\"https:\/\/vwdtest.com\/bkp-hu\/privacy-policy\/\"]}]},{\"@type\":\"BreadcrumbList\",\"@id\":\"https:\/\/vwdtest.com\/bkp-hu\/privacy-policy\/#breadcrumb\",\"itemListElement\":[{\"@type\":\"ListItem\",\"position\":1,\"name\":\"Home\",\"item\":\"https:\/\/vwdtest.com\/bkp-hu\/\"},{\"@type\":\"ListItem\",\"position\":2,\"name\":\"Adatv\u00e9delmi ir\u00e1nyelvek\"}]},{\"@type\":\"WebSite\",\"@id\":\"https:\/\/vwdtest.com\/bkp-hu\/#website\",\"url\":\"https:\/\/vwdtest.com\/bkp-hu\/\",\"name\":\"Backup Hungry\",\"description\":\"\",\"potentialAction\":[{\"@type\":\"SearchAction\",\"target\":{\"@type\":\"EntryPoint\",\"urlTemplate\":\"https:\/\/vwdtest.com\/bkp-hu\/?s={search_term_string}\"},\"query-input\":\"required name=search_term_string\"}],\"inLanguage\":\"en-US\"}]}<\/script>\n<!-- \/ Yoast SEO plugin. -->","yoast_head_json":{"title":"Adatv\u00e9delmi ir\u00e1nyelvek - Backup Hungry","robots":{"index":"index","follow":"follow","max-snippet":"max-snippet:-1","max-image-preview":"max-image-preview:large","max-video-preview":"max-video-preview:-1"},"canonical":"https:\/\/vwdtest.com\/bkp-hu\/privacy-policy\/","og_locale":"en_US","og_type":"article","og_title":"Adatv\u00e9delmi ir\u00e1nyelvek - Backup Hungry","og_description":"Kik vagyunk Javasolt sz\u00f6veg: Our website address is: https:\/\/vwdtest.com\/nw. Hozz\u00e1sz\u00f3l\u00e1sok Javasolt sz\u00f6veg: Amikor a l\u00e1togat\u00f3k megjegyz\u00e9seket f\u0171znek az oldalhoz, gy\u0171jtj\u00fck a megjegyz\u00e9s \u0171rlapon megjelen\u0151 adatokat, valamint a l\u00e1togat\u00f3 IP-c\u00edm\u00e9t \u00e9s a b\u00f6ng\u00e9sz\u0151 felhaszn\u00e1l\u00f3i \u00fcgyn\u00f6k karakterl\u00e1nc\u00e1t, hogy seg\u00edts\u00fck a spam \u00e9szlel\u00e9s\u00e9t. Az \u00d6n e-mail c\u00edm\u00e9b\u0151l l\u00e9trehozott anonim karakterl\u00e1nc (m\u00e1s n\u00e9ven hash) a Gravatar szolg\u00e1ltat\u00e1shoz ker\u00fclhet, hogy [&hellip;]","og_url":"https:\/\/vwdtest.com\/bkp-hu\/privacy-policy\/","og_site_name":"Backup Hungry","article_modified_time":"2023-10-10T10:23:07+00:00","twitter_card":"summary_large_image","twitter_misc":{"Est. reading time":"3 minutes"},"schema":{"@context":"https:\/\/schema.org","@graph":[{"@type":"WebPage","@id":"https:\/\/vwdtest.com\/bkp-hu\/privacy-policy\/","url":"https:\/\/vwdtest.com\/bkp-hu\/privacy-policy\/","name":"Adatv\u00e9delmi ir\u00e1nyelvek - Backup Hungry","isPartOf":{"@id":"https:\/\/vwdtest.com\/bkp-hu\/#website"},"datePublished":"2023-02-13T11:33:55+00:00","dateModified":"2023-10-10T10:23:07+00:00","breadcrumb":{"@id":"https:\/\/vwdtest.com\/bkp-hu\/privacy-policy\/#breadcrumb"},"inLanguage":"en-US","potentialAction":[{"@type":"ReadAction","target":["https:\/\/vwdtest.com\/bkp-hu\/privacy-policy\/"]}]},{"@type":"BreadcrumbList","@id":"https:\/\/vwdtest.com\/bkp-hu\/privacy-policy\/#breadcrumb","itemListElement":[{"@type":"ListItem","position":1,"name":"Home","item":"https:\/\/vwdtest.com\/bkp-hu\/"},{"@type":"ListItem","position":2,"name":"Adatv\u00e9delmi ir\u00e1nyelvek"}]},{"@type":"WebSite","@id":"https:\/\/vwdtest.com\/bkp-hu\/#website","url":"https:\/\/vwdtest.com\/bkp-hu\/","name":"Backup Hungry","description":"","potentialAction":[{"@type":"SearchAction","target":{"@type":"EntryPoint","urlTemplate":"https:\/\/vwdtest.com\/bkp-hu\/?s={search_term_string}"},"query-input":"required name=search_term_string"}],"inLanguage":"en-US"}]}},"_links":{"self":[{"href":"https:\/\/vwdtest.com\/bkp-hu\/wp-json\/wp\/v2\/pages\/3"}],"collection":[{"href":"https:\/\/vwdtest.com\/bkp-hu\/wp-json\/wp\/v2\/pages"}],"about":[{"href":"https:\/\/vwdtest.com\/bkp-hu\/wp-json\/wp\/v2\/types\/page"}],"author":[{"embeddable":true,"href":"https:\/\/vwdtest.com\/bkp-hu\/wp-json\/wp\/v2\/users\/1"}],"replies":[{"embeddable":true,"href":"https:\/\/vwdtest.com\/bkp-hu\/wp-json\/wp\/v2\/comments?post=3"}],"version-history":[{"count":3,"href":"https:\/\/vwdtest.com\/bkp-hu\/wp-json\/wp\/v2\/pages\/3\/revisions"}],"predecessor-version":[{"id":2436,"href":"https:\/\/vwdtest.com\/bkp-hu\/wp-json\/wp\/v2\/pages\/3\/revisions\/2436"}],"wp:attachment":[{"href":"https:\/\/vwdtest.com\/bkp-hu\/wp-json\/wp\/v2\/media?parent=3"}],"curies":[{"name":"wp","href":"https:\/\/api.w.org\/{rel}","templated":true}]}}