{"id":263,"date":"2023-02-21T21:22:33","date_gmt":"2023-02-21T21:22:33","guid":{"rendered":"https:\/\/new.vwdtest.com\/nw\/?page_id=263"},"modified":"2024-02-19T09:58:09","modified_gmt":"2024-02-19T09:58:09","slug":"legal-statement","status":"publish","type":"page","link":"https:\/\/vwdtest.com\/bkp-hu\/legal-statement\/","title":{"rendered":"Jogi nyilatkozat"},"content":{"rendered":"<div class=\"default-block container\">\n<h2>Haszn\u00e1lati felt\u00e9telek<\/h2>\n<\/div>\n\n<div class=\"default-block container\">\n<p>Ezt a weboldalt az Octapharma AG, Seidenstrasse 2, 8853 Lachen SZ, Sv\u00e1jc finansz\u00edrozza, \u00e9s Dr. Fernando Corrales-Medina (klinikai gyermekgy\u00f3gy\u00e1szati \u200b\u200bdocens, Miami-Miller School of Medicine, USA) orvosi szak\u00e9rt\u0151kkel egy\u00fcttm\u0171k\u00f6dve fejlesztett\u00e9k ki, Erik professzor. Berntorp (a Lund Egyetem klinikai koagul\u00e1ci\u00f3s kutat\u00e1s\u00e1nak professzora, Sv\u00e9dorsz\u00e1g) \u00e9s v\u00e9rz\u00e9si rendelleness\u00e9gekkel foglalkoz\u00f3 nemzetk\u00f6zi szak\u00e9rt\u0151i csoportjuk (a tov\u00e1bbiakban: \u201eNemzetk\u00f6zi szak\u00e9rt\u0151i csoport\u201d).<\/p>\n<\/div>\n\n<div class=\"default-block container\">\n<p>Ez egy nem prom\u00f3ci\u00f3s weboldal, amely a nemzetk\u00f6zi szak\u00e9rt\u0151i csoport \u00e1ltal vezetett betegs\u00e9gfelh\u00edv\u00f3 kamp\u00e1nyt hivatott t\u00e1mogatni, \u00e9s kiz\u00e1r\u00f3lag \u00e1ltal\u00e1nos t\u00e1j\u00e9koztat\u00e1si c\u00e9lokat szolg\u00e1l. Ezen a weboldalon semmit nem szabad az Octapharma v\u00e1llalatcsoport b\u00e1rmely term\u00e9k\u00e9nek vagy b\u00e1rmely term\u00e9k\u00e9nek prom\u00f3ci\u00f3j\u00e1nak vagy rekl\u00e1mj\u00e1nak \u00e9rtelmeznie.<\/p>\n<\/div>\n\n<div class=\"default-block container\">\n<p>Az Octapharma AG alv\u00e1llalkoz\u00f3ival egy\u00fctt t\u00e1mogatja a weboldal karbantart\u00e1s\u00e1t \u00e9s kezel\u00e9s\u00e9t. A weboldal haszn\u00e1lat\u00e1val \u00d6n elfogadja, hogy betartja az al\u00e1bbi felt\u00e9teleket \u00e9s minden vonatkoz\u00f3 jogszab\u00e1lyt. Ha nem fogadja el ezeket a felt\u00e9teleket, ne haszn\u00e1lja ezt a webhelyet.<\/p>\n<\/div>\n\n<div class=\"default-block container\">\n<h2>A weboldal \u00e9s a haszn\u00e1lati felt\u00e9telek m\u00f3dos\u00edt\u00e1sa<\/h2>\n<\/div>\n\n<div class=\"default-block container\">\n<p>Az Octapharma AG fenntartja a jogot, hogy b\u00e1rmikor \u00e9s el\u0151zetes \u00e9rtes\u00edt\u00e9s n\u00e9lk\u00fcl v\u00e1ltoztat\u00e1sokat, m\u00f3dos\u00edt\u00e1sokat, kieg\u00e9sz\u00edt\u00e9seket, t\u00f6rl\u00e9seket \u00e9s jav\u00edt\u00e1sokat hajtson v\u00e9gre ezen a weboldalon. Az Octapharma AG b\u00e1rmikor, el\u0151zetes \u00e9rtes\u00edt\u00e9s n\u00e9lk\u00fcl megvonhatja a hozz\u00e1f\u00e9r\u00e9st ehhez a weboldalhoz.<\/p>\n<\/div>\n\n<div class=\"default-block container\">\n<p>Az Octapharma AG b\u00e1rmikor fel\u00fclvizsg\u00e1lhatja a jelen Felhaszn\u00e1l\u00e1si felt\u00e9teleket a jelen bejegyz\u00e9s friss\u00edt\u00e9s\u00e9vel. Ha tov\u00e1bbra is el\u00e9ri ezt a webhelyet, \u00d6nt k\u00f6telez\u0151 erej\u0171ek az ilyen m\u00f3dos\u00edt\u00e1sok, ez\u00e9rt rendszeresen fel kell keresnie ezt az oldalt, hogy \u00e1ttekintse a haszn\u00e1lati felt\u00e9teleket, hogy megbizonyosodjon arr\u00f3l, hogy meg\u00e9rtette az adott id\u0151pontban \u00e9rv\u00e9nyes felt\u00e9teleket.<\/p>\n<\/div>\n\n<div class=\"default-block container\">\n<h2>V\u00edrus v\u00e9dekez\u00e9s<\/h2>\n<\/div>\n\n<div class=\"default-block container\">\n<p>Az Octapharma AG nem garant\u00e1lja \u00e9s nem v\u00e1llalja, hogy ez a webhely vagy az Octapharma AG-t\u00f3l a levelez\u00e9si lista szolg\u00e1ltat\u00e1sa alapj\u00e1n kapott e-mailek megszak\u00edt\u00e1s n\u00e9lk\u00fcl, v\u00edrusmentesek vagy egy\u00e9b k\u00e1ros \u00f6sszetev\u0151kt\u0151l mentesek lesznek. Az Octapharma AG (bele\u00e9rtve igazgat\u00f3it, le\u00e1nyv\u00e1llalatait, tiszts\u00e9gvisel\u0151it, alkalmazottait, \u00fcgyn\u00f6keit, v\u00e1llalkoz\u00f3it, ut\u00f3dait \u00e9s megb\u00edzottjait) nem v\u00e1llal felel\u0151ss\u00e9get az \u00d6n berendez\u00e9s\u00e9ben okozott k\u00e1rok\u00e9rt, amelyek a webhely el\u00e9r\u00e9se, a webhelyr\u0151l sz\u00e1rmaz\u00f3 tartalom let\u00f6lt\u00e9se, vagy e-mailek fogad\u00e1sa az Octapharma AG-t\u00f3l a levelez\u00e9si lista szolg\u00e1ltat\u00e1s\u00e1nak megfelel\u0151en.<\/p>\n<\/div>\n\n<div class=\"default-block container\">\n<h2>Orvosi inform\u00e1ci\u00f3<\/h2>\n<\/div>\n\n<div class=\"default-block container\">\n<p>A weboldal orvosi tartalm\u00e1t a nemzetk\u00f6zi szak\u00e9rt\u0151i csoport dolgozta ki \u00e9s hagyta j\u00f3v\u00e1. Az inform\u00e1ci\u00f3 tov\u00e1bb\u00e1 nem szolg\u00e1l teljes k\u00f6r\u0171 orvosi inform\u00e1ci\u00f3val. Mindig teljes k\u00f6r\u0171 orvosi inform\u00e1ci\u00f3kat kell beszereznie v\u00e9nyk\u00f6teles gy\u00f3gyszereir\u0151l vagy orvosi eszk\u00f6zeir\u0151l (bele\u00e9rtve azok j\u00f3t\u00e9kony gy\u00f3gy\u00e1szati \u200b\u200bfelhaszn\u00e1l\u00e1s\u00e1t \u00e9s lehets\u00e9ges k\u00e1ros hat\u00e1sait is), ha k\u00f6zvetlen\u00fcl a gy\u00f3gyszert fel\u00edr\u00f3 orvos\u00e1val vagy adott esetben m\u00e1s eg\u00e9szs\u00e9g\u00fcgyi tan\u00e1csad\u00f3val besz\u00e9li meg b\u00e1rmely gy\u00f3gyszer\/orvosi eszk\u00f6z megfelel\u0151 haszn\u00e1lat\u00e1t. A k\u00f6z\u00f6lt orvosi inform\u00e1ci\u00f3k nem min\u0151s\u00fclnek \u00e9s nem is sz\u00e1nd\u00e9koznak \u00f6szt\u00f6n\u00f6zni az Octapharma v\u00e1llalatcsoport egy bizonyos term\u00e9k\u00e9nek aj\u00e1nl\u00e1s\u00e1ra, v\u00e1s\u00e1rl\u00e1s\u00e1ra, fel\u00edr\u00e1s\u00e1ra, elad\u00e1s\u00e1ra vagy bead\u00e1s\u00e1ra.<\/p>\n<\/div>\n\n<div class=\"default-block container\">\n<h2>Szerz\u0151i jogv\u00e9delem<\/h2>\n<\/div>\n\n<div class=\"default-block container\">\n<p>A weboldalon tal\u00e1lhat\u00f3 \u00f6sszes anyag szerz\u0151i joga az Octapharma AG tulajdon\u00e1t k\u00e9pezi, hacsak m\u00e1sk\u00e9nt nem jelezz\u00fck.<\/p>\n<\/div>\n\n<div class=\"default-block container\">\n<p>Az Octapharma AG fenntart minden jogot a weboldal tartalm\u00e1ra \u00e9s kialak\u00edt\u00e1s\u00e1ra vonatkoz\u00f3an. Hacsak az Octapharma AG \u00edr\u00e1sban nem enged\u00e9lyezi, nem reproduk\u00e1lhat, haszn\u00e1lhat vagy m\u00e1solhat le semmilyen tartalmat ezen a webhelyen, bele\u00e9rtve a neveket, log\u00f3kat, diz\u00e1jnt, term\u00e9kinform\u00e1ci\u00f3kat \u00e9s a weboldalon haszn\u00e1lt egy\u00e9b anyagokat\/inform\u00e1ci\u00f3kat (a tov\u00e1bbiakban egy\u00fctt: \u201eInform\u00e1ci\u00f3\u201d). ). Az Octapharma AG el\u0151zetes \u00edr\u00e1sos enged\u00e9lye n\u00e9lk\u00fcl semmilyen inform\u00e1ci\u00f3t nem haszn\u00e1lhat fel kereskedelmi c\u00e9lokra, \u00e9s nem teheti meg, hogy az Inform\u00e1ci\u00f3kat keretbe foglalj\u00e1k vagy be\u00e1gyazz\u00e1k egy m\u00e1sik webhelyre.<\/p>\n<\/div>\n\n<div class=\"default-block container\">\n<p>Az ezen a weboldalon hivatkozott \u00f6sszes inform\u00e1ci\u00f3 a megfelel\u0151 tulajdonos tulajdona, \u00e9s nem haszn\u00e1lhat\u00f3 fel r\u00e9szben vagy eg\u00e9szben semmilyen joghat\u00f3s\u00e1gban a tulajdonos el\u0151zetes \u00edr\u00e1sbeli hozz\u00e1j\u00e1rul\u00e1sa n\u00e9lk\u00fcl. Az ezen a weboldalon hivatkozott b\u00e1rmely v\u00e9djegyhez, log\u00f3hoz vagy n\u00e9vhez l\u00e9nyegesen hasonl\u00f3 grafik\u00e1t sem szabad ilyen m\u00f3don haszn\u00e1lni.<\/p>\n<\/div>\n\n<div class=\"default-block container\">\n<h2>Nincs garancia vagy k\u00e9pviselet<\/h2>\n<\/div>\n\n<div class=\"default-block container\">\n<p>Az Inform\u00e1ci\u00f3kat \u201eahogy vannak\u201d, mindenf\u00e9le kifejezett vagy hallgat\u00f3lagos garancia n\u00e9lk\u00fcl.<\/p>\n<\/div>\n\n<div class=\"default-block container\">\n<p>A t\u00f6rv\u00e9ny \u00e1ltal megengedett legteljesebb m\u00e9rt\u00e9kben az Octapharma AG kifejezetten elh\u00e1r\u00edt minden nyilatkozatot \u00e9s garanci\u00e1t, ak\u00e1r kifejezett, ak\u00e1r hallgat\u00f3lagosan, ezzel a weboldallal kapcsolatban vagy azzal kapcsolatban \u2013 bele\u00e9rtve, korl\u00e1toz\u00e1s n\u00e9lk\u00fcl, a k\u00f6vetkez\u0151kre vonatkoz\u00f3 b\u00e1rmilyen nyilatkozatot vagy garanci\u00e1t:<\/p>\n<\/div>\n\n<div class=\"default-block container\">\n<ul><div class=\"default-block container\">\n<li>az ezen a weboldalon tal\u00e1lhat\u00f3 inform\u00e1ci\u00f3k pontoss\u00e1ga vagy teljess\u00e9ge;<\/li>\n<\/div>\n\n<div class=\"default-block container\">\n<li>A jelen weboldalra hiperhivatkozott webhelyen tal\u00e1lhat\u00f3 inform\u00e1ci\u00f3k pontoss\u00e1ga vagy teljess\u00e9ge.<\/li>\n<\/div>\n\n<div class=\"default-block container\">\n<li>A T\u00e1j\u00e9koztat\u00e1st azon az alapon adjuk meg, hogy a weboldalt felkeres\u0151 minden szem\u00e9ly felel\u0151ss\u00e9get v\u00e1llal annak tartalm\u00e1nak pontoss\u00e1g\u00e1\u00e9rt, \u00e9s teljes m\u00e9rt\u00e9kben saj\u00e1t kock\u00e1zat\u00e1ra hagyatkozik r\u00e1. Az Octapharma AG (bele\u00e9rtve igazgat\u00f3it, le\u00e1nyv\u00e1llalatait, tiszts\u00e9gvisel\u0151it, alkalmazottait, \u00fcgyn\u00f6keit, v\u00e1llalkoz\u00f3it, ut\u00f3dait \u00e9s megb\u00edzottjait) nem v\u00e1llal felel\u0151ss\u00e9get az inform\u00e1ci\u00f3kra vagy b\u00e1rmely m\u00e1s hivatkoz\u00e1ssal be\u00e9p\u00edtett inform\u00e1ci\u00f3ra val\u00f3 t\u00e1maszkod\u00e1sb\u00f3l sz\u00e1rmaz\u00f3 vesztes\u00e9gek\u00e9rt vagy k\u00e1rok\u00e9rt. .<\/li>\n<\/div><\/ul>\n<\/div>\n\n<div class=\"default-block container\">\n<h2>Alkalmazand\u00f3 magatart\u00e1si k\u00f3dex<\/h2>\n<\/div>\n\n<div class=\"default-block container\">\n<p>Az Octapharma AG arra t\u00f6rekszik, hogy betartsa az IFPMA gyakorlati k\u00f3dex\u00e9nek rendelkez\u00e9seit. Az eml\u00edtett k\u00f3d leg\u00fajabb verzi\u00f3ja az al\u00e1bbi linken \u00e9rhet\u0151 el:&nbsp;<a href=\"https:\/\/www.ifpma.org\/resource-centre\/ifpma-code-of-practice\/\" target=\"_blank\" rel=\"noreferrer noopener\">https:\/\/www.ifpma.org\/resource-centre\/ifpma-code-of-practice\/<\/a><\/p>\n<\/div>\n\n<div class=\"default-block container\">\n<h2>A k\u00f6telezetts\u00e9gek korl\u00e1toz\u00e1sa<\/h2>\n<\/div>\n\n<div class=\"default-block container\">\n<p>Az Octapharma AG (bele\u00e9rtve igazgat\u00f3it, le\u00e1nyv\u00e1llalatait, tiszts\u00e9gvisel\u0151it, alkalmazottait, \u00fcgyn\u00f6keit, alv\u00e1llalkoz\u00f3it, ut\u00f3dait \u00e9s megb\u00edzottjait) semmilyen esetben sem felel\u0151s semmilyen k\u00f6zvetlen, k\u00f6zvetett, b\u00fcntet\u0151 jelleg\u0171, v\u00e9letlenszer\u0171, k\u00fcl\u00f6nleges, k\u00f6vetkezm\u00e9nyes k\u00e1r\u00e9rt vagy b\u00e1rmilyen k\u00e1r\u00e9rt, bele\u00e9rtve, korl\u00e1toz\u00e1s n\u00e9lk\u00fcl, a haszn\u00e1lat, az adatok, a nyeres\u00e9g elveszt\u00e9se vagy a lehet\u0151s\u00e9gek elveszt\u00e9se miatti k\u00e1rok, amelyek a jelen weboldal haszn\u00e1lat\u00e1b\u00f3l vagy teljes\u00edtm\u00e9ny\u00e9b\u0151l erednek, vagy azzal b\u00e1rmilyen m\u00f3don \u00f6sszef\u00fcggenek.<\/p>\n<\/div>\n\n<div class=\"default-block container\">\n<h2>Harmadik f\u00e9l webhelye<\/h2>\n<\/div>\n\n<div class=\"default-block container\">\n<p>Az \u00d6n k\u00e9nyelme \u00e9rdek\u00e9ben az Octapharma AG ezen a weboldalon hivatkoz\u00e1sokat biztos\u00edthat m\u00e1s szervezetek \u00e1ltal \u00fczemeltetett webhelyekre. Ha ezeket a webhelyeket haszn\u00e1lja, akkor elhagyja ezt a webhelyet. Ha \u00fagy d\u00f6nt, hogy megl\u00e1togat egy linkelt webhelyet, azt saj\u00e1t kock\u00e1zat\u00e1ra teszi, \u00e9s az \u00d6n felel\u0151ss\u00e9ge, hogy minden \u00f3vint\u00e9zked\u00e9st megtegyen a v\u00edrusok \u00e9s m\u00e1s puszt\u00edt\u00f3 elemek elleni v\u00e9dekez\u00e9s \u00e9rdek\u00e9ben.<\/p>\n<\/div>\n\n<div class=\"default-block container\">\n<p>Az Octapharma AG (bele\u00e9rtve igazgat\u00f3it, le\u00e1nyv\u00e1llalatait, tiszts\u00e9gvisel\u0151it, alkalmazottait, \u00fcgyn\u00f6keit, v\u00e1llalkoz\u00f3it, ut\u00f3dait \u00e9s megb\u00edzottjait) nem v\u00e1llal garanci\u00e1t vagy k\u00e9pviseletet semmilyen hivatkozott webhelyre vagy az azokon megjelen\u0151 inform\u00e1ci\u00f3kra, illetve az azokon le\u00edrt term\u00e9kekre vagy szolg\u00e1ltat\u00e1sokra, \u00e9s nem t\u00e1mogatja azokat. .<\/p>\n<\/div>\n\n<div class=\"default-block container\">\n<p>A hivatkoz\u00e1sok nem jelentik azt, hogy az Octapharma AG kapcsolatban \u00e1ll vagy azzal kapcsolatban \u00e1ll, vagy jogilag felhatalmazta a hivatkoz\u00e1sokban megjelen\u00edtett vagy azokon kereszt\u00fcl el\u00e9rhet\u0151 b\u00e1rmely v\u00e9djegyet, kereskedelmi nevet, log\u00f3t vagy szerz\u0151i jogi szimb\u00f3lumot haszn\u00e1lni, vagy hogy b\u00e1rmely linkelt webhely jogosult b\u00e1rmely v\u00e9djegy haszn\u00e1lat\u00e1ra, az Octapharma AG kereskedelmi neve, log\u00f3ja vagy szerz\u0151i jogi szimb\u00f3luma.<\/p>\n<\/div>\n\n<div class=\"default-block container\">\n<p>Az erre a weboldalra mutat\u00f3 \u00f6sszes hivatkoz\u00e1st az Octapharma AG-nak j\u00f3v\u00e1 kell hagynia. Az Octapharma AG fenntartja a jogot, hogy saj\u00e1t bel\u00e1t\u00e1sa szerint b\u00e1rmikor visszavonja ezt a linkel\u00e9si hozz\u00e1j\u00e1rul\u00e1st.<\/p>\n<\/div>\n\n<div class=\"default-block container\">\n<h2>Alkalmazand\u00f3 jog<\/h2>\n<\/div>\n\n<div class=\"default-block container\">\n<p>A jelen haszn\u00e1lati felt\u00e9teleket, valamint az adatv\u00e9delmi nyilatkozatot \u00e9s a jelen haszn\u00e1lati felt\u00e9telekkel \u00e9s\/vagy az adatv\u00e9delmi nyilatkozattal kapcsolatos vit\u00e1k megold\u00e1s\u00e1t Sv\u00e1jc t\u00f6rv\u00e9nyeivel \u00f6sszhangban kell \u00e9rtelmezni. A kiz\u00e1r\u00f3lagos joghat\u00f3s\u00e1g helye Lachen, SZ, Sv\u00e1jc.<\/p>\n<\/div>","protected":false},"excerpt":{"rendered":"<p>Haszn\u00e1lati felt\u00e9telek Ezt a weboldalt az Octapharma AG, Seidenstrasse 2, 8853 Lachen SZ, Sv\u00e1jc finansz\u00edrozza, \u00e9s Dr. Fernando Corrales-Medina (klinikai gyermekgy\u00f3gy\u00e1szati \u200b\u200bdocens, Miami-Miller School of Medicine, USA) orvosi szak\u00e9rt\u0151kkel egy\u00fcttm\u0171k\u00f6dve fejlesztett\u00e9k ki, Erik professzor. Berntorp (a Lund Egyetem klinikai koagul\u00e1ci\u00f3s kutat\u00e1s\u00e1nak professzora, Sv\u00e9dorsz\u00e1g) \u00e9s v\u00e9rz\u00e9si rendelleness\u00e9gekkel foglalkoz\u00f3 nemzetk\u00f6zi szak\u00e9rt\u0151i csoportjuk (a tov\u00e1bbiakban: \u201eNemzetk\u00f6zi szak\u00e9rt\u0151i csoport\u201d). [&hellip;]<\/p>\n","protected":false},"author":1,"featured_media":0,"parent":0,"menu_order":0,"comment_status":"closed","ping_status":"closed","template":"front-page.php","meta":{"inline_featured_image":false},"acf":[],"yoast_head":"<!-- This site is optimized with the Yoast SEO plugin v20.4 - https:\/\/yoast.com\/wordpress\/plugins\/seo\/ -->\n<title>Jogi nyilatkozat - Backup Hungry<\/title>\n<meta name=\"robots\" content=\"index, follow, max-snippet:-1, max-image-preview:large, max-video-preview:-1\" \/>\n<link rel=\"canonical\" href=\"https:\/\/vwdtest.com\/bkp-hu\/legal-statement\/\" \/>\n<meta property=\"og:locale\" content=\"en_US\" \/>\n<meta property=\"og:type\" content=\"article\" \/>\n<meta property=\"og:title\" content=\"Jogi nyilatkozat - Backup Hungry\" \/>\n<meta property=\"og:description\" content=\"Haszn\u00e1lati felt\u00e9telek Ezt a weboldalt az Octapharma AG, Seidenstrasse 2, 8853 Lachen SZ, Sv\u00e1jc finansz\u00edrozza, \u00e9s Dr. Fernando Corrales-Medina (klinikai gyermekgy\u00f3gy\u00e1szati \u200b\u200bdocens, Miami-Miller School of Medicine, USA) orvosi szak\u00e9rt\u0151kkel egy\u00fcttm\u0171k\u00f6dve fejlesztett\u00e9k ki, Erik professzor. Berntorp (a Lund Egyetem klinikai koagul\u00e1ci\u00f3s kutat\u00e1s\u00e1nak professzora, Sv\u00e9dorsz\u00e1g) \u00e9s v\u00e9rz\u00e9si rendelleness\u00e9gekkel foglalkoz\u00f3 nemzetk\u00f6zi szak\u00e9rt\u0151i csoportjuk (a tov\u00e1bbiakban: \u201eNemzetk\u00f6zi szak\u00e9rt\u0151i csoport\u201d). [&hellip;]\" \/>\n<meta property=\"og:url\" content=\"https:\/\/vwdtest.com\/bkp-hu\/legal-statement\/\" \/>\n<meta property=\"og:site_name\" content=\"Backup Hungry\" \/>\n<meta property=\"article:modified_time\" content=\"2024-02-19T09:58:09+00:00\" \/>\n<meta name=\"twitter:card\" content=\"summary_large_image\" \/>\n<meta name=\"twitter:label1\" content=\"Est. reading time\" \/>\n\t<meta name=\"twitter:data1\" content=\"5 minutes\" \/>\n<script type=\"application\/ld+json\" class=\"yoast-schema-graph\">{\"@context\":\"https:\/\/schema.org\",\"@graph\":[{\"@type\":\"WebPage\",\"@id\":\"https:\/\/vwdtest.com\/bkp-hu\/legal-statement\/\",\"url\":\"https:\/\/vwdtest.com\/bkp-hu\/legal-statement\/\",\"name\":\"Jogi nyilatkozat - Backup Hungry\",\"isPartOf\":{\"@id\":\"https:\/\/vwdtest.com\/bkp-hu\/#website\"},\"datePublished\":\"2023-02-21T21:22:33+00:00\",\"dateModified\":\"2024-02-19T09:58:09+00:00\",\"breadcrumb\":{\"@id\":\"https:\/\/vwdtest.com\/bkp-hu\/legal-statement\/#breadcrumb\"},\"inLanguage\":\"en-US\",\"potentialAction\":[{\"@type\":\"ReadAction\",\"target\":[\"https:\/\/vwdtest.com\/bkp-hu\/legal-statement\/\"]}]},{\"@type\":\"BreadcrumbList\",\"@id\":\"https:\/\/vwdtest.com\/bkp-hu\/legal-statement\/#breadcrumb\",\"itemListElement\":[{\"@type\":\"ListItem\",\"position\":1,\"name\":\"Home\",\"item\":\"https:\/\/vwdtest.com\/bkp-hu\/\"},{\"@type\":\"ListItem\",\"position\":2,\"name\":\"Jogi nyilatkozat\"}]},{\"@type\":\"WebSite\",\"@id\":\"https:\/\/vwdtest.com\/bkp-hu\/#website\",\"url\":\"https:\/\/vwdtest.com\/bkp-hu\/\",\"name\":\"Backup Hungry\",\"description\":\"\",\"potentialAction\":[{\"@type\":\"SearchAction\",\"target\":{\"@type\":\"EntryPoint\",\"urlTemplate\":\"https:\/\/vwdtest.com\/bkp-hu\/?s={search_term_string}\"},\"query-input\":\"required name=search_term_string\"}],\"inLanguage\":\"en-US\"}]}<\/script>\n<!-- \/ Yoast SEO plugin. -->","yoast_head_json":{"title":"Jogi nyilatkozat - Backup Hungry","robots":{"index":"index","follow":"follow","max-snippet":"max-snippet:-1","max-image-preview":"max-image-preview:large","max-video-preview":"max-video-preview:-1"},"canonical":"https:\/\/vwdtest.com\/bkp-hu\/legal-statement\/","og_locale":"en_US","og_type":"article","og_title":"Jogi nyilatkozat - Backup Hungry","og_description":"Haszn\u00e1lati felt\u00e9telek Ezt a weboldalt az Octapharma AG, Seidenstrasse 2, 8853 Lachen SZ, Sv\u00e1jc finansz\u00edrozza, \u00e9s Dr. Fernando Corrales-Medina (klinikai gyermekgy\u00f3gy\u00e1szati \u200b\u200bdocens, Miami-Miller School of Medicine, USA) orvosi szak\u00e9rt\u0151kkel egy\u00fcttm\u0171k\u00f6dve fejlesztett\u00e9k ki, Erik professzor. Berntorp (a Lund Egyetem klinikai koagul\u00e1ci\u00f3s kutat\u00e1s\u00e1nak professzora, Sv\u00e9dorsz\u00e1g) \u00e9s v\u00e9rz\u00e9si rendelleness\u00e9gekkel foglalkoz\u00f3 nemzetk\u00f6zi szak\u00e9rt\u0151i csoportjuk (a tov\u00e1bbiakban: \u201eNemzetk\u00f6zi szak\u00e9rt\u0151i csoport\u201d). [&hellip;]","og_url":"https:\/\/vwdtest.com\/bkp-hu\/legal-statement\/","og_site_name":"Backup Hungry","article_modified_time":"2024-02-19T09:58:09+00:00","twitter_card":"summary_large_image","twitter_misc":{"Est. reading time":"5 minutes"},"schema":{"@context":"https:\/\/schema.org","@graph":[{"@type":"WebPage","@id":"https:\/\/vwdtest.com\/bkp-hu\/legal-statement\/","url":"https:\/\/vwdtest.com\/bkp-hu\/legal-statement\/","name":"Jogi nyilatkozat - Backup Hungry","isPartOf":{"@id":"https:\/\/vwdtest.com\/bkp-hu\/#website"},"datePublished":"2023-02-21T21:22:33+00:00","dateModified":"2024-02-19T09:58:09+00:00","breadcrumb":{"@id":"https:\/\/vwdtest.com\/bkp-hu\/legal-statement\/#breadcrumb"},"inLanguage":"en-US","potentialAction":[{"@type":"ReadAction","target":["https:\/\/vwdtest.com\/bkp-hu\/legal-statement\/"]}]},{"@type":"BreadcrumbList","@id":"https:\/\/vwdtest.com\/bkp-hu\/legal-statement\/#breadcrumb","itemListElement":[{"@type":"ListItem","position":1,"name":"Home","item":"https:\/\/vwdtest.com\/bkp-hu\/"},{"@type":"ListItem","position":2,"name":"Jogi nyilatkozat"}]},{"@type":"WebSite","@id":"https:\/\/vwdtest.com\/bkp-hu\/#website","url":"https:\/\/vwdtest.com\/bkp-hu\/","name":"Backup Hungry","description":"","potentialAction":[{"@type":"SearchAction","target":{"@type":"EntryPoint","urlTemplate":"https:\/\/vwdtest.com\/bkp-hu\/?s={search_term_string}"},"query-input":"required name=search_term_string"}],"inLanguage":"en-US"}]}},"_links":{"self":[{"href":"https:\/\/vwdtest.com\/bkp-hu\/wp-json\/wp\/v2\/pages\/263"}],"collection":[{"href":"https:\/\/vwdtest.com\/bkp-hu\/wp-json\/wp\/v2\/pages"}],"about":[{"href":"https:\/\/vwdtest.com\/bkp-hu\/wp-json\/wp\/v2\/types\/page"}],"author":[{"embeddable":true,"href":"https:\/\/vwdtest.com\/bkp-hu\/wp-json\/wp\/v2\/users\/1"}],"replies":[{"embeddable":true,"href":"https:\/\/vwdtest.com\/bkp-hu\/wp-json\/wp\/v2\/comments?post=263"}],"version-history":[{"count":5,"href":"https:\/\/vwdtest.com\/bkp-hu\/wp-json\/wp\/v2\/pages\/263\/revisions"}],"predecessor-version":[{"id":2531,"href":"https:\/\/vwdtest.com\/bkp-hu\/wp-json\/wp\/v2\/pages\/263\/revisions\/2531"}],"wp:attachment":[{"href":"https:\/\/vwdtest.com\/bkp-hu\/wp-json\/wp\/v2\/media?parent=263"}],"curies":[{"name":"wp","href":"https:\/\/api.w.org\/{rel}","templated":true}]}}