{"id":259,"date":"2023-02-21T21:13:32","date_gmt":"2023-02-21T21:13:32","guid":{"rendered":"https:\/\/new.vwdtest.com\/nw\/?page_id=259"},"modified":"2023-12-18T09:47:18","modified_gmt":"2023-12-18T09:47:18","slug":"hcp-vwd","status":"publish","type":"page","link":"https:\/\/vwdtest.com\/bkp-hu\/hcp-vwd\/","title":{"rendered":"HCP \u00e9s VWD"},"content":{"rendered":"\r\n\r\n<div class=\"container hb\">\r\n\t<div class=\"row\">\r\n\t\t<div class=\"col-12 col-lg-6 rtl\">\t\t<div class=\"hb__video ltr\">\r\n\t\t\t<div class=\"hb__video-img play_video\" data-video=\"video_hba\"><img decoding=\"async\" src=\"https:\/\/vwdtest.com\/bkp-hu\/wp-content\/uploads\/sites\/62\/2023\/12\/VWD-thumbs-Corrales-English.png\"\r\n\t\t\t\t\tclass=\"hb__video-image\"><\/div>\r\n\t\t\t<div class=\"hb__video-text\">\r\n\t\t\t\t<h3 class=\"hb__video-title\">\r\n\t\t\t\t\tIsmerje meg a<br \/>\r\nVWDtest kezdem\u00e9nyez\u00e9s\t\t\t\t<\/h3>\r\n\t\t\t\t<button id=\"hcp_video\" class=\"hb__video-button button__large play_video\" data-video=\"video_hba\">\r\n\t\t\t\t\tKil\u00e1t\u00e1s\t\t\t\t<\/button>\r\n\t\t\t<\/div>\r\n\t\t<\/div>\r\n\t\t<div class=\"hb__add-text\">\r\n\t\t\t<p>A <\/p>\n<h3><strong>A VWDtest.com webhelyet Dr. Fernando Corrales-Medina (a Miami-Miller Egyetem Orvostudom\u00e1nyi Egyetem klinikai gyermekgy\u00f3gy\u00e1szati \u200b\u200bdocense), Erik Berntorp professzor (a Lundi Egyetem klinikai koagul\u00e1ci\u00f3s kutat\u00e1s\u00e1nak professzora) fejlesztette ki. , Sv\u00e9dorsz\u00e1g) \u00e9s a v\u00e9rz\u00e9si rendelleness\u00e9gekkel foglalkoz\u00f3 nemzetk\u00f6zi szak\u00e9rt\u0151kb\u0151l \u00e1ll\u00f3 csapatuk, hogy v\u00e1laszoljanak a k\u00f3ros v\u00e9rz\u00e9si t\u00fcnetekkel \u00e9s a <a href=\"https:\/\/vwdtest.com\/bkp-hu\/von-willebrand-disease\/\">von Willebrand-k\u00f3rral <\/a kapcsolatos k\u00e9rd\u00e9seire. >(VWD).<\/strong><\/h3>\n\t\t<\/div>\r\n\t\t<h1>\r\n\t\t\tMinden egy\u00fctt: VWD-s emberek gondoz\u00e1sa\t\t<\/h1>\r\n\t\t<ul>\n<li>Az egyik p\u00e1ciense agg\u00f3dik a gyakori orrv\u00e9rz\u00e9s vagy er\u0151s menstru\u00e1ci\u00f3 miatt?<\/li>\n<li>Agg\u00f3dik egy sz\u00fcl\u0151, ami\u00e9rt gyermeke olyan k\u00f6nnyen z\u00faz\u00f3d\u00e1sokat okoz?<\/li>\n<li>Von Willebrand-k\u00f3rban szenved\u0151 beteg kereste meg \u00d6nt, aki kezel\u00e9st k\u00e9rt, vagy az egyik r\u00e9g\u00f3ta fenn\u00e1ll\u00f3 beteg\u00e9n\u00e9l diagnosztiz\u00e1lt\u00e1k a betegs\u00e9get a k\u00f6zelm\u00faltban?<\/li>\n<li>Arra k\u00edv\u00e1ncsi, hogy a k\u00f6zelm\u00faltban v\u00e9gzett beavatkoz\u00e1s sor\u00e1n fell\u00e9p\u0151 v\u00e9rz\u00e9s nem diagnosztiz\u00e1lt v\u00e9rz\u00e9si rendelleness\u00e9gre utal-e?<\/li>\n<\/ul>\n<h4>Sok beteg <a href=\"https:\/\/vwdtest.com\/bkp-hu\/von-willebrand-disease\/\">Von Willebrand-k\u00f3r<\/a> (VWD) nem ismerik \u00e1llapotukat, \u00e9s diagn\u00f3zisuk tov\u00e1bbra is kih\u00edv\u00e1st jelent. A VWDtest.com seg\u00edts\u00e9get ny\u00fajt a v\u00e9rz\u00e9si rendelleness\u00e9gben szenved\u0151 betegek azonos\u00edt\u00e1s\u00e1ban \u00e9s diagnosztiz\u00e1l\u00e1s\u00e1ban. \u00datmutat\u00e1st is kap a beteg \u00fatj\u00e1ban bet\u00f6lt\u00f6tt szerep\u00e9re vonatkoz\u00f3an, valamint szak\u00e9rt\u0151i tan\u00e1csokat a VWD kezel\u00e9s\u00e9hez. A VWD diagnosztiz\u00e1l\u00e1sa \u00e9s kezel\u00e9se mindig multidiszciplin\u00e1ris er\u0151fesz\u00edt\u00e9s, \u00e9s az \u00d6n hozz\u00e1j\u00e1rul\u00e1sa \u00e9s szak\u00e9rtelme elengedhetetlen ahhoz, hogy a betegek megkapj\u00e1k a meg\u00e9rdemelt ell\u00e1t\u00e1st.<\/h4>\n\t<\/div>\r\n\t<div class=\"col-12 col-lg-6\">\r\n\t<div class=\"hb__persons row\">\r\n\t\t\t\t\t\t\t\t\r\n\t\t\t\t<div class=\"hb__person col-6\" id=\"person_1\">\r\n\t\t\t\t\t<img decoding=\"async\" class=\"hb__person-image hbi\" src=\"https:\/\/vwdtest.com\/bkp-hu\/wp-content\/uploads\/sites\/62\/2023\/02\/gynaecologist.png\"\r\n\t\t\t\t\t\talt=\"N\u0150L\u00d3GUS&lt;br&gt;\/ SZ\u00dcL\u00c9SZ\">\r\n\t\t\t\t\t<a href=\"https:\/\/vwdtest.com\/bkp-hu\/vwd-and-gynaecology-obstetrics\/\" class=\"hb__person-button hbb\">\r\n\t\t\t\t\t\t<div class=\"hb__person-text\">\r\n\t\t\t\t\t\t\t<span class=\"hb__person-content\">\r\n\t\t\t\t\t\t\t\tN\u0150L\u00d3GUS<br>\/ SZ\u00dcL\u00c9SZ<span class=\"hb__person-content-arrow\"><\/span>\r\n\t\t\t\t\t\t\t<\/span>\r\n\t\t\t\t\t\t\t<span class=\"hb__person-bg\">\r\n\t\t\t\t\t\t\t\t<span class=\"hb__person-arrow triangle up hba\"><\/span>\r\n\t\t\t\t\t\t\t<\/span>\r\n\t\t\t\t\t\t<\/div>\r\n\t\t\t\t\t<\/a>\r\n\t\t\t\t<\/div>\r\n\t\t\t\t\t\t\t\r\n\t\t\t\t<div class=\"hb__person col-6\" id=\"person_2\">\r\n\t\t\t\t\t<img decoding=\"async\" class=\"hb__person-image hbi\" src=\"https:\/\/vwdtest.com\/bkp-hu\/wp-content\/uploads\/sites\/62\/2023\/02\/dentist.png\"\r\n\t\t\t\t\t\talt=\"FOGORVOS\">\r\n\t\t\t\t\t<a href=\"https:\/\/vwdtest.com\/bkp-hu\/vwd-and-denstistry\/\" class=\"hb__person-button hbb\">\r\n\t\t\t\t\t\t<div class=\"hb__person-text\">\r\n\t\t\t\t\t\t\t<span class=\"hb__person-content\">\r\n\t\t\t\t\t\t\t\tFOGORVOS<span class=\"hb__person-content-arrow\"><\/span>\r\n\t\t\t\t\t\t\t<\/span>\r\n\t\t\t\t\t\t\t<span class=\"hb__person-bg\">\r\n\t\t\t\t\t\t\t\t<span class=\"hb__person-arrow triangle up hba\"><\/span>\r\n\t\t\t\t\t\t\t<\/span>\r\n\t\t\t\t\t\t<\/div>\r\n\t\t\t\t\t<\/a>\r\n\t\t\t\t<\/div>\r\n\t\t\t\t\t\t\t\r\n\t\t\t\t<div class=\"hb__person col-6\" id=\"person_3\">\r\n\t\t\t\t\t<img decoding=\"async\" class=\"hb__person-image hbi\" src=\"https:\/\/vwdtest.com\/bkp-hu\/wp-content\/uploads\/sites\/62\/2023\/02\/family-doctor.png\"\r\n\t\t\t\t\t\talt=\"CSAL\u00c1DI ORVOS \/ GYERMEKORVOS\">\r\n\t\t\t\t\t<a href=\"https:\/\/vwdtest.com\/bkp-hu\/family-doctor-paediatrician\/\" class=\"hb__person-button hbb\">\r\n\t\t\t\t\t\t<div class=\"hb__person-text\">\r\n\t\t\t\t\t\t\t<span class=\"hb__person-content\">\r\n\t\t\t\t\t\t\t\tCSAL\u00c1DI ORVOS \/ GYERMEKORVOS<span class=\"hb__person-content-arrow\"><\/span>\r\n\t\t\t\t\t\t\t<\/span>\r\n\t\t\t\t\t\t\t<span class=\"hb__person-bg\">\r\n\t\t\t\t\t\t\t\t<span class=\"hb__person-arrow triangle up hba\"><\/span>\r\n\t\t\t\t\t\t\t<\/span>\r\n\t\t\t\t\t\t<\/div>\r\n\t\t\t\t\t<\/a>\r\n\t\t\t\t<\/div>\r\n\t\t\t\t\t\t\t\r\n\t\t\t\t<div class=\"hb__person col-6\" id=\"person_4\">\r\n\t\t\t\t\t<img decoding=\"async\" class=\"hb__person-image hbi\" src=\"https:\/\/vwdtest.com\/bkp-hu\/wp-content\/uploads\/sites\/62\/2023\/02\/resources.png\"\r\n\t\t\t\t\t\talt=\"Forr\u00e1sok&lt;br&gt;a klinikusok sz\u00e1m\u00e1ra\">\r\n\t\t\t\t\t<a href=\"https:\/\/vwdtest.com\/bkp-hu\/clinician-materials\/\" class=\"hb__person-button hbb\">\r\n\t\t\t\t\t\t<div class=\"hb__person-text\">\r\n\t\t\t\t\t\t\t<span class=\"hb__person-content\">\r\n\t\t\t\t\t\t\t\tForr\u00e1sok<br>a klinikusok sz\u00e1m\u00e1ra<span class=\"hb__person-content-arrow\"><\/span>\r\n\t\t\t\t\t\t\t<\/span>\r\n\t\t\t\t\t\t\t<span class=\"hb__person-bg\">\r\n\t\t\t\t\t\t\t\t<span class=\"hb__person-arrow triangle up hba\"><\/span>\r\n\t\t\t\t\t\t\t<\/span>\r\n\t\t\t\t\t\t<\/div>\r\n\t\t\t\t\t<\/a>\r\n\t\t\t\t<\/div>\r\n\t\t\t\t\t\t\t\t\t\t<\/div>\r\n<\/div>\r\n<!-- <div class=\"row\">\r\n\t<div class=\"col-12 col-lg-5\">\r\n\t\t<div class=\"hb__video\">\r\n\t\t\t<div class=\"hb__video-img play_video\" data-video=\"video_hba\"><img decoding=\"async\" src=\"https:\/\/vwdtest.com\/bkp-hu\/wp-content\/uploads\/sites\/62\/2023\/12\/VWD-thumbs-Corrales-English.png\"\r\n\t\t\t\t\tclass=\"hb__video-image\"><\/div>\r\n\t\t\t<div class=\"hb__video-text\">\r\n\t\t\t\t<h3 class=\"hb__video-title\">\r\n\t\t\t\t\tIsmerje meg a<br \/>\r\nVWDtest kezdem\u00e9nyez\u00e9s\t\t\t\t<\/h3>\r\n\t\t\t\t<button class=\"hb__video-button button__large play_video\" data-video=\"video_hba\">\r\n\t\t\t\t\tKil\u00e1t\u00e1s\t\t\t\t<\/button>\r\n\t\t\t<\/div>\r\n\t\t<\/div>\r\n\t<\/div>\r\n\t<div class=\"col-12 col-lg-7\">\r\n\t\t<div class=\"hb__add-text\">\r\n\t\t\t<p>A <\/p>\n<h3><strong>A VWDtest.com webhelyet Dr. Fernando Corrales-Medina (a Miami-Miller Egyetem Orvostudom\u00e1nyi Egyetem klinikai gyermekgy\u00f3gy\u00e1szati \u200b\u200bdocense), Erik Berntorp professzor (a Lundi Egyetem klinikai koagul\u00e1ci\u00f3s kutat\u00e1s\u00e1nak professzora) fejlesztette ki. , Sv\u00e9dorsz\u00e1g) \u00e9s a v\u00e9rz\u00e9si rendelleness\u00e9gekkel foglalkoz\u00f3 nemzetk\u00f6zi szak\u00e9rt\u0151kb\u0151l \u00e1ll\u00f3 csapatuk, hogy v\u00e1laszoljanak a k\u00f3ros v\u00e9rz\u00e9si t\u00fcnetekkel \u00e9s a <a href=\"https:\/\/vwdtest.com\/bkp-hu\/von-willebrand-disease\/\">von Willebrand-k\u00f3rral <\/a kapcsolatos k\u00e9rd\u00e9seire. >(VWD).<\/strong><\/h3>\n\t\t<\/div>\r\n\t<\/div>\r\n<\/div> -->\r\n<\/div>\r\n\r\n<div class=\"video\" id=\"video_hba\">\r\n\t<div class=\"video__box\">\r\n\t\t<div class=\"popup-close-icon\"><img\r\n\t\t\t\tsrc=\"https:\/\/vwdtest.com\/fr\/wp-content\/uploads\/sites\/22\/2023\/09\/cross-icon1.svg\" alt=\"cross-icon\">\r\n\t\t<\/div>\r\n\t\t<video width=\"320\" height=\"240\" controls>\r\n\t\t\t<source src=\"https:\/\/vwdtest.com\/bkp-hu\/wp-content\/uploads\/sites\/62\/2023\/12\/VWD-Test-Main-Video_12_Corrales-EN.mp4\" type=\"video\/mp4\">\r\n\t\t\tYour browser does not support the video tag.\r\n\t\t\t\t\t<\/video>\r\n\t<\/div>\r\n<\/div>","protected":false},"excerpt":{"rendered":"","protected":false},"author":1,"featured_media":0,"parent":0,"menu_order":0,"comment_status":"closed","ping_status":"closed","template":"front-page.php","meta":{"inline_featured_image":false},"acf":[],"yoast_head":"<!-- This site is optimized with the Yoast SEO plugin v20.4 - https:\/\/yoast.com\/wordpress\/plugins\/seo\/ -->\n<title>HCP \u00e9s VWD - Backup Hungry<\/title>\n<meta name=\"robots\" content=\"index, follow, max-snippet:-1, max-image-preview:large, max-video-preview:-1\" \/>\n<link rel=\"canonical\" href=\"https:\/\/vwdtest.com\/bkp-hu\/hcp-vwd\/\" \/>\n<meta property=\"og:locale\" content=\"en_US\" \/>\n<meta property=\"og:type\" content=\"article\" \/>\n<meta property=\"og:title\" content=\"HCP \u00e9s VWD - Backup Hungry\" \/>\n<meta property=\"og:url\" content=\"https:\/\/vwdtest.com\/bkp-hu\/hcp-vwd\/\" \/>\n<meta property=\"og:site_name\" content=\"Backup Hungry\" \/>\n<meta property=\"article:modified_time\" content=\"2023-12-18T09:47:18+00:00\" \/>\n<meta name=\"twitter:card\" content=\"summary_large_image\" \/>\n<script type=\"application\/ld+json\" class=\"yoast-schema-graph\">{\"@context\":\"https:\/\/schema.org\",\"@graph\":[{\"@type\":\"WebPage\",\"@id\":\"https:\/\/vwdtest.com\/bkp-hu\/hcp-vwd\/\",\"url\":\"https:\/\/vwdtest.com\/bkp-hu\/hcp-vwd\/\",\"name\":\"HCP \u00e9s VWD - Backup Hungry\",\"isPartOf\":{\"@id\":\"https:\/\/vwdtest.com\/bkp-hu\/#website\"},\"datePublished\":\"2023-02-21T21:13:32+00:00\",\"dateModified\":\"2023-12-18T09:47:18+00:00\",\"breadcrumb\":{\"@id\":\"https:\/\/vwdtest.com\/bkp-hu\/hcp-vwd\/#breadcrumb\"},\"inLanguage\":\"en-US\",\"potentialAction\":[{\"@type\":\"ReadAction\",\"target\":[\"https:\/\/vwdtest.com\/bkp-hu\/hcp-vwd\/\"]}]},{\"@type\":\"BreadcrumbList\",\"@id\":\"https:\/\/vwdtest.com\/bkp-hu\/hcp-vwd\/#breadcrumb\",\"itemListElement\":[{\"@type\":\"ListItem\",\"position\":1,\"name\":\"Home\",\"item\":\"https:\/\/vwdtest.com\/bkp-hu\/\"},{\"@type\":\"ListItem\",\"position\":2,\"name\":\"HCP \u00e9s VWD\"}]},{\"@type\":\"WebSite\",\"@id\":\"https:\/\/vwdtest.com\/bkp-hu\/#website\",\"url\":\"https:\/\/vwdtest.com\/bkp-hu\/\",\"name\":\"Backup Hungry\",\"description\":\"\",\"potentialAction\":[{\"@type\":\"SearchAction\",\"target\":{\"@type\":\"EntryPoint\",\"urlTemplate\":\"https:\/\/vwdtest.com\/bkp-hu\/?s={search_term_string}\"},\"query-input\":\"required name=search_term_string\"}],\"inLanguage\":\"en-US\"}]}<\/script>\n<!-- \/ Yoast SEO plugin. -->","yoast_head_json":{"title":"HCP \u00e9s VWD - Backup Hungry","robots":{"index":"index","follow":"follow","max-snippet":"max-snippet:-1","max-image-preview":"max-image-preview:large","max-video-preview":"max-video-preview:-1"},"canonical":"https:\/\/vwdtest.com\/bkp-hu\/hcp-vwd\/","og_locale":"en_US","og_type":"article","og_title":"HCP \u00e9s VWD - Backup Hungry","og_url":"https:\/\/vwdtest.com\/bkp-hu\/hcp-vwd\/","og_site_name":"Backup Hungry","article_modified_time":"2023-12-18T09:47:18+00:00","twitter_card":"summary_large_image","schema":{"@context":"https:\/\/schema.org","@graph":[{"@type":"WebPage","@id":"https:\/\/vwdtest.com\/bkp-hu\/hcp-vwd\/","url":"https:\/\/vwdtest.com\/bkp-hu\/hcp-vwd\/","name":"HCP \u00e9s VWD - Backup Hungry","isPartOf":{"@id":"https:\/\/vwdtest.com\/bkp-hu\/#website"},"datePublished":"2023-02-21T21:13:32+00:00","dateModified":"2023-12-18T09:47:18+00:00","breadcrumb":{"@id":"https:\/\/vwdtest.com\/bkp-hu\/hcp-vwd\/#breadcrumb"},"inLanguage":"en-US","potentialAction":[{"@type":"ReadAction","target":["https:\/\/vwdtest.com\/bkp-hu\/hcp-vwd\/"]}]},{"@type":"BreadcrumbList","@id":"https:\/\/vwdtest.com\/bkp-hu\/hcp-vwd\/#breadcrumb","itemListElement":[{"@type":"ListItem","position":1,"name":"Home","item":"https:\/\/vwdtest.com\/bkp-hu\/"},{"@type":"ListItem","position":2,"name":"HCP \u00e9s VWD"}]},{"@type":"WebSite","@id":"https:\/\/vwdtest.com\/bkp-hu\/#website","url":"https:\/\/vwdtest.com\/bkp-hu\/","name":"Backup Hungry","description":"","potentialAction":[{"@type":"SearchAction","target":{"@type":"EntryPoint","urlTemplate":"https:\/\/vwdtest.com\/bkp-hu\/?s={search_term_string}"},"query-input":"required name=search_term_string"}],"inLanguage":"en-US"}]}},"_links":{"self":[{"href":"https:\/\/vwdtest.com\/bkp-hu\/wp-json\/wp\/v2\/pages\/259"}],"collection":[{"href":"https:\/\/vwdtest.com\/bkp-hu\/wp-json\/wp\/v2\/pages"}],"about":[{"href":"https:\/\/vwdtest.com\/bkp-hu\/wp-json\/wp\/v2\/types\/page"}],"author":[{"embeddable":true,"href":"https:\/\/vwdtest.com\/bkp-hu\/wp-json\/wp\/v2\/users\/1"}],"replies":[{"embeddable":true,"href":"https:\/\/vwdtest.com\/bkp-hu\/wp-json\/wp\/v2\/comments?post=259"}],"version-history":[{"count":64,"href":"https:\/\/vwdtest.com\/bkp-hu\/wp-json\/wp\/v2\/pages\/259\/revisions"}],"predecessor-version":[{"id":2515,"href":"https:\/\/vwdtest.com\/bkp-hu\/wp-json\/wp\/v2\/pages\/259\/revisions\/2515"}],"wp:attachment":[{"href":"https:\/\/vwdtest.com\/bkp-hu\/wp-json\/wp\/v2\/media?parent=259"}],"curies":[{"name":"wp","href":"https:\/\/api.w.org\/{rel}","templated":true}]}}