{"id":17,"date":"2023-02-13T13:47:59","date_gmt":"2023-02-13T13:47:59","guid":{"rendered":"https:\/\/new.vwdtest.com\/nw\/?page_id=17"},"modified":"2024-03-19T09:49:24","modified_gmt":"2024-03-19T09:49:24","slug":"homepage","status":"publish","type":"page","link":"https:\/\/vwdtest.com\/bkp-hu\/","title":{"rendered":"Homepage"},"content":{"rendered":"\r\n\r\n\r\n<div class=\"container hb\">\r\n\t<div class=\"row\"> \r\n\t\t\t<div class=\"col-12 col-lg-5 home-upper\">\r\n\t<div class=\"col-12 col-lg-9 d-none d-lg-flex\">\r\n\t\t\t\t<div class=\"hb__video ltr\">\r\n\t\t\t\t\t<div class=\"hb__video-img play_video\"  data-video=\"video_hb\"><img decoding=\"async\" src=\"https:\/\/vwdtest.com\/bkp-hu\/wp-content\/uploads\/sites\/62\/2023\/12\/VWD-thumbs-Corrales-English.png\" class=\"hb__video-image\"><\/div>\r\n\t\t\t\t\t<div class=\"hb__video-text\">\r\n\t\t\t\t\t\t<h3 class=\"hb__video-title\">Ismerje meg a<br \/>\r\nVWDtest kezdem\u00e9nyez\u00e9s<\/h3>\r\n\t\t\t\t\t\t<button id=\"home_video\" class=\"hb__video-button button__large play_video\" data-video=\"video_hb\">Kil\u00e1t\u00e1s<\/button>\r\n\t\t\t\t\t<\/div>\r\n\t\t\t\t<\/div>\r\n\t\t\t<\/div>\r\n\t\t\t<h3><strong>A VWDtest.com webhelyet Dr. Fernando Corrales-Medina (a Miami-Miller Egyetem Orvostudom\u00e1nyi Egyetem klinikai gyermekgy\u00f3gy\u00e1szati \u200b\u200bdocense), Erik Berntorp professzor (a Lundi Egyetem klinikai koagul\u00e1ci\u00f3s kutat\u00e1s\u00e1nak professzora) fejlesztette ki. , Sv\u00e9dorsz\u00e1g) \u00e9s a v\u00e9rz\u00e9si rendelleness\u00e9gekkel foglalkoz\u00f3 nemzetk\u00f6zi szak\u00e9rt\u0151kb\u0151l \u00e1ll\u00f3 csapatuk, hogy v\u00e1laszoljanak a k\u00f3ros v\u00e9rz\u00e9si t\u00fcnetekkel \u00e9s a <a href=\"https:\/\/vwdtest.com\/bkp-hu\/von-willebrand-disease\/\">von Willebrand-k\u00f3rral <\/a kapcsolatos k\u00e9rd\u00e9seire. >(VWD).<\/strong><\/h3>\t\t\t<h1>Hogyan \u00edrn\u00e1d le magad?<\/h1>\r\n\t\t\t\t<h3><strong>Att\u00f3l tart, hogy t\u00fals\u00e1gosan v\u00e9rzik? Gyakori orrv\u00e9rz\u00e9st, er\u0151s menstru\u00e1ci\u00f3t tapasztal, vagy t\u00falzott v\u00e9rz\u00e9st tapasztal fog\u00e1szati \u200b\u200bmunka vagy baleset ut\u00e1n? A VWDtest.com oldalon v\u00e1laszt tal\u00e1lhat v\u00e9rz\u00e9ssel kapcsolatos probl\u00e9m\u00e1ira. <\/strong><\/p>\n<h3>\n<h4>Ezenk\u00edv\u00fcl inform\u00e1ci\u00f3kat tal\u00e1l a<a href=\"https:\/\/vwdtest.com\/bkp-hu\/von-willebrand-disease\/\"> von Willebrand-k\u00f3rr\u00f3l<\/a> \u2013 a leggyakoribb v\u00e9rz\u00e9si rendelleness\u00e9gr\u0151l \u2013, mivel sokan szenvednek ezzel. a betegek nincsenek tiszt\u00e1ban \u00e1llapotukkal, \u00e9s \u00edgy nem kapj\u00e1k meg a meg\u00e9rdemelt seg\u00edts\u00e9get.<\/h4>\n\t\t\t\r\n\t\t<\/div> \t\t<div class=\"col-12 col-lg-7\">\r\n\t\t\t<div class=\"hb__persons row\">\r\n\t\t\t\t\t\t\t\t\t\t\t\r\n\t\t\t\t<div class=\"hb__person col-6\" id=\"person_1\">\r\n\t\t\t\t\t<img decoding=\"async\" class=\"hb__person-image hbi\" src=\"https:\/\/vwdtest.com\/bkp-hu\/wp-content\/uploads\/sites\/62\/2023\/08\/bleed-too-much.png\" alt=\"nagyon v\u00e9rzek\">\r\n\t\t\t\t\t<a href=\"https:\/\/vwdtest.com\/bkp-hu\/i-bleed-a-lot\/\" class=\"hb__person-button hbb\">\r\n\t\t\t\t\t\t<div class=\"hb__person-text\">\r\n\t\t\t\t\t\t\t<span class=\"hb__person-content\">nagyon v\u00e9rzek<span class=\"hb__person-content-arrow\"><\/span><\/span>\r\n\t\t\t\t\t\t\t<span class=\"hb__person-bg\">\r\n\t\t\t\t\t\t\t\t<span class=\"hb__person-arrow triangle up hba\"><\/span>\r\n\t\t\t\t\t\t\t<\/span>\r\n\t\t\t\t\t\t<\/div>\r\n\t\t\t\t\t\t\r\n\t\t\t\t\t<\/a>\r\n\t\t\t\t<\/div>\r\n\t\t\t\t\t\t\t\t\r\n\t\t\t\t<div class=\"hb__person col-6\" id=\"person_2\">\r\n\t\t\t\t\t<img decoding=\"async\" class=\"hb__person-image hbi\" src=\"https:\/\/vwdtest.com\/bkp-hu\/wp-content\/uploads\/sites\/62\/2023\/07\/vwd-person2.png\" alt=\"Neh\u00e9z menstru\u00e1ci\u00f3m van\">\r\n\t\t\t\t\t<a href=\"https:\/\/vwdtest.com\/bkp-hu\/heavy-periods\/\" class=\"hb__person-button hbb\">\r\n\t\t\t\t\t\t<div class=\"hb__person-text\">\r\n\t\t\t\t\t\t\t<span class=\"hb__person-content\">Neh\u00e9z menstru\u00e1ci\u00f3m van<span class=\"hb__person-content-arrow\"><\/span><\/span>\r\n\t\t\t\t\t\t\t<span class=\"hb__person-bg\">\r\n\t\t\t\t\t\t\t\t<span class=\"hb__person-arrow triangle up hba\"><\/span>\r\n\t\t\t\t\t\t\t<\/span>\r\n\t\t\t\t\t\t<\/div>\r\n\t\t\t\t\t\t\r\n\t\t\t\t\t<\/a>\r\n\t\t\t\t<\/div>\r\n\t\t\t\t\t\t\t\t\r\n\t\t\t\t<div class=\"hb__person col-6\" id=\"person_3\">\r\n\t\t\t\t\t<img decoding=\"async\" class=\"hb__person-image hbi\" src=\"https:\/\/vwdtest.com\/bkp-hu\/wp-content\/uploads\/sites\/62\/2023\/07\/Worried-patients-1.png\" alt=\"Agg\u00f3d\u00f3&lt;br&gt;sz\u00fcl\u0151 vagyok\">\r\n\t\t\t\t\t<a href=\"https:\/\/vwdtest.com\/bkp-hu\/i-am-a-worried-parent\/\" class=\"hb__person-button hbb\">\r\n\t\t\t\t\t\t<div class=\"hb__person-text\">\r\n\t\t\t\t\t\t\t<span class=\"hb__person-content\">Agg\u00f3d\u00f3<br>sz\u00fcl\u0151 vagyok<span class=\"hb__person-content-arrow\"><\/span><\/span>\r\n\t\t\t\t\t\t\t<span class=\"hb__person-bg\">\r\n\t\t\t\t\t\t\t\t<span class=\"hb__person-arrow triangle up hba\"><\/span>\r\n\t\t\t\t\t\t\t<\/span>\r\n\t\t\t\t\t\t<\/div>\r\n\t\t\t\t\t\t\r\n\t\t\t\t\t<\/a>\r\n\t\t\t\t<\/div>\r\n\t\t\t\t\t\t\t\t\r\n\t\t\t\t<div class=\"hb__person col-6\" id=\"person_4\">\r\n\t\t\t\t\t<img decoding=\"async\" class=\"hb__person-image hbi\" src=\"https:\/\/vwdtest.com\/bkp-hu\/wp-content\/uploads\/sites\/62\/2023\/08\/bnr-img4-1.png\" alt=\"\u00c9lek&lt;br&gt;a vwd-vel\">\r\n\t\t\t\t\t<a href=\"https:\/\/vwdtest.com\/bkp-hu\/i-live-with-vwd\/\" class=\"hb__person-button hbb\">\r\n\t\t\t\t\t\t<div class=\"hb__person-text\">\r\n\t\t\t\t\t\t\t<span class=\"hb__person-content\">\u00c9lek<br>a vwd-vel<span class=\"hb__person-content-arrow\"><\/span><\/span>\r\n\t\t\t\t\t\t\t<span class=\"hb__person-bg\">\r\n\t\t\t\t\t\t\t\t<span class=\"hb__person-arrow triangle up hba\"><\/span>\r\n\t\t\t\t\t\t\t<\/span>\r\n\t\t\t\t\t\t<\/div>\r\n\t\t\t\t\t\t\r\n\t\t\t\t\t<\/a>\r\n\t\t\t\t<\/div>\r\n\t\t\t\t\t\t\t\t\t\t\t\t<\/div>\r\n\t<\/div>\r\n\t<div class=\"row d-lg-none\">\r\n\t\t<div class=\"col-12 col-lg-4\">\r\n\t\t\t<div class=\"hb__video\">\r\n\t\t\t\t<div class=\"hb__video-img play_video\" data-video=\"video_hb\"><img decoding=\"async\" src=\"https:\/\/vwdtest.com\/bkp-hu\/wp-content\/uploads\/sites\/62\/2023\/12\/VWD-thumbs-Corrales-English.png\" class=\"hb__video-image\"><\/div>\r\n\t\t\t\t<div class=\"hb__video-text\">\r\n\t\t\t\t\t<h3 class=\"hb__video-title\">Ismerje meg a<br \/>\r\nVWDtest kezdem\u00e9nyez\u00e9s<\/h3>\r\n\t\t\t\t\t<button class=\"hb__video-button button__large play_video\" data-video=\"video_hb\">Kil\u00e1t\u00e1s<\/button>\r\n\t\t\t\t<\/div>\r\n\t\t\t<\/div>\r\n\t\t<\/div>\r\n\t<\/div>\r\n<\/div>\r\n<div class=\"video\" id=\"video_hb\">\r\n\t\t<div class=\"video__box\">\r\n\t\t<div class=\"popup-close-icon\"><img decoding=\"async\" src=\"https:\/\/vwdtest.com\/fr\/wp-content\/uploads\/sites\/22\/2023\/09\/cross-icon1.svg\" alt=\"cross-icon\"><\/div>\r\n\t\t\t<video width=\"320\" height=\"240\" controls>\r\n\t\t\t\t<source src=\"https:\/\/vwdtest.com\/bkp-hu\/wp-content\/uploads\/sites\/62\/2023\/12\/VWD-Test-Main-Video_12_Corrales-EN.mp4\" type=\"video\/mp4\">\r\n\t\t\t\tYour browser does not support the video tag.\r\n\t\t\t\t\t\t\t<\/video>\t\r\n\t\t<\/div>\r\n\t<\/div>\r\n\r\n\r\n\n\n<div class=\"default-block container\">\n<div style=\"height:60px\" aria-hidden=\"true\" class=\"wp-block-spacer\"><\/div>\n<\/div>\n\n\r\n\r\n<div class=\"container take-test\">\r\n\t<div class=\"row\">\r\n\t\t<div class=\"col-12 take-test__bg\">\r\n\r\n\t\t\t<div class=\"take-test__items\">\r\n\t\t\t\t<div class=\"row\">\r\n\t\t\t\t\t<div class=\"take-test__item bleed\">\r\n\t\t\t\t\t\t<h2 class=\"take-test__sticker\">T\u00daL SOKAT V\u00c9REZEK?<\/h2>\r\n\t\t\t\t\t<\/div>\r\n\t\t\t\t\t<div class=\"take-test__item online-test\">\r\n\t\t\t\t\t\t<h3 class=\"take-test__counter take-test__counter--red\">\r\n\t\t\t\t\t\t\t<span class=\"take-test__counter-number\">52.680<\/span>\r\n\t\t\t\t\t\t\t<span class=\"take-test__counter-text\">az emberek kit\u00f6lt\u00f6tt\u00e9k az online tesztet<\/span>\r\n\t\t\t\t\t\t<\/h3>\r\n\t\t\t\t\t<\/div>\r\n\t\t\t\t\t<div class=\"take-test__item people-identify\">\r\n\t\t\t\t\t\t<h3 class=\"take-test__counter take-test__counter--green\">\r\n\t\t\t\t\t\t\t<span class=\"take-test__counter-number\">19.244<\/span>\r\n\t\t\t\t\t\t\t<span class=\"take-test__counter-text\">potenci\u00e1lis v\u00e9rz\u00e9si rendelleness\u00e9gben szenved\u0151ket azonos\u00edtottak<\/span>\r\n\t\t\t\t\t\t<\/h3>\r\n\t\t\t\t\t<\/div>\r\n\t\t\t\t\t<div class=\"take-test__item take-test-take\">\r\n\t\t\t\t\t\t<h3 class=\"take-test__title\">V\u00e9gezze el a tesztet, hogy jobban meg\u00e9rtse v\u00e9rz\u00e9ses t\u00fcneteit.<\/h3>\r\n\t\t\t\t\t<\/div>\r\n\t\t\t\t\t<div class=\"take-test__item test-btn\">\r\n\t\t\t\t\t\t<h3 class=\"take-test__buttonContainer\">\r\n\t\t\t\t\t\t<a href=\"https:\/\/vwdtest.com\/bkp-hu\/take-test\/\" id=\"home_take_test\" class=\"button take-test__button\">Csin\u00e1ld meg a tesztet<\/a>\r\n\t\t\t\t\t\t<\/h3>\r\n\t\t\t\t\t<\/div>\r\n\t\t\t\t<\/div>\r\n\t\t\t<\/div>\r\n\t\t<\/div>\r\n\t<\/div>\r\n<\/div>","protected":false},"excerpt":{"rendered":"","protected":false},"author":1,"featured_media":0,"parent":0,"menu_order":0,"comment_status":"closed","ping_status":"closed","template":"","meta":{"inline_featured_image":false},"acf":[],"yoast_head":"<!-- This site is optimized with the Yoast SEO plugin v20.4 - https:\/\/yoast.com\/wordpress\/plugins\/seo\/ -->\n<title>Homepage - Backup Hungry<\/title>\n<meta name=\"robots\" content=\"index, follow, max-snippet:-1, max-image-preview:large, max-video-preview:-1\" \/>\n<link rel=\"canonical\" href=\"https:\/\/vwdtest.com\/bkp-hu\/\" \/>\n<meta property=\"og:locale\" content=\"en_US\" \/>\n<meta property=\"og:type\" content=\"article\" \/>\n<meta property=\"og:title\" content=\"Homepage - Backup Hungry\" \/>\n<meta property=\"og:url\" content=\"https:\/\/vwdtest.com\/bkp-hu\/\" \/>\n<meta property=\"og:site_name\" content=\"Backup Hungry\" \/>\n<meta property=\"article:modified_time\" content=\"2024-03-19T09:49:24+00:00\" \/>\n<meta name=\"twitter:card\" content=\"summary_large_image\" \/>\n<script type=\"application\/ld+json\" class=\"yoast-schema-graph\">{\"@context\":\"https:\/\/schema.org\",\"@graph\":[{\"@type\":\"WebPage\",\"@id\":\"https:\/\/vwdtest.com\/bkp-hu\/\",\"url\":\"https:\/\/vwdtest.com\/bkp-hu\/\",\"name\":\"Homepage - Backup Hungry\",\"isPartOf\":{\"@id\":\"https:\/\/vwdtest.com\/bkp-hu\/#website\"},\"datePublished\":\"2023-02-13T13:47:59+00:00\",\"dateModified\":\"2024-03-19T09:49:24+00:00\",\"breadcrumb\":{\"@id\":\"https:\/\/vwdtest.com\/bkp-hu\/#breadcrumb\"},\"inLanguage\":\"en-US\",\"potentialAction\":[{\"@type\":\"ReadAction\",\"target\":[\"https:\/\/vwdtest.com\/bkp-hu\/\"]}]},{\"@type\":\"BreadcrumbList\",\"@id\":\"https:\/\/vwdtest.com\/bkp-hu\/#breadcrumb\",\"itemListElement\":[{\"@type\":\"ListItem\",\"position\":1,\"name\":\"Home\",\"item\":\"https:\/\/vwdtest.com\/bkp-hu\/\"},{\"@type\":\"ListItem\",\"position\":2,\"name\":\"Homepage\"}]},{\"@type\":\"WebSite\",\"@id\":\"https:\/\/vwdtest.com\/bkp-hu\/#website\",\"url\":\"https:\/\/vwdtest.com\/bkp-hu\/\",\"name\":\"Backup Hungry\",\"description\":\"\",\"potentialAction\":[{\"@type\":\"SearchAction\",\"target\":{\"@type\":\"EntryPoint\",\"urlTemplate\":\"https:\/\/vwdtest.com\/bkp-hu\/?s={search_term_string}\"},\"query-input\":\"required name=search_term_string\"}],\"inLanguage\":\"en-US\"}]}<\/script>\n<!-- \/ Yoast SEO plugin. -->","yoast_head_json":{"title":"Homepage - Backup Hungry","robots":{"index":"index","follow":"follow","max-snippet":"max-snippet:-1","max-image-preview":"max-image-preview:large","max-video-preview":"max-video-preview:-1"},"canonical":"https:\/\/vwdtest.com\/bkp-hu\/","og_locale":"en_US","og_type":"article","og_title":"Homepage - Backup Hungry","og_url":"https:\/\/vwdtest.com\/bkp-hu\/","og_site_name":"Backup Hungry","article_modified_time":"2024-03-19T09:49:24+00:00","twitter_card":"summary_large_image","schema":{"@context":"https:\/\/schema.org","@graph":[{"@type":"WebPage","@id":"https:\/\/vwdtest.com\/bkp-hu\/","url":"https:\/\/vwdtest.com\/bkp-hu\/","name":"Homepage - Backup Hungry","isPartOf":{"@id":"https:\/\/vwdtest.com\/bkp-hu\/#website"},"datePublished":"2023-02-13T13:47:59+00:00","dateModified":"2024-03-19T09:49:24+00:00","breadcrumb":{"@id":"https:\/\/vwdtest.com\/bkp-hu\/#breadcrumb"},"inLanguage":"en-US","potentialAction":[{"@type":"ReadAction","target":["https:\/\/vwdtest.com\/bkp-hu\/"]}]},{"@type":"BreadcrumbList","@id":"https:\/\/vwdtest.com\/bkp-hu\/#breadcrumb","itemListElement":[{"@type":"ListItem","position":1,"name":"Home","item":"https:\/\/vwdtest.com\/bkp-hu\/"},{"@type":"ListItem","position":2,"name":"Homepage"}]},{"@type":"WebSite","@id":"https:\/\/vwdtest.com\/bkp-hu\/#website","url":"https:\/\/vwdtest.com\/bkp-hu\/","name":"Backup Hungry","description":"","potentialAction":[{"@type":"SearchAction","target":{"@type":"EntryPoint","urlTemplate":"https:\/\/vwdtest.com\/bkp-hu\/?s={search_term_string}"},"query-input":"required name=search_term_string"}],"inLanguage":"en-US"}]}},"_links":{"self":[{"href":"https:\/\/vwdtest.com\/bkp-hu\/wp-json\/wp\/v2\/pages\/17"}],"collection":[{"href":"https:\/\/vwdtest.com\/bkp-hu\/wp-json\/wp\/v2\/pages"}],"about":[{"href":"https:\/\/vwdtest.com\/bkp-hu\/wp-json\/wp\/v2\/types\/page"}],"author":[{"embeddable":true,"href":"https:\/\/vwdtest.com\/bkp-hu\/wp-json\/wp\/v2\/users\/1"}],"replies":[{"embeddable":true,"href":"https:\/\/vwdtest.com\/bkp-hu\/wp-json\/wp\/v2\/comments?post=17"}],"version-history":[{"count":189,"href":"https:\/\/vwdtest.com\/bkp-hu\/wp-json\/wp\/v2\/pages\/17\/revisions"}],"predecessor-version":[{"id":2541,"href":"https:\/\/vwdtest.com\/bkp-hu\/wp-json\/wp\/v2\/pages\/17\/revisions\/2541"}],"wp:attachment":[{"href":"https:\/\/vwdtest.com\/bkp-hu\/wp-json\/wp\/v2\/media?parent=17"}],"curies":[{"name":"wp","href":"https:\/\/api.w.org\/{rel}","templated":true}]}}