{"id":138,"date":"2023-02-16T10:15:43","date_gmt":"2023-02-16T10:15:43","guid":{"rendered":"https:\/\/new.vwdtest.com\/nw\/?page_id=138"},"modified":"2024-03-19T09:51:27","modified_gmt":"2024-03-19T09:51:27","slug":"heavy-periods","status":"publish","type":"page","link":"https:\/\/vwdtest.com\/bkp-hu\/heavy-periods\/","title":{"rendered":"er\u0151s menstru\u00e1ci\u00f3m van"},"content":{"rendered":"<div class=\"default-block container\">\n<h3>T\u00fal neh\u00e9z a menstru\u00e1ci\u00f3ja vagy t\u00fal sok\u00e1ig tart?<\/h3>\n<\/div>\n\n<div class=\"default-block container\">\n<h5 class=\"bleeding-symptoms-title helpful live\">Menstru\u00e1ci\u00f3ja k\u00f6zben \u00e1lland\u00f3an f\u00e1radtnak \u00e9rzi mag\u00e1t, \u00e9s nehezen tud koncentr\u00e1lni az \u00f3r\u00e1kon vagy a munkahely\u00e9n? Annyira kimer\u00fcltnek \u00e9rzed magad, hogy nem menn\u00e9l ki? F\u00e1jdalmas g\u00f6rcs\u00f6ket tapasztal a menstru\u00e1ci\u00f3ja sor\u00e1n? L\u00e9gszomjat van k\u00f6nny\u0171 edz\u00e9s ut\u00e1n? F\u00e9lsz feh\u00e9r ruh\u00e1t hordani ny\u00e1ron a v\u00e9rz\u00e9sed miatt?<\/h5>\n<\/div>\n\n<div class=\"default-block container\">\n<p class=\"full\">Ha e k\u00e9rd\u00e9sek b\u00e1rmelyik\u00e9re \u201eigen\u201d-nel v\u00e1laszol, akkor el\u0151fordulhat, hogy <a href=\"https:\/\/vwdtest.com\/bkp-hu\/bleeding-symptoms\/#hmb \" data-type=\"page\" data-id=\"69\">er\u0151s menstru\u00e1ci\u00f3s v\u00e9rz\u00e9s<\/a>. Az er\u0151s menstru\u00e1ci\u00f3s v\u00e9rz\u00e9s vagy a menorrhagia meglehet\u0151sen gyakori, \u00e9s jelent\u0151sen befoly\u00e1solhatja mindennapi \u00e9let\u00e9t \u00e9s <a href=\"https:\/\/vwdtest.com\/bkp-hu\/i-live-with-vwd\/#mental-health\">fizikai \u00e1llapot\u00e1t. vagy a ment\u00e1lis eg\u00e9szs\u00e9g<\/a> t. K\u00f6r\u00fclbel\u00fcl 4 n\u0151b\u0151l \u00e9s l\u00e1nyb\u00f3l 1 tapasztalja \u00e9lete sor\u00e1n er\u0151s menstru\u00e1ci\u00f3s v\u00e9rz\u00e9s t\u00fcneteit. B\u00e1r gyakori a s\u00falyos menstru\u00e1ci\u00f3s v\u00e9rz\u00e9s, gyakran figyelmen k\u00edv\u00fcl hagyj\u00e1k. Ez azt jelenti, hogy sok n\u0151 \u00e9s l\u00e1ny szenved sz\u00fcks\u00e9gtelen\u00fcl, mert az er\u0151s menstru\u00e1ci\u00f3s v\u00e9rz\u00e9s kezelhet\u0151.<sup>1-3<\/sup><\/p>\n<\/div>\n\n<img decoding=\"async\" src=\"https:\/\/vwdtest.com\/bkp-hu\/wp-content\/uploads\/sites\/62\/2023\/02\/periods.webp\" alt=\"er\u0151s menstru\u00e1ci\u00f3m van\" class=\"page_thumbnail d-xl-none\">\r\n\n\n<div class=\"default-block container\">\n<h3>A b\u0151s\u00e9ges menstru\u00e1ci\u00f3 okai<\/h3>\n<\/div>\n\n<div class=\"default-block container\">\n<p class=\"full\">Sz\u00e1mos lehets\u00e9ges oka lehet a <a data-type=\"page\" data-id=\"69\" href=\"https:\/\/vwdtest.com\/bkp-hu\/bleeding-symptoms\/#hmb\">er\u0151s menstru\u00e1ci\u00f3s v\u00e9rz\u00e9s<\/a>. A pontos ok ismerete fontos a megfelel\u0151 kezel\u00e9s kiv\u00e1laszt\u00e1s\u00e1hoz.<sup>3<\/sup> K\u00f6r\u00fclbel\u00fcl minden 5. er\u0151s menstru\u00e1ci\u00f3s v\u00e9rz\u00e9sben szenved\u0151 n\u0151nek van v\u00e9rz\u00e9si rendelleness\u00e9ge. A leggyakoribb v\u00e9rz\u00e9si rendelleness\u00e9g a <a href=\"https:\/\/vwdtest.com\/bkp-hu\/von-willebrand-disease\/\" target=\"_blank\" rel=\"noreferrer noopener\">von Willebrand-k\u00f3r<\/a> ( VWD). Szinte minden VWD-s n\u0151nek er\u0151s menstru\u00e1ci\u00f3s v\u00e9rz\u00e9se van. Sajnos a VWD-t t\u00fal gyakran figyelmen k\u00edv\u00fcl hagyj\u00e1k az er\u0151s menstru\u00e1ci\u00f3s v\u00e9rz\u00e9s okak\u00e9nt. Ezenk\u00edv\u00fcl egyes, er\u0151s menstru\u00e1ci\u00f3s v\u00e9rz\u00e9st szab\u00e1lyoz\u00f3 kezel\u00e9sek nem v\u00e9dik meg a VWD-ben szenved\u0151 n\u0151ket a betegs\u00e9g egy\u00e9b sz\u00f6v\u0151dm\u00e9nyeit\u0151l. Diagn\u00f3zis hi\u00e1ny\u00e1ban ezekn\u00e9l a n\u0151kn\u00e9l fenn\u00e1ll a t\u00falzott v\u00e9rz\u00e9s kock\u00e1zata a terhess\u00e9g alatt, valamint a <a href=\"https:\/\/vwdtest.com\/bkp-hu\/i-live-with-vwd\/#childbirth\">sz\u00fcl\u00e9s alatt \u00e9s ut\u00e1n<\/a> . A VWD kezelhet\u0151, \u00edgy ha a diagn\u00f3zis a terhess\u00e9g el\u0151tt ismert, a v\u00e9rz\u00e9s kontroll\u00e1lhat\u00f3, \u00e9s a VWD-ben szenved\u0151 n\u0151k norm\u00e1lis terhess\u00e9get v\u00e1llalhatnak.<sup>2,4<\/sup><\/p>\n<\/div>\n\n<div class=\"default-block container\">\n<h3>Lehet, hogy nem te vagy az egyetlen a csal\u00e1dodban, akinek er\u0151s menstru\u00e1ci\u00f3i vannak<\/h3>\n<\/div>\n\n<div class=\"default-block container\">\n<p class=\"full\">Ha nem biztos a menstru\u00e1ci\u00f3ival kapcsolatban, el\u0151fordulhat, hogy megbesz\u00e9lte a t\u00f6bbi n\u0151vel a csal\u00e1dj\u00e1ban. \u00c9desanyja, nagyn\u00e9nje vagy n\u0151v\u00e9re hasonl\u00f3 v\u00e9rz\u00e9st tapasztalhat, \u00e9s elmondhatja, hogy a menstru\u00e1ci\u00f3ja norm\u00e1lis. Ez azonban nem mindig igaz. T\u00f6bbek k\u00f6z\u00f6tt az er\u0151s menstru\u00e1ci\u00f3s v\u00e9rz\u00e9s oka lehet \u00f6r\u00f6kletes v\u00e9rz\u00e9si rendelleness\u00e9g.<sup>2,3<\/sup> Ezek a rendelleness\u00e9gek a csal\u00e1d t\u00f6bb tagj\u00e1t is \u00e9rinthetik. Ha a menstru\u00e1ci\u00f3ja befoly\u00e1solja mindennapi \u00e9let\u00e9t \u00e9s k\u00f6z\u00e9rzet\u00e9t, javasoljuk, hogy besz\u00e9ljen kezel\u0151orvos\u00e1val a v\u00e9rz\u00e9s\u00e9r\u0151l.<\/p>\n<\/div>\n\n<div class=\"default-block container\">\n<h3>N\u00e9zze meg, norm\u00e1lis-e a v\u00e9rz\u00e9se<\/h3>\n<\/div>\n\n<div class=\"default-block container\">\n<p class=\"full\">Mennyi v\u00e9rz\u00e9s t\u00fal sok? Erre a k\u00e9rd\u00e9sre n\u00e9ha neh\u00e9z v\u00e1laszolni. Az er\u0151s menstru\u00e1ci\u00f3s v\u00e9rz\u00e9s tipikus jelei k\u00f6z\u00e9 tartozik a t\u00f6bb mint egy h\u00e9tig tart\u00f3 v\u00e9rz\u00e9s, a bet\u00e9t vagy tampon cser\u00e9je n\u00e9h\u00e1ny \u00f3r\u00e1nk\u00e9nt, a ruh\u00e1kba vagy az \u00e1gynem\u0171be t\u00f6rt\u00e9n\u0151 v\u00e9rz\u00e9s, valamint a nagy v\u00e9rr\u00f6g\u00f6k megjelen\u00e9se.<sup>5<\/sup> Seg\u00edts\u00e9gny\u00fajt\u00e1s Tudjon meg t\u00f6bbet a menstru\u00e1ci\u00f3s v\u00e9rz\u00e9s\u00e9r\u0151l, a tud\u00f3sok kidolgoztak egy egyszer\u0171 <a href=\"#\" id=\"showPdf\">egyszer\u0171 menstru\u00e1ci\u00f3s pontoz\u00f3k\u00e1rty\u00e1t<\/a>. Ezen a k\u00e1rty\u00e1n megjel\u00f6lheti, hogy h\u00e1ny eg\u00e9szs\u00e9g\u00fcgyi term\u00e9ket haszn\u00e1l naponta. Ez az inform\u00e1ci\u00f3 seg\u00edt \u00d6nnek \u00e9s orvos\u00e1nak kider\u00edteni, ha er\u0151s menstru\u00e1ci\u00f3s v\u00e9rz\u00e9se van.<sup>6<\/sup><\/p>\n<div class=\"video test\" id=\"\" style=\"display: none;\">\n\n    <div class=\"video__box\">\n        <div class=\"popup-main-wrapper\">\n            <div class=\"popup-wrapper\">\n                <div class=\"popup-close-icon\"><img decoding=\"async\" src=\"https:\/\/vwdtest.com\/bkp-hu\/wp-content\/uploads\/sites\/62\/2023\/08\/filter-clear-icon.svg\" alt=\"cross-icon\">\n                <\/div>\n                <iframe src=\"https:\/\/vwdtest.com\/bkp-hu\/wp-content\/uploads\/sites\/62\/2023\/09\/VWD-PBAC-Scoring-chart-EN.pdf\"><\/iframe>\n            <\/div>\n        <\/div>\n\n    <\/div>\n<\/div>\n<\/div>\n\n<div class=\"default-block container\">\n<div style=\"height:30px\" aria-hidden=\"true\" class=\"wp-block-spacer\"><\/div>\n<\/div>\n\n<div class=\"default-block container\">\n<div class=\"is-content-justification-right is-layout-flex wp-container-1 wp-block-buttons\">\n<div class=\"wp-block-button download increase_download_count\"><a class=\"wp-block-button__link wp-element-button\" href=\"https:\/\/vwdtest.com\/nw\/wp-content\/uploads\/sites\/62\/2023\/09\/VWD-PBAC-Scoring-chart-EN.pdf\" target=\"_blank\" rel=\"noreferrer noopener\">Pontoz\u00f3k\u00e1rtya let\u00f6lt\u00e9se<\/a><\/div>\n<\/div>\n<\/div>\n\n<div class=\"default-block container\">\n<div style=\"height:30px\" aria-hidden=\"true\" class=\"wp-block-spacer\"><\/div>\n<\/div>\n\n<div class=\"default-block container\">\n<div style=\"height:60px\" aria-hidden=\"true\" class=\"wp-block-spacer\"><\/div>\n<\/div>\n\n<div class=\"default-block container\">\n<p class=\"full\">N\u00e9ha er\u0151s menstru\u00e1ci\u00f3s v\u00e9rz\u00e9sben szenved\u0151 n\u0151k \u00e9s l\u00e1nyok is gyakran v\u00e9reznek a <a data-type=\"page\" data-id=\"69\" href=\"https:\/\/vwdtest.com\/bkp-hu\/bleeding-symptoms\/#nosebleed\">orr<\/a> vagy a <a data-type=\"page\" data-id=\"69\" href=\"https:\/\/vwdtest.com\/bkp-hu\/bleeding-symptoms\/#oral-bleed\">\u00edny<\/a>. A v\u00e9rveszt\u00e9s <a data-type=\"page\" data-id=\"69\" href=\"https:\/\/vwdtest.com\/bkp-hu\/bleeding-symptoms\/#fatigue\">vashi\u00e1nyhoz \u00e9s v\u00e9rszeg\u00e9nys\u00e9ghez vezethet<\/a> , \u00e9s f\u00e1radtnak \u00e9s kimer\u00fcltnek \u00e9rzi mag\u00e1t. Ha ezen t\u00fcnetek b\u00e1rmelyik\u00e9t tapasztalta, vagy fogh\u00faz\u00e1s vagy m\u00e1s kisebb seb\u00e9szeti beavatkoz\u00e1s ut\u00e1n v\u00e9rzett, javasoljuk, hogy olvassa el <a data-type=\"page\" data-id=\"58\" href=\"https:\/\/vwdtest.com\/bkp-hu\/take-test\/\">v\u00e9rz\u00e9steszt<\/a>. A kutat\u00f3k ezt a tesztet az\u00e9rt fejlesztett\u00e9k ki, hogy seg\u00edtsen meg\u00e1llap\u00edtani, hogy v\u00e9rz\u00e9se norm\u00e1lis-e vagy sem.<sup>2<\/sup> Csak n\u00e9h\u00e1ny percet vesz ig\u00e9nybe, \u00e9s megmondja, hogy \u00e9rdemes-e orvoshoz fordulnia a v\u00e9rz\u00e9se miatt. . Ez m\u00e9g fontosabb lehet, ha m\u0171t\u00e9t el\u0151tt \u00e1ll.<\/p>\n<\/div>\n\n<div class=\"default-block container\">\n<div class=\"is-content-justification-right is-layout-flex wp-container-2 wp-block-buttons\">\n<div class=\"wp-block-button take-test\"><a class=\"wp-block-button__link wp-element-button\" href=\"\/hu\/take-test\">Csin\u00e1ld meg a tesztet<\/a><\/div>\n<\/div>\n<\/div>\n\n<div class=\"default-block container\">\n<h6>Hivatkoz\u00e1sok<\/h6>\n<\/div>\n\n<div class=\"default-block container\">\n<ol type=\"1\"><div class=\"default-block container\">\n<li>Fraser IS et al. Int J Gynaecol Obstet 2015; 128:196-200.<\/li>\n<\/div>\n\n<div class=\"default-block container\">\n<li><a href=\"https:\/\/pubmed.ncbi.nlm.nih.gov\/36210240\/\" target=\"_blank\" rel=\"noreferrer noopener\">Corrales-Medina FF et al. <em>Blood Rev<\/em><\/a><em> <\/em>2022; 101018. <\/li>\n<\/div>\n\n<div class=\"default-block container\">\n<li><a href=\"https:\/\/www.acog.org\/womens-health\/faqs\/heavy-menstrual-bleeding\" target=\"_blank\" rel=\"noreferrer noopener\">https:\/\/www.acog.org\/womens-health\/faqs\/heavy-menstrual-bleeding<\/a>; utols\u00f3 hozz\u00e1f\u00e9r\u00e9s: 2023. janu\u00e1r.<\/li>\n<\/div>\n\n<div class=\"default-block container\">\n<li><a href=\"https:\/\/www.cdc.gov\/ncbddd\/vwd\/women.html\" target=\"_blank\" rel=\"noreferrer noopener\">https:\/\/www.cdc.gov\/ncbddd\/vwd\/women.html<\/a> ; utols\u00f3 hozz\u00e1f\u00e9r\u00e9s: 2023. janu\u00e1r.<\/li>\n<\/div>\n\n<div class=\"default-block container\">\n<li><a href=\"https:\/\/www.nhs.uk\/conditions\/heavy-periods\/\" target=\"_blank\" rel=\"noreferrer noopener\">https:\/\/www.nhs.uk\/conditions\/heavy-periods\/<\/a>; utols\u00f3 hozz\u00e1f\u00e9r\u00e9s: 2023. janu\u00e1r.<\/li>\n<\/div>\n\n<div class=\"default-block container\">\n<li>Higham JM et al. Br J Obstet Gynaecol 1990; 97:734-9.<\/li>\n<\/div><\/ol>\n<\/div>","protected":false},"excerpt":{"rendered":"<p>T\u00fal neh\u00e9z a menstru\u00e1ci\u00f3ja vagy t\u00fal sok\u00e1ig tart? Menstru\u00e1ci\u00f3ja k\u00f6zben \u00e1lland\u00f3an f\u00e1radtnak \u00e9rzi mag\u00e1t, \u00e9s nehezen tud koncentr\u00e1lni az \u00f3r\u00e1kon vagy a munkahely\u00e9n? Annyira kimer\u00fcltnek \u00e9rzed magad, hogy nem menn\u00e9l ki? F\u00e1jdalmas g\u00f6rcs\u00f6ket tapasztal a menstru\u00e1ci\u00f3ja sor\u00e1n? L\u00e9gszomjat van k\u00f6nny\u0171 edz\u00e9s ut\u00e1n? F\u00e9lsz feh\u00e9r ruh\u00e1t hordani ny\u00e1ron a v\u00e9rz\u00e9sed miatt? Ha e k\u00e9rd\u00e9sek b\u00e1rmelyik\u00e9re \u201eigen\u201d-nel [&hellip;]<\/p>\n","protected":false},"author":1,"featured_media":227,"parent":0,"menu_order":0,"comment_status":"closed","ping_status":"closed","template":"","meta":{"inline_featured_image":false},"acf":[],"yoast_head":"<!-- This site is optimized with the Yoast SEO plugin v20.4 - https:\/\/yoast.com\/wordpress\/plugins\/seo\/ -->\n<title>er\u0151s menstru\u00e1ci\u00f3m van - Backup Hungry<\/title>\n<meta name=\"robots\" content=\"index, follow, max-snippet:-1, max-image-preview:large, max-video-preview:-1\" \/>\n<link rel=\"canonical\" href=\"https:\/\/vwdtest.com\/bkp-hu\/heavy-periods\/\" \/>\n<meta property=\"og:locale\" content=\"en_US\" \/>\n<meta property=\"og:type\" content=\"article\" \/>\n<meta property=\"og:title\" content=\"er\u0151s menstru\u00e1ci\u00f3m van - Backup Hungry\" \/>\n<meta property=\"og:description\" content=\"T\u00fal neh\u00e9z a menstru\u00e1ci\u00f3ja vagy t\u00fal sok\u00e1ig tart? Menstru\u00e1ci\u00f3ja k\u00f6zben \u00e1lland\u00f3an f\u00e1radtnak \u00e9rzi mag\u00e1t, \u00e9s nehezen tud koncentr\u00e1lni az \u00f3r\u00e1kon vagy a munkahely\u00e9n? Annyira kimer\u00fcltnek \u00e9rzed magad, hogy nem menn\u00e9l ki? F\u00e1jdalmas g\u00f6rcs\u00f6ket tapasztal a menstru\u00e1ci\u00f3ja sor\u00e1n? L\u00e9gszomjat van k\u00f6nny\u0171 edz\u00e9s ut\u00e1n? F\u00e9lsz feh\u00e9r ruh\u00e1t hordani ny\u00e1ron a v\u00e9rz\u00e9sed miatt? Ha e k\u00e9rd\u00e9sek b\u00e1rmelyik\u00e9re \u201eigen\u201d-nel [&hellip;]\" \/>\n<meta property=\"og:url\" content=\"https:\/\/vwdtest.com\/bkp-hu\/heavy-periods\/\" \/>\n<meta property=\"og:site_name\" content=\"Backup Hungry\" \/>\n<meta property=\"article:modified_time\" content=\"2024-03-19T09:51:27+00:00\" \/>\n<meta property=\"og:image\" content=\"https:\/\/vwdtest.com\/bkp-hu\/wp-content\/uploads\/sites\/62\/2023\/02\/periods.webp\" \/>\n\t<meta property=\"og:image:width\" content=\"674\" \/>\n\t<meta property=\"og:image:height\" content=\"929\" \/>\n\t<meta property=\"og:image:type\" content=\"image\/webp\" \/>\n<meta name=\"twitter:card\" content=\"summary_large_image\" \/>\n<meta name=\"twitter:label1\" content=\"Est. reading time\" \/>\n\t<meta name=\"twitter:data1\" content=\"3 minutes\" \/>\n<script type=\"application\/ld+json\" class=\"yoast-schema-graph\">{\"@context\":\"https:\/\/schema.org\",\"@graph\":[{\"@type\":\"WebPage\",\"@id\":\"https:\/\/vwdtest.com\/bkp-hu\/heavy-periods\/\",\"url\":\"https:\/\/vwdtest.com\/bkp-hu\/heavy-periods\/\",\"name\":\"er\u0151s menstru\u00e1ci\u00f3m van - Backup Hungry\",\"isPartOf\":{\"@id\":\"https:\/\/vwdtest.com\/bkp-hu\/#website\"},\"datePublished\":\"2023-02-16T10:15:43+00:00\",\"dateModified\":\"2024-03-19T09:51:27+00:00\",\"breadcrumb\":{\"@id\":\"https:\/\/vwdtest.com\/bkp-hu\/heavy-periods\/#breadcrumb\"},\"inLanguage\":\"en-US\",\"potentialAction\":[{\"@type\":\"ReadAction\",\"target\":[\"https:\/\/vwdtest.com\/bkp-hu\/heavy-periods\/\"]}]},{\"@type\":\"BreadcrumbList\",\"@id\":\"https:\/\/vwdtest.com\/bkp-hu\/heavy-periods\/#breadcrumb\",\"itemListElement\":[{\"@type\":\"ListItem\",\"position\":1,\"name\":\"Home\",\"item\":\"https:\/\/vwdtest.com\/bkp-hu\/\"},{\"@type\":\"ListItem\",\"position\":2,\"name\":\"er\u0151s menstru\u00e1ci\u00f3m van\"}]},{\"@type\":\"WebSite\",\"@id\":\"https:\/\/vwdtest.com\/bkp-hu\/#website\",\"url\":\"https:\/\/vwdtest.com\/bkp-hu\/\",\"name\":\"Backup Hungry\",\"description\":\"\",\"potentialAction\":[{\"@type\":\"SearchAction\",\"target\":{\"@type\":\"EntryPoint\",\"urlTemplate\":\"https:\/\/vwdtest.com\/bkp-hu\/?s={search_term_string}\"},\"query-input\":\"required name=search_term_string\"}],\"inLanguage\":\"en-US\"}]}<\/script>\n<!-- \/ Yoast SEO plugin. -->","yoast_head_json":{"title":"er\u0151s menstru\u00e1ci\u00f3m van - Backup Hungry","robots":{"index":"index","follow":"follow","max-snippet":"max-snippet:-1","max-image-preview":"max-image-preview:large","max-video-preview":"max-video-preview:-1"},"canonical":"https:\/\/vwdtest.com\/bkp-hu\/heavy-periods\/","og_locale":"en_US","og_type":"article","og_title":"er\u0151s menstru\u00e1ci\u00f3m van - Backup Hungry","og_description":"T\u00fal neh\u00e9z a menstru\u00e1ci\u00f3ja vagy t\u00fal sok\u00e1ig tart? Menstru\u00e1ci\u00f3ja k\u00f6zben \u00e1lland\u00f3an f\u00e1radtnak \u00e9rzi mag\u00e1t, \u00e9s nehezen tud koncentr\u00e1lni az \u00f3r\u00e1kon vagy a munkahely\u00e9n? Annyira kimer\u00fcltnek \u00e9rzed magad, hogy nem menn\u00e9l ki? F\u00e1jdalmas g\u00f6rcs\u00f6ket tapasztal a menstru\u00e1ci\u00f3ja sor\u00e1n? L\u00e9gszomjat van k\u00f6nny\u0171 edz\u00e9s ut\u00e1n? F\u00e9lsz feh\u00e9r ruh\u00e1t hordani ny\u00e1ron a v\u00e9rz\u00e9sed miatt? Ha e k\u00e9rd\u00e9sek b\u00e1rmelyik\u00e9re \u201eigen\u201d-nel [&hellip;]","og_url":"https:\/\/vwdtest.com\/bkp-hu\/heavy-periods\/","og_site_name":"Backup Hungry","article_modified_time":"2024-03-19T09:51:27+00:00","og_image":[{"width":674,"height":929,"url":"https:\/\/vwdtest.com\/bkp-hu\/wp-content\/uploads\/sites\/62\/2023\/02\/periods.webp","type":"image\/webp"}],"twitter_card":"summary_large_image","twitter_misc":{"Est. reading time":"3 minutes"},"schema":{"@context":"https:\/\/schema.org","@graph":[{"@type":"WebPage","@id":"https:\/\/vwdtest.com\/bkp-hu\/heavy-periods\/","url":"https:\/\/vwdtest.com\/bkp-hu\/heavy-periods\/","name":"er\u0151s menstru\u00e1ci\u00f3m van - Backup Hungry","isPartOf":{"@id":"https:\/\/vwdtest.com\/bkp-hu\/#website"},"datePublished":"2023-02-16T10:15:43+00:00","dateModified":"2024-03-19T09:51:27+00:00","breadcrumb":{"@id":"https:\/\/vwdtest.com\/bkp-hu\/heavy-periods\/#breadcrumb"},"inLanguage":"en-US","potentialAction":[{"@type":"ReadAction","target":["https:\/\/vwdtest.com\/bkp-hu\/heavy-periods\/"]}]},{"@type":"BreadcrumbList","@id":"https:\/\/vwdtest.com\/bkp-hu\/heavy-periods\/#breadcrumb","itemListElement":[{"@type":"ListItem","position":1,"name":"Home","item":"https:\/\/vwdtest.com\/bkp-hu\/"},{"@type":"ListItem","position":2,"name":"er\u0151s menstru\u00e1ci\u00f3m van"}]},{"@type":"WebSite","@id":"https:\/\/vwdtest.com\/bkp-hu\/#website","url":"https:\/\/vwdtest.com\/bkp-hu\/","name":"Backup Hungry","description":"","potentialAction":[{"@type":"SearchAction","target":{"@type":"EntryPoint","urlTemplate":"https:\/\/vwdtest.com\/bkp-hu\/?s={search_term_string}"},"query-input":"required name=search_term_string"}],"inLanguage":"en-US"}]}},"_links":{"self":[{"href":"https:\/\/vwdtest.com\/bkp-hu\/wp-json\/wp\/v2\/pages\/138"}],"collection":[{"href":"https:\/\/vwdtest.com\/bkp-hu\/wp-json\/wp\/v2\/pages"}],"about":[{"href":"https:\/\/vwdtest.com\/bkp-hu\/wp-json\/wp\/v2\/types\/page"}],"author":[{"embeddable":true,"href":"https:\/\/vwdtest.com\/bkp-hu\/wp-json\/wp\/v2\/users\/1"}],"replies":[{"embeddable":true,"href":"https:\/\/vwdtest.com\/bkp-hu\/wp-json\/wp\/v2\/comments?post=138"}],"version-history":[{"count":105,"href":"https:\/\/vwdtest.com\/bkp-hu\/wp-json\/wp\/v2\/pages\/138\/revisions"}],"predecessor-version":[{"id":2544,"href":"https:\/\/vwdtest.com\/bkp-hu\/wp-json\/wp\/v2\/pages\/138\/revisions\/2544"}],"wp:featuredmedia":[{"embeddable":true,"href":"https:\/\/vwdtest.com\/bkp-hu\/wp-json\/wp\/v2\/media\/227"}],"wp:attachment":[{"href":"https:\/\/vwdtest.com\/bkp-hu\/wp-json\/wp\/v2\/media?parent=138"}],"curies":[{"name":"wp","href":"https:\/\/api.w.org\/{rel}","templated":true}]}}