{"id":89,"date":"2023-02-14T13:03:21","date_gmt":"2023-02-14T13:03:21","guid":{"rendered":"https:\/\/new.vwdtest.com\/bo\/?page_id=89"},"modified":"2025-10-09T12:36:14","modified_gmt":"2025-10-09T12:36:14","slug":"vwd-and-denstistry","status":"publish","type":"page","link":"https:\/\/vwdtest.com\/ba\/vwd-and-denstistry\/","title":{"rendered":"VWD I STOMATOLOGIJA"},"content":{"rendered":"<div class=\"default-block container\">\n<h5 class=\"bleeding-symptoms-title dentist\">Pacijenti s poreme\u0107ajima krvarenja kao \u0161to su hemofilija ili <a href=\"https:\/\/vwdtest.com\/ba\/von-willebrand-disease\/\" target=\"_blank\" rel=\"noreferrer noopener\">von Willebrandova bolest (VWD)<\/a>&nbsp;izlo\u017eeni su pove\u0107anom riziku od oralnog krvarenja, uklju\u010duju\u0107i krvarenje tokom rutinske njege zuba.<sup>1,2<\/sup> Do krvarenja mo\u017ee do\u0107i \u010dak i nakon pranja zuba ili \u010di\u0161\u0107enja koncem, a strah od krvarenja mo\u017ee sprje\u010davati pacijente u odr\u017eavanju kvalitetne oralne higijene i redovnom posje\u0107ivanju stomatologa.<sup>2-4<\/sup> \u010cak i pacijenti koji posje\u0107uju stomatologa mogu osje\u0107ati strah od stomatolo\u0161kih zahvata zbog prethodnih lo\u0161ih iskustava ili zabrinutost da  ne\u0107e biti izlije\u010deni.<sup>4<\/sup> \u0160tavi\u0161e, mnogi pacijenti s VWD-om nisu dijagnosticirani i nisu svjesni da im krvarenje nije normalno.<sup>5<\/sup><\/h5>\n<\/div>\n\n<img decoding=\"async\" src=\"https:\/\/vwdtest.com\/ba\/wp-content\/uploads\/sites\/60\/2023\/02\/Dentist-button.png\" alt=\"VWD I STOMATOLOGIJA\" class=\"page_thumbnail d-xl-none\">\r\n\n\n<div class=\"default-block container\">\n<p class=\"full\">Rizik od krvarenja i posljedi\u010dna anksioznost pridonose lo\u0161em zdravlju zuba kod djece i adolescenata s poreme\u0107ajima krvarenja.<sup>2<\/sup> Bez odgovaraju\u0107e edukacije i lije\u010denja, ti pacijenti mogu u\u0107i u za\u010darani krug u\u010destalog krvarenja desni, zanemarene njege zuba i pogor\u0161anja oralnog zdravlja.<sup>3<\/sup> Kako bi za\u0161titili svoje oralno zdravlje i kvalitetu \u017eivota, ti pacijenti i njihovi roditelji uvelike ovise o stomatologu od povjerenja, koji im pru\u017ea edukaciju o preventivnoj njezi i osigurava redovne preglede.<\/p>\n<\/div>\n\n<div class=\"default-block container\">\n<h3>Uloga stomatolo\u0161kih radnika<\/h3>\n<\/div>\n\n<div class=\"default-block container\">\n<p class=\"full\">Kao pru\u017eatelj stomatolo\u0161ke njege, u jedinstvenoj ste poziciji da prepoznate pacijente kojima bi mogla koristiti daljnja dijagnosti\u010dka obrada poreme\u0107aja krvarenja. Za mnoge su ljude posjeti stomatologu jedini redovan kontakt sa zdravstvenim sistemom.<sup>2<\/sup> \u0160tavi\u0161e, za mnoge pacijente va\u0111enje zuba \u010desto mo\u017ee biti prva operacija, a time i velik hemostatski \u0161ok. Stoga prekomjerno krvarenje tokom ili nakon takvog postupka mo\u017ee biti prva prilika za dijagnozu neprepoznatog poreme\u0107aja krvarenja.<\/p>\n<\/div>\n\n<div class=\"default-block container\">\n<p class=\"full\">Dijagnosticiranje VWD-a i dalje je te\u017eak zadatak zbog nedostatka svijesti i slo\u017eenosti dijagnosti\u010dke obrade.<sup>5<\/sup> Ako ste nedavno primijetili neo\u010dekivano krvarenje kod pacijenata, preporu\u010dujemo da s pacijentom ispunite na\u0161 <a data-type=\"page\" data-id=\"58\" href=\"https:\/\/vwdtest.com\/ba\/take-test\/\">test krvarenja<\/a>. Test \u0107e pokazati jesu li indicirane daljnje pretrage, a Va\u0161em bi pacijentu mogao promijeniti \u017eivot!<\/p>\n<\/div>\n\n<div class=\"default-block container\">\n<p class=\"full\">S obzirom na to da pacijenti s poreme\u0107ajima krvarenja mogu izbjegavati stomatolo\u0161ke preglede zbog straha od krvarenja, treba poticati redovne kontrole kako bi se za\u0161titilo oralno zdravlje i kvaliteta \u017eivota pacijenata.<sup>4 <\/sup> Stomatolozima koji \u017eele lije\u010diti pacijente s poreme\u0107ajima krvarenja dostupne su preporuke za lije\u010denje.<sup>3,6<\/sup> Op\u0107enito, stomatolo\u0161ko lije\u010denje pacijenata s VWD-om sli\u010dno je lije\u010denju pacijenata s hemofilijom.<sup>3 <\/sup> Rutinska nehirur\u0161ka terapija ve\u0107inom se mo\u017ee pru\u017eiti u op\u0107oj stomatolo\u0161koj ordinaciji nakon konsultacije s hematologom, posebno kod pacijenata s blagim VWD-om.<sup>3<\/sup> Samo lije\u010denje pacijenata s umjerenom ili te\u0161kom bole\u0161\u0107u i invazivne stomatolo\u0161ke zahvate treba provoditi u bolni\u010dkom okru\u017eenju i prema planu lije\u010denja.<sup>3,6<\/sup><\/p>\n<\/div>\n\n<div class=\"default-block container\">\n<p class=\"full\">Da biste prona\u0161li najbli\u017ei centar za lije\u010denje hemofilije, <a href=\"https:\/\/vwdtest.com\/ba\/helpful-resources\/\">kliknite ovdje.<\/a> VWDtest.com uz to nudi dodatne informacije o etiologiji, dijagnosticiranju i lije\u010denju VWD-a, kao i uvid u tipi\u010dan put pacijenta s VWD-om.<\/p>\n<\/div>\n\n<div class=\"default-block container\">\n<h6>Literatura<\/h6>\n<\/div>\n\n<div class=\"default-block container\">\n<ol type=\"1\"><div class=\"default-block container\">\n<li>de Wee EM, et al. <em>Thromb Haemost<\/em> 2012; 108:683-92.<\/li>\n<\/div>\n\n<div class=\"default-block container\">\n<li>Brown MC et al. <em>Haemophilia <\/em>2022; 28:73-9.<\/li>\n<\/div>\n\n<div class=\"default-block container\">\n<li>Anderson JAM et al. <em>Br Dent J<\/em> 2013; 215:497-504.<\/li>\n<\/div>\n\n<div class=\"default-block container\">\n<li>Kalsi H et al. <em>Haemophilia<\/em> 2012; 18:510-5.<\/li>\n<\/div>\n\n<div class=\"default-block container\">\n<li>Corrales-Medina FF et al. <em>Blood Rev<a> <\/a><\/em>2022; 101018.<\/li>\n<\/div>\n\n<div class=\"default-block container\">\n<li>WFH smjernice za stomatolo\u0161ko lije\u010denje pacijenata s nasljednim poreme\u0107ajima krvarenja; <a href=\"https:\/\/elearning.wfh.org\/resource\/guidelines-for-dental-treatment-of-patients-with-inherited-bleeding-disorders\/\" target=\"_blank\" rel=\"noopener\">https:\/\/elearning.wfh.org\/resource\/guidelines-for-dental-treatment-of-patients-with-inherited-bleeding-disorders\/<\/a>; posljednji pristup u novembru 2022.<\/li>\n<\/div><\/ol>\n<\/div>","protected":false},"excerpt":{"rendered":"<p>Pacijenti s poreme\u0107ajima krvarenja kao \u0161to su hemofilija ili von Willebrandova bolest (VWD)&nbsp;izlo\u017eeni su pove\u0107anom riziku od oralnog krvarenja, uklju\u010duju\u0107i krvarenje tokom rutinske njege zuba.1,2 Do krvarenja mo\u017ee do\u0107i \u010dak i nakon pranja zuba ili \u010di\u0161\u0107enja koncem, a strah od krvarenja mo\u017ee sprje\u010davati pacijente u odr\u017eavanju kvalitetne oralne higijene i redovnom posje\u0107ivanju stomatologa.2-4 \u010cak i [&hellip;]<\/p>\n","protected":false},"author":1,"featured_media":233,"parent":0,"menu_order":0,"comment_status":"closed","ping_status":"closed","template":"","meta":{"inline_featured_image":false},"acf":[],"yoast_head":"<!-- This site is optimized with the Yoast SEO plugin v20.4 - https:\/\/yoast.com\/wordpress\/plugins\/seo\/ -->\n<title>VWD I STOMATOLOGIJA - Bosnia<\/title>\n<meta name=\"robots\" content=\"index, follow, max-snippet:-1, max-image-preview:large, max-video-preview:-1\" \/>\n<link rel=\"canonical\" href=\"https:\/\/vwdtest.com\/ba\/vwd-and-denstistry\/\" \/>\n<meta property=\"og:locale\" content=\"en_US\" \/>\n<meta property=\"og:type\" content=\"article\" \/>\n<meta property=\"og:title\" content=\"VWD I STOMATOLOGIJA - Bosnia\" \/>\n<meta property=\"og:description\" content=\"Pacijenti s poreme\u0107ajima krvarenja kao \u0161to su hemofilija ili von Willebrandova bolest (VWD)&nbsp;izlo\u017eeni su pove\u0107anom riziku od oralnog krvarenja, uklju\u010duju\u0107i krvarenje tokom rutinske njege zuba.1,2 Do krvarenja mo\u017ee do\u0107i \u010dak i nakon pranja zuba ili \u010di\u0161\u0107enja koncem, a strah od krvarenja mo\u017ee sprje\u010davati pacijente u odr\u017eavanju kvalitetne oralne higijene i redovnom posje\u0107ivanju stomatologa.2-4 \u010cak i [&hellip;]\" \/>\n<meta property=\"og:url\" content=\"https:\/\/vwdtest.com\/ba\/vwd-and-denstistry\/\" \/>\n<meta property=\"og:site_name\" content=\"Bosnia\" \/>\n<meta property=\"article:modified_time\" content=\"2025-10-09T12:36:14+00:00\" \/>\n<meta property=\"og:image\" content=\"https:\/\/vwdtest.com\/ba\/wp-content\/uploads\/sites\/60\/2023\/02\/Dentist-button.png\" \/>\n\t<meta property=\"og:image:width\" content=\"772\" \/>\n\t<meta property=\"og:image:height\" content=\"1021\" \/>\n\t<meta property=\"og:image:type\" content=\"image\/png\" \/>\n<meta name=\"twitter:card\" content=\"summary_large_image\" \/>\n<meta name=\"twitter:label1\" content=\"Est. reading time\" \/>\n\t<meta name=\"twitter:data1\" content=\"3 minutes\" \/>\n<script type=\"application\/ld+json\" class=\"yoast-schema-graph\">{\"@context\":\"https:\/\/schema.org\",\"@graph\":[{\"@type\":\"WebPage\",\"@id\":\"https:\/\/vwdtest.com\/ba\/vwd-and-denstistry\/\",\"url\":\"https:\/\/vwdtest.com\/ba\/vwd-and-denstistry\/\",\"name\":\"VWD I STOMATOLOGIJA - Bosnia\",\"isPartOf\":{\"@id\":\"https:\/\/vwdtest.com\/ba\/#website\"},\"datePublished\":\"2023-02-14T13:03:21+00:00\",\"dateModified\":\"2025-10-09T12:36:14+00:00\",\"breadcrumb\":{\"@id\":\"https:\/\/vwdtest.com\/ba\/vwd-and-denstistry\/#breadcrumb\"},\"inLanguage\":\"en-US\",\"potentialAction\":[{\"@type\":\"ReadAction\",\"target\":[\"https:\/\/vwdtest.com\/ba\/vwd-and-denstistry\/\"]}]},{\"@type\":\"BreadcrumbList\",\"@id\":\"https:\/\/vwdtest.com\/ba\/vwd-and-denstistry\/#breadcrumb\",\"itemListElement\":[{\"@type\":\"ListItem\",\"position\":1,\"name\":\"Home\",\"item\":\"https:\/\/vwdtest.com\/ba\/\"},{\"@type\":\"ListItem\",\"position\":2,\"name\":\"VWD I STOMATOLOGIJA\"}]},{\"@type\":\"WebSite\",\"@id\":\"https:\/\/vwdtest.com\/ba\/#website\",\"url\":\"https:\/\/vwdtest.com\/ba\/\",\"name\":\"Bosnia\",\"description\":\"\",\"potentialAction\":[{\"@type\":\"SearchAction\",\"target\":{\"@type\":\"EntryPoint\",\"urlTemplate\":\"https:\/\/vwdtest.com\/ba\/?s={search_term_string}\"},\"query-input\":\"required name=search_term_string\"}],\"inLanguage\":\"en-US\"}]}<\/script>\n<!-- \/ Yoast SEO plugin. -->","yoast_head_json":{"title":"VWD I STOMATOLOGIJA - Bosnia","robots":{"index":"index","follow":"follow","max-snippet":"max-snippet:-1","max-image-preview":"max-image-preview:large","max-video-preview":"max-video-preview:-1"},"canonical":"https:\/\/vwdtest.com\/ba\/vwd-and-denstistry\/","og_locale":"en_US","og_type":"article","og_title":"VWD I STOMATOLOGIJA - Bosnia","og_description":"Pacijenti s poreme\u0107ajima krvarenja kao \u0161to su hemofilija ili von Willebrandova bolest (VWD)&nbsp;izlo\u017eeni su pove\u0107anom riziku od oralnog krvarenja, uklju\u010duju\u0107i krvarenje tokom rutinske njege zuba.1,2 Do krvarenja mo\u017ee do\u0107i \u010dak i nakon pranja zuba ili \u010di\u0161\u0107enja koncem, a strah od krvarenja mo\u017ee sprje\u010davati pacijente u odr\u017eavanju kvalitetne oralne higijene i redovnom posje\u0107ivanju stomatologa.2-4 \u010cak i [&hellip;]","og_url":"https:\/\/vwdtest.com\/ba\/vwd-and-denstistry\/","og_site_name":"Bosnia","article_modified_time":"2025-10-09T12:36:14+00:00","og_image":[{"width":772,"height":1021,"url":"https:\/\/vwdtest.com\/ba\/wp-content\/uploads\/sites\/60\/2023\/02\/Dentist-button.png","type":"image\/png"}],"twitter_card":"summary_large_image","twitter_misc":{"Est. reading time":"3 minutes"},"schema":{"@context":"https:\/\/schema.org","@graph":[{"@type":"WebPage","@id":"https:\/\/vwdtest.com\/ba\/vwd-and-denstistry\/","url":"https:\/\/vwdtest.com\/ba\/vwd-and-denstistry\/","name":"VWD I STOMATOLOGIJA - Bosnia","isPartOf":{"@id":"https:\/\/vwdtest.com\/ba\/#website"},"datePublished":"2023-02-14T13:03:21+00:00","dateModified":"2025-10-09T12:36:14+00:00","breadcrumb":{"@id":"https:\/\/vwdtest.com\/ba\/vwd-and-denstistry\/#breadcrumb"},"inLanguage":"en-US","potentialAction":[{"@type":"ReadAction","target":["https:\/\/vwdtest.com\/ba\/vwd-and-denstistry\/"]}]},{"@type":"BreadcrumbList","@id":"https:\/\/vwdtest.com\/ba\/vwd-and-denstistry\/#breadcrumb","itemListElement":[{"@type":"ListItem","position":1,"name":"Home","item":"https:\/\/vwdtest.com\/ba\/"},{"@type":"ListItem","position":2,"name":"VWD I STOMATOLOGIJA"}]},{"@type":"WebSite","@id":"https:\/\/vwdtest.com\/ba\/#website","url":"https:\/\/vwdtest.com\/ba\/","name":"Bosnia","description":"","potentialAction":[{"@type":"SearchAction","target":{"@type":"EntryPoint","urlTemplate":"https:\/\/vwdtest.com\/ba\/?s={search_term_string}"},"query-input":"required name=search_term_string"}],"inLanguage":"en-US"}]}},"_links":{"self":[{"href":"https:\/\/vwdtest.com\/ba\/wp-json\/wp\/v2\/pages\/89"}],"collection":[{"href":"https:\/\/vwdtest.com\/ba\/wp-json\/wp\/v2\/pages"}],"about":[{"href":"https:\/\/vwdtest.com\/ba\/wp-json\/wp\/v2\/types\/page"}],"author":[{"embeddable":true,"href":"https:\/\/vwdtest.com\/ba\/wp-json\/wp\/v2\/users\/1"}],"replies":[{"embeddable":true,"href":"https:\/\/vwdtest.com\/ba\/wp-json\/wp\/v2\/comments?post=89"}],"version-history":[{"count":65,"href":"https:\/\/vwdtest.com\/ba\/wp-json\/wp\/v2\/pages\/89\/revisions"}],"predecessor-version":[{"id":2672,"href":"https:\/\/vwdtest.com\/ba\/wp-json\/wp\/v2\/pages\/89\/revisions\/2672"}],"wp:featuredmedia":[{"embeddable":true,"href":"https:\/\/vwdtest.com\/ba\/wp-json\/wp\/v2\/media\/233"}],"wp:attachment":[{"href":"https:\/\/vwdtest.com\/ba\/wp-json\/wp\/v2\/media?parent=89"}],"curies":[{"name":"wp","href":"https:\/\/api.w.org\/{rel}","templated":true}]}}