{"id":3,"date":"2023-02-13T11:33:55","date_gmt":"2023-02-13T11:33:55","guid":{"rendered":"https:\/\/new.vwdtest.com\/bo\/?page_id=3"},"modified":"2024-04-29T12:24:05","modified_gmt":"2024-04-29T12:24:05","slug":"privacy-policy","status":"publish","type":"page","link":"https:\/\/vwdtest.com\/ba\/privacy-policy\/","title":{"rendered":"Politika privatnosti"},"content":{"rendered":"<div class=\"default-block container\">\n<h2>Ko smo mi<\/h2>\n<\/div>\n\n<div class=\"default-block container\">\n<p>Adresa na\u0161e web stranice je: https:\/\/vwdtest.com\/bo.<\/p>\n<\/div>\n\n<div class=\"default-block container\">\n<h2>Komentari<\/h2>\n<\/div>\n\n<div class=\"default-block container\">\n<p>Kada posjetioci ostavljaju komentare na web stranici, prikupljamo podatke prikazane u obrascu za komentare, kao i IP adresu posjetilaca i niz korisni\u010dkog agenta preglednika za pomo\u0107 u otkrivanju ne\u017eeljene po\u0161te.<\/p>\n<\/div>\n\n<div class=\"default-block container\">\n<p>Anonimizirani niz stvoren iz va\u0161e adrese e-po\u0161te (tako\u0111er nazvan hash) mo\u017ee se dostaviti usluzi Gravatar kako bi vidjeli koristite li ga. Politika privatnosti usluge Gravatar dostupna je ovdje: https:\/\/automattic.com\/privacy\/. Nakon odobrenja va\u0161eg komentara, va\u0161a profilna slika vidljiva je javnosti u kontekstu va\u0161eg komentara.<\/p>\n<\/div>\n\n<div class=\"default-block container\">\n<h2>Mediji<\/h2>\n<\/div>\n\n<div class=\"default-block container\">\n<p>Ako u\u010ditavate slike na web stranicu, trebali biste izbjegavati u\u010ditavanje slika s ugra\u0111enim podacima o lokaciji (EXIF GPS). Posjetitelji web-stranice mogu preuzeti i izdvojiti podatke o lokaciji iz slika na web-mjestu.<\/p>\n<\/div>\n\n<div class=\"default-block container\">\n<h2>Kola\u010di\u0107i<\/h2>\n<\/div>\n\n<div class=\"default-block container\">\n<p>Ako ostavite komentar na na\u0161oj web stranici, mo\u017eete se odlu\u010diti za spremanje svog imena, adrese e-po\u0161te i web stranice u kola\u010di\u0107e. Ovo je za va\u0161u udobnost kako ne biste morali ponovno ispunjavati svoje podatke kada ostavljate novi komentar. Ovi \u0107e kola\u010di\u0107i trajati godinu dana.<\/p>\n<\/div>\n\n<div class=\"default-block container\">\n<p>Ako posjetite na\u0161u stranicu za prijavu, postavit \u0107emo privremeni kola\u010di\u0107 kako bismo utvrdili prihva\u0107a li va\u0161 preglednik kola\u010di\u0107e. Ovaj kola\u010di\u0107 ne sadr\u017ei li\u010dne podatke i odbacuje se kada zatvorite preglednik.<\/p>\n<\/div>\n\n<div class=\"default-block container\">\n<p>Kada se prijavite, tako\u0111er \u0107emo postaviti nekoliko kola\u010di\u0107a za spremanje va\u0161ih podataka za prijavu i va\u0161ih izbora prikaza na zaslonu. Kola\u010di\u0107i za prijavu traju dva dana, a kola\u010di\u0107i s opcijama zaslona godinu dana. Ako odaberete &#8220;Zapamti me&#8221;, va\u0161a \u0107e prijava trajati dvije sedmice. Ako se odjavite sa svog ra\u010duna, kola\u010di\u0107i za prijavu bit \u0107e uklonjeni.<\/p>\n<\/div>\n\n<div class=\"default-block container\">\n<p>Ako uredite ili objavite \u010dlanak, dodatni kola\u010di\u0107 \u0107e se spremiti u va\u0161 preglednik. Ovaj kola\u010di\u0107 ne uklju\u010duje osobne podatke i samo ozna\u010dava ID objave \u010dlanka koji ste upravo uredili. Isti\u010de nakon 1 dana.<\/p>\n<\/div>\n\n<div class=\"default-block container\">\n<h2>Ugra\u0111eni sadr\u017eaj s drugih web stranica<\/h2>\n<\/div>\n\n<div class=\"default-block container\">\n<p>\u010clanci na ovoj stranici mogu sadr\u017eavati ugra\u0111eni sadr\u017eaj (npr. videozapise, slike, \u010dlanke itd.). Ugra\u0111eni sadr\u017eaj s drugih web stranica pona\u0161a se na potpuno isti na\u010din kao da je posjetioc posjetio drugu web stranicu.<\/p>\n<\/div>\n\n<div class=\"default-block container\">\n<p>Ove web stranice mogu prikupljati podatke o vama, koristiti kola\u010di\u0107e, ugraditi dodatno pra\u0107enje tre\u0107e strane i pratiti va\u0161u interakciju s tim ugra\u0111enim sadr\u017eajem, uklju\u010duju\u0107i pra\u0107enje va\u0161e interakcije s ugra\u0111enim sadr\u017eajem ako imate ra\u010dun i prijavljeni ste na tu web stranicu .<\/p>\n<\/div>\n\n<div class=\"default-block container\">\n<h2>S kim dijelimo va\u0161e podatke<\/h2>\n<\/div>\n\n<div class=\"default-block container\">\n<p>Ako zatra\u017eite ponovno postavljanje lozinke, va\u0161a IP adresa bit \u0107e uklju\u010dena u e-poruku za ponovno postavljanje.<\/p>\n<\/div>\n\n<div class=\"default-block container\">\n<h2>Koliko dugo zadr\u017eavamo va\u0161e podatke<\/h2>\n<\/div>\n\n<div class=\"default-block container\">\n<p>Ako ostavite komentar, komentar i njegovi metapodaci zadr\u017eavaju se na neodre\u0111eno vrijeme. To je tako da mo\u017eemo automatski prepoznati i odobriti sve naknadne komentare umjesto da ih dr\u017eimo u redu za moderiranje.<\/p>\n<\/div>\n\n<div class=\"default-block container\">\n<p>Za korisnike koji se registriraju na na\u0161oj web stranici (ako postoje), tako\u0111er pohranjujemo li\u010dne podatke koje daju u svom korisni\u010dkom profilu. Svi korisnici mogu vidjeti, urediti ili izbrisati svoje osobne podatke u bilo kojem trenutku (osim \u0161to ne mogu promijeniti svoje korisni\u010dko ime). Administratori web-mjesta tako\u0111er mogu vidjeti i urediti te podatke.<\/p>\n<\/div>\n\n<div class=\"default-block container\">\n<h2>Koja prava imate nad svojim podacima<\/h2>\n<\/div>\n\n<div class=\"default-block container\">\n<p>Ako imate ra\u010dun na ovoj stranici ili ste ostavili komentare, mo\u017eete zatra\u017eiti da primite izvezenu datoteku osobnih podataka koje imamo o vama, uklju\u010duju\u0107i sve podatke koje ste nam dostavili. Tako\u0111er mo\u017eete zatra\u017eiti da izbri\u0161emo sve li\u010dne podatke koje imamo o vama. To ne uklju\u010duje podatke koje smo du\u017eni \u010duvati u administrativne, pravne ili sigurnosne svrhe.<\/p>\n<\/div>\n\n<div class=\"default-block container\">\n<h2>Kuda se \u0161alju va\u0161i podaci<\/h2>\n<\/div>\n\n<div class=\"default-block container\">\n<p>Komentari posjetilaca mogu se provjeriti putem automatizirane usluge otkrivanja ne\u017eeljene po\u0161te.<\/p>\n<\/div>","protected":false},"excerpt":{"rendered":"<p>Ko smo mi Adresa na\u0161e web stranice je: https:\/\/vwdtest.com\/bo. Komentari Kada posjetioci ostavljaju komentare na web stranici, prikupljamo podatke prikazane u obrascu za komentare, kao i IP adresu posjetilaca i niz korisni\u010dkog agenta preglednika za pomo\u0107 u otkrivanju ne\u017eeljene po\u0161te. Anonimizirani niz stvoren iz va\u0161e adrese e-po\u0161te (tako\u0111er nazvan hash) mo\u017ee se dostaviti usluzi Gravatar [&hellip;]<\/p>\n","protected":false},"author":1,"featured_media":0,"parent":0,"menu_order":0,"comment_status":"closed","ping_status":"open","template":"front-page.php","meta":{"inline_featured_image":false},"acf":[],"yoast_head":"<!-- This site is optimized with the Yoast SEO plugin v20.4 - https:\/\/yoast.com\/wordpress\/plugins\/seo\/ -->\n<title>Politika privatnosti - Bosnia<\/title>\n<meta name=\"robots\" content=\"index, follow, max-snippet:-1, max-image-preview:large, max-video-preview:-1\" \/>\n<link rel=\"canonical\" href=\"https:\/\/vwdtest.com\/ba\/privacy-policy\/\" \/>\n<meta property=\"og:locale\" content=\"en_US\" \/>\n<meta property=\"og:type\" content=\"article\" \/>\n<meta property=\"og:title\" content=\"Politika privatnosti - Bosnia\" \/>\n<meta property=\"og:description\" content=\"Ko smo mi Adresa na\u0161e web stranice je: https:\/\/vwdtest.com\/bo. Komentari Kada posjetioci ostavljaju komentare na web stranici, prikupljamo podatke prikazane u obrascu za komentare, kao i IP adresu posjetilaca i niz korisni\u010dkog agenta preglednika za pomo\u0107 u otkrivanju ne\u017eeljene po\u0161te. Anonimizirani niz stvoren iz va\u0161e adrese e-po\u0161te (tako\u0111er nazvan hash) mo\u017ee se dostaviti usluzi Gravatar [&hellip;]\" \/>\n<meta property=\"og:url\" content=\"https:\/\/vwdtest.com\/ba\/privacy-policy\/\" \/>\n<meta property=\"og:site_name\" content=\"Bosnia\" \/>\n<meta property=\"article:modified_time\" content=\"2024-04-29T12:24:05+00:00\" \/>\n<meta name=\"twitter:card\" content=\"summary_large_image\" \/>\n<meta name=\"twitter:label1\" content=\"Est. reading time\" \/>\n\t<meta name=\"twitter:data1\" content=\"3 minutes\" \/>\n<script type=\"application\/ld+json\" class=\"yoast-schema-graph\">{\"@context\":\"https:\/\/schema.org\",\"@graph\":[{\"@type\":\"WebPage\",\"@id\":\"https:\/\/vwdtest.com\/ba\/privacy-policy\/\",\"url\":\"https:\/\/vwdtest.com\/ba\/privacy-policy\/\",\"name\":\"Politika privatnosti - Bosnia\",\"isPartOf\":{\"@id\":\"https:\/\/vwdtest.com\/ba\/#website\"},\"datePublished\":\"2023-02-13T11:33:55+00:00\",\"dateModified\":\"2024-04-29T12:24:05+00:00\",\"breadcrumb\":{\"@id\":\"https:\/\/vwdtest.com\/ba\/privacy-policy\/#breadcrumb\"},\"inLanguage\":\"en-US\",\"potentialAction\":[{\"@type\":\"ReadAction\",\"target\":[\"https:\/\/vwdtest.com\/ba\/privacy-policy\/\"]}]},{\"@type\":\"BreadcrumbList\",\"@id\":\"https:\/\/vwdtest.com\/ba\/privacy-policy\/#breadcrumb\",\"itemListElement\":[{\"@type\":\"ListItem\",\"position\":1,\"name\":\"Home\",\"item\":\"https:\/\/vwdtest.com\/ba\/\"},{\"@type\":\"ListItem\",\"position\":2,\"name\":\"Politika privatnosti\"}]},{\"@type\":\"WebSite\",\"@id\":\"https:\/\/vwdtest.com\/ba\/#website\",\"url\":\"https:\/\/vwdtest.com\/ba\/\",\"name\":\"Bosnia\",\"description\":\"\",\"potentialAction\":[{\"@type\":\"SearchAction\",\"target\":{\"@type\":\"EntryPoint\",\"urlTemplate\":\"https:\/\/vwdtest.com\/ba\/?s={search_term_string}\"},\"query-input\":\"required name=search_term_string\"}],\"inLanguage\":\"en-US\"}]}<\/script>\n<!-- \/ Yoast SEO plugin. -->","yoast_head_json":{"title":"Politika privatnosti - Bosnia","robots":{"index":"index","follow":"follow","max-snippet":"max-snippet:-1","max-image-preview":"max-image-preview:large","max-video-preview":"max-video-preview:-1"},"canonical":"https:\/\/vwdtest.com\/ba\/privacy-policy\/","og_locale":"en_US","og_type":"article","og_title":"Politika privatnosti - Bosnia","og_description":"Ko smo mi Adresa na\u0161e web stranice je: https:\/\/vwdtest.com\/bo. Komentari Kada posjetioci ostavljaju komentare na web stranici, prikupljamo podatke prikazane u obrascu za komentare, kao i IP adresu posjetilaca i niz korisni\u010dkog agenta preglednika za pomo\u0107 u otkrivanju ne\u017eeljene po\u0161te. Anonimizirani niz stvoren iz va\u0161e adrese e-po\u0161te (tako\u0111er nazvan hash) mo\u017ee se dostaviti usluzi Gravatar [&hellip;]","og_url":"https:\/\/vwdtest.com\/ba\/privacy-policy\/","og_site_name":"Bosnia","article_modified_time":"2024-04-29T12:24:05+00:00","twitter_card":"summary_large_image","twitter_misc":{"Est. reading time":"3 minutes"},"schema":{"@context":"https:\/\/schema.org","@graph":[{"@type":"WebPage","@id":"https:\/\/vwdtest.com\/ba\/privacy-policy\/","url":"https:\/\/vwdtest.com\/ba\/privacy-policy\/","name":"Politika privatnosti - Bosnia","isPartOf":{"@id":"https:\/\/vwdtest.com\/ba\/#website"},"datePublished":"2023-02-13T11:33:55+00:00","dateModified":"2024-04-29T12:24:05+00:00","breadcrumb":{"@id":"https:\/\/vwdtest.com\/ba\/privacy-policy\/#breadcrumb"},"inLanguage":"en-US","potentialAction":[{"@type":"ReadAction","target":["https:\/\/vwdtest.com\/ba\/privacy-policy\/"]}]},{"@type":"BreadcrumbList","@id":"https:\/\/vwdtest.com\/ba\/privacy-policy\/#breadcrumb","itemListElement":[{"@type":"ListItem","position":1,"name":"Home","item":"https:\/\/vwdtest.com\/ba\/"},{"@type":"ListItem","position":2,"name":"Politika privatnosti"}]},{"@type":"WebSite","@id":"https:\/\/vwdtest.com\/ba\/#website","url":"https:\/\/vwdtest.com\/ba\/","name":"Bosnia","description":"","potentialAction":[{"@type":"SearchAction","target":{"@type":"EntryPoint","urlTemplate":"https:\/\/vwdtest.com\/ba\/?s={search_term_string}"},"query-input":"required name=search_term_string"}],"inLanguage":"en-US"}]}},"_links":{"self":[{"href":"https:\/\/vwdtest.com\/ba\/wp-json\/wp\/v2\/pages\/3"}],"collection":[{"href":"https:\/\/vwdtest.com\/ba\/wp-json\/wp\/v2\/pages"}],"about":[{"href":"https:\/\/vwdtest.com\/ba\/wp-json\/wp\/v2\/types\/page"}],"author":[{"embeddable":true,"href":"https:\/\/vwdtest.com\/ba\/wp-json\/wp\/v2\/users\/1"}],"replies":[{"embeddable":true,"href":"https:\/\/vwdtest.com\/ba\/wp-json\/wp\/v2\/comments?post=3"}],"version-history":[{"count":6,"href":"https:\/\/vwdtest.com\/ba\/wp-json\/wp\/v2\/pages\/3\/revisions"}],"predecessor-version":[{"id":2596,"href":"https:\/\/vwdtest.com\/ba\/wp-json\/wp\/v2\/pages\/3\/revisions\/2596"}],"wp:attachment":[{"href":"https:\/\/vwdtest.com\/ba\/wp-json\/wp\/v2\/media?parent=3"}],"curies":[{"name":"wp","href":"https:\/\/api.w.org\/{rel}","templated":true}]}}