{"id":263,"date":"2023-02-21T21:22:33","date_gmt":"2023-02-21T21:22:33","guid":{"rendered":"https:\/\/new.vwdtest.com\/bo\/?page_id=263"},"modified":"2024-02-21T13:07:53","modified_gmt":"2024-02-21T13:07:53","slug":"legal-statement","status":"publish","type":"page","link":"https:\/\/vwdtest.com\/ba\/legal-statement\/","title":{"rendered":"Pravna izjava"},"content":{"rendered":"<div class=\"default-block container\">\n<h2>Uslovi kori\u0161tenja<\/h2>\n<\/div>\n\n<div class=\"default-block container\">\n<p>Ovu web stranicu finansira Octapharma AG, Seidenstrasse 2, 8853 Lachen SZ, \u0160vajcarska i razvijena je u saradnji sa medicinskim stru\u010dnjacima dr. prof. Berntorp (profesor klini\u010dkog istra\u017eivanja koagulacije, Univerzitet Lund, \u0160vedska) i njihovog tima me\u0111unarodnih stru\u010dnjaka za poreme\u0107enje krvarenja (u daljem tekstu \u201eMe\u0111unarodna ekspertska grupa\u201c).<\/p>\n<\/div>\n\n<div class=\"default-block container\">\n<p>Ovo je nepromotivna web lokacija, podr\u0161ka kampanji podizanja svesti o bolestima koju vodi Me\u0111unarodna ekspertska grupa i ime je samo za op\u0161te informativne svrhe. Ni\u0161ta na ovoj web stranici ne treba tuma\u010diti kao promociju ili reklamu za bilo koji proizvod ili za kori\u0161\u0107enje bilo kog proizvoda grupe kompanije Octapharma.<\/p>\n<\/div>\n\n<div class=\"default-block container\">\n<p>Octapharma AG zajedno sa svojim pokreta\u010dima podr\u017eava odr\u017eavanje i upravljanje veb stranicama. Kori\u0161tenjem ove web stranice saglasni ste da \u0107ete se odr\u017eavati dole navedenih odredbi i uslova i svih va\u017enih zakona. Ako se ne sla\u017eete da se pridr\u017eavate ovih uslova, ne koristite ovu web stranicu.<\/p>\n<\/div>\n\n<div class=\"default-block container\">\n<h2>Izmjena web stranica i Uslova kori\u0161tenja<\/h2>\n<\/div>\n\n<div class=\"default-block container\">\n<p>Octapharma AG pridr\u017eava pravo izmjene, modifikacije, dodavanja, brisanja i ispravka na ovoj web stranici u bilo koje vrijeme i bez prethodne najave. Octapharma AG tako\u0111er mo\u017ee povu\u0107i pristup ovoj web stranici u bilo kojem trenutku bez prethodne obavijesti.<\/p>\n<\/div>\n\n<div class=\"default-block container\">\n<p>Octapharma AG mo\u017ee u bilo kom trenutku da revidira ove Uslove kori\u0161tenja s vremena na vrijeme i a\u017eurira ove objave. Ako nastavite da pristupate ovoj web stranici, obavezuju vas sve takve revizije i treba da periodi\u010dno pose\u0107ujete ovu stranicu da biste pregledali Uslove kori\u0161tenja kako biste bili sigurni da razumijete uslove koji se trenutno koriste.<\/p>\n<\/div>\n\n<div class=\"default-block container\">\n<h2>Za\u0161tita od virusa<\/h2>\n<\/div>\n\n<div class=\"default-block container\">\n<p>Octapharma AG ne garantuje niti izjavljuje da \u0107e ova web stranica ili e-po\u0161ta primljena od Octapharma AG u skladu s popisom za slanje biti neprekinuta ili bez virusa ili bez drugih \u0161tetnih komponenti. Octapharma AG (uklju\u010duju\u0107i njegove direktore, podru\u017enice, slu\u017ebenike, zaposlenike, agente, izvo\u0111a\u010de, nasljednike i opunomo\u0107enike) ne snosi nikakvu odgovornost za bilo kakvu \u0161tetu nastalu va\u0161oj opremi kao rezultat pristupa ovoj web stranici, preuzimanja bilo kojeg sadr\u017eaja s ove web stranice ili primanje e-po\u0161te od Octapharma AG u skladu s popisom adresara.<\/p>\n<\/div>\n\n<div class=\"default-block container\">\n<h2>Medicinske informacije<\/h2>\n<\/div>\n\n<div class=\"default-block container\">\n<p>Medicinski sadr\u017eaj stranice razvila je i odobrila Me\u0111unarodna ekspertska grupa. Nadalje, ove informacije nisu namijenjene pru\u017eanju potpunih medicinskih informacija. Uvijek biste trebali dobiti potpune medicinske informacije o va\u0161im lijekovima na recept ili medicinskim ure\u0111ajima (uklju\u010duju\u0107i njihovu korisnu medicinsku upotrebu i mogu\u0107e \u0161tetne efekte) tako \u0161to \u0107ete razgovarati o odgovaraju\u0107oj upotrebi bilo kojeg lijeka\/medicinskog ure\u0111aja direktno sa svojim ljekarom koji vam je propisao lijek ili, gdje je prikladno, drugim medicinskim savjetnikom . Dostavljene medicinske informacije ne predstavljaju i nemaju za cilj da predstavljaju bilo kakav poticaj za preporuku, kupovinu, propisivanje, prodaju ili primjenu odre\u0111enog proizvoda grupe kompanija Octapharma.<\/p>\n<\/div>\n\n<div class=\"default-block container\">\n<h2>Za\u0161tita autorskih prava<\/h2>\n<\/div>\n\n<div class=\"default-block container\">\n<p>Autorska prava na sav materijal sadr\u017ean na ovoj web stranici u vlasni\u0161tvu su Octapharma AG, osim ako nije druga\u010dije nazna\u010deno.<\/p>\n<\/div>\n\n<div class=\"default-block container\">\n<p>Octapharma AG pridr\u017eava sva prava na sadr\u017eaj i dizajn ove web stranice. Osim ako vam Octapharma AG nije dopu\u0161teno u pisanom obliku, ne smijete reproducirati, koristiti ili kopirati bilo koji sadr\u017eaj na ovoj web stranici, uklju\u010duju\u0107i imena, logotipe, dizajn, informacije o proizvodu i bilo koji drugi materijal\/informacije kori\u0161tene na ovoj web stranici (u daljnjem tekstu zajedno &#8220;Informacije&#8221; ). Ne smijete komercijalno koristiti bilo koje Podatke i ne smijete uzrokovati da se bilo koji od Podataka uokviri ili ugradi u drugu web stranicu bez prethodnog pismenog dopu\u0161tenja Octapharma AG.<\/p>\n<\/div>\n\n<div class=\"default-block container\">\n<p>Sve informacije navedene na ovoj web stranici vlasni\u0161tvo su njihovih vlasnika i ne smiju se koristiti u cijelosti ili djelomi\u010dno u bilo kojoj jurisdikciji bez prethodnog pisanog pristanka vlasnika. Niti se smije koristiti bilo koja grafika koja je bitno sli\u010dna bilo kojem za\u0161titnom znaku, logotipu ili nazivu koji se spominje na ovoj web stranici.<\/p>\n<\/div>\n\n<div class=\"default-block container\">\n<h2>Bez garancije ili zastupanja<\/h2>\n<\/div>\n\n<div class=\"default-block container\">\n<p>Podaci se daju &#8220;kakvi jesu&#8221; i bez bilo kakvih garancija, izri\u010ditih ili podrazumijevanih.<\/p>\n<\/div>\n\n<div class=\"default-block container\">\n<p>U najve\u0107oj mjeri dopu\u0161tenoj zakonom, Octapharma AG se izri\u010dito odri\u010de svih izjava i garancija, izri\u010ditih ili implicitnih, u vezi s ovom web stranicom ili u vezi s njom \u2013 uklju\u010duju\u0107i, bez ograni\u010denja, bilo koju izjavu ili garanciju bilo koje vrste u vezi s:<\/p>\n<\/div>\n\n<div class=\"default-block container\">\n<ul><div class=\"default-block container\">\n<li>Ta\u010dnost ili potpunost bilo koje informacije sadr\u017eane na ovoj web stranici;<\/li>\n<\/div>\n\n<div class=\"default-block container\">\n<li>Ta\u010dnost ili potpunost bilo koje informacije sadr\u017eane na bilo kojoj web stranici hipervezom na ovu web stranicu.<\/li>\n<\/div>\n\n<div class=\"default-block container\">\n<li>Informacije su dane na temelju toga da sve osobe koje pristupaju web stranici preuzimaju odgovornost za procjenu to\u010dnosti sadr\u017eaja te da se na njih oslanjaju u potpunosti na vlastitu odgovornost. Octapharma AG (uklju\u010duju\u0107i njene direktore, podru\u017enice, slu\u017ebenike, zaposlenike, agente, izvo\u0111a\u010de, nasljednike i opunomo\u0107enike) ne snosi nikakvu odgovornost za gubitke ili \u0161tete koje je pretrpjela bilo koja osoba kao rezultat oslanjanja na Informacije ili bilo koje druge informacije uklju\u010dene referencom.<\/li>\n<\/div><\/ul>\n<\/div>\n\n<div class=\"default-block container\">\n<h2>Primjenjivi kodeks pona\u0161anja<\/h2>\n<\/div>\n\n<div class=\"default-block container\">\n<p>Octapharma AG nastoji se pridr\u017eavati odredbi IFPMA kodeksa prakse. Najnoviju verziju navedenog koda mo\u017eete prona\u0107i na sljede\u0107oj poveznici:&nbsp;<a rel=\"noreferrer noopener\" href=\"https:\/\/www.ifpma.org\/resource-centre\/ifpma-code-of-practice\/\" target=\"_blank\">https:\/\/www.ifpma.org\/resource-centre\/ifpma-code-of-practice\/<\/a><\/p>\n<\/div>\n\n<div class=\"default-block container\">\n<h2>Ograni\u010denje obveza<\/h2>\n<\/div>\n\n<div class=\"default-block container\">\n<p>Ni u kojem slu\u010daju Octapharma AG (uklju\u010duju\u0107i njegove direktore, podru\u017enice, slu\u017ebenike, zaposlenike, agente, izvo\u0111a\u010de, nasljednike i opunomo\u0107enike) ne\u0107e biti odgovorna za bilo kakvu izravnu, neizravnu, kaznenu, slu\u010dajnu, posebnu, posljedi\u010dnu \u0161tetu ili bilo kakvu \u0161tetu uklju\u010duju\u0107i, bez ograni\u010denja, \u0161tete zbog gubitka kori\u0161tenja, podataka, zarade ili izgubljenih prilika, koje proizlaze iz ili su na bilo koji na\u010din povezane s kori\u0161tenjem ili izvedbom ove web stranice.<\/p>\n<\/div>\n\n<div class=\"default-block container\">\n<h2>Web stranica tre\u0107e strane<\/h2>\n<\/div>\n\n<div class=\"default-block container\">\n<p>Kako bi vam bilo lak\u0161e, Octapharma AG mo\u017ee na ovoj web stranici pru\u017eiti poveznice na web stranice kojima upravljaju drugi entiteti. Ako koristite ove web stranice, napustit \u0107ete ovu web stranicu. Ako odlu\u010dite posjetiti bilo koje povezano web mjesto, \u010dinite to na vlastiti rizik i va\u0161a je odgovornost poduzeti sve mjere za\u0161tite od virusa ili drugih destruktivnih elemenata.<\/p>\n<\/div>\n\n<div class=\"default-block container\">\n<p>Octapharma AG (uklju\u010duju\u0107i svoje direktore, podru\u017enice, slu\u017ebenike, zaposlenike, agente, izvo\u0111a\u010de, nasljednike i opunomo\u0107enike) ne daje nikakve garancije niti izjave u vezi s bilo kojim povezanim web-mjestima ili informacijama koje se na njima pojavljuju ili bilo kojim proizvodima ili tamo opisane usluge.<\/p>\n<\/div>\n\n<div class=\"default-block container\">\n<p>Veze ne impliciraju da je Octapharma AG pridru\u017eena ili povezana s, ili da je zakonski ovla\u0161tena za kori\u0161tenje bilo kojeg za\u0161titnog znaka, trgova\u010dkog imena, logotipa ili simbola autorskog prava prikazanog ili dostupnog preko veza, ili da je bilo koja povezana web stranica ovla\u0161tena za kori\u0161tenje bilo koji za\u0161titni znak, trgova\u010dki naziv, logotip ili simbol autorskih prava tvrtke Octapharma AG.<\/p>\n<\/div>\n\n<div class=\"default-block container\">\n<p>Sve veze na ovu web stranicu mora odobriti Octapharma AG. Octapharma AG pridr\u017eava pravo opoziva ovog pristanka za povezivanje u bilo kojem trenutku prema vlastitom naho\u0111enju.<\/p>\n<\/div>\n\n<div class=\"default-block container\">\n<h2>Mjerodavno pravo<\/h2>\n<\/div>\n\n<div class=\"default-block container\">\n<p>Ovi uslovi kori\u0161tenja kao i izjava o privatnosti i rje\u0161avanje bilo kakvog spora povezanog s ovim uslovima kori\u0161tenja i\/ili izjavom o privatnosti tuma\u010dit \u0107e se u skladu sa zakonima \u0160vicarske. Isklju\u010divo mjesto jurisdikcije bit \u0107e Lachen, SZ, \u0160vicarska.<\/p>\n<\/div>","protected":false},"excerpt":{"rendered":"<p>Uslovi kori\u0161tenja Ovu web stranicu finansira Octapharma AG, Seidenstrasse 2, 8853 Lachen SZ, \u0160vajcarska i razvijena je u saradnji sa medicinskim stru\u010dnjacima dr. prof. Berntorp (profesor klini\u010dkog istra\u017eivanja koagulacije, Univerzitet Lund, \u0160vedska) i njihovog tima me\u0111unarodnih stru\u010dnjaka za poreme\u0107enje krvarenja (u daljem tekstu \u201eMe\u0111unarodna ekspertska grupa\u201c). Ovo je nepromotivna web lokacija, podr\u0161ka kampanji podizanja svesti [&hellip;]<\/p>\n","protected":false},"author":1,"featured_media":0,"parent":0,"menu_order":0,"comment_status":"closed","ping_status":"closed","template":"front-page.php","meta":{"inline_featured_image":false},"acf":[],"yoast_head":"<!-- This site is optimized with the Yoast SEO plugin v20.4 - https:\/\/yoast.com\/wordpress\/plugins\/seo\/ -->\n<title>Pravna izjava - Bosnia<\/title>\n<meta name=\"robots\" content=\"index, follow, max-snippet:-1, max-image-preview:large, max-video-preview:-1\" \/>\n<link rel=\"canonical\" href=\"https:\/\/vwdtest.com\/ba\/legal-statement\/\" \/>\n<meta property=\"og:locale\" content=\"en_US\" \/>\n<meta property=\"og:type\" content=\"article\" \/>\n<meta property=\"og:title\" content=\"Pravna izjava - Bosnia\" \/>\n<meta property=\"og:description\" content=\"Uslovi kori\u0161tenja Ovu web stranicu finansira Octapharma AG, Seidenstrasse 2, 8853 Lachen SZ, \u0160vajcarska i razvijena je u saradnji sa medicinskim stru\u010dnjacima dr. prof. Berntorp (profesor klini\u010dkog istra\u017eivanja koagulacije, Univerzitet Lund, \u0160vedska) i njihovog tima me\u0111unarodnih stru\u010dnjaka za poreme\u0107enje krvarenja (u daljem tekstu \u201eMe\u0111unarodna ekspertska grupa\u201c). Ovo je nepromotivna web lokacija, podr\u0161ka kampanji podizanja svesti [&hellip;]\" \/>\n<meta property=\"og:url\" content=\"https:\/\/vwdtest.com\/ba\/legal-statement\/\" \/>\n<meta property=\"og:site_name\" content=\"Bosnia\" \/>\n<meta property=\"article:modified_time\" content=\"2024-02-21T13:07:53+00:00\" \/>\n<meta name=\"twitter:card\" content=\"summary_large_image\" \/>\n<meta name=\"twitter:label1\" content=\"Est. reading time\" \/>\n\t<meta name=\"twitter:data1\" content=\"5 minutes\" \/>\n<script type=\"application\/ld+json\" class=\"yoast-schema-graph\">{\"@context\":\"https:\/\/schema.org\",\"@graph\":[{\"@type\":\"WebPage\",\"@id\":\"https:\/\/vwdtest.com\/ba\/legal-statement\/\",\"url\":\"https:\/\/vwdtest.com\/ba\/legal-statement\/\",\"name\":\"Pravna izjava - Bosnia\",\"isPartOf\":{\"@id\":\"https:\/\/vwdtest.com\/ba\/#website\"},\"datePublished\":\"2023-02-21T21:22:33+00:00\",\"dateModified\":\"2024-02-21T13:07:53+00:00\",\"breadcrumb\":{\"@id\":\"https:\/\/vwdtest.com\/ba\/legal-statement\/#breadcrumb\"},\"inLanguage\":\"en-US\",\"potentialAction\":[{\"@type\":\"ReadAction\",\"target\":[\"https:\/\/vwdtest.com\/ba\/legal-statement\/\"]}]},{\"@type\":\"BreadcrumbList\",\"@id\":\"https:\/\/vwdtest.com\/ba\/legal-statement\/#breadcrumb\",\"itemListElement\":[{\"@type\":\"ListItem\",\"position\":1,\"name\":\"Home\",\"item\":\"https:\/\/vwdtest.com\/ba\/\"},{\"@type\":\"ListItem\",\"position\":2,\"name\":\"Pravna izjava\"}]},{\"@type\":\"WebSite\",\"@id\":\"https:\/\/vwdtest.com\/ba\/#website\",\"url\":\"https:\/\/vwdtest.com\/ba\/\",\"name\":\"Bosnia\",\"description\":\"\",\"potentialAction\":[{\"@type\":\"SearchAction\",\"target\":{\"@type\":\"EntryPoint\",\"urlTemplate\":\"https:\/\/vwdtest.com\/ba\/?s={search_term_string}\"},\"query-input\":\"required name=search_term_string\"}],\"inLanguage\":\"en-US\"}]}<\/script>\n<!-- \/ Yoast SEO plugin. -->","yoast_head_json":{"title":"Pravna izjava - Bosnia","robots":{"index":"index","follow":"follow","max-snippet":"max-snippet:-1","max-image-preview":"max-image-preview:large","max-video-preview":"max-video-preview:-1"},"canonical":"https:\/\/vwdtest.com\/ba\/legal-statement\/","og_locale":"en_US","og_type":"article","og_title":"Pravna izjava - Bosnia","og_description":"Uslovi kori\u0161tenja Ovu web stranicu finansira Octapharma AG, Seidenstrasse 2, 8853 Lachen SZ, \u0160vajcarska i razvijena je u saradnji sa medicinskim stru\u010dnjacima dr. prof. Berntorp (profesor klini\u010dkog istra\u017eivanja koagulacije, Univerzitet Lund, \u0160vedska) i njihovog tima me\u0111unarodnih stru\u010dnjaka za poreme\u0107enje krvarenja (u daljem tekstu \u201eMe\u0111unarodna ekspertska grupa\u201c). Ovo je nepromotivna web lokacija, podr\u0161ka kampanji podizanja svesti [&hellip;]","og_url":"https:\/\/vwdtest.com\/ba\/legal-statement\/","og_site_name":"Bosnia","article_modified_time":"2024-02-21T13:07:53+00:00","twitter_card":"summary_large_image","twitter_misc":{"Est. reading time":"5 minutes"},"schema":{"@context":"https:\/\/schema.org","@graph":[{"@type":"WebPage","@id":"https:\/\/vwdtest.com\/ba\/legal-statement\/","url":"https:\/\/vwdtest.com\/ba\/legal-statement\/","name":"Pravna izjava - Bosnia","isPartOf":{"@id":"https:\/\/vwdtest.com\/ba\/#website"},"datePublished":"2023-02-21T21:22:33+00:00","dateModified":"2024-02-21T13:07:53+00:00","breadcrumb":{"@id":"https:\/\/vwdtest.com\/ba\/legal-statement\/#breadcrumb"},"inLanguage":"en-US","potentialAction":[{"@type":"ReadAction","target":["https:\/\/vwdtest.com\/ba\/legal-statement\/"]}]},{"@type":"BreadcrumbList","@id":"https:\/\/vwdtest.com\/ba\/legal-statement\/#breadcrumb","itemListElement":[{"@type":"ListItem","position":1,"name":"Home","item":"https:\/\/vwdtest.com\/ba\/"},{"@type":"ListItem","position":2,"name":"Pravna izjava"}]},{"@type":"WebSite","@id":"https:\/\/vwdtest.com\/ba\/#website","url":"https:\/\/vwdtest.com\/ba\/","name":"Bosnia","description":"","potentialAction":[{"@type":"SearchAction","target":{"@type":"EntryPoint","urlTemplate":"https:\/\/vwdtest.com\/ba\/?s={search_term_string}"},"query-input":"required name=search_term_string"}],"inLanguage":"en-US"}]}},"_links":{"self":[{"href":"https:\/\/vwdtest.com\/ba\/wp-json\/wp\/v2\/pages\/263"}],"collection":[{"href":"https:\/\/vwdtest.com\/ba\/wp-json\/wp\/v2\/pages"}],"about":[{"href":"https:\/\/vwdtest.com\/ba\/wp-json\/wp\/v2\/types\/page"}],"author":[{"embeddable":true,"href":"https:\/\/vwdtest.com\/ba\/wp-json\/wp\/v2\/users\/1"}],"replies":[{"embeddable":true,"href":"https:\/\/vwdtest.com\/ba\/wp-json\/wp\/v2\/comments?post=263"}],"version-history":[{"count":7,"href":"https:\/\/vwdtest.com\/ba\/wp-json\/wp\/v2\/pages\/263\/revisions"}],"predecessor-version":[{"id":2483,"href":"https:\/\/vwdtest.com\/ba\/wp-json\/wp\/v2\/pages\/263\/revisions\/2483"}],"wp:attachment":[{"href":"https:\/\/vwdtest.com\/ba\/wp-json\/wp\/v2\/media?parent=263"}],"curies":[{"name":"wp","href":"https:\/\/api.w.org\/{rel}","templated":true}]}}