{"id":259,"date":"2023-02-21T21:13:32","date_gmt":"2023-02-21T21:13:32","guid":{"rendered":"https:\/\/new.vwdtest.com\/bo\/?page_id=259"},"modified":"2024-02-21T12:01:55","modified_gmt":"2024-02-21T12:01:55","slug":"hcp-vwd","status":"publish","type":"page","link":"https:\/\/vwdtest.com\/ba\/hcp-vwd\/","title":{"rendered":"Ljekari &#038; VWD"},"content":{"rendered":"\r\n\r\n<div class=\"container hb\">\r\n\t<div class=\"row\">\r\n\t\t<div class=\"col-12 col-lg-6 rtl\">\t\t<div class=\"hb__video ltr\">\r\n\t\t\t<div class=\"hb__video-img play_video\" data-video=\"video_hba\"><img decoding=\"async\" src=\"https:\/\/vwdtest.com\/ba\/wp-content\/uploads\/sites\/60\/2023\/12\/thumbnail_VWD-thumbs-Boban_Croatia.png\"\r\n\t\t\t\t\tclass=\"hb__video-image\"><\/div>\r\n\t\t\t<div class=\"hb__video-text\">\r\n\t\t\t\t<h3 class=\"hb__video-title\">\r\n\t\t\t\t\tSaznajte vi\u0161e o VWDtest inicijativi\t\t\t\t<\/h3>\r\n\t\t\t\t<button id=\"hcp_video\" class=\"hb__video-button button__large play_video\" data-video=\"video_hba\">\r\n\t\t\t\t\tPregled\t\t\t\t<\/button>\r\n\t\t\t<\/div>\r\n\t\t<\/div>\r\n\t\t<div class=\"hb__add-text\">\r\n\t\t\t<h3><strong>VWDtest.com razvili su dr. Fernando Corrales-Medina (vanredni profesor klini\u010dke pedijatrije, Medicinski fakultet Univerziteta Miami-Miller, SAD), prof. Erik Berntorp (profesor istra\u017eivanja klini\u010dke koagulacije, Univerziteta Lund , \u0160vedska) i njihov tim me\u0111unarodnih stru\u010dnjaka za poreme\u0107aje krvarenja kako bi odgovorili na va\u0161a pitanja o abnormalnim simptomima krvarenja i <a href=\"https:\/\/vwdtest.com\/ba\/von-willebrand-disease\/\">von Willebrandovoj bolesti <\/a>(VWD).<\/strong><\/h3>\n\t\t<\/div>\r\n\t\t<h1>\r\n\t\t\tSvi zajedno: Briga za osobe s VWD-om\t\t<\/h1>\r\n\t\t<ul>\n<li>Je li neko od Va\u0161ih pacijenata zabrinut zbog u\u010destalog krvarenja iz nosa ili obilnih menstruacija?<\/li>\n<li>Je li roditelj zabrinut jer mu dijete lahko dobiva modrice?<\/li>\n<li>Je li Vas kontaktirao pacijent s von Willebrandovom bole\u0161\u0107u tra\u017ee\u0107i lije\u010denje ili je jednom od Va\u0161ih dugogodi\u0161njih pacijenata nedavno dijagnosticirana ta bolest?<\/li>\n<li>Pitate li se ukazuje li krvarenje tokom nedavno obavljenog zahvata na nedijagnosticiran poreme\u0107aj krvarenja?<\/li>\n<\/ul>\n<h4>Mnogi pacijenti s <a href=\"https:\/\/vwdtest.com\/ba\/von-willebrand-disease\/\">von Willebrandovom bole\u0161\u0107u<\/a> (VWD-om) nisu svjesni svog stanja, a dijagnozu je te\u0161ko postaviti. VWDtest.com pru\u017ea podr\u0161ku u prepoznavanju i dijagnosticiranju pacijenata s poreme\u0107ajima krvarenja. Tu \u0107ete prona\u0107i i smjernice o svojoj ulozi na putu pacijenta i stru\u010dne savjete o lije\u010denju VWD-a. Dijagnosticiranje i lije\u010denje VWD-a uvijek su multidisciplinaran posao, a Va\u0161 doprinos i stru\u010dnost klju\u010dni su kako bi se pacijentu pru\u017eila potrebna skrb.<\/h4>\n\t<\/div>\r\n\t<div class=\"col-12 col-lg-6\">\r\n\t<div class=\"hb__persons row\">\r\n\t\t\t\t\t\t\t\t\r\n\t\t\t\t<div class=\"hb__person col-6\" id=\"person_1\">\r\n\t\t\t\t\t<img decoding=\"async\" class=\"hb__person-image hbi\" src=\"https:\/\/vwdtest.com\/ba\/wp-content\/uploads\/sites\/60\/2023\/02\/gynaecologist.png\"\r\n\t\t\t\t\t\talt=\"GINEKOLOG&lt;br&gt;\/ OPSTETRI\u010cAR\">\r\n\t\t\t\t\t<a href=\"https:\/\/vwdtest.com\/ba\/vwd-and-gynaecology-obstetrics\/\" class=\"hb__person-button hbb\">\r\n\t\t\t\t\t\t<div class=\"hb__person-text\">\r\n\t\t\t\t\t\t\t<span class=\"hb__person-content\">\r\n\t\t\t\t\t\t\t\tGINEKOLOG<br>\/ OPSTETRI\u010cAR<span class=\"hb__person-content-arrow\"><\/span>\r\n\t\t\t\t\t\t\t<\/span>\r\n\t\t\t\t\t\t\t<span class=\"hb__person-bg\">\r\n\t\t\t\t\t\t\t\t<span class=\"hb__person-arrow triangle up hba\"><\/span>\r\n\t\t\t\t\t\t\t<\/span>\r\n\t\t\t\t\t\t<\/div>\r\n\t\t\t\t\t<\/a>\r\n\t\t\t\t<\/div>\r\n\t\t\t\t\t\t\t\r\n\t\t\t\t<div class=\"hb__person col-6\" id=\"person_2\">\r\n\t\t\t\t\t<img decoding=\"async\" class=\"hb__person-image hbi\" src=\"https:\/\/vwdtest.com\/ba\/wp-content\/uploads\/sites\/60\/2023\/02\/dentist.png\"\r\n\t\t\t\t\t\talt=\"STOMATOLOG\">\r\n\t\t\t\t\t<a href=\"https:\/\/vwdtest.com\/ba\/vwd-and-denstistry\/\" class=\"hb__person-button hbb\">\r\n\t\t\t\t\t\t<div class=\"hb__person-text\">\r\n\t\t\t\t\t\t\t<span class=\"hb__person-content\">\r\n\t\t\t\t\t\t\t\tSTOMATOLOG<span class=\"hb__person-content-arrow\"><\/span>\r\n\t\t\t\t\t\t\t<\/span>\r\n\t\t\t\t\t\t\t<span class=\"hb__person-bg\">\r\n\t\t\t\t\t\t\t\t<span class=\"hb__person-arrow triangle up hba\"><\/span>\r\n\t\t\t\t\t\t\t<\/span>\r\n\t\t\t\t\t\t<\/div>\r\n\t\t\t\t\t<\/a>\r\n\t\t\t\t<\/div>\r\n\t\t\t\t\t\t\t\r\n\t\t\t\t<div class=\"hb__person col-6\" id=\"person_3\">\r\n\t\t\t\t\t<img decoding=\"async\" class=\"hb__person-image hbi\" src=\"https:\/\/vwdtest.com\/ba\/wp-content\/uploads\/sites\/60\/2023\/02\/family-doctor.png\"\r\n\t\t\t\t\t\talt=\"LJEKAR PORODI\u010cNE MEDICINE&lt;br&gt;\/ PEDIJATAR\">\r\n\t\t\t\t\t<a href=\"https:\/\/vwdtest.com\/ba\/family-doctor-paediatrician\/\" class=\"hb__person-button hbb\">\r\n\t\t\t\t\t\t<div class=\"hb__person-text\">\r\n\t\t\t\t\t\t\t<span class=\"hb__person-content\">\r\n\t\t\t\t\t\t\t\tLJEKAR PORODI\u010cNE MEDICINE<br>\/ PEDIJATAR<span class=\"hb__person-content-arrow\"><\/span>\r\n\t\t\t\t\t\t\t<\/span>\r\n\t\t\t\t\t\t\t<span class=\"hb__person-bg\">\r\n\t\t\t\t\t\t\t\t<span class=\"hb__person-arrow triangle up hba\"><\/span>\r\n\t\t\t\t\t\t\t<\/span>\r\n\t\t\t\t\t\t<\/div>\r\n\t\t\t\t\t<\/a>\r\n\t\t\t\t<\/div>\r\n\t\t\t\t\t\t\t\r\n\t\t\t\t<div class=\"hb__person col-6\" id=\"person_4\">\r\n\t\t\t\t\t<img decoding=\"async\" class=\"hb__person-image hbi\" src=\"https:\/\/vwdtest.com\/ba\/wp-content\/uploads\/sites\/60\/2023\/02\/resources.png\"\r\n\t\t\t\t\t\talt=\"BOLNI\u010cKI LJEKAR\">\r\n\t\t\t\t\t<a href=\"https:\/\/vwdtest.com\/ba\/clinician-materials\/\" class=\"hb__person-button hbb\">\r\n\t\t\t\t\t\t<div class=\"hb__person-text\">\r\n\t\t\t\t\t\t\t<span class=\"hb__person-content\">\r\n\t\t\t\t\t\t\t\tBOLNI\u010cKI LJEKAR<span class=\"hb__person-content-arrow\"><\/span>\r\n\t\t\t\t\t\t\t<\/span>\r\n\t\t\t\t\t\t\t<span class=\"hb__person-bg\">\r\n\t\t\t\t\t\t\t\t<span class=\"hb__person-arrow triangle up hba\"><\/span>\r\n\t\t\t\t\t\t\t<\/span>\r\n\t\t\t\t\t\t<\/div>\r\n\t\t\t\t\t<\/a>\r\n\t\t\t\t<\/div>\r\n\t\t\t\t\t\t\t\t\t\t<\/div>\r\n<\/div>\r\n<!-- <div class=\"row\">\r\n\t<div class=\"col-12 col-lg-5\">\r\n\t\t<div class=\"hb__video\">\r\n\t\t\t<div class=\"hb__video-img play_video\" data-video=\"video_hba\"><img decoding=\"async\" src=\"https:\/\/vwdtest.com\/ba\/wp-content\/uploads\/sites\/60\/2023\/12\/thumbnail_VWD-thumbs-Boban_Croatia.png\"\r\n\t\t\t\t\tclass=\"hb__video-image\"><\/div>\r\n\t\t\t<div class=\"hb__video-text\">\r\n\t\t\t\t<h3 class=\"hb__video-title\">\r\n\t\t\t\t\tSaznajte vi\u0161e o VWDtest inicijativi\t\t\t\t<\/h3>\r\n\t\t\t\t<button class=\"hb__video-button button__large play_video\" data-video=\"video_hba\">\r\n\t\t\t\t\tPregled\t\t\t\t<\/button>\r\n\t\t\t<\/div>\r\n\t\t<\/div>\r\n\t<\/div>\r\n\t<div class=\"col-12 col-lg-7\">\r\n\t\t<div class=\"hb__add-text\">\r\n\t\t\t<h3><strong>VWDtest.com razvili su dr. Fernando Corrales-Medina (vanredni profesor klini\u010dke pedijatrije, Medicinski fakultet Univerziteta Miami-Miller, SAD), prof. Erik Berntorp (profesor istra\u017eivanja klini\u010dke koagulacije, Univerziteta Lund , \u0160vedska) i njihov tim me\u0111unarodnih stru\u010dnjaka za poreme\u0107aje krvarenja kako bi odgovorili na va\u0161a pitanja o abnormalnim simptomima krvarenja i <a href=\"https:\/\/vwdtest.com\/ba\/von-willebrand-disease\/\">von Willebrandovoj bolesti <\/a>(VWD).<\/strong><\/h3>\n\t\t<\/div>\r\n\t<\/div>\r\n<\/div> -->\r\n<\/div>\r\n\r\n<div class=\"video\" id=\"video_hba\">\r\n\t<div class=\"video__box\">\r\n\t\t<div class=\"popup-close-icon\"><img\r\n\t\t\t\tsrc=\"https:\/\/vwdtest.com\/fr\/wp-content\/uploads\/sites\/22\/2023\/09\/cross-icon1.svg\" alt=\"cross-icon\">\r\n\t\t<\/div>\r\n\t\t<video width=\"320\" height=\"240\" controls>\r\n\t\t\t<source src=\"https:\/\/vwdtest.com\/ba\/wp-content\/uploads\/sites\/60\/2023\/12\/VWD-Test-Main-Video_12-Boban-Croatia-main-video.mp4\" type=\"video\/mp4\">\r\n\t\t\tYour browser does not support the video tag.\r\n\t\t\t\t\t<\/video>\r\n\t<\/div>\r\n<\/div>","protected":false},"excerpt":{"rendered":"","protected":false},"author":1,"featured_media":0,"parent":0,"menu_order":0,"comment_status":"closed","ping_status":"closed","template":"front-page.php","meta":{"inline_featured_image":false},"acf":[],"yoast_head":"<!-- This site is optimized with the Yoast SEO plugin v20.4 - https:\/\/yoast.com\/wordpress\/plugins\/seo\/ -->\n<title>Ljekari &amp; VWD - Bosnia<\/title>\n<meta name=\"robots\" content=\"index, follow, max-snippet:-1, max-image-preview:large, max-video-preview:-1\" \/>\n<link rel=\"canonical\" href=\"https:\/\/vwdtest.com\/ba\/hcp-vwd\/\" \/>\n<meta property=\"og:locale\" content=\"en_US\" \/>\n<meta property=\"og:type\" content=\"article\" \/>\n<meta property=\"og:title\" content=\"Ljekari &amp; VWD - Bosnia\" \/>\n<meta property=\"og:url\" content=\"https:\/\/vwdtest.com\/ba\/hcp-vwd\/\" \/>\n<meta property=\"og:site_name\" content=\"Bosnia\" \/>\n<meta property=\"article:modified_time\" content=\"2024-02-21T12:01:55+00:00\" \/>\n<meta name=\"twitter:card\" content=\"summary_large_image\" \/>\n<script type=\"application\/ld+json\" class=\"yoast-schema-graph\">{\"@context\":\"https:\/\/schema.org\",\"@graph\":[{\"@type\":\"WebPage\",\"@id\":\"https:\/\/vwdtest.com\/ba\/hcp-vwd\/\",\"url\":\"https:\/\/vwdtest.com\/ba\/hcp-vwd\/\",\"name\":\"Ljekari & VWD - Bosnia\",\"isPartOf\":{\"@id\":\"https:\/\/vwdtest.com\/ba\/#website\"},\"datePublished\":\"2023-02-21T21:13:32+00:00\",\"dateModified\":\"2024-02-21T12:01:55+00:00\",\"breadcrumb\":{\"@id\":\"https:\/\/vwdtest.com\/ba\/hcp-vwd\/#breadcrumb\"},\"inLanguage\":\"en-US\",\"potentialAction\":[{\"@type\":\"ReadAction\",\"target\":[\"https:\/\/vwdtest.com\/ba\/hcp-vwd\/\"]}]},{\"@type\":\"BreadcrumbList\",\"@id\":\"https:\/\/vwdtest.com\/ba\/hcp-vwd\/#breadcrumb\",\"itemListElement\":[{\"@type\":\"ListItem\",\"position\":1,\"name\":\"Home\",\"item\":\"https:\/\/vwdtest.com\/ba\/\"},{\"@type\":\"ListItem\",\"position\":2,\"name\":\"Ljekari &#038; VWD\"}]},{\"@type\":\"WebSite\",\"@id\":\"https:\/\/vwdtest.com\/ba\/#website\",\"url\":\"https:\/\/vwdtest.com\/ba\/\",\"name\":\"Bosnia\",\"description\":\"\",\"potentialAction\":[{\"@type\":\"SearchAction\",\"target\":{\"@type\":\"EntryPoint\",\"urlTemplate\":\"https:\/\/vwdtest.com\/ba\/?s={search_term_string}\"},\"query-input\":\"required name=search_term_string\"}],\"inLanguage\":\"en-US\"}]}<\/script>\n<!-- \/ Yoast SEO plugin. -->","yoast_head_json":{"title":"Ljekari & VWD - Bosnia","robots":{"index":"index","follow":"follow","max-snippet":"max-snippet:-1","max-image-preview":"max-image-preview:large","max-video-preview":"max-video-preview:-1"},"canonical":"https:\/\/vwdtest.com\/ba\/hcp-vwd\/","og_locale":"en_US","og_type":"article","og_title":"Ljekari & VWD - Bosnia","og_url":"https:\/\/vwdtest.com\/ba\/hcp-vwd\/","og_site_name":"Bosnia","article_modified_time":"2024-02-21T12:01:55+00:00","twitter_card":"summary_large_image","schema":{"@context":"https:\/\/schema.org","@graph":[{"@type":"WebPage","@id":"https:\/\/vwdtest.com\/ba\/hcp-vwd\/","url":"https:\/\/vwdtest.com\/ba\/hcp-vwd\/","name":"Ljekari & VWD - Bosnia","isPartOf":{"@id":"https:\/\/vwdtest.com\/ba\/#website"},"datePublished":"2023-02-21T21:13:32+00:00","dateModified":"2024-02-21T12:01:55+00:00","breadcrumb":{"@id":"https:\/\/vwdtest.com\/ba\/hcp-vwd\/#breadcrumb"},"inLanguage":"en-US","potentialAction":[{"@type":"ReadAction","target":["https:\/\/vwdtest.com\/ba\/hcp-vwd\/"]}]},{"@type":"BreadcrumbList","@id":"https:\/\/vwdtest.com\/ba\/hcp-vwd\/#breadcrumb","itemListElement":[{"@type":"ListItem","position":1,"name":"Home","item":"https:\/\/vwdtest.com\/ba\/"},{"@type":"ListItem","position":2,"name":"Ljekari &#038; VWD"}]},{"@type":"WebSite","@id":"https:\/\/vwdtest.com\/ba\/#website","url":"https:\/\/vwdtest.com\/ba\/","name":"Bosnia","description":"","potentialAction":[{"@type":"SearchAction","target":{"@type":"EntryPoint","urlTemplate":"https:\/\/vwdtest.com\/ba\/?s={search_term_string}"},"query-input":"required name=search_term_string"}],"inLanguage":"en-US"}]}},"_links":{"self":[{"href":"https:\/\/vwdtest.com\/ba\/wp-json\/wp\/v2\/pages\/259"}],"collection":[{"href":"https:\/\/vwdtest.com\/ba\/wp-json\/wp\/v2\/pages"}],"about":[{"href":"https:\/\/vwdtest.com\/ba\/wp-json\/wp\/v2\/types\/page"}],"author":[{"embeddable":true,"href":"https:\/\/vwdtest.com\/ba\/wp-json\/wp\/v2\/users\/1"}],"replies":[{"embeddable":true,"href":"https:\/\/vwdtest.com\/ba\/wp-json\/wp\/v2\/comments?post=259"}],"version-history":[{"count":71,"href":"https:\/\/vwdtest.com\/ba\/wp-json\/wp\/v2\/pages\/259\/revisions"}],"predecessor-version":[{"id":2471,"href":"https:\/\/vwdtest.com\/ba\/wp-json\/wp\/v2\/pages\/259\/revisions\/2471"}],"wp:attachment":[{"href":"https:\/\/vwdtest.com\/ba\/wp-json\/wp\/v2\/media?parent=259"}],"curies":[{"name":"wp","href":"https:\/\/api.w.org\/{rel}","templated":true}]}}