{"id":17,"date":"2023-02-13T13:47:59","date_gmt":"2023-02-13T13:47:59","guid":{"rendered":"https:\/\/new.vwdtest.com\/bo\/?page_id=17"},"modified":"2024-02-28T06:02:41","modified_gmt":"2024-02-28T06:02:41","slug":"homepage","status":"publish","type":"page","link":"https:\/\/vwdtest.com\/ba\/","title":{"rendered":"Po\u010detna stranica"},"content":{"rendered":"\r\n\r\n\r\n<div class=\"container hb\">\r\n\t<div class=\"row\"> \r\n\t\t\t<div class=\"col-12 col-lg-5 home-upper\">\r\n\t<div class=\"col-12 col-lg-9 d-none d-lg-flex\">\r\n\t\t\t\t<div class=\"hb__video ltr\">\r\n\t\t\t\t\t<div class=\"hb__video-img play_video\"  data-video=\"video_hb\"><img decoding=\"async\" src=\"https:\/\/vwdtest.com\/ba\/wp-content\/uploads\/sites\/60\/2023\/12\/thumbnail_VWD-thumbs-Boban_Croatia.png\" class=\"hb__video-image\"><\/div>\r\n\t\t\t\t\t<div class=\"hb__video-text\">\r\n\t\t\t\t\t\t<h3 class=\"hb__video-title\">Saznajte vi\u0161e o<br \/>\r\nVWDtest inicijativi<\/h3>\r\n\t\t\t\t\t\t<button id=\"home_video\" class=\"hb__video-button button__large play_video\" data-video=\"video_hb\">Pregled<\/button>\r\n\t\t\t\t\t<\/div>\r\n\t\t\t\t<\/div>\r\n\t\t\t<\/div>\r\n\t\t\t<h3><strong>VWDtest.com razvili su dr. Fernando Corrales-Medina (vanredni profesor klini\u010dke pedijatrije, Medicinski fakultet Univerziteta Miami-Miller, SAD), prof. Erik Berntorp (profesor istra\u017eivanja klini\u010dke koagulacije, Univerzitet Lund , \u0160vedska) i njihov tim me\u0111unarodnih stru\u010dnjaka za poreme\u0107aje krvarenja kako bi odgovorili na va\u0161a pitanja o abnormalnim simptomima krvarenja i <a href=\"https:\/\/vwdtest.com\/ba\/von-willebrand-disease\/\">von Willebrandovoj bolesti <\/a>(VWD).<\/strong><\/h3>\t\t\t<h1>Kako biste opisali sebe?<\/h1>\r\n\t\t\t\t<h3><strong>Brinete li mo\u017eda o prekomjernom krvarenju? Osje\u0107ate li \u010desto krvarenje iz nosa, obilne menstruacije ili mogu\u0107e pretjerano krvarenje nakon stomatolo\u0161kih zahvata ili nezgode? Na VWDtest.com mo\u017eete prona\u0107i odgovore na svoja pitanja vezana uz krvarenje. <\/strong><\/h3>\n<h4>Tu \u0107ete prona\u0107i i informacije o <a href=\"https:\/\/vwdtest.com\/ba\/von-willebrand-disease\/\"> von Willebrandovoj bolesti<\/a>, a radi se o naj\u010de\u0161\u0107em poreme\u0107aju krvarenja, jer mnogi ljudi koji pate od ove bolesti nisu svjesni svog stanja i stoga ne dobivaju potrebnu pomo\u0107.<\/h4>\n\t\t\t\r\n\t\t<\/div> \t\t<div class=\"col-12 col-lg-7\">\r\n\t\t\t<div class=\"hb__persons row\">\r\n\t\t\t\t\t\t\t\t\t\t\t\r\n\t\t\t\t<div class=\"hb__person col-6\" id=\"person_1\">\r\n\t\t\t\t\t<img decoding=\"async\" class=\"hb__person-image hbi\" src=\"https:\/\/vwdtest.com\/ba\/wp-content\/uploads\/sites\/60\/2023\/08\/bleed-too-much.png\" alt=\"Puno krvarim\">\r\n\t\t\t\t\t<a href=\"https:\/\/vwdtest.com\/ba\/i-bleed-a-lot\/\" class=\"hb__person-button hbb\">\r\n\t\t\t\t\t\t<div class=\"hb__person-text\">\r\n\t\t\t\t\t\t\t<span class=\"hb__person-content\">Puno krvarim<span class=\"hb__person-content-arrow\"><\/span><\/span>\r\n\t\t\t\t\t\t\t<span class=\"hb__person-bg\">\r\n\t\t\t\t\t\t\t\t<span class=\"hb__person-arrow triangle up hba\"><\/span>\r\n\t\t\t\t\t\t\t<\/span>\r\n\t\t\t\t\t\t<\/div>\r\n\t\t\t\t\t\t\r\n\t\t\t\t\t<\/a>\r\n\t\t\t\t<\/div>\r\n\t\t\t\t\t\t\t\t\r\n\t\t\t\t<div class=\"hb__person col-6\" id=\"person_2\">\r\n\t\t\t\t\t<img decoding=\"async\" class=\"hb__person-image hbi\" src=\"https:\/\/vwdtest.com\/ba\/wp-content\/uploads\/sites\/60\/2023\/07\/vwd-person2.png\" alt=\"Imam obilne menstruacije\">\r\n\t\t\t\t\t<a href=\"https:\/\/vwdtest.com\/ba\/heavy-periods\/\" class=\"hb__person-button hbb\">\r\n\t\t\t\t\t\t<div class=\"hb__person-text\">\r\n\t\t\t\t\t\t\t<span class=\"hb__person-content\">Imam obilne menstruacije<span class=\"hb__person-content-arrow\"><\/span><\/span>\r\n\t\t\t\t\t\t\t<span class=\"hb__person-bg\">\r\n\t\t\t\t\t\t\t\t<span class=\"hb__person-arrow triangle up hba\"><\/span>\r\n\t\t\t\t\t\t\t<\/span>\r\n\t\t\t\t\t\t<\/div>\r\n\t\t\t\t\t\t\r\n\t\t\t\t\t<\/a>\r\n\t\t\t\t<\/div>\r\n\t\t\t\t\t\t\t\t\r\n\t\t\t\t<div class=\"hb__person col-6\" id=\"person_3\">\r\n\t\t\t\t\t<img decoding=\"async\" class=\"hb__person-image hbi\" src=\"https:\/\/vwdtest.com\/ba\/wp-content\/uploads\/sites\/60\/2023\/07\/Worried-patients-1.png\" alt=\"Zabrinut sam roditelj\">\r\n\t\t\t\t\t<a href=\"https:\/\/vwdtest.com\/ba\/i-am-a-worried-parent\/\" class=\"hb__person-button hbb\">\r\n\t\t\t\t\t\t<div class=\"hb__person-text\">\r\n\t\t\t\t\t\t\t<span class=\"hb__person-content\">Zabrinut sam roditelj<span class=\"hb__person-content-arrow\"><\/span><\/span>\r\n\t\t\t\t\t\t\t<span class=\"hb__person-bg\">\r\n\t\t\t\t\t\t\t\t<span class=\"hb__person-arrow triangle up hba\"><\/span>\r\n\t\t\t\t\t\t\t<\/span>\r\n\t\t\t\t\t\t<\/div>\r\n\t\t\t\t\t\t\r\n\t\t\t\t\t<\/a>\r\n\t\t\t\t<\/div>\r\n\t\t\t\t\t\t\t\t\r\n\t\t\t\t<div class=\"hb__person col-6\" id=\"person_4\">\r\n\t\t\t\t\t<img decoding=\"async\" class=\"hb__person-image hbi\" src=\"https:\/\/vwdtest.com\/ba\/wp-content\/uploads\/sites\/60\/2023\/08\/bnr-img4-1.png\" alt=\"\u017divim s VWD-om\">\r\n\t\t\t\t\t<a href=\"https:\/\/vwdtest.com\/ba\/i-live-with-vwd\/\" class=\"hb__person-button hbb\">\r\n\t\t\t\t\t\t<div class=\"hb__person-text\">\r\n\t\t\t\t\t\t\t<span class=\"hb__person-content\">\u017divim s VWD-om<span class=\"hb__person-content-arrow\"><\/span><\/span>\r\n\t\t\t\t\t\t\t<span class=\"hb__person-bg\">\r\n\t\t\t\t\t\t\t\t<span class=\"hb__person-arrow triangle up hba\"><\/span>\r\n\t\t\t\t\t\t\t<\/span>\r\n\t\t\t\t\t\t<\/div>\r\n\t\t\t\t\t\t\r\n\t\t\t\t\t<\/a>\r\n\t\t\t\t<\/div>\r\n\t\t\t\t\t\t\t\t\t\t\t\t<\/div>\r\n\t<\/div>\r\n\t<div class=\"row d-lg-none\">\r\n\t\t<div class=\"col-12 col-lg-4\">\r\n\t\t\t<div class=\"hb__video\">\r\n\t\t\t\t<div class=\"hb__video-img play_video\" data-video=\"video_hb\"><img decoding=\"async\" src=\"https:\/\/vwdtest.com\/ba\/wp-content\/uploads\/sites\/60\/2023\/12\/thumbnail_VWD-thumbs-Boban_Croatia.png\" class=\"hb__video-image\"><\/div>\r\n\t\t\t\t<div class=\"hb__video-text\">\r\n\t\t\t\t\t<h3 class=\"hb__video-title\">Saznajte vi\u0161e o<br \/>\r\nVWDtest inicijativi<\/h3>\r\n\t\t\t\t\t<button class=\"hb__video-button button__large play_video\" data-video=\"video_hb\">Pregled<\/button>\r\n\t\t\t\t<\/div>\r\n\t\t\t<\/div>\r\n\t\t<\/div>\r\n\t<\/div>\r\n<\/div>\r\n<div class=\"video\" id=\"video_hb\">\r\n\t\t<div class=\"video__box\">\r\n\t\t<div class=\"popup-close-icon\"><img decoding=\"async\" src=\"https:\/\/vwdtest.com\/fr\/wp-content\/uploads\/sites\/22\/2023\/09\/cross-icon1.svg\" alt=\"cross-icon\"><\/div>\r\n\t\t\t<video width=\"320\" height=\"240\" controls>\r\n\t\t\t\t<source src=\"https:\/\/vwdtest.com\/ba\/wp-content\/uploads\/sites\/60\/2023\/12\/VWD-Test-Main-Video_12-Boban-Croatia-main-video.mp4\" type=\"video\/mp4\">\r\n\t\t\t\tYour browser does not support the video tag.\r\n\t\t\t\t\t\t\t<\/video>\t\r\n\t\t<\/div>\r\n\t<\/div>\r\n\r\n\r\n\n\n<div class=\"default-block container\">\n<div style=\"height:60px\" aria-hidden=\"true\" class=\"wp-block-spacer\"><\/div>\n<\/div>\n\n\r\n\r\n<div class=\"container take-test\">\r\n\t<div class=\"row\">\r\n\t\t<div class=\"col-12 take-test__bg\">\r\n\r\n\t\t\t<div class=\"take-test__items\">\r\n\t\t\t\t<div class=\"row\">\r\n\t\t\t\t\t<div class=\"take-test__item bleed\">\r\n\t\t\t\t\t\t<h2 class=\"take-test__sticker\">KRVARIM LI PREVI\u0160E?<\/h2>\r\n\t\t\t\t\t<\/div>\r\n\t\t\t\t\t<div class=\"take-test__item online-test\">\r\n\t\t\t\t\t\t<h3 class=\"take-test__counter take-test__counter--red\">\r\n\t\t\t\t\t\t\t<span class=\"take-test__counter-number\">52.672<\/span>\r\n\t\t\t\t\t\t\t<span class=\"take-test__counter-text\">ljudi su pristupili online testu<\/span>\r\n\t\t\t\t\t\t<\/h3>\r\n\t\t\t\t\t<\/div>\r\n\t\t\t\t\t<div class=\"take-test__item people-identify\">\r\n\t\t\t\t\t\t<h3 class=\"take-test__counter take-test__counter--green\">\r\n\t\t\t\t\t\t\t<span class=\"take-test__counter-number\">19.240<\/span>\r\n\t\t\t\t\t\t\t<span class=\"take-test__counter-text\">identificirani su ljudi s potencijalnim poreme\u0107ajem krvarenja<\/span>\r\n\t\t\t\t\t\t<\/h3>\r\n\t\t\t\t\t<\/div>\r\n\t\t\t\t\t<div class=\"take-test__item take-test-take\">\r\n\t\t\t\t\t\t<h3 class=\"take-test__title\">Ispunite test kako biste bolje razumjeli svoje simptome krvarenja.<\/h3>\r\n\t\t\t\t\t<\/div>\r\n\t\t\t\t\t<div class=\"take-test__item test-btn\">\r\n\t\t\t\t\t\t<h3 class=\"take-test__buttonContainer\">\r\n\t\t\t\t\t\t<a href=\"https:\/\/vwdtest.com\/ba\/take-test\/\" id=\"home_take_test\" class=\"button take-test__button\">Ispunite test<\/a>\r\n\t\t\t\t\t\t<\/h3>\r\n\t\t\t\t\t<\/div>\r\n\t\t\t\t<\/div>\r\n\t\t\t<\/div>\r\n\t\t<\/div>\r\n\t<\/div>\r\n<\/div>","protected":false},"excerpt":{"rendered":"","protected":false},"author":1,"featured_media":0,"parent":0,"menu_order":0,"comment_status":"closed","ping_status":"closed","template":"","meta":{"inline_featured_image":false},"acf":[],"yoast_head":"<!-- This site is optimized with the Yoast SEO plugin v20.4 - https:\/\/yoast.com\/wordpress\/plugins\/seo\/ -->\n<title>Po\u010detna stranica - Bosnia<\/title>\n<meta name=\"robots\" content=\"index, follow, max-snippet:-1, max-image-preview:large, max-video-preview:-1\" \/>\n<link rel=\"canonical\" href=\"https:\/\/vwdtest.com\/ba\/\" \/>\n<meta property=\"og:locale\" content=\"en_US\" \/>\n<meta property=\"og:type\" content=\"article\" \/>\n<meta property=\"og:title\" content=\"Po\u010detna stranica - Bosnia\" \/>\n<meta property=\"og:url\" content=\"https:\/\/vwdtest.com\/ba\/\" \/>\n<meta property=\"og:site_name\" content=\"Bosnia\" \/>\n<meta property=\"article:modified_time\" content=\"2024-02-28T06:02:41+00:00\" \/>\n<meta name=\"twitter:card\" content=\"summary_large_image\" \/>\n<script type=\"application\/ld+json\" class=\"yoast-schema-graph\">{\"@context\":\"https:\/\/schema.org\",\"@graph\":[{\"@type\":\"WebPage\",\"@id\":\"https:\/\/vwdtest.com\/ba\/\",\"url\":\"https:\/\/vwdtest.com\/ba\/\",\"name\":\"Po\u010detna stranica - Bosnia\",\"isPartOf\":{\"@id\":\"https:\/\/vwdtest.com\/ba\/#website\"},\"datePublished\":\"2023-02-13T13:47:59+00:00\",\"dateModified\":\"2024-02-28T06:02:41+00:00\",\"breadcrumb\":{\"@id\":\"https:\/\/vwdtest.com\/ba\/#breadcrumb\"},\"inLanguage\":\"en-US\",\"potentialAction\":[{\"@type\":\"ReadAction\",\"target\":[\"https:\/\/vwdtest.com\/ba\/\"]}]},{\"@type\":\"BreadcrumbList\",\"@id\":\"https:\/\/vwdtest.com\/ba\/#breadcrumb\",\"itemListElement\":[{\"@type\":\"ListItem\",\"position\":1,\"name\":\"Home\",\"item\":\"https:\/\/vwdtest.com\/ba\/\"},{\"@type\":\"ListItem\",\"position\":2,\"name\":\"Po\u010detna stranica\"}]},{\"@type\":\"WebSite\",\"@id\":\"https:\/\/vwdtest.com\/ba\/#website\",\"url\":\"https:\/\/vwdtest.com\/ba\/\",\"name\":\"Bosnia\",\"description\":\"\",\"potentialAction\":[{\"@type\":\"SearchAction\",\"target\":{\"@type\":\"EntryPoint\",\"urlTemplate\":\"https:\/\/vwdtest.com\/ba\/?s={search_term_string}\"},\"query-input\":\"required name=search_term_string\"}],\"inLanguage\":\"en-US\"}]}<\/script>\n<!-- \/ Yoast SEO plugin. -->","yoast_head_json":{"title":"Po\u010detna stranica - Bosnia","robots":{"index":"index","follow":"follow","max-snippet":"max-snippet:-1","max-image-preview":"max-image-preview:large","max-video-preview":"max-video-preview:-1"},"canonical":"https:\/\/vwdtest.com\/ba\/","og_locale":"en_US","og_type":"article","og_title":"Po\u010detna stranica - Bosnia","og_url":"https:\/\/vwdtest.com\/ba\/","og_site_name":"Bosnia","article_modified_time":"2024-02-28T06:02:41+00:00","twitter_card":"summary_large_image","schema":{"@context":"https:\/\/schema.org","@graph":[{"@type":"WebPage","@id":"https:\/\/vwdtest.com\/ba\/","url":"https:\/\/vwdtest.com\/ba\/","name":"Po\u010detna stranica - Bosnia","isPartOf":{"@id":"https:\/\/vwdtest.com\/ba\/#website"},"datePublished":"2023-02-13T13:47:59+00:00","dateModified":"2024-02-28T06:02:41+00:00","breadcrumb":{"@id":"https:\/\/vwdtest.com\/ba\/#breadcrumb"},"inLanguage":"en-US","potentialAction":[{"@type":"ReadAction","target":["https:\/\/vwdtest.com\/ba\/"]}]},{"@type":"BreadcrumbList","@id":"https:\/\/vwdtest.com\/ba\/#breadcrumb","itemListElement":[{"@type":"ListItem","position":1,"name":"Home","item":"https:\/\/vwdtest.com\/ba\/"},{"@type":"ListItem","position":2,"name":"Po\u010detna stranica"}]},{"@type":"WebSite","@id":"https:\/\/vwdtest.com\/ba\/#website","url":"https:\/\/vwdtest.com\/ba\/","name":"Bosnia","description":"","potentialAction":[{"@type":"SearchAction","target":{"@type":"EntryPoint","urlTemplate":"https:\/\/vwdtest.com\/ba\/?s={search_term_string}"},"query-input":"required name=search_term_string"}],"inLanguage":"en-US"}]}},"_links":{"self":[{"href":"https:\/\/vwdtest.com\/ba\/wp-json\/wp\/v2\/pages\/17"}],"collection":[{"href":"https:\/\/vwdtest.com\/ba\/wp-json\/wp\/v2\/pages"}],"about":[{"href":"https:\/\/vwdtest.com\/ba\/wp-json\/wp\/v2\/types\/page"}],"author":[{"embeddable":true,"href":"https:\/\/vwdtest.com\/ba\/wp-json\/wp\/v2\/users\/1"}],"replies":[{"embeddable":true,"href":"https:\/\/vwdtest.com\/ba\/wp-json\/wp\/v2\/comments?post=17"}],"version-history":[{"count":203,"href":"https:\/\/vwdtest.com\/ba\/wp-json\/wp\/v2\/pages\/17\/revisions"}],"predecessor-version":[{"id":2536,"href":"https:\/\/vwdtest.com\/ba\/wp-json\/wp\/v2\/pages\/17\/revisions\/2536"}],"wp:attachment":[{"href":"https:\/\/vwdtest.com\/ba\/wp-json\/wp\/v2\/media?parent=17"}],"curies":[{"name":"wp","href":"https:\/\/api.w.org\/{rel}","templated":true}]}}