{"id":259,"date":"2023-02-21T21:13:32","date_gmt":"2023-02-21T21:13:32","guid":{"rendered":"https:\/\/new.vwdtest.com\/az\/?page_id=259"},"modified":"2026-02-19T13:50:13","modified_gmt":"2026-02-19T13:50:13","slug":"hcp-vwd","status":"publish","type":"page","link":"https:\/\/vwdtest.com\/az\/hcp-vwd\/","title":{"rendered":"HCP &amp; VWD"},"content":{"rendered":"\r\n\r\n<div class=\"container hb\">\r\n\t<div class=\"row\">\r\n\t\t<div class=\"col-12 col-lg-6 rtl\">\t\t<div class=\"hb__video ltr\">\r\n\t\t\t<div class=\"hb__video-img play_video\" data-video=\"video_hba\"><img decoding=\"async\" src=\"https:\/\/vwdtest.com\/az\/wp-content\/uploads\/sites\/75\/2023\/12\/VWD-thumbs-Corrales-English.png\"\r\n\t\t\t\t\tclass=\"hb__video-image\"><\/div>\r\n\t\t\t<div class=\"hb__video-text\">\r\n\t\t\t\t<h3 class=\"hb__video-title\">\r\n\t\t\t\t\tVWDtest t\u0259\u015f\u0259bb\u00fcs\u00fc haqq\u0131nda m\u0259lumat \u0259ld\u0259 edin\t\t\t\t<\/h3>\r\n\t\t\t\t<button id=\"hcp_video\" class=\"hb__video-button button__large play_video\" data-video=\"video_hba\">\r\n\t\t\t\t\tG\u00f6r\u00fcnt\u00fc\t\t\t\t<\/button>\r\n\t\t\t<\/div>\r\n\t\t<\/div>\r\n\t\t<div class=\"hb__add-text\">\r\n\t\t\t<h3>vwdtest.com\/az sayt\u0131 Dr. Fernando Corrales-Medina (AB\u015e-\u0131n Mayami-Miller Universiteti Tibb M\u0259kt\u0259binin Klinik Pediatriya \u00fczr\u0259 dosenti), professor Erik Berntorp (\u0130sve\u00e7, Lund Universitetinin Klinik Laxtalanma T\u0259dqiqatlar\u0131 \u00fczr\u0259 professoru) v\u0259 onlar\u0131n qanaxma poz\u011funluqlar\u0131 \u00fczr\u0259 beyn\u0259lxalq m\u00fct\u0259x\u0259ssisl\u0259r komandas\u0131 t\u0259r\u0259find\u0259n anormal qanaxma simptomlar\u0131 v\u0259 fon <a href=\"https:\/\/vwdtest.com\/az\/von-willebrand-disease\/\">Villebrand x\u0259st\u0259liyi<\/a> (VWD) il\u0259 ba\u011fl\u0131 suallar\u0131n\u0131z\u0131 cavabland\u0131rmaq \u00fc\u00e7\u00fcn haz\u0131rlanm\u0131\u015fd\u0131r<\/h3>\n\t\t<\/div>\r\n\t\t<h1>\r\n\t\t\tHam\u0131s\u0131 birlikd\u0259: VWD olan insanlara qay\u011f\u0131\t\t<\/h1>\r\n\t\t<ul>\n<li>X\u0259st\u0259l\u0259rinizd\u0259n biri tez-tez burun qanamas\u0131 v\u0259 ya \u00e7oxlu ayba\u015f\u0131dan narahatd\u0131rm\u0131?<\/li>\n<li>Valideyn u\u015fa\u011f\u0131n\u0131n asanl\u0131qla g\u00f6y\u0259rm\u0259si s\u0259b\u0259bind\u0259n narahatd\u0131rm\u0131?<\/li>\n<li>M\u00fcalic\u0259 almaq \u00fc\u00e7\u00fcn fon Villebrand x\u0259st\u0259liyi olan bir x\u0259st\u0259 il\u0259 \u0259laq\u0259 saxlad\u0131m\u0131, yoxsa uzun m\u00fcdd\u0259tdir m\u00fcalic\u0259 alan x\u0259st\u0259l\u0259rinizd\u0259n biri bu yax\u0131nlarda x\u0259st\u0259lik diaqnozu qoyubmu?<\/li>\n<li>Bu yax\u0131nlarda apar\u0131lan prosedur zaman\u0131 qanaxman\u0131n diaqnoz qoyulmam\u0131\u015f qanaxma poz\u011funlu\u011funa i\u015far\u0259 edib-etm\u0259diyini d\u00fc\u015f\u00fcn\u00fcrs\u00fcn\u00fczm\u00fc?<\/li>\n<\/ul>\n<h4><a href=\"https:\/\/vwdtest.com\/az\/von-willebrand-disease\/\">Von Villebrand x\u0259st\u0259liyi<\/a> (VWD) olan bir \u00e7ox x\u0259st\u0259 v\u0259ziyy\u0259tl\u0259rind\u0259n x\u0259b\u0259rsizdir v\u0259 diaqnozu h\u0259l\u0259 d\u0259 \u00e7\u0259tin olaraq qal\u0131r. vwdtest.com\/az sayt\u0131 qanaxma poz\u011funlu\u011fu olan x\u0259st\u0259l\u0259rin m\u00fc\u0259yy\u0259nl\u0259\u015fdirilm\u0259si v\u0259 diaqnozu il\u0259 ba\u011fl\u0131 d\u0259st\u0259k verir. H\u0259m\u00e7inin, x\u0259st\u0259nizin h\u0259yat\u0131ndak\u0131 rolunuz v\u0259 VWD-nin idar\u0259 olunmas\u0131 il\u0259 ba\u011fl\u0131 m\u00fct\u0259x\u0259ssis m\u0259sl\u0259h\u0259tl\u0259ri il\u0259 tan\u0131\u015f ola bil\u0259rsiniz. VWD-nin diaqnozu v\u0259 idar\u0259 olunmas\u0131 h\u0259mi\u015f\u0259 \u00e7oxsah\u0259li s\u0259yl\u0259rdir v\u0259 x\u0259st\u0259l\u0259rin layiq olduqlar\u0131 qay\u011f\u0131n\u0131 almas\u0131n\u0131 t\u0259min etm\u0259k \u00fc\u00e7\u00fcn sizin t\u00f6hf\u0259niz v\u0259 t\u0259cr\u00fcb\u0259niz vacibdir.<\/h4>\n<h4><\/h4>\n\t<\/div>\r\n\t<div class=\"col-12 col-lg-6\">\r\n\t<div class=\"hb__persons row\">\r\n\t\t\t\t\t\t\t\t\r\n\t\t\t\t<div class=\"hb__person col-6\" id=\"person_1\">\r\n\t\t\t\t\t<img decoding=\"async\" class=\"hb__person-image hbi\" src=\"https:\/\/vwdtest.com\/az\/wp-content\/uploads\/sites\/75\/2023\/02\/gynaecologist.png\"\r\n\t\t\t\t\t\talt=\"G\u0130NEKOLOQ&lt;br&gt;\/ MAMA\u00c7A\">\r\n\t\t\t\t\t<a href=\"https:\/\/vwdtest.com\/az\/vwd-and-gynaecology-obstetrics\/\" class=\"hb__person-button hbb\">\r\n\t\t\t\t\t\t<div class=\"hb__person-text\">\r\n\t\t\t\t\t\t\t<span class=\"hb__person-content\">\r\n\t\t\t\t\t\t\t\tG\u0130NEKOLOQ<br>\/ MAMA\u00c7A<span class=\"hb__person-content-arrow\"><\/span>\r\n\t\t\t\t\t\t\t<\/span>\r\n\t\t\t\t\t\t\t<span class=\"hb__person-bg\">\r\n\t\t\t\t\t\t\t\t<span class=\"hb__person-arrow triangle up hba\"><\/span>\r\n\t\t\t\t\t\t\t<\/span>\r\n\t\t\t\t\t\t<\/div>\r\n\t\t\t\t\t<\/a>\r\n\t\t\t\t<\/div>\r\n\t\t\t\t\t\t\t\r\n\t\t\t\t<div class=\"hb__person col-6\" id=\"person_2\">\r\n\t\t\t\t\t<img decoding=\"async\" class=\"hb__person-image hbi\" src=\"https:\/\/vwdtest.com\/az\/wp-content\/uploads\/sites\/75\/2023\/02\/dentist.png\"\r\n\t\t\t\t\t\talt=\"DENTIST\">\r\n\t\t\t\t\t<a href=\"https:\/\/vwdtest.com\/az\/vwd-and-denstistry\/\" class=\"hb__person-button hbb\">\r\n\t\t\t\t\t\t<div class=\"hb__person-text\">\r\n\t\t\t\t\t\t\t<span class=\"hb__person-content\">\r\n\t\t\t\t\t\t\t\tDENTIST<span class=\"hb__person-content-arrow\"><\/span>\r\n\t\t\t\t\t\t\t<\/span>\r\n\t\t\t\t\t\t\t<span class=\"hb__person-bg\">\r\n\t\t\t\t\t\t\t\t<span class=\"hb__person-arrow triangle up hba\"><\/span>\r\n\t\t\t\t\t\t\t<\/span>\r\n\t\t\t\t\t\t<\/div>\r\n\t\t\t\t\t<\/a>\r\n\t\t\t\t<\/div>\r\n\t\t\t\t\t\t\t\r\n\t\t\t\t<div class=\"hb__person col-6\" id=\"person_3\">\r\n\t\t\t\t\t<img decoding=\"async\" class=\"hb__person-image hbi\" src=\"https:\/\/vwdtest.com\/az\/wp-content\/uploads\/sites\/75\/2023\/02\/family-doctor.png\"\r\n\t\t\t\t\t\talt=\"A\u0130L\u018f H\u018fK\u0130M\u0130&lt;br&gt;PEDIATR\">\r\n\t\t\t\t\t<a href=\"https:\/\/vwdtest.com\/az\/family-doctor-paediatrician\/\" class=\"hb__person-button hbb\">\r\n\t\t\t\t\t\t<div class=\"hb__person-text\">\r\n\t\t\t\t\t\t\t<span class=\"hb__person-content\">\r\n\t\t\t\t\t\t\t\tA\u0130L\u018f H\u018fK\u0130M\u0130<br>PEDIATR<span class=\"hb__person-content-arrow\"><\/span>\r\n\t\t\t\t\t\t\t<\/span>\r\n\t\t\t\t\t\t\t<span class=\"hb__person-bg\">\r\n\t\t\t\t\t\t\t\t<span class=\"hb__person-arrow triangle up hba\"><\/span>\r\n\t\t\t\t\t\t\t<\/span>\r\n\t\t\t\t\t\t<\/div>\r\n\t\t\t\t\t<\/a>\r\n\t\t\t\t<\/div>\r\n\t\t\t\t\t\t\t\r\n\t\t\t\t<div class=\"hb__person col-6\" id=\"person_4\">\r\n\t\t\t\t\t<img decoding=\"async\" class=\"hb__person-image hbi\" src=\"https:\/\/vwdtest.com\/az\/wp-content\/uploads\/sites\/75\/2023\/02\/resources.png\"\r\n\t\t\t\t\t\talt=\"Resurslar&lt;br&gt;H\u0259kiml\u0259r \u00fc\u00e7\u00fcn\">\r\n\t\t\t\t\t<a href=\"https:\/\/vwdtest.com\/az\/clinician-materials\/\" class=\"hb__person-button hbb\">\r\n\t\t\t\t\t\t<div class=\"hb__person-text\">\r\n\t\t\t\t\t\t\t<span class=\"hb__person-content\">\r\n\t\t\t\t\t\t\t\tResurslar<br>H\u0259kiml\u0259r \u00fc\u00e7\u00fcn<span class=\"hb__person-content-arrow\"><\/span>\r\n\t\t\t\t\t\t\t<\/span>\r\n\t\t\t\t\t\t\t<span class=\"hb__person-bg\">\r\n\t\t\t\t\t\t\t\t<span class=\"hb__person-arrow triangle up hba\"><\/span>\r\n\t\t\t\t\t\t\t<\/span>\r\n\t\t\t\t\t\t<\/div>\r\n\t\t\t\t\t<\/a>\r\n\t\t\t\t<\/div>\r\n\t\t\t\t\t\t\t\t\t\t<\/div>\r\n<\/div>\r\n<!-- <div class=\"row\">\r\n\t<div class=\"col-12 col-lg-5\">\r\n\t\t<div class=\"hb__video\">\r\n\t\t\t<div class=\"hb__video-img play_video\" data-video=\"video_hba\"><img decoding=\"async\" src=\"https:\/\/vwdtest.com\/az\/wp-content\/uploads\/sites\/75\/2023\/12\/VWD-thumbs-Corrales-English.png\"\r\n\t\t\t\t\tclass=\"hb__video-image\"><\/div>\r\n\t\t\t<div class=\"hb__video-text\">\r\n\t\t\t\t<h3 class=\"hb__video-title\">\r\n\t\t\t\t\tVWDtest t\u0259\u015f\u0259bb\u00fcs\u00fc haqq\u0131nda m\u0259lumat \u0259ld\u0259 edin\t\t\t\t<\/h3>\r\n\t\t\t\t<button class=\"hb__video-button button__large play_video\" data-video=\"video_hba\">\r\n\t\t\t\t\tG\u00f6r\u00fcnt\u00fc\t\t\t\t<\/button>\r\n\t\t\t<\/div>\r\n\t\t<\/div>\r\n\t<\/div>\r\n\t<div class=\"col-12 col-lg-7\">\r\n\t\t<div class=\"hb__add-text\">\r\n\t\t\t<h3>vwdtest.com\/az sayt\u0131 Dr. Fernando Corrales-Medina (AB\u015e-\u0131n Mayami-Miller Universiteti Tibb M\u0259kt\u0259binin Klinik Pediatriya \u00fczr\u0259 dosenti), professor Erik Berntorp (\u0130sve\u00e7, Lund Universitetinin Klinik Laxtalanma T\u0259dqiqatlar\u0131 \u00fczr\u0259 professoru) v\u0259 onlar\u0131n qanaxma poz\u011funluqlar\u0131 \u00fczr\u0259 beyn\u0259lxalq m\u00fct\u0259x\u0259ssisl\u0259r komandas\u0131 t\u0259r\u0259find\u0259n anormal qanaxma simptomlar\u0131 v\u0259 fon <a href=\"https:\/\/vwdtest.com\/az\/von-willebrand-disease\/\">Villebrand x\u0259st\u0259liyi<\/a> (VWD) il\u0259 ba\u011fl\u0131 suallar\u0131n\u0131z\u0131 cavabland\u0131rmaq \u00fc\u00e7\u00fcn haz\u0131rlanm\u0131\u015fd\u0131r<\/h3>\n\t\t<\/div>\r\n\t<\/div>\r\n<\/div> -->\r\n<\/div>\r\n\r\n<div class=\"video\" id=\"video_hba\">\r\n\t<div class=\"video__box\">\r\n\t\t<div class=\"popup-close-icon\"><img\r\n\t\t\t\tsrc=\"https:\/\/vwdtest.com\/fr\/wp-content\/uploads\/sites\/22\/2023\/09\/cross-icon1.svg\" alt=\"cross-icon\">\r\n\t\t<\/div>\r\n\t\t<video width=\"320\" height=\"240\" controls>\r\n\t\t\t<source src=\"https:\/\/vwdtest.com\/az\/wp-content\/uploads\/sites\/75\/2023\/12\/VWD-Test-Main-Video_12_Corrales-EN.mp4\" type=\"video\/mp4\">\r\n\t\t\tYour browser does not support the video tag.\r\n\t\t\t\t\t<\/video>\r\n\t<\/div>\r\n<\/div>","protected":false},"excerpt":{"rendered":"","protected":false},"author":1,"featured_media":0,"parent":0,"menu_order":0,"comment_status":"closed","ping_status":"closed","template":"front-page.php","meta":{"inline_featured_image":false},"acf":[],"yoast_head":"<!-- This site is optimized with the Yoast SEO plugin v20.4 - https:\/\/yoast.com\/wordpress\/plugins\/seo\/ -->\n<title>HCP &amp; VWD - Azerbaijan<\/title>\n<meta name=\"robots\" content=\"index, follow, max-snippet:-1, max-image-preview:large, max-video-preview:-1\" \/>\n<link rel=\"canonical\" href=\"https:\/\/vwdtest.com\/az\/hcp-vwd\/\" \/>\n<meta property=\"og:locale\" content=\"en_US\" \/>\n<meta property=\"og:type\" content=\"article\" \/>\n<meta property=\"og:title\" content=\"HCP &amp; VWD - Azerbaijan\" \/>\n<meta property=\"og:url\" content=\"https:\/\/vwdtest.com\/az\/hcp-vwd\/\" \/>\n<meta property=\"og:site_name\" content=\"Azerbaijan\" \/>\n<meta property=\"article:modified_time\" content=\"2026-02-19T13:50:13+00:00\" \/>\n<meta name=\"twitter:card\" content=\"summary_large_image\" \/>\n<script type=\"application\/ld+json\" class=\"yoast-schema-graph\">{\"@context\":\"https:\/\/schema.org\",\"@graph\":[{\"@type\":\"WebPage\",\"@id\":\"https:\/\/vwdtest.com\/az\/hcp-vwd\/\",\"url\":\"https:\/\/vwdtest.com\/az\/hcp-vwd\/\",\"name\":\"HCP &amp; VWD - Azerbaijan\",\"isPartOf\":{\"@id\":\"https:\/\/vwdtest.com\/az\/#website\"},\"datePublished\":\"2023-02-21T21:13:32+00:00\",\"dateModified\":\"2026-02-19T13:50:13+00:00\",\"breadcrumb\":{\"@id\":\"https:\/\/vwdtest.com\/az\/hcp-vwd\/#breadcrumb\"},\"inLanguage\":\"en-US\",\"potentialAction\":[{\"@type\":\"ReadAction\",\"target\":[\"https:\/\/vwdtest.com\/az\/hcp-vwd\/\"]}]},{\"@type\":\"BreadcrumbList\",\"@id\":\"https:\/\/vwdtest.com\/az\/hcp-vwd\/#breadcrumb\",\"itemListElement\":[{\"@type\":\"ListItem\",\"position\":1,\"name\":\"Home\",\"item\":\"https:\/\/vwdtest.com\/az\/\"},{\"@type\":\"ListItem\",\"position\":2,\"name\":\"HCP &amp; VWD\"}]},{\"@type\":\"WebSite\",\"@id\":\"https:\/\/vwdtest.com\/az\/#website\",\"url\":\"https:\/\/vwdtest.com\/az\/\",\"name\":\"Azerbaijan\",\"description\":\"\",\"potentialAction\":[{\"@type\":\"SearchAction\",\"target\":{\"@type\":\"EntryPoint\",\"urlTemplate\":\"https:\/\/vwdtest.com\/az\/?s={search_term_string}\"},\"query-input\":\"required name=search_term_string\"}],\"inLanguage\":\"en-US\"}]}<\/script>\n<!-- \/ Yoast SEO plugin. -->","yoast_head_json":{"title":"HCP &amp; VWD - Azerbaijan","robots":{"index":"index","follow":"follow","max-snippet":"max-snippet:-1","max-image-preview":"max-image-preview:large","max-video-preview":"max-video-preview:-1"},"canonical":"https:\/\/vwdtest.com\/az\/hcp-vwd\/","og_locale":"en_US","og_type":"article","og_title":"HCP &amp; VWD - Azerbaijan","og_url":"https:\/\/vwdtest.com\/az\/hcp-vwd\/","og_site_name":"Azerbaijan","article_modified_time":"2026-02-19T13:50:13+00:00","twitter_card":"summary_large_image","schema":{"@context":"https:\/\/schema.org","@graph":[{"@type":"WebPage","@id":"https:\/\/vwdtest.com\/az\/hcp-vwd\/","url":"https:\/\/vwdtest.com\/az\/hcp-vwd\/","name":"HCP &amp; VWD - Azerbaijan","isPartOf":{"@id":"https:\/\/vwdtest.com\/az\/#website"},"datePublished":"2023-02-21T21:13:32+00:00","dateModified":"2026-02-19T13:50:13+00:00","breadcrumb":{"@id":"https:\/\/vwdtest.com\/az\/hcp-vwd\/#breadcrumb"},"inLanguage":"en-US","potentialAction":[{"@type":"ReadAction","target":["https:\/\/vwdtest.com\/az\/hcp-vwd\/"]}]},{"@type":"BreadcrumbList","@id":"https:\/\/vwdtest.com\/az\/hcp-vwd\/#breadcrumb","itemListElement":[{"@type":"ListItem","position":1,"name":"Home","item":"https:\/\/vwdtest.com\/az\/"},{"@type":"ListItem","position":2,"name":"HCP &amp; VWD"}]},{"@type":"WebSite","@id":"https:\/\/vwdtest.com\/az\/#website","url":"https:\/\/vwdtest.com\/az\/","name":"Azerbaijan","description":"","potentialAction":[{"@type":"SearchAction","target":{"@type":"EntryPoint","urlTemplate":"https:\/\/vwdtest.com\/az\/?s={search_term_string}"},"query-input":"required name=search_term_string"}],"inLanguage":"en-US"}]}},"_links":{"self":[{"href":"https:\/\/vwdtest.com\/az\/wp-json\/wp\/v2\/pages\/259"}],"collection":[{"href":"https:\/\/vwdtest.com\/az\/wp-json\/wp\/v2\/pages"}],"about":[{"href":"https:\/\/vwdtest.com\/az\/wp-json\/wp\/v2\/types\/page"}],"author":[{"embeddable":true,"href":"https:\/\/vwdtest.com\/az\/wp-json\/wp\/v2\/users\/1"}],"replies":[{"embeddable":true,"href":"https:\/\/vwdtest.com\/az\/wp-json\/wp\/v2\/comments?post=259"}],"version-history":[{"count":71,"href":"https:\/\/vwdtest.com\/az\/wp-json\/wp\/v2\/pages\/259\/revisions"}],"predecessor-version":[{"id":2951,"href":"https:\/\/vwdtest.com\/az\/wp-json\/wp\/v2\/pages\/259\/revisions\/2951"}],"wp:attachment":[{"href":"https:\/\/vwdtest.com\/az\/wp-json\/wp\/v2\/media?parent=259"}],"curies":[{"name":"wp","href":"https:\/\/api.w.org\/{rel}","templated":true}]}}