{"id":17,"date":"2023-02-13T13:47:59","date_gmt":"2023-02-13T13:47:59","guid":{"rendered":"https:\/\/new.vwdtest.com\/az\/?page_id=17"},"modified":"2026-02-13T16:14:02","modified_gmt":"2026-02-13T16:14:02","slug":"homepage","status":"publish","type":"page","link":"https:\/\/vwdtest.com\/az\/","title":{"rendered":"Homepage"},"content":{"rendered":"\r\n\r\n\r\n<div class=\"container hb\">\r\n\t<div class=\"row\"> \r\n\t\t\t<div class=\"col-12 col-lg-5 home-upper\">\r\n\t<div class=\"col-12 col-lg-9 d-none d-lg-flex\">\r\n\t\t\t\t<div class=\"hb__video ltr\">\r\n\t\t\t\t\t<div class=\"hb__video-img play_video\"  data-video=\"video_hb\"><img decoding=\"async\" src=\"https:\/\/vwdtest.com\/az\/wp-content\/uploads\/sites\/75\/2023\/12\/VWD-thumbs-Corrales-English.png\" class=\"hb__video-image\"><\/div>\r\n\t\t\t\t\t<div class=\"hb__video-text\">\r\n\t\t\t\t\t\t<h3 class=\"hb__video-title\">VWDtest t\u0259\u015f\u0259bb\u00fcs\u00fc haqq\u0131nda m\u0259lumat \u0259ld\u0259 edin<\/h3>\r\n\t\t\t\t\t\t<button id=\"home_video\" class=\"hb__video-button button__large play_video\" data-video=\"video_hb\">G\u00f6r\u00fcn\u00fc\u015f<\/button>\r\n\t\t\t\t\t<\/div>\r\n\t\t\t\t<\/div>\r\n\t\t\t<\/div>\r\n\t\t\t<h3><strong>vwdtest.com\/azDr. Fernando Corrales-Medina (AB\u015e-\u0131n Mayami-Miller Tibb M\u0259kt\u0259binin Klinik Pediatriya \u00fczr\u0259 dosenti), professor Erik Berntorp (\u0130sve\u00e7, Lund Universitetinin Klinik Laxtalanma T\u0259dqiqatlar\u0131 \u00fczr\u0259 professoru) v\u0259 onlar\u0131n qanaxma poz\u011funluqlar\u0131 \u00fczr\u0259 beyn\u0259lxalq m\u00fct\u0259x\u0259ssisl\u0259r komandas\u0131 t\u0259r\u0259find\u0259n anormal qanaxma simptomlar\u0131 v\u0259 dig\u0259r suallar\u0131n\u0131z\u0131 cavabland\u0131rmaq \u00fc\u00e7\u00fcn haz\u0131rlanm\u0131\u015fd\u0131r <a href=\"https:\/\/vwdtest.com\/az\/von-willebrand-disease\/\">von Willebrand disease <\/a>(VWD).<\/strong><\/h3>\t\t\t<h1>\u00d6z\u00fcn\u00fcz\u00fc nec\u0259 t\u0259svir ed\u0259rdiniz?<\/h1>\r\n\t\t\t\t<h3><span dir=\"auto\" style=\"vertical-align: inherit\"><span dir=\"auto\" style=\"vertical-align: inherit\">\u00c7ox qanaxma ola bil\u0259c\u0259yind\u0259n narahats\u0131n\u0131z? Tez-tez burun qanaxmalar\u0131, uzun m\u00fcdd\u0259tli ayba\u015f\u0131 v\u0259 ya stomatoloji \u0259m\u0259liyyatdan v\u0259 ya q\u0259zadan sonra h\u0259ddind\u0259n art\u0131q qanaxma m\u00fc\u015fahid\u0259 edirsiz? vwdtest.com\/azsayt\u0131nda qanaxmalar il\u0259 ba\u011fl\u0131 narahatl\u0131qlar\u0131n\u0131za cavab Tapa bil\u0259rsiniz.<\/span><\/span><\/h3>\n<h4><\/h4>\n<h4><span dir=\"auto\" style=\"vertical-align: inherit\"><span dir=\"auto\" style=\"vertical-align: inherit\">\u018fn \u00e7ox yay\u0131lm\u0131\u015f qanaxma poz\u011funlu\u011fu olan <\/span><\/span><a href=\"https:\/\/vwdtest.com\/az\/von-willebrand-disease\/\"><span dir=\"auto\" style=\"vertical-align: inherit\"><span dir=\"auto\" style=\"vertical-align: inherit\">fon Villebrand x\u0259st\u0259liyi<\/span><\/span><\/a> <span dir=\"auto\" style=\"vertical-align: inherit\"><span dir=\"auto\" style=\"vertical-align: inherit\"> haqq\u0131nda da m\u0259lumat Tapa bil\u0259rsiniz, \u00e7\u00fcnki bu x\u0259st\u0259liy\u0259 yoluxmus bir \u00e7ox insan v\u0259ziyy\u0259tl\u0259rind\u0259n x\u0259b\u0259rsizdir v\u0259 Buna G\u00f6r\u0259 d\u0259 Layiq Olduqlar\u0131 Yard\u0131m\u0131 Alm\u0131r.<\/span><\/span><\/h4>\n\t\t\t\r\n\t\t<\/div> \t\t<div class=\"col-12 col-lg-7\">\r\n\t\t\t<div class=\"hb__persons row\">\r\n\t\t\t\t\t\t\t\t\t\t\t\r\n\t\t\t\t<div class=\"hb__person col-6\" id=\"person_1\">\r\n\t\t\t\t\t<img decoding=\"async\" class=\"hb__person-image hbi\" src=\"https:\/\/vwdtest.com\/az\/wp-content\/uploads\/sites\/75\/2023\/08\/bleed-too-much.png\" alt=\"qanaxmalar\u0131m \u00e7ox olur\">\r\n\t\t\t\t\t<a href=\"https:\/\/vwdtest.com\/az\/i-bleed-a-lot\/\" class=\"hb__person-button hbb\">\r\n\t\t\t\t\t\t<div class=\"hb__person-text\">\r\n\t\t\t\t\t\t\t<span class=\"hb__person-content\">qanaxmalar\u0131m \u00e7ox olur<span class=\"hb__person-content-arrow\"><\/span><\/span>\r\n\t\t\t\t\t\t\t<span class=\"hb__person-bg\">\r\n\t\t\t\t\t\t\t\t<span class=\"hb__person-arrow triangle up hba\"><\/span>\r\n\t\t\t\t\t\t\t<\/span>\r\n\t\t\t\t\t\t<\/div>\r\n\t\t\t\t\t\t\r\n\t\t\t\t\t<\/a>\r\n\t\t\t\t<\/div>\r\n\t\t\t\t\t\t\t\t\r\n\t\t\t\t<div class=\"hb__person col-6\" id=\"person_2\">\r\n\t\t\t\t\t<img decoding=\"async\" class=\"hb__person-image hbi\" src=\"https:\/\/vwdtest.com\/az\/wp-content\/uploads\/sites\/75\/2023\/07\/vwd-person2.png\" alt=\"Menstruasiyam uzun \u00e7\u0259kir\">\r\n\t\t\t\t\t<a href=\"https:\/\/vwdtest.com\/az\/heavy-periods\/\" class=\"hb__person-button hbb\">\r\n\t\t\t\t\t\t<div class=\"hb__person-text\">\r\n\t\t\t\t\t\t\t<span class=\"hb__person-content\">Menstruasiyam uzun \u00e7\u0259kir<span class=\"hb__person-content-arrow\"><\/span><\/span>\r\n\t\t\t\t\t\t\t<span class=\"hb__person-bg\">\r\n\t\t\t\t\t\t\t\t<span class=\"hb__person-arrow triangle up hba\"><\/span>\r\n\t\t\t\t\t\t\t<\/span>\r\n\t\t\t\t\t\t<\/div>\r\n\t\t\t\t\t\t\r\n\t\t\t\t\t<\/a>\r\n\t\t\t\t<\/div>\r\n\t\t\t\t\t\t\t\t\r\n\t\t\t\t<div class=\"hb__person col-6\" id=\"person_3\">\r\n\t\t\t\t\t<img decoding=\"async\" class=\"hb__person-image hbi\" src=\"https:\/\/vwdtest.com\/az\/wp-content\/uploads\/sites\/75\/2023\/07\/Worried-patients-1.png\" alt=\"m\u0259n narahat valideyn\u0259m\">\r\n\t\t\t\t\t<a href=\"https:\/\/vwdtest.com\/az\/i-am-a-worried-parent\/\" class=\"hb__person-button hbb\">\r\n\t\t\t\t\t\t<div class=\"hb__person-text\">\r\n\t\t\t\t\t\t\t<span class=\"hb__person-content\">m\u0259n narahat valideyn\u0259m<span class=\"hb__person-content-arrow\"><\/span><\/span>\r\n\t\t\t\t\t\t\t<span class=\"hb__person-bg\">\r\n\t\t\t\t\t\t\t\t<span class=\"hb__person-arrow triangle up hba\"><\/span>\r\n\t\t\t\t\t\t\t<\/span>\r\n\t\t\t\t\t\t<\/div>\r\n\t\t\t\t\t\t\r\n\t\t\t\t\t<\/a>\r\n\t\t\t\t<\/div>\r\n\t\t\t\t\t\t\t\t\r\n\t\t\t\t<div class=\"hb__person col-6\" id=\"person_4\">\r\n\t\t\t\t\t<img decoding=\"async\" class=\"hb__person-image hbi\" src=\"https:\/\/vwdtest.com\/az\/wp-content\/uploads\/sites\/75\/2023\/08\/bnr-img4-1.png\" alt=\"m\u0259n VWD x\u0259st\u0259liyi il\u0259 ya\u015fay\u0131ram\">\r\n\t\t\t\t\t<a href=\"https:\/\/vwdtest.com\/az\/i-live-with-vwd\/\" class=\"hb__person-button hbb\">\r\n\t\t\t\t\t\t<div class=\"hb__person-text\">\r\n\t\t\t\t\t\t\t<span class=\"hb__person-content\">m\u0259n VWD x\u0259st\u0259liyi il\u0259 ya\u015fay\u0131ram<span class=\"hb__person-content-arrow\"><\/span><\/span>\r\n\t\t\t\t\t\t\t<span class=\"hb__person-bg\">\r\n\t\t\t\t\t\t\t\t<span class=\"hb__person-arrow triangle up hba\"><\/span>\r\n\t\t\t\t\t\t\t<\/span>\r\n\t\t\t\t\t\t<\/div>\r\n\t\t\t\t\t\t\r\n\t\t\t\t\t<\/a>\r\n\t\t\t\t<\/div>\r\n\t\t\t\t\t\t\t\t\t\t\t\t<\/div>\r\n\t<\/div>\r\n\t<div class=\"row d-lg-none\">\r\n\t\t<div class=\"col-12 col-lg-4\">\r\n\t\t\t<div class=\"hb__video\">\r\n\t\t\t\t<div class=\"hb__video-img play_video\" data-video=\"video_hb\"><img decoding=\"async\" src=\"https:\/\/vwdtest.com\/az\/wp-content\/uploads\/sites\/75\/2023\/12\/VWD-thumbs-Corrales-English.png\" class=\"hb__video-image\"><\/div>\r\n\t\t\t\t<div class=\"hb__video-text\">\r\n\t\t\t\t\t<h3 class=\"hb__video-title\">VWDtest t\u0259\u015f\u0259bb\u00fcs\u00fc haqq\u0131nda m\u0259lumat \u0259ld\u0259 edin<\/h3>\r\n\t\t\t\t\t<button class=\"hb__video-button button__large play_video\" data-video=\"video_hb\">G\u00f6r\u00fcn\u00fc\u015f<\/button>\r\n\t\t\t\t<\/div>\r\n\t\t\t<\/div>\r\n\t\t<\/div>\r\n\t<\/div>\r\n<\/div>\r\n<div class=\"video\" id=\"video_hb\">\r\n\t\t<div class=\"video__box\">\r\n\t\t<div class=\"popup-close-icon\"><img decoding=\"async\" src=\"https:\/\/vwdtest.com\/fr\/wp-content\/uploads\/sites\/22\/2023\/09\/cross-icon1.svg\" alt=\"cross-icon\"><\/div>\r\n\t\t\t<video width=\"320\" height=\"240\" controls>\r\n\t\t\t\t<source src=\"https:\/\/vwdtest.com\/az\/wp-content\/uploads\/sites\/75\/2023\/12\/VWD-Test-Main-Video_12_Corrales-EN.mp4\" type=\"video\/mp4\">\r\n\t\t\t\tYour browser does not support the video tag.\r\n\t\t\t\t\t\t\t<\/video>\t\r\n\t\t<\/div>\r\n\t<\/div>\r\n\r\n\r\n\n\n<div class=\"default-block container\">\n<div style=\"height:60px\" aria-hidden=\"true\" class=\"wp-block-spacer\"><\/div>\n<\/div>\n\n\r\n\r\n<div class=\"container take-test\">\r\n\t<div class=\"row\">\r\n\t\t<div class=\"col-12 take-test__bg\">\r\n\r\n\t\t\t<div class=\"take-test__items\">\r\n\t\t\t\t<div class=\"row\">\r\n\t\t\t\t\t<div class=\"take-test__item bleed\">\r\n\t\t\t\t\t\t<h2 class=\"take-test__sticker\">M\u018fND\u018f \u015e\u0130DD\u018fTL\u0130 QANAXMA VAR?<\/h2>\r\n\t\t\t\t\t<\/div>\r\n\t\t\t\t\t<div class=\"take-test__item online-test\">\r\n\t\t\t\t\t\t<h3 class=\"take-test__counter take-test__counter--red\">\r\n\t\t\t\t\t\t\t<span class=\"take-test__counter-number\">53.278<\/span>\r\n\t\t\t\t\t\t\t<span class=\"take-test__counter-text\">insanlar onlayn testd\u0259n ke\u00e7ibl\u0259r<\/span>\r\n\t\t\t\t\t\t<\/h3>\r\n\t\t\t\t\t<\/div>\r\n\t\t\t\t\t<div class=\"take-test__item people-identify\">\r\n\t\t\t\t\t\t<h3 class=\"take-test__counter take-test__counter--green\">\r\n\t\t\t\t\t\t\t<span class=\"take-test__counter-number\">19.486<\/span>\r\n\t\t\t\t\t\t\t<span class=\"take-test__counter-text\">potensial qanaxma poz\u011funlu\u011fu il\u0259 olan insanlar m\u00fc\u0259yy\u0259n edilmi\u015fdir<\/span>\r\n\t\t\t\t\t\t<\/h3>\r\n\t\t\t\t\t<\/div>\r\n\t\t\t\t\t<div class=\"take-test__item take-test-take\">\r\n\t\t\t\t\t\t<h3 class=\"take-test__title\">Qanama simptomlar\u0131n\u0131z\u0131 daha yax\u015f\u0131 ba\u015fa d\u00fc\u015fm\u0259k \u00fc\u00e7\u00fcn testd\u0259n ke\u00e7in.<\/h3>\r\n\t\t\t\t\t<\/div>\r\n\t\t\t\t\t<div class=\"take-test__item test-btn\">\r\n\t\t\t\t\t\t<h3 class=\"take-test__buttonContainer\">\r\n\t\t\t\t\t\t<a href=\"https:\/\/vwdtest.com\/az\/take-test\/\" id=\"home_take_test\" class=\"button take-test__button\">testd\u0259n ke\u00e7in<\/a>\r\n\t\t\t\t\t\t<\/h3>\r\n\t\t\t\t\t<\/div>\r\n\t\t\t\t<\/div>\r\n\t\t\t<\/div>\r\n\t\t<\/div>\r\n\t<\/div>\r\n<\/div>","protected":false},"excerpt":{"rendered":"","protected":false},"author":1,"featured_media":0,"parent":0,"menu_order":0,"comment_status":"closed","ping_status":"closed","template":"","meta":{"inline_featured_image":false},"acf":[],"yoast_head":"<!-- This site is optimized with the Yoast SEO plugin v20.4 - https:\/\/yoast.com\/wordpress\/plugins\/seo\/ -->\n<title>Homepage - Azerbaijan<\/title>\n<meta name=\"robots\" content=\"index, follow, max-snippet:-1, max-image-preview:large, max-video-preview:-1\" \/>\n<link rel=\"canonical\" href=\"https:\/\/vwdtest.com\/az\/\" \/>\n<meta property=\"og:locale\" content=\"en_US\" \/>\n<meta property=\"og:type\" content=\"article\" \/>\n<meta property=\"og:title\" content=\"Homepage - Azerbaijan\" \/>\n<meta property=\"og:url\" content=\"https:\/\/vwdtest.com\/az\/\" \/>\n<meta property=\"og:site_name\" content=\"Azerbaijan\" \/>\n<meta property=\"article:modified_time\" content=\"2026-02-13T16:14:02+00:00\" \/>\n<meta name=\"twitter:card\" content=\"summary_large_image\" \/>\n<script type=\"application\/ld+json\" class=\"yoast-schema-graph\">{\"@context\":\"https:\/\/schema.org\",\"@graph\":[{\"@type\":\"WebPage\",\"@id\":\"https:\/\/vwdtest.com\/az\/\",\"url\":\"https:\/\/vwdtest.com\/az\/\",\"name\":\"Homepage - Azerbaijan\",\"isPartOf\":{\"@id\":\"https:\/\/vwdtest.com\/az\/#website\"},\"datePublished\":\"2023-02-13T13:47:59+00:00\",\"dateModified\":\"2026-02-13T16:14:02+00:00\",\"breadcrumb\":{\"@id\":\"https:\/\/vwdtest.com\/az\/#breadcrumb\"},\"inLanguage\":\"en-US\",\"potentialAction\":[{\"@type\":\"ReadAction\",\"target\":[\"https:\/\/vwdtest.com\/az\/\"]}]},{\"@type\":\"BreadcrumbList\",\"@id\":\"https:\/\/vwdtest.com\/az\/#breadcrumb\",\"itemListElement\":[{\"@type\":\"ListItem\",\"position\":1,\"name\":\"Home\",\"item\":\"https:\/\/vwdtest.com\/az\/\"},{\"@type\":\"ListItem\",\"position\":2,\"name\":\"Homepage\"}]},{\"@type\":\"WebSite\",\"@id\":\"https:\/\/vwdtest.com\/az\/#website\",\"url\":\"https:\/\/vwdtest.com\/az\/\",\"name\":\"Azerbaijan\",\"description\":\"\",\"potentialAction\":[{\"@type\":\"SearchAction\",\"target\":{\"@type\":\"EntryPoint\",\"urlTemplate\":\"https:\/\/vwdtest.com\/az\/?s={search_term_string}\"},\"query-input\":\"required name=search_term_string\"}],\"inLanguage\":\"en-US\"}]}<\/script>\n<!-- \/ Yoast SEO plugin. -->","yoast_head_json":{"title":"Homepage - Azerbaijan","robots":{"index":"index","follow":"follow","max-snippet":"max-snippet:-1","max-image-preview":"max-image-preview:large","max-video-preview":"max-video-preview:-1"},"canonical":"https:\/\/vwdtest.com\/az\/","og_locale":"en_US","og_type":"article","og_title":"Homepage - Azerbaijan","og_url":"https:\/\/vwdtest.com\/az\/","og_site_name":"Azerbaijan","article_modified_time":"2026-02-13T16:14:02+00:00","twitter_card":"summary_large_image","schema":{"@context":"https:\/\/schema.org","@graph":[{"@type":"WebPage","@id":"https:\/\/vwdtest.com\/az\/","url":"https:\/\/vwdtest.com\/az\/","name":"Homepage - Azerbaijan","isPartOf":{"@id":"https:\/\/vwdtest.com\/az\/#website"},"datePublished":"2023-02-13T13:47:59+00:00","dateModified":"2026-02-13T16:14:02+00:00","breadcrumb":{"@id":"https:\/\/vwdtest.com\/az\/#breadcrumb"},"inLanguage":"en-US","potentialAction":[{"@type":"ReadAction","target":["https:\/\/vwdtest.com\/az\/"]}]},{"@type":"BreadcrumbList","@id":"https:\/\/vwdtest.com\/az\/#breadcrumb","itemListElement":[{"@type":"ListItem","position":1,"name":"Home","item":"https:\/\/vwdtest.com\/az\/"},{"@type":"ListItem","position":2,"name":"Homepage"}]},{"@type":"WebSite","@id":"https:\/\/vwdtest.com\/az\/#website","url":"https:\/\/vwdtest.com\/az\/","name":"Azerbaijan","description":"","potentialAction":[{"@type":"SearchAction","target":{"@type":"EntryPoint","urlTemplate":"https:\/\/vwdtest.com\/az\/?s={search_term_string}"},"query-input":"required name=search_term_string"}],"inLanguage":"en-US"}]}},"_links":{"self":[{"href":"https:\/\/vwdtest.com\/az\/wp-json\/wp\/v2\/pages\/17"}],"collection":[{"href":"https:\/\/vwdtest.com\/az\/wp-json\/wp\/v2\/pages"}],"about":[{"href":"https:\/\/vwdtest.com\/az\/wp-json\/wp\/v2\/types\/page"}],"author":[{"embeddable":true,"href":"https:\/\/vwdtest.com\/az\/wp-json\/wp\/v2\/users\/1"}],"replies":[{"embeddable":true,"href":"https:\/\/vwdtest.com\/az\/wp-json\/wp\/v2\/comments?post=17"}],"version-history":[{"count":201,"href":"https:\/\/vwdtest.com\/az\/wp-json\/wp\/v2\/pages\/17\/revisions"}],"predecessor-version":[{"id":2850,"href":"https:\/\/vwdtest.com\/az\/wp-json\/wp\/v2\/pages\/17\/revisions\/2850"}],"wp:attachment":[{"href":"https:\/\/vwdtest.com\/az\/wp-json\/wp\/v2\/media?parent=17"}],"curies":[{"name":"wp","href":"https:\/\/api.w.org\/{rel}","templated":true}]}}